{"id":61764,"date":"2025-10-15T09:04:07","date_gmt":"2025-10-15T13:04:07","guid":{"rendered":"https:\/\/curacaotodo.com\/activity\/klein-curacao-catamaran-excursie\/"},"modified":"2025-10-15T09:13:52","modified_gmt":"2025-10-15T13:13:52","slug":"klein-curacao-catamaran-excursie","status":"publish","type":"product","link":"https:\/\/staging.curacaotodo.com\/nl\/activiteit\/klein-curacao-catamaran-excursie\/","title":{"rendered":"Klein Curacao Catamaran Excursie"},"content":{"rendered":"<h2 class=\"p1\"><b>De reis van Cura\u00e7ao naar Klein Cura\u00e7ao<\/b><b><\/b><\/h2>\n<p class=\"p2\">De reis van Cura\u00e7ao naar Klein Cura\u00e7ao duurt ongeveer 1 uur en 45 minuten met de boot. Neem plaats op een schaduwrijke bank, zoek een plekje in de openluchtzitjes of strek je uit op het net aan de voorkant. Als je voor het net kiest, wees dan voorbereid om nat te worden, maar je hebt het beste zicht om dolfijnen te spotten. Deze speelse wezens zwemmen vaak langszij, berijden de golven en pronken met hun sprongen. Op sommige dagen kan de rit levendig zijn met spatten van de golven en stromingen, maar de aanblik die je begroet is de moeite waard. Van een afstand zie je de zonovergoten kustlijn van het eiland en de beroemde roze vuurtoren. Als je aankomt, wordt het water kalm en kristalhelder, perfect om te zwemmen, snorkelen en duiken. Je kunt de droge route naar de kust nemen met een rubberboot, maar voor een meer gedenkwaardige aankomst pak je je snorkelspullen en zwem je erin. Meteen zie je overal om je heen kleurrijke vissen en zeeschildpadden, en tussen mei en augustus kun je zelfs getuige zijn van babyschildpadden die zich een weg banen van het zand naar de zee.        <\/p>\n<h2 class=\"p1\"><b>Wat te verwachten op Klein Cura\u00e7ao<\/b><b><\/b><\/h2>\n<p class=\"p2\">Eenmaal aan wal kunt u het eiland in uw eigen tempo verkennen. De wandeling van het strand naar de roze vuurtoren, scheepswrakken en oude ru\u00efnes is kort en gemakkelijk, maar ga vroeg voordat de middaghitte zich in het midden van het eiland opbouwt. Vergeet zonnebrandcr\u00e8me niet. Rond het middaguur serveert de bemanning een uitgebreid BBQ-buffet met gegrilde spareribs, kip en biefstuk, vergezeld van drie verse salades, brood en een kenmerkende zelfgemaakte Nederlandse pindasaus.   <\/p>\n<h2 class=\"p1\"><b>De terugkeer naar Cura\u00e7ao<\/b><b><\/b><\/h2>\n<p class=\"p2\">Rond 15.00 uur* zet de boot koers terug naar Cura\u00e7ao en laat het eiland achter je terwijl je door de passaatwinden en stromingen vaart. De terugreis is vlot en ontspannen, waardoor het de perfecte tijd is voor het Captain&#8217;s Happy Hour. Geniet van vers fruit en je favoriete drankje terwijl de zon ondergaat, nadenkend over de onvergetelijke dag die je op Klein Cura\u00e7ao hebt doorgebracht.  <\/p>\n","protected":false},"excerpt":{"rendered":"<p>De reis van Cura\u00e7ao naar Klein Cura\u00e7ao De reis van Cura\u00e7ao naar Klein Cura\u00e7ao duurt ongeveer 1 uur en 45 minuten met de boot. Neem plaats op een schaduwrijke bank, zoek een plekje in de openluchtzitjes of strek je uit op het net aan de voorkant. Als je voor het net kiest, wees dan voorbereid [&hellip;]<\/p>\n","protected":false},"featured_media":61555,"comment_status":"closed","ping_status":"closed","template":"","meta":{"_acf_changed":false},"activity-source":[],"company-partner":[4258],"store":[],"product_brand":[],"product_cat":[462,561,841],"product_tag":[4260],"class_list":{"0":"post-61764","1":"product","2":"type-product","3":"status-publish","4":"has-post-thumbnail","6":"company-partner-partner","7":"product_cat-curacao","8":"product_cat-jan-thiel-nl","9":"product_cat-snorkelen","10":"product_tag-uitgelicht-product","12":"first","13":"instock","14":"purchasable","15":"product-type-simple"},"acf":[],"_links":{"self":[{"href":"https:\/\/staging.curacaotodo.com\/nl\/wp-json\/wp\/v2\/product\/61764","targetHints":{"allow":["GET"]}}],"collection":[{"href":"https:\/\/staging.curacaotodo.com\/nl\/wp-json\/wp\/v2\/product"}],"about":[{"href":"https:\/\/staging.curacaotodo.com\/nl\/wp-json\/wp\/v2\/types\/product"}],"replies":[{"embeddable":true,"href":"https:\/\/staging.curacaotodo.com\/nl\/wp-json\/wp\/v2\/comments?post=61764"}],"wp:featuredmedia":[{"embeddable":true,"href":"https:\/\/staging.curacaotodo.com\/nl\/wp-json\/wp\/v2\/media\/61555"}],"wp:attachment":[{"href":"https:\/\/staging.curacaotodo.com\/nl\/wp-json\/wp\/v2\/media?parent=61764"}],"wp:term":[{"taxonomy":"activity-source","embeddable":true,"href":"https:\/\/staging.curacaotodo.com\/nl\/wp-json\/wp\/v2\/activity-source?post=61764"},{"taxonomy":"company-partner","embeddable":true,"href":"https:\/\/staging.curacaotodo.com\/nl\/wp-json\/wp\/v2\/company-partner?post=61764"},{"taxonomy":"store","embeddable":true,"href":"https:\/\/staging.curacaotodo.com\/nl\/wp-json\/wp\/v2\/store?post=61764"},{"taxonomy":"product_brand","embeddable":true,"href":"https:\/\/staging.curacaotodo.com\/nl\/wp-json\/wp\/v2\/product_brand?post=61764"},{"taxonomy":"product_cat","embeddable":true,"href":"https:\/\/staging.curacaotodo.com\/nl\/wp-json\/wp\/v2\/product_cat?post=61764"},{"taxonomy":"product_tag","embeddable":true,"href":"https:\/\/staging.curacaotodo.com\/nl\/wp-json\/wp\/v2\/product_tag?post=61764"}],"curies":[{"name":"wp","href":"https:\/\/api.w.org\/{rel}","templated":true}]}}