{"id":49310,"date":"2024-06-12T15:59:46","date_gmt":"2024-06-12T19:59:46","guid":{"rendered":"https:\/\/curacaotodo.com\/activity\/verken-klein-curacao-met-een-priveboottocht\/"},"modified":"2025-04-04T07:09:24","modified_gmt":"2025-04-04T11:09:24","slug":"verken-klein-curacao-met-een-priveboottocht","status":"publish","type":"product","link":"https:\/\/staging.curacaotodo.com\/nl\/activiteit\/verken-klein-curacao-met-een-priveboottocht\/","title":{"rendered":"Verken Klein Cura\u00e7ao met een priv\u00e9boottocht"},"content":{"rendered":"<h2>Boek je priv\u00e9boottocht<\/h2><h3>Exclusieve priv\u00e9tour<\/h3><p>Ga mee op een exclusieve priv\u00e9boottocht naar <a href=\"https:\/\/staging.curacaotodo.com\/nl\/klein-curacao\/\">Klein Cura\u00e7ao<\/a> en geniet van een persoonlijke en intieme ervaring. De tocht is ontworpen voor minimaal vier personen, waardoor het ideaal is voor gezinnen of kleine groepen vrienden. <\/p><p><strong>Prijzen:<\/strong><\/p><ul><li>$1000 voor 4 personen<\/li><li>$135 per extra volwassene<\/li><li>$95 per extra kind (leeftijd 4-12)<\/li><li>Gratis voor baby&#8217;s (leeftijd 0-3)<\/li><li>Optionele premium open bar: $25 (inclusief bier, wijn, wodka, whisky en rum)<\/li><\/ul><h3>Wat is inbegrepen?<\/h3><p>Je priv\u00e9tour naar Klein Cura\u00e7ao is inclusief:<\/p><ul><li>Een luxe BBQ lunch met filet mignon, lendenribbetjes, kip, aardappelsalade, ma\u00efskolf, groentesalade, stokbrood en kroepoek.<br \/>Vegetarische opties zijn beschikbaar op aanvraag. <\/li><li>Een heerlijke brunch met toast, een kaasplankje en nacho&#8217;s.<\/li><li>Een open bar, met de optie om te upgraden naar een premium selectie alcoholische dranken.<\/li><li>Snorkeluitrusting om het bruisende onderwaterleven te verkennen, inclusief de kans om met zeeschildpadden te zwemmen.<\/li><\/ul><h2>Wat mee te nemen<\/h2><p>Vergeet niet om mee te nemen voor een comfortabele en plezierige reis:<\/p><ul><li>Zonnebrandcr\u00e8me<\/li><li>Handdoeken<\/li><li>Zwemkleding<\/li><li>Zo nodig medicijnen tegen zeeziekte (aanbevolen om ongeveer een uur van tevoren in te nemen)<\/li><\/ul><h2>Wat je kunt verwachten<\/h2><p>De totale duur van de boottocht is ongeveer 8 uur. Tours zijn dagelijks beschikbaar en vertrekken om 8:00 uur of 9:00 uur. Hoewel de ophaalservice niet is inbegrepen, is de reis naar Klein Cura\u00e7ao een snelle boottocht van 1,5 uur. Daar heb je ruim de tijd om te verkennen, te <a href=\"https:\/\/staging.curacaotodo.com\/nl\/snorkelen\/\">snorkelen<\/a> en te ontspannen voordat je op je gemak terugkeert naar Cura\u00e7ao.   <\/p><h2>Waarom Klein Cura\u00e7ao?<\/h2><p>Klein Cura\u00e7ao is meer dan alleen een prachtig eiland; het is een unieke bestemming die een gevoel van afzondering en avontuur biedt. Met zijn kristalheldere water en rijke onderwaterleven is het een paradijs voor snorkelaars. De ongerepte stranden van het eiland vormen de perfecte achtergrond voor ontspanning en verkenning. Of je nu ge\u00efnteresseerd bent in zwemmen met zeeschildpadden, genieten van een gastronomische BBQ lunch of gewoon lekker luieren op het strand, Klein Cura\u00e7ao is een must-visit. Voor de meest uitgebreide informatie over toeristische activiteiten op Cura\u00e7ao kun je terecht op Cura\u00e7aoTodo.com, jouw bron voor het plannen van een onvergetelijke reis naar dit prachtige eiland.   <\/p>","protected":false},"excerpt":{"rendered":"<p><a href=\"https:\/\/staging.curacaotodo.com\/nl\/klein-curacao\/\">Klein Cura\u00e7ao<\/a>, een prachtig onbewoond eiland ongeveer 10 kilometer ten zuiden van Cura\u00e7ao, biedt een onvergetelijke tropische ervaring. Dit kleine paradijs staat bekend om zijn parelwitte stranden en azuurblauwe zee en is perfect voor mensen die de drukte willen ontvluchten en zich willen onderdompelen in natuurlijke schoonheid. Of je nu op zoek bent naar avontuur of graag ontspant op het strand, Klein Cura\u00e7ao heeft voor ieder wat wils.  <\/p>\n","protected":false},"featured_media":21317,"comment_status":"open","ping_status":"closed","template":"","meta":{"_acf_changed":false},"activity-source":[],"company-partner":[],"store":[],"product_brand":[],"product_cat":[567],"product_tag":[4139,4129],"class_list":{"0":"post-49310","1":"product","2":"type-product","3":"status-publish","4":"has-post-thumbnail","6":"product_cat-klein-curacao-nl","7":"product_tag-all-boat-charters-curacao-nl","8":"product_tag-klein-curacao-nl","10":"first","11":"instock","12":"shipping-taxable","13":"purchasable","14":"product-type-simple"},"acf":[],"_links":{"self":[{"href":"https:\/\/staging.curacaotodo.com\/nl\/wp-json\/wp\/v2\/product\/49310","targetHints":{"allow":["GET"]}}],"collection":[{"href":"https:\/\/staging.curacaotodo.com\/nl\/wp-json\/wp\/v2\/product"}],"about":[{"href":"https:\/\/staging.curacaotodo.com\/nl\/wp-json\/wp\/v2\/types\/product"}],"replies":[{"embeddable":true,"href":"https:\/\/staging.curacaotodo.com\/nl\/wp-json\/wp\/v2\/comments?post=49310"}],"wp:featuredmedia":[{"embeddable":true,"href":"https:\/\/staging.curacaotodo.com\/nl\/wp-json\/wp\/v2\/media\/21317"}],"wp:attachment":[{"href":"https:\/\/staging.curacaotodo.com\/nl\/wp-json\/wp\/v2\/media?parent=49310"}],"wp:term":[{"taxonomy":"activity-source","embeddable":true,"href":"https:\/\/staging.curacaotodo.com\/nl\/wp-json\/wp\/v2\/activity-source?post=49310"},{"taxonomy":"company-partner","embeddable":true,"href":"https:\/\/staging.curacaotodo.com\/nl\/wp-json\/wp\/v2\/company-partner?post=49310"},{"taxonomy":"store","embeddable":true,"href":"https:\/\/staging.curacaotodo.com\/nl\/wp-json\/wp\/v2\/store?post=49310"},{"taxonomy":"product_brand","embeddable":true,"href":"https:\/\/staging.curacaotodo.com\/nl\/wp-json\/wp\/v2\/product_brand?post=49310"},{"taxonomy":"product_cat","embeddable":true,"href":"https:\/\/staging.curacaotodo.com\/nl\/wp-json\/wp\/v2\/product_cat?post=49310"},{"taxonomy":"product_tag","embeddable":true,"href":"https:\/\/staging.curacaotodo.com\/nl\/wp-json\/wp\/v2\/product_tag?post=49310"}],"curies":[{"name":"wp","href":"https:\/\/api.w.org\/{rel}","templated":true}]}}