{"id":49306,"date":"2024-06-12T15:51:30","date_gmt":"2024-06-12T19:51:30","guid":{"rendered":"https:\/\/curacaotodo.com\/activity\/ervaar-de-sensatie-van-een-gofast-privetour-op-curacao\/"},"modified":"2025-04-04T07:08:47","modified_gmt":"2025-04-04T11:08:47","slug":"ervaar-de-sensatie-van-een-gofast-privetour-op-curacao","status":"publish","type":"product","link":"https:\/\/staging.curacaotodo.com\/nl\/activiteit\/ervaar-de-sensatie-van-een-gofast-privetour-op-curacao\/","title":{"rendered":"Ervaar de sensatie van een GoFast priv\u00e9tour op Cura\u00e7ao"},"content":{"rendered":"<h2>Zeil snel rond Cura\u00e7ao<\/h2><h3>Onvergetelijk avontuur op de golven<\/h3><p>Stap aan boord van de GoFast Speedboat en voel de adrenaline stromen terwijl je door de azuurblauwe wateren van de Cariben vaart.<br \/>Deze snelle boot is perfect om de verborgen juweeltjes van Cura\u00e7ao te ontdekken, van de ongerepte stranden van <a href=\"https:\/\/staging.curacaotodo.com\/nl\/klein-curacao\/\">Klein Cura\u00e7ao<\/a> tot de pittoreske plekjes bij <a href=\"https:\/\/staging.curacaotodo.com\/nl\/gebieden-curacao\/westpunt\/\">Westpunt<\/a>.<br \/>Met de flexibiliteit van een priv\u00e9tour kun je je reis aanpassen en genieten van de ultieme eilandhoppervaring.  <\/p><h3>Prijzen en reserveringen<\/h3><p>Onze priv\u00e9tourprijzen beginnen vanaf $199 per uur.<br \/>Selecteer bij het plannen van je avontuur het aantal uren dat je wilt reserveren.<br \/>Voor bestemmingen als Klein Cura\u00e7ao en Westpunt is een minimale reservering van 4 uur vereist.  <\/p><p>Extra cateringopties zijn beschikbaar voor $55 per persoon, met een heerlijke selectie aan eten en drinken om je reis nog aangenamer te maken.<\/p><h2>Wat je mee moet nemen<\/h2><p>Om een comfortabele en plezierige ervaring te garanderen, raden we je aan de volgende spullen mee te nemen:<\/p><ul><li>Drankjes en eten (als je niet kiest voor onze cateringservice)<\/li><li>Zonnebrandcr\u00e8me<\/li><li>Handdoeken<\/li><li>Zwemkleding<\/li><li>Zeeziekte medicatie (indien nodig)<\/li><\/ul><h3>Catering Opties<\/h3><p>Voor wie het liever gemakkelijk heeft, is onze cateringservice inclusief:<\/p><ul><li>Heerlijke hapjes zoals ossenhaasreepjes, kip, salades op toast, nacho&#8217;s, blokjes kaas, stokbrood en een snackplankje<\/li><li>Premium open bar met een selectie alcoholische dranken<\/li><\/ul><h2>Wat je kunt verwachten<\/h2><p>Je priv\u00e9rondleiding is inclusief:<\/p><ul><li>Snorkeluitrusting voor onderwaterverkenning<\/li><li>De flexibiliteit om je eigen versnaperingen mee te nemen<\/li><li>Gepersonaliseerd avontuur afgestemd op jouw voorkeuren<\/li><\/ul><p>Houd er rekening mee dat de ophaalservice niet is inbegrepen, dus plan je vervoer dienovereenkomstig.<\/p><h2>Boek vandaag nog je GoFast priv\u00e9tour<\/h2><p>Cura\u00e7aoTodo.com is je ultieme bron voor het plannen van de perfecte reis naar Cura\u00e7ao.<br \/>Met gedetailleerde informatie en tips voor toeristen kun je gemakkelijk de beste activiteiten op het eiland vinden en boeken.<br \/>Geniet van de sensatie van een priv\u00e9 speedboottocht en ontdek de schoonheid van Cura\u00e7ao als nooit tevoren.  <\/p>","protected":false},"excerpt":{"rendered":"<p>Ga op een opwindend avontuur rond het prachtige eiland Cura\u00e7ao met een priv\u00e9tour op de GoFast Speedboat.<br \/>\nOf je nu op zoek bent naar een snelle reis naar <a href=\"https:\/\/staging.curacaotodo.com\/nl\/klein-curacao\/\">Klein Cura\u00e7ao<\/a> of een schilderachtige tocht langs de kust, deze priv\u00e9tour biedt een onvergetelijke ervaring voor maximaal 12 personen. <\/p>\n","protected":false},"featured_media":21305,"comment_status":"open","ping_status":"closed","template":"","meta":{"_acf_changed":false},"activity-source":[],"company-partner":[],"store":[],"product_brand":[],"product_cat":[462],"product_tag":[4139],"class_list":{"0":"post-49306","1":"product","2":"type-product","3":"status-publish","4":"has-post-thumbnail","6":"product_cat-curacao","7":"product_tag-all-boat-charters-curacao-nl","9":"first","10":"instock","11":"shipping-taxable","12":"purchasable","13":"product-type-simple"},"acf":[],"_links":{"self":[{"href":"https:\/\/staging.curacaotodo.com\/nl\/wp-json\/wp\/v2\/product\/49306","targetHints":{"allow":["GET"]}}],"collection":[{"href":"https:\/\/staging.curacaotodo.com\/nl\/wp-json\/wp\/v2\/product"}],"about":[{"href":"https:\/\/staging.curacaotodo.com\/nl\/wp-json\/wp\/v2\/types\/product"}],"replies":[{"embeddable":true,"href":"https:\/\/staging.curacaotodo.com\/nl\/wp-json\/wp\/v2\/comments?post=49306"}],"wp:featuredmedia":[{"embeddable":true,"href":"https:\/\/staging.curacaotodo.com\/nl\/wp-json\/wp\/v2\/media\/21305"}],"wp:attachment":[{"href":"https:\/\/staging.curacaotodo.com\/nl\/wp-json\/wp\/v2\/media?parent=49306"}],"wp:term":[{"taxonomy":"activity-source","embeddable":true,"href":"https:\/\/staging.curacaotodo.com\/nl\/wp-json\/wp\/v2\/activity-source?post=49306"},{"taxonomy":"company-partner","embeddable":true,"href":"https:\/\/staging.curacaotodo.com\/nl\/wp-json\/wp\/v2\/company-partner?post=49306"},{"taxonomy":"store","embeddable":true,"href":"https:\/\/staging.curacaotodo.com\/nl\/wp-json\/wp\/v2\/store?post=49306"},{"taxonomy":"product_brand","embeddable":true,"href":"https:\/\/staging.curacaotodo.com\/nl\/wp-json\/wp\/v2\/product_brand?post=49306"},{"taxonomy":"product_cat","embeddable":true,"href":"https:\/\/staging.curacaotodo.com\/nl\/wp-json\/wp\/v2\/product_cat?post=49306"},{"taxonomy":"product_tag","embeddable":true,"href":"https:\/\/staging.curacaotodo.com\/nl\/wp-json\/wp\/v2\/product_tag?post=49306"}],"curies":[{"name":"wp","href":"https:\/\/api.w.org\/{rel}","templated":true}]}}