{"id":49303,"date":"2024-06-12T17:22:51","date_gmt":"2024-06-12T21:22:51","guid":{"rendered":"https:\/\/curacaotodo.com\/activity\/klein-curacao-prive-tour\/"},"modified":"2025-04-04T07:09:28","modified_gmt":"2025-04-04T11:09:28","slug":"klein-curacao-prive-tour","status":"publish","type":"product","link":"https:\/\/staging.curacaotodo.com\/nl\/activiteit\/klein-curacao-prive-tour\/","title":{"rendered":"Klein Cura\u00e7ao Priv\u00e9 Tour"},"content":{"rendered":"<h2>Boek je priv\u00e9boottocht naar Klein Cura\u00e7ao<\/h2><h3>Details priv\u00e9 boottocht<\/h3><p>Ga op een priv\u00e9boottocht naar <a href=\"https:\/\/staging.curacaotodo.com\/nl\/klein-curacao\/\">Klein Cura\u00e7ao<\/a> met onze eersteklas service. Onze boot brengt je in slechts 1,5 uur naar dit prachtige eiland en biedt je de kans om het eiland te verkennen, te <a href=\"https:\/\/staging.curacaotodo.com\/nl\/snorkelen\/\">snorkelen<\/a> met zeeschildpadden en te genieten van een luxe BBQ lunch. De totale duur van de tocht is ongeveer 8 uur, zodat je ruim de tijd hebt om de schoonheid van Klein Cura\u00e7ao in je op te nemen.  <\/p><h3>Prijzen en beschikbaarheid<\/h3><p>Onze priv\u00e9boottocht kost $1000 voor maximaal 4 personen. Voor extra passagiers gelden extra kosten: <\/p><ul><li>$135 per extra volwassene<\/li><li>$95 per extra kind (4-12 jaar)<\/li><li>Gratis voor baby&#8217;s (0-3 jaar)<\/li><\/ul><p>Verrijk je ervaring met onze eersteklas open bar voor slechts $25, inclusief bier, wijn, wodka, whisky en rum.<\/p><h3>Wat is inbegrepen<\/h3><p>Onze priv\u00e9rondleiding is inclusief:<\/p><ul><li>Heerlijke brunch met toast, kaasplateau en nacho&#8217;s<\/li><li>Luxe BBQ-lunch met filet mignon, lenderibbetjes, kip, aardappelsalade, ma\u00efskolf, groentesalade, stokbrood en kroepoek<\/li><li>Vegetarische opties verkrijgbaar met BBQ-spiesjes en vegetarische hamburgers<\/li><li>Open bar (extra alcoholische dranken verkrijgbaar via de premium open bar)<\/li><li>Snorkeluitrusting<\/li><\/ul><h3>Wat mee te nemen<\/h3><p>Vergeet niet om mee te nemen voor een comfortabele en plezierige reis:<\/p><ul><li>Zonnebrandcr\u00e8me<\/li><li>Handdoeken<\/li><li>Zwemkleding<\/li><li>Medicijnen tegen zeeziekte (indien nodig, ongeveer 1 uur van tevoren innemen)<\/li><\/ul><h2>Ontdek de schoonheid van Klein Cura\u00e7ao<\/h2><h3>Activiteiten en hoogtepunten<\/h3><p>Klein Cura\u00e7ao biedt een onge\u00ebvenaarde tropische ervaring. Geniet van de ongerepte stranden, het kristalheldere water en het bruisende onderwaterleven. Snorkelen met zeeschildpadden is een hoogtepunt en biedt een onvergetelijke blik in de onderwaterwereld.  <\/p><h3>Vertrek en Terugkeer<\/h3><p>Onze tochten zijn dagelijks beschikbaar en vertrekken om 8:00 of 9:00 uur. Het avontuur begint met een stevige boottocht van 1,5 uur, gevolgd door een dag vol verkenning en ontspanning op het eiland. In de namiddag keer je terug naar Cura\u00e7ao, verjongd en vol ongelooflijke herinneringen.  <\/p><h2>Waarom zou je voor Cura\u00e7aoTodo.nl kiezen?<\/h2><p>Op Cura\u00e7aoTodo.com zijn we toegewijd aan het verstrekken van de meest uitgebreide en nauwkeurige informatie voor toeristen op Cura\u00e7ao. Of je nu op zoek bent naar gedetailleerde beschrijvingen van activiteiten, reistips of de beste plekken om te bezoeken, onze website is je ultieme gids voor een onvergetelijke vakantie op het eiland. Ga op een Klein Cura\u00e7ao priv\u00e9tour en ontdek de verborgen parel van de Cariben. Met onze gedetailleerde gidsen en deskundige aanbevelingen begint jouw avontuur hier. Ontdek meer over deze tour en andere spannende activiteiten op CuracaoTodo.com, je belangrijkste bron voor alles op Cura\u00e7ao. <\/p>","protected":false},"excerpt":{"rendered":"<p>Stel je voor dat je op parelwitte stranden stapt, omringd door een azuurblauwe zee.<br \/>\nDit is geen droom \u2013 het is <a href=\"https:\/\/staging.curacaotodo.com\/nl\/klein-curacao\/\">Klein Cura\u00e7ao<\/a>, het mooiste bounty-eiland ter wereld.<br \/>\nDit onbewoonde eiland ligt ongeveer 10 kilometer ten zuiden van Cura\u00e7ao en is ongeveer drie vierkante kilometer tropisch paradijs.<br \/>\nBij een bezoek aan Cura\u00e7ao is een uitstapje naar Klein Cura\u00e7ao een absolute must.<br \/>\nOp Cura\u00e7aoTodo.com geven we alle essenti\u00eble informatie om ervoor te zorgen dat je de beste ervaring hebt op dit adembenemende eiland.    <\/p>\n","protected":false},"featured_media":21329,"comment_status":"open","ping_status":"closed","template":"","meta":{"_acf_changed":false},"activity-source":[],"company-partner":[],"store":[],"product_brand":[],"product_cat":[567],"product_tag":[4139,4129],"class_list":{"0":"post-49303","1":"product","2":"type-product","3":"status-publish","4":"has-post-thumbnail","6":"product_cat-klein-curacao-nl","7":"product_tag-all-boat-charters-curacao-nl","8":"product_tag-klein-curacao-nl","10":"first","11":"instock","12":"shipping-taxable","13":"purchasable","14":"product-type-simple"},"acf":[],"_links":{"self":[{"href":"https:\/\/staging.curacaotodo.com\/nl\/wp-json\/wp\/v2\/product\/49303","targetHints":{"allow":["GET"]}}],"collection":[{"href":"https:\/\/staging.curacaotodo.com\/nl\/wp-json\/wp\/v2\/product"}],"about":[{"href":"https:\/\/staging.curacaotodo.com\/nl\/wp-json\/wp\/v2\/types\/product"}],"replies":[{"embeddable":true,"href":"https:\/\/staging.curacaotodo.com\/nl\/wp-json\/wp\/v2\/comments?post=49303"}],"wp:featuredmedia":[{"embeddable":true,"href":"https:\/\/staging.curacaotodo.com\/nl\/wp-json\/wp\/v2\/media\/21329"}],"wp:attachment":[{"href":"https:\/\/staging.curacaotodo.com\/nl\/wp-json\/wp\/v2\/media?parent=49303"}],"wp:term":[{"taxonomy":"activity-source","embeddable":true,"href":"https:\/\/staging.curacaotodo.com\/nl\/wp-json\/wp\/v2\/activity-source?post=49303"},{"taxonomy":"company-partner","embeddable":true,"href":"https:\/\/staging.curacaotodo.com\/nl\/wp-json\/wp\/v2\/company-partner?post=49303"},{"taxonomy":"store","embeddable":true,"href":"https:\/\/staging.curacaotodo.com\/nl\/wp-json\/wp\/v2\/store?post=49303"},{"taxonomy":"product_brand","embeddable":true,"href":"https:\/\/staging.curacaotodo.com\/nl\/wp-json\/wp\/v2\/product_brand?post=49303"},{"taxonomy":"product_cat","embeddable":true,"href":"https:\/\/staging.curacaotodo.com\/nl\/wp-json\/wp\/v2\/product_cat?post=49303"},{"taxonomy":"product_tag","embeddable":true,"href":"https:\/\/staging.curacaotodo.com\/nl\/wp-json\/wp\/v2\/product_tag?post=49303"}],"curies":[{"name":"wp","href":"https:\/\/api.w.org\/{rel}","templated":true}]}}