{"id":49302,"date":"2024-06-12T15:29:16","date_gmt":"2024-06-12T19:29:16","guid":{"rendered":"https:\/\/curacaotodo.com\/activity\/prive-zonsondergangtocht-op-curacao\/"},"modified":"2025-04-04T07:08:41","modified_gmt":"2025-04-04T11:08:41","slug":"prive-zonsondergangtocht-op-curacao","status":"publish","type":"product","link":"https:\/\/staging.curacaotodo.com\/nl\/activiteit\/prive-zonsondergangtocht-op-curacao\/","title":{"rendered":"Priv\u00e9 Zonsondergangtocht op Cura\u00e7ao"},"content":{"rendered":"<h2>Waarom kiezen voor een priv\u00e9reis naar de zonsondergang?<\/h2>\n<p>Het boeken van een priv\u00e9trip bij zonsondergang biedt een unieke en intieme ervaring, ideaal voor groepen vrienden en familie.<br \/>\nMet een minimale groepsgrootte van vier personen zorgt deze tocht voor een persoonlijk tintje en een ontspannen sfeer.<br \/>\nJe kunt genieten van het gezelschap van je naasten zonder de drukte, waardoor het een speciale gelegenheid wordt om te koesteren.  <\/p>\n<h3>Wat is inbegrepen in je Sunset Trip?<\/h3>\n<p>Onze priv\u00e9trip bij zonsondergang zit boordevol inclusies om je een fantastische tijd te bezorgen:<\/p>\n<ul>\n<li><strong>Heerlijke hapjes<\/strong>: Geniet van een verscheidenheid aan hapjes, waaronder ossenhaasreepjes, kip, salades op toast, nacho&#8217;s, blokjes kaas, stokbrood en een snackschaal.<\/li>\n<li><strong>Premium Open Bar<\/strong>: Geniet van een selectie frisdranken, wijn, bier en champagne.<\/li>\n<li><strong>Landschappelijk uitzicht<\/strong>: Aanschouw de adembenemende zonsondergang over de Caribische Zee vanuit het comfort van onze Explorer vissersboot.<\/li>\n<\/ul>\n<h3>Prijzen en beschikbaarheid<\/h3>\n<p>Onze prijzen zijn eenvoudig en geschikt voor groepen:<\/p>\n<ul>\n<li><strong>Basisprijs<\/strong>: $340 voor maximaal 4 personen<\/li>\n<li><strong>Extra gasten<\/strong>: $75 per extra persoon, tot een maximum van 20 personen<\/li>\n<\/ul>\n<p>Trips zijn elke dag beschikbaar tussen 16:00 en 18:00 uur.<br \/>\nKijk op onze kalender voor beschikbaarheid en stel je voorkeursdatum vast. <\/p>\n<h3>Je reis voorbereiden<\/h3>\n<p>Voor een soepele en plezierige ervaring raden we je aan het volgende mee te nemen:<\/p>\n<ul>\n<li><strong>Zonnebrandcr\u00e8me<\/strong>: Bescherm je huid tegen de zonnestralen.<\/li>\n<li><strong>Medicijnen tegen zeeziekte<\/strong>: Als je gevoelig bent voor zeeziekte, neem dan ongeveer een uur voor de reis medicijnen.<\/li>\n<\/ul>\n<p>Houd er rekening mee dat de ophaalservice niet is inbegrepen, dus plan je vervoer dienovereenkomstig.<\/p>\n<h2>Wat je op de dag zelf kunt verwachten<\/h2>\n<p>Bij aankomst word je verwelkomd aan boord van onze goed uitgeruste boot, klaar om uit te varen voor een avond vol ontspanning en plezier.<br \/>\nTerwijl de boot langs de prachtige kust van Cura\u00e7ao vaart, kun je tot rust komen met een drankje in de hand, genieten van de bijgeleverde snacks en je vergapen aan de levendige kleuren van de zonsondergang. <\/p>\n<p>Cura\u00e7aoTodo.com is jouw go-to bron voor de beste reisinformatie over het eiland.<br \/>\nMet gedetailleerde gidsen en aanbevelingen zorgt onze website ervoor dat je het meeste uit je verblijf op dit prachtige Caribische eiland haalt. <\/p>\n<p>Boek vandaag nog je priv\u00e9reis naar de zonsondergang en cre\u00eber herinneringen die je je hele leven bijblijven!<\/p>\n","protected":false},"excerpt":{"rendered":"<p>Beleef het ultieme avontuur bij zonsondergang op Cura\u00e7ao met een priv\u00e9boottocht die is ontworpen voor jou en je geliefden.<br \/>\nDeze exclusieve reis van 2,5 uur is perfect om onvergetelijke herinneringen te cre\u00ebren terwijl je geniet van de prachtige Caribische zonsondergang. <\/p>\n","protected":false},"featured_media":21287,"comment_status":"open","ping_status":"closed","template":"","meta":{"_acf_changed":false},"activity-source":[],"company-partner":[],"store":[],"product_brand":[],"product_cat":[2674],"product_tag":[4139],"class_list":{"0":"post-49302","1":"product","2":"type-product","3":"status-publish","4":"has-post-thumbnail","6":"product_cat-boottochten-bij-zonsondergang","7":"product_tag-all-boat-charters-curacao-nl","9":"first","10":"instock","11":"shipping-taxable","12":"purchasable","13":"product-type-simple"},"acf":[],"_links":{"self":[{"href":"https:\/\/staging.curacaotodo.com\/nl\/wp-json\/wp\/v2\/product\/49302","targetHints":{"allow":["GET"]}}],"collection":[{"href":"https:\/\/staging.curacaotodo.com\/nl\/wp-json\/wp\/v2\/product"}],"about":[{"href":"https:\/\/staging.curacaotodo.com\/nl\/wp-json\/wp\/v2\/types\/product"}],"replies":[{"embeddable":true,"href":"https:\/\/staging.curacaotodo.com\/nl\/wp-json\/wp\/v2\/comments?post=49302"}],"wp:featuredmedia":[{"embeddable":true,"href":"https:\/\/staging.curacaotodo.com\/nl\/wp-json\/wp\/v2\/media\/21287"}],"wp:attachment":[{"href":"https:\/\/staging.curacaotodo.com\/nl\/wp-json\/wp\/v2\/media?parent=49302"}],"wp:term":[{"taxonomy":"activity-source","embeddable":true,"href":"https:\/\/staging.curacaotodo.com\/nl\/wp-json\/wp\/v2\/activity-source?post=49302"},{"taxonomy":"company-partner","embeddable":true,"href":"https:\/\/staging.curacaotodo.com\/nl\/wp-json\/wp\/v2\/company-partner?post=49302"},{"taxonomy":"store","embeddable":true,"href":"https:\/\/staging.curacaotodo.com\/nl\/wp-json\/wp\/v2\/store?post=49302"},{"taxonomy":"product_brand","embeddable":true,"href":"https:\/\/staging.curacaotodo.com\/nl\/wp-json\/wp\/v2\/product_brand?post=49302"},{"taxonomy":"product_cat","embeddable":true,"href":"https:\/\/staging.curacaotodo.com\/nl\/wp-json\/wp\/v2\/product_cat?post=49302"},{"taxonomy":"product_tag","embeddable":true,"href":"https:\/\/staging.curacaotodo.com\/nl\/wp-json\/wp\/v2\/product_tag?post=49302"}],"curies":[{"name":"wp","href":"https:\/\/api.w.org\/{rel}","templated":true}]}}