{"id":49301,"date":"2024-06-12T17:18:16","date_gmt":"2024-06-12T21:18:16","guid":{"rendered":"https:\/\/curacaotodo.com\/activity\/westpoint-strandhoppen-op-curacao\/"},"modified":"2025-04-04T07:08:54","modified_gmt":"2025-04-04T11:08:54","slug":"westpoint-strandhoppen-op-curacao","status":"publish","type":"product","link":"https:\/\/staging.curacaotodo.com\/nl\/activiteit\/westpoint-strandhoppen-op-curacao\/","title":{"rendered":"Westpoint strandhoppen op Cura\u00e7ao"},"content":{"rendered":"<div class=\"flex-1 overflow-hidden\"><div class=\"h-full overflow-auto bg-token-main-surface-primary\"><div class=\"flex flex-col text-sm pt-2 md:pb-9\"><div class=\"w-full text-token-text-primary\" dir=\"auto\" data-testid=\"conversation-turn-3\" data-scroll-anchor=\"true\"><div class=\"py-2 juice:py-[18px] px-3 text-base md:px-4 m-auto\"><div class=\"mx-auto flex flex-1 gap-3 text-base juice:gap-4 juice:md:gap-5 juice:lg:gap-6 md:max-w-3xl lg:max-w-[40rem] xl:max-w-[48rem]\"><div class=\"group\/conversation-turn relative flex w-full min-w-0 flex-col agent-turn\"><div class=\"flex-col gap-1 md:gap-3\"><div class=\"flex flex-grow flex-col max-w-full\"><div class=\"min-h-[20px] text-message flex flex-col items-start whitespace-pre-wrap break-words [.text-message+&amp;]:mt-5 juice:w-full juice:items-end overflow-x-auto gap-2\" dir=\"auto\" data-message-author-role=\"assistant\" data-message-id=\"585dfb7d-669e-45d3-b840-298ed5f708be\"><div class=\"flex w-full flex-col gap-1 juice:empty:hidden juice:first:pt-[3px]\"><div class=\"markdown prose w-full break-words dark:prose-invert dark\"><h2>Hoogtepunten van de Westpoint Beach Hopping Tour<\/h2><h3><strong>Ontdek de schoonheid van Westpoint<\/strong><\/h3><p>Vertrek vanaf de zuidkust van Cura\u00e7ao en reis naar het westen, waar je ongerepte natuur en unieke baaien tegenkomt. Deze tour gaat langs een aantal van de beroemdste stranden van het eiland, die allemaal per boot bereikbaar zijn. Onze tour begint bij Kokomo Beach, gevolgd door bezoeken aan Porto Mari en Cas Abou, met extra stops op verzoek.  <\/p><h3><strong>Geniet van een luxe BBQ<\/strong><\/h3><p>Geniet na een dag verkennen en strandhoppen van een heerlijke BBQ op een van de prachtige stranden. Het BBQ-menu bestaat uit filet mignon, lenderibbetjes, kip, aardappelsalade, ma\u00efskolf, groentesalade, stokbrood en kroepoek. Vegetarische opties zijn beschikbaar op aanvraag.  <\/p><h2>Wat je kunt verwachten tijdens de tour<\/h2><h3><strong>Tour Details<\/strong><\/h3><ul><li>Duur: Ongeveer 8 uur<\/li><li>Beschikbaarheid: Dagelijkse rondleidingen van 9:00 AM tot 12:00 PM<\/li><li>Ophaalservice: Niet inbegrepen<\/li><li>Boot: Explorer vissersboot<\/li><\/ul><h3><strong>Inclusief<\/strong><\/h3><ul><li>Brunch: Toast, kaasplateau en nacho&#8217;s<\/li><li>Luxe BBQ lunch<\/li><li>Open bar (premium opties beschikbaar voor $25 extra)<\/li><li>Snorkeluitrusting<\/li><\/ul><h3><strong>Prijzen<\/strong><\/h3><ul><li>$1000 voor maximaal 4 personen<\/li><li>$135 per extra persoon<\/li><\/ul><h2>Tips voor een onvergetelijke ervaring<\/h2><h3><strong>Wat mee te nemen<\/strong><\/h3><ul><li>Zonnebrandcr\u00e8me<\/li><li>Handdoeken<\/li><li>Zwemkleding<\/li><li>Medicijnen tegen zeeziekte (indien nodig)<\/li><\/ul><h2>Ontdek meer met CuracaoTodo.com<\/h2><p>De westelijke stranden van Cura\u00e7ao staan bekend om hun kristalheldere water en levendige onderwaterleven, waardoor ze ideaal zijn om te <a href=\"https:\/\/staging.curacaotodo.com\/nl\/snorkelen\/\">snorkelen<\/a> en te duiken. Op deze tour kun je je route aanpassen met de hulp van onze ervaren kapitein, zodat je zeker weet dat je de beste plekken bezoekt, zoals de Blue Room grot en Playa Piskad\u00f3, waar je zeeschildpadden kunt zien. Cura\u00e7aoTodo.com is jouw bron voor gedetailleerde informatie over deze en andere geweldige activiteiten op het eiland. Haal het meeste uit je bezoek aan Cura\u00e7ao door de schat aan informatie op onze website te verkennen, zodat je niets mist van de verborgen juweeltjes van het eiland. <\/p><h2>Boek vandaag nog je Westpoint Beach Hopping Tour!<\/h2><p>Mis de kans niet om de prachtige stranden van Cura\u00e7ao te ervaren in een unieke en priv\u00e9 omgeving. Boek vandaag nog je Westpoint Beach Hopping Tour en cre\u00eber onvergetelijke herinneringen met je vrienden en familie. Of je nu met een kleine groep bent of met maximaal 22 personen, deze tour is zo samengesteld dat iedereen optimaal kan genieten van de schoonheid van Cura\u00e7ao.  <\/p><\/div><\/div><\/div><\/div><\/div><\/div><\/div><\/div><\/div><\/div><\/div><\/div>","protected":false},"excerpt":{"rendered":"<p>Ga op een onvergetelijke reis naar de westkant van Cura\u00e7ao met onze exclusieve Westpoint Beach Hopping Tour.<br \/>\nDeze priv\u00e9 boottocht van 8 uur biedt je de kans om de mooiste stranden van het eiland te ontdekken, met als hoogtepunt een heerlijke BBQ op een van je favoriete plekjes.<br \/>\nCura\u00e7aoTodo.com biedt de meest uitgebreide informatie voor toeristen die op zoek zijn naar de beste ervaringen op dit prachtige eiland.  <\/p>\n","protected":false},"featured_media":21323,"comment_status":"open","ping_status":"closed","template":"","meta":{"_acf_changed":false},"activity-source":[],"company-partner":[],"store":[],"product_brand":[],"product_cat":[462],"product_tag":[4139],"class_list":{"0":"post-49301","1":"product","2":"type-product","3":"status-publish","4":"has-post-thumbnail","6":"product_cat-curacao","7":"product_tag-all-boat-charters-curacao-nl","9":"first","10":"instock","11":"shipping-taxable","12":"purchasable","13":"product-type-simple"},"acf":[],"_links":{"self":[{"href":"https:\/\/staging.curacaotodo.com\/nl\/wp-json\/wp\/v2\/product\/49301","targetHints":{"allow":["GET"]}}],"collection":[{"href":"https:\/\/staging.curacaotodo.com\/nl\/wp-json\/wp\/v2\/product"}],"about":[{"href":"https:\/\/staging.curacaotodo.com\/nl\/wp-json\/wp\/v2\/types\/product"}],"replies":[{"embeddable":true,"href":"https:\/\/staging.curacaotodo.com\/nl\/wp-json\/wp\/v2\/comments?post=49301"}],"wp:featuredmedia":[{"embeddable":true,"href":"https:\/\/staging.curacaotodo.com\/nl\/wp-json\/wp\/v2\/media\/21323"}],"wp:attachment":[{"href":"https:\/\/staging.curacaotodo.com\/nl\/wp-json\/wp\/v2\/media?parent=49301"}],"wp:term":[{"taxonomy":"activity-source","embeddable":true,"href":"https:\/\/staging.curacaotodo.com\/nl\/wp-json\/wp\/v2\/activity-source?post=49301"},{"taxonomy":"company-partner","embeddable":true,"href":"https:\/\/staging.curacaotodo.com\/nl\/wp-json\/wp\/v2\/company-partner?post=49301"},{"taxonomy":"store","embeddable":true,"href":"https:\/\/staging.curacaotodo.com\/nl\/wp-json\/wp\/v2\/store?post=49301"},{"taxonomy":"product_brand","embeddable":true,"href":"https:\/\/staging.curacaotodo.com\/nl\/wp-json\/wp\/v2\/product_brand?post=49301"},{"taxonomy":"product_cat","embeddable":true,"href":"https:\/\/staging.curacaotodo.com\/nl\/wp-json\/wp\/v2\/product_cat?post=49301"},{"taxonomy":"product_tag","embeddable":true,"href":"https:\/\/staging.curacaotodo.com\/nl\/wp-json\/wp\/v2\/product_tag?post=49301"}],"curies":[{"name":"wp","href":"https:\/\/api.w.org\/{rel}","templated":true}]}}