{"id":49297,"date":"2024-06-06T15:08:29","date_gmt":"2024-06-06T19:08:29","guid":{"rendered":"https:\/\/curacaotodo.com\/activity\/onbeperkt-6-daags-kantduikpakket\/"},"modified":"2024-09-01T06:22:01","modified_gmt":"2024-09-01T10:22:01","slug":"onbeperkt-6-daags-kantduikpakket","status":"publish","type":"product","link":"https:\/\/staging.curacaotodo.com\/nl\/activiteit\/onbeperkt-6-daags-kantduikpakket\/","title":{"rendered":"Onbeperkt 6-daags kantduikpakket"},"content":{"rendered":"<h1>Duik in het paradijs: Onbeperkt kantduiken op Cura\u00e7ao<\/h1>\n<h2>Ontdek de ultieme duikervaring met Ocean Encounters<\/h2>\n<p>  Ben je klaar om de levendige onderwaterwereld van Cura\u00e7ao te verkennen?<br \/>\nOns 6-daagse ongelimiteerde kantduikpakket van Ocean Encounters is je toegangspoort tot een aantal van de beste kantduikavonturen op het eiland.<br \/>\nDuik in kristalhelder water en ontdek de schoonheid van het onderwaterleven op Cura\u00e7ao, allemaal in je eigen tempo.    <\/p>\n<h3>Waarom Cura\u00e7ao kiezen voor kantduiken?<\/h3>\n<p>  Cura\u00e7ao staat bekend om zijn uitzonderlijke duikmogelijkheden vanaf de kust, met meer dan 100 duikplekken die gemakkelijk bereikbaar zijn vanaf de kust.<br \/>\nOf je nu een doorgewinterde duiker bent of een beginner, je vindt een verscheidenheid aan duikplekken die passen bij je niveau en interesses.<br \/>\nHet kalme water en de uitstekende zichtbaarheid maken het eiland tot een paradijs voor onderwaterverkenning.    <\/p>\n<h3>Wat is inbegrepen in je duikpakket<\/h3>\n<h4>Uitgebreide tankselectie<\/h4>\n<ul>\n<li><strong>Meer dan 350 luchttanks &amp; 80 Nitrox tanks<\/strong>: Kies uit standaard juk &amp; DIN fittingen, aluminium 80&#8217;s (11,1l), kleine tanks (63 cu\/ft\/10l) en grote tanks (AL100\/15l &amp; stalen 120&#8217;s\/18l).<\/li>\n<li><strong>Handige laadruimte<\/strong>: Bevindt zich op onze LionsDive locatie, waar onze hoffelijke duikmedewerkers je helpen met het inladen van je auto en je aanbevelingen geven voor de beste kantduiken op Cura\u00e7ao.<\/li>\n<\/ul>\n<h4>Extra voordelen<\/h4>\n<ul>\n<li><strong>Gewichten voor je duiken<\/strong>: Inbegrepen zonder extra kosten.<\/li>\n<li><strong>Spoeltanks<\/strong>: Houd je uitrusting schoon en klaar voor de volgende duik.<\/li>\n<li><strong>Kluisjes<\/strong>: Berg je spullen gemakkelijk op.<\/li>\n<li><strong>Douches<\/strong>: Fris je op na een duik.<\/li>\n<li><strong>Water drinken<\/strong>: Blijf gehydrateerd tijdens je avonturen.<\/li>\n<li><strong>Alle toepasselijke belastingen<\/strong>: Geen verborgen kosten.<\/li>\n<\/ul>\n<h3>Accommodaties en toegankelijkheid<\/h3>\n<p>  Gasten die verblijven in LionsDive Beach Resort en Sunscape Curacao Resort zullen onze diensten bijzonder handig vinden.<br \/>\nDuikers van alle andere hotels zijn echter welkom om gebruik te maken van onze faciliteiten en expertise.   <\/p>\n<h3>Ontdek de beste duiklocaties van Cura\u00e7ao<\/h3>\n<p>  CuracaoTodo.com is jouw bron voor gedetailleerde informatie over de beste duiklocaties van het eiland.<br \/>\nMet ons 6-daagse onbeperkte kantduikpakket heb je de vrijheid om deze prachtige locaties op je gemak te verkennen.<br \/>\nGebruik de Ocean Encounters Cura\u00e7ao Duikgids om meer dan 38 duiklocaties te vinden die vanaf de kant toegankelijk zijn en begrijp waarom Cura\u00e7ao een paradijs voor duikers is.    <\/p>\n<h3>Boek vandaag nog je Onbeperkt Duiken Pakket!<\/h3>\n<p>  Mis deze ongelofelijke kans niet om het beste van de onderwaterwereld van Cura\u00e7ao te ervaren.<br \/>\nBoek nu je 6-daagse ongelimiteerde kantduikpakket bij Ocean Encounters en duik in het avontuur van je leven.   <\/p>\n<h2>Cura\u00e7aoTodo.nl: Je ultieme reisgids<\/h2>\n<p>  Bezoek CuracaoTodo.com voor de meest uitgebreide en actuele informatie over de attracties, activiteiten en accommodaties op Cura\u00e7ao.<br \/>\nWij bieden de beste informatie voor toeristen die het meeste willen halen uit hun bezoek aan dit prachtige eiland.<br \/>\nBoek nu en maak je klaar om het bruisende onderwaterleven van Cura\u00e7ao te ontdekken met de experts van Ocean Encounters! <strong>Trefwoorden<\/strong>: Cura\u00e7ao kantduiken, onbeperkt kantduiken pakket, Ocean Encounters, beste duiklocaties op Cura\u00e7ao, Cura\u00e7ao duikgids, LionsDive Beach Resort, Sunscape Cura\u00e7ao Resort, Cura\u00e7aoTodo.com, Cura\u00e7ao reisgids.  <\/p>\n","protected":false},"excerpt":{"rendered":"<p>Welkom bij je volgende avontuur op Cura\u00e7ao!<br \/>\nAls je een fervent duiker bent en op zoek bent naar een paradijs voor kantduiken, dan is Cura\u00e7ao je droombestemming.<br \/>\nDuik in het kristalheldere water van het eiland en verken het prachtige onderwaterleven met het 6-daagse Onbeperkt Kustduikpakket van Ocean Encounters.<br \/>\nOf je nu verblijft in het LionsDive Beach Resort of het Sunscape Cura\u00e7ao Resort, dit pakket biedt alles wat je nodig hebt voor een onvergetelijk onderwateravontuur.<br \/>\nCura\u00e7aoTodo.com is de bron bij uitstek voor de meest uitgebreide en actuele informatie over duiken en andere activiteiten op het eiland.<br \/>\nBekijk zeker hun uitgebreide gidsen en tips om het meeste uit je verblijf te halen.     <\/p>\n","protected":false},"featured_media":18932,"comment_status":"open","ping_status":"closed","template":"","meta":{"_acf_changed":false},"activity-source":[],"company-partner":[],"store":[],"product_brand":[],"product_cat":[462],"product_tag":[4093],"class_list":{"0":"post-49297","1":"product","2":"type-product","3":"status-publish","4":"has-post-thumbnail","6":"product_cat-curacao","7":"product_tag-oceanencounters-nl","9":"first","10":"instock","11":"shipping-taxable","12":"purchasable","13":"product-type-simple"},"acf":[],"_links":{"self":[{"href":"https:\/\/staging.curacaotodo.com\/nl\/wp-json\/wp\/v2\/product\/49297","targetHints":{"allow":["GET"]}}],"collection":[{"href":"https:\/\/staging.curacaotodo.com\/nl\/wp-json\/wp\/v2\/product"}],"about":[{"href":"https:\/\/staging.curacaotodo.com\/nl\/wp-json\/wp\/v2\/types\/product"}],"replies":[{"embeddable":true,"href":"https:\/\/staging.curacaotodo.com\/nl\/wp-json\/wp\/v2\/comments?post=49297"}],"wp:featuredmedia":[{"embeddable":true,"href":"https:\/\/staging.curacaotodo.com\/nl\/wp-json\/wp\/v2\/media\/18932"}],"wp:attachment":[{"href":"https:\/\/staging.curacaotodo.com\/nl\/wp-json\/wp\/v2\/media?parent=49297"}],"wp:term":[{"taxonomy":"activity-source","embeddable":true,"href":"https:\/\/staging.curacaotodo.com\/nl\/wp-json\/wp\/v2\/activity-source?post=49297"},{"taxonomy":"company-partner","embeddable":true,"href":"https:\/\/staging.curacaotodo.com\/nl\/wp-json\/wp\/v2\/company-partner?post=49297"},{"taxonomy":"store","embeddable":true,"href":"https:\/\/staging.curacaotodo.com\/nl\/wp-json\/wp\/v2\/store?post=49297"},{"taxonomy":"product_brand","embeddable":true,"href":"https:\/\/staging.curacaotodo.com\/nl\/wp-json\/wp\/v2\/product_brand?post=49297"},{"taxonomy":"product_cat","embeddable":true,"href":"https:\/\/staging.curacaotodo.com\/nl\/wp-json\/wp\/v2\/product_cat?post=49297"},{"taxonomy":"product_tag","embeddable":true,"href":"https:\/\/staging.curacaotodo.com\/nl\/wp-json\/wp\/v2\/product_tag?post=49297"}],"curies":[{"name":"wp","href":"https:\/\/api.w.org\/{rel}","templated":true}]}}