{"id":49294,"date":"2024-06-12T13:09:54","date_gmt":"2024-06-12T17:09:54","guid":{"rendered":"https:\/\/curacaotodo.com\/activity\/klein-curacao-all-in-reis\/"},"modified":"2025-04-04T07:09:18","modified_gmt":"2025-04-04T11:09:18","slug":"klein-curacao-all-in-reis","status":"publish","type":"product","link":"https:\/\/staging.curacaotodo.com\/nl\/activiteit\/klein-curacao-all-in-reis\/","title":{"rendered":"Klein Curacao All-In Reis"},"content":{"rendered":"<h2>Wat je te wachten staat bij Klein Cura\u00e7ao<\/h2><h3>Verwen uzelf met gastronomische maaltijden<\/h3><p>Bij aankomst word je begroet met een heerlijke brunch met toast, een kaasplankje en nacho&#8217;s. Naarmate de dag vordert, kun je genieten van een luxe BBQ lunch met filet mignon, ribbetjes, kip, aardappelsalade, ma\u00efskolf, groentesalade, stokbrood en kroepoek. Voor onze vegetarische gasten bieden we een verrukkelijk aanbod van vegetarische BBQ spiesjes en hamburgers.  <\/p><h3>Geniet van een verscheidenheid aan drankjes<\/h3><p>Les je dorst met een verscheidenheid aan drankjes die de hele dag door verkrijgbaar zijn. Voor $25 extra kun je je ervaring uitbreiden met onze premium open bar, inclusief bier, wijn, wodka, whisky en rum. <\/p><h3>Verken en ontspan<\/h3><p><a href=\"https:\/\/staging.curacaotodo.com\/nl\/klein-curacao\/\">Klein Cura\u00e7ao<\/a> staat bekend om zijn azuurblauwe water en parelwitte stranden. Duik in het heldere water voor een snorkelavontuur, of ontspan gewoon op het strand of op onze luxe catamaranjacht. Vergeet niet om de prachtige plekjes van het eiland te verkennen, waaronder de iconische vuurtoren en scheepswrakken.  <\/p><h2>Prijzen en kortingen<\/h2><ul><li><strong>Volwassenen:<\/strong> $135<\/li><li><strong>Kinderen (4-12 jaar):<\/strong> $70<\/li><li><strong>Baby&#8217;s (0-3 jaar):<\/strong> Gratis<\/li><li><strong>Volwassenen (lokaal tarief met Sedula ID):<\/strong> $115<\/li><\/ul><h2>Wat mee te nemen<\/h2><ul><li>Zonnebrandcr\u00e8me<\/li><li>Handdoeken<\/li><li>Zwemkleding<\/li><li>Zeeziekte medicatie (indien nodig)<\/li><\/ul><h2>Routebeschrijving<\/h2><ul><li><strong>Vertrek:<\/strong> 8:00 AM van Kima Kalki Marina (Brakkeput Ariba 62)<\/li><li><strong>Duur:<\/strong> Ongeveer 8 uur<\/li><li><strong>Terugkeren:<\/strong> 17:00 UUR<\/li><\/ul><h2>Wat is inbegrepen<\/h2><ul><li>Heerlijke brunch en luxe BBQ lunch<\/li><li>Open bar met een optie voor premium alcoholische dranken<\/li><li>Snorkeluitrusting<\/li><\/ul><h2>Onvergetelijke herinneringen wachten<\/h2><p>Klein Cura\u00e7ao is een must-visit bestemming voor iedereen die naar Cura\u00e7ao reist. Dit onbewoonde eiland biedt een onge\u00ebvenaarde tropische vakantie-ervaring met zijn witte zandstranden, kristalheldere water en levendige onderwaterleven. Of je nu onderwatergrotten wilt verkennen, wilt genieten van een uitgebreide BBQ of gewoon wilt ontspannen in het paradijs, onze all-inclusive dagtrip biedt alles wat je nodig hebt voor een perfecte dag.  <\/p><p>Voor meer gedetailleerde informatie over deze en andere activiteiten kun je terecht op CuracaoTodo.com, jouw bron voor de beste en meest uitgebreide toeristische informatie over het eiland Cura\u00e7ao.<\/p>","protected":false},"excerpt":{"rendered":"<p><span style=\"font-family: Roboto, sans-serif\" data-mce-style=\"font-family: Roboto, sans-serif;\">Ga met ons mee op onze luxe Catamaran Yacht de Gold Seahorse voor een onvergetelijke reis en ontdek Klein Cura\u00e7ao als nooit tevoren. In ongeveer 1 uur varen komen we aan op Klein Cura\u00e7ao. Als we er eenmaal zijn kun je de hele dag genieten van een heerlijke brunch, luxe BBQ lunch en diverse drankjes. Verken de prachtige plekjes van het eiland, duik in het azuurblauwe water, kom tot rust op parelwitte stranden of lounge gewoon op ons luxe catamaran zeiljacht.   <\/span><\/p>\n","protected":false},"featured_media":21142,"comment_status":"open","ping_status":"closed","template":"","meta":{"_acf_changed":false},"activity-source":[],"company-partner":[],"store":[],"product_brand":[],"product_cat":[567],"product_tag":[4139,4129],"class_list":{"0":"post-49294","1":"product","2":"type-product","3":"status-publish","4":"has-post-thumbnail","6":"product_cat-klein-curacao-nl","7":"product_tag-all-boat-charters-curacao-nl","8":"product_tag-klein-curacao-nl","10":"first","11":"instock","12":"shipping-taxable","13":"purchasable","14":"product-type-simple"},"acf":[],"_links":{"self":[{"href":"https:\/\/staging.curacaotodo.com\/nl\/wp-json\/wp\/v2\/product\/49294","targetHints":{"allow":["GET"]}}],"collection":[{"href":"https:\/\/staging.curacaotodo.com\/nl\/wp-json\/wp\/v2\/product"}],"about":[{"href":"https:\/\/staging.curacaotodo.com\/nl\/wp-json\/wp\/v2\/types\/product"}],"replies":[{"embeddable":true,"href":"https:\/\/staging.curacaotodo.com\/nl\/wp-json\/wp\/v2\/comments?post=49294"}],"wp:featuredmedia":[{"embeddable":true,"href":"https:\/\/staging.curacaotodo.com\/nl\/wp-json\/wp\/v2\/media\/21142"}],"wp:attachment":[{"href":"https:\/\/staging.curacaotodo.com\/nl\/wp-json\/wp\/v2\/media?parent=49294"}],"wp:term":[{"taxonomy":"activity-source","embeddable":true,"href":"https:\/\/staging.curacaotodo.com\/nl\/wp-json\/wp\/v2\/activity-source?post=49294"},{"taxonomy":"company-partner","embeddable":true,"href":"https:\/\/staging.curacaotodo.com\/nl\/wp-json\/wp\/v2\/company-partner?post=49294"},{"taxonomy":"store","embeddable":true,"href":"https:\/\/staging.curacaotodo.com\/nl\/wp-json\/wp\/v2\/store?post=49294"},{"taxonomy":"product_brand","embeddable":true,"href":"https:\/\/staging.curacaotodo.com\/nl\/wp-json\/wp\/v2\/product_brand?post=49294"},{"taxonomy":"product_cat","embeddable":true,"href":"https:\/\/staging.curacaotodo.com\/nl\/wp-json\/wp\/v2\/product_cat?post=49294"},{"taxonomy":"product_tag","embeddable":true,"href":"https:\/\/staging.curacaotodo.com\/nl\/wp-json\/wp\/v2\/product_tag?post=49294"}],"curies":[{"name":"wp","href":"https:\/\/api.w.org\/{rel}","templated":true}]}}