{"id":49251,"date":"2022-01-09T21:31:26","date_gmt":"2022-01-10T01:31:26","guid":{"rendered":"https:\/\/curacaotodo.com\/activity\/maritiem-museum-curacao\/"},"modified":"2025-04-04T04:32:29","modified_gmt":"2025-04-04T08:32:29","slug":"maritiem-museum-curacao","status":"publish","type":"product","link":"https:\/\/staging.curacaotodo.com\/nl\/activiteit\/maritiem-museum-curacao\/","title":{"rendered":"Maritiem Museum Cura\u00e7ao"},"content":{"rendered":"<p>Het Maritiem Museum Cura\u00e7ao neemt zijn bezoekers mee op een ontdekkingstocht door meer dan 500 jaar maritieme geschiedenis van Cura\u00e7ao.<br \/>\nDe verhaallijn wordt ge\u00efllustreerd door een permanente tentoonstelling bestaande uit displays met authentieke zeekaarten, scheepsmodellen en navigatieapparatuur gecombineerd met audiovisuele technieken.<br \/>\nMuseumrondleidingen Naast een rondleiding door het museum kunnen bezoekers ook een demonstratie van de miniraffinaderij bijwonen, die in een aparte tentoonstellingshal staat opgesteld.<br \/>\nHet is ook mogelijk om een rondleiding door de haven te krijgen.<br \/>\nRondleidingen zijn beschikbaar op woensdag- en zaterdagmiddag.    <\/p>\n","protected":false},"excerpt":{"rendered":"<p>Het Maritiem Museum Cura\u00e7ao neemt zijn bezoekers mee op een ontdekkingstocht door meer dan 500 jaar maritieme geschiedenis van Cura\u00e7ao. De verhaallijn wordt ge\u00efllustreerd door een permanente tentoonstelling bestaande uit displays met authentieke zeekaarten, scheepsmodellen en navigatieapparatuur gecombineerd met audiovisuele technieken. Museumrondleidingen Naast een rondleiding door het museum kunnen bezoekers ook een demonstratie van de [&hellip;]<\/p>\n","protected":false},"featured_media":17248,"comment_status":"open","ping_status":"closed","template":"","meta":{"_acf_changed":false},"activity-source":[],"company-partner":[],"store":[],"product_brand":[],"product_cat":[462],"product_tag":[],"class_list":{"0":"post-49251","1":"product","2":"type-product","3":"status-publish","4":"has-post-thumbnail","6":"product_cat-curacao","8":"first","9":"instock","10":"virtual","11":"sold-individually","12":"product-type-simple"},"acf":[],"_links":{"self":[{"href":"https:\/\/staging.curacaotodo.com\/nl\/wp-json\/wp\/v2\/product\/49251","targetHints":{"allow":["GET"]}}],"collection":[{"href":"https:\/\/staging.curacaotodo.com\/nl\/wp-json\/wp\/v2\/product"}],"about":[{"href":"https:\/\/staging.curacaotodo.com\/nl\/wp-json\/wp\/v2\/types\/product"}],"replies":[{"embeddable":true,"href":"https:\/\/staging.curacaotodo.com\/nl\/wp-json\/wp\/v2\/comments?post=49251"}],"wp:featuredmedia":[{"embeddable":true,"href":"https:\/\/staging.curacaotodo.com\/nl\/wp-json\/wp\/v2\/media\/17248"}],"wp:attachment":[{"href":"https:\/\/staging.curacaotodo.com\/nl\/wp-json\/wp\/v2\/media?parent=49251"}],"wp:term":[{"taxonomy":"activity-source","embeddable":true,"href":"https:\/\/staging.curacaotodo.com\/nl\/wp-json\/wp\/v2\/activity-source?post=49251"},{"taxonomy":"company-partner","embeddable":true,"href":"https:\/\/staging.curacaotodo.com\/nl\/wp-json\/wp\/v2\/company-partner?post=49251"},{"taxonomy":"store","embeddable":true,"href":"https:\/\/staging.curacaotodo.com\/nl\/wp-json\/wp\/v2\/store?post=49251"},{"taxonomy":"product_brand","embeddable":true,"href":"https:\/\/staging.curacaotodo.com\/nl\/wp-json\/wp\/v2\/product_brand?post=49251"},{"taxonomy":"product_cat","embeddable":true,"href":"https:\/\/staging.curacaotodo.com\/nl\/wp-json\/wp\/v2\/product_cat?post=49251"},{"taxonomy":"product_tag","embeddable":true,"href":"https:\/\/staging.curacaotodo.com\/nl\/wp-json\/wp\/v2\/product_tag?post=49251"}],"curies":[{"name":"wp","href":"https:\/\/api.w.org\/{rel}","templated":true}]}}