{"id":49210,"date":"2021-05-12T21:21:20","date_gmt":"2021-05-13T01:21:20","guid":{"rendered":"https:\/\/curacaotodo.com\/activity\/tocht-van-oost-naar-west\/"},"modified":"2024-09-01T06:17:06","modified_gmt":"2024-09-01T10:17:06","slug":"tocht-van-oost-naar-west","status":"publish","type":"product","link":"https:\/\/staging.curacaotodo.com\/nl\/activiteit\/tocht-van-oost-naar-west\/","title":{"rendered":"Tocht van oost naar west"},"content":{"rendered":"<p>Op deze tour krijg je alles te zien wat Cura\u00e7ao te bieden heeft, op \u00e9\u00e9n dag!<br \/>\nWe beginnen aan de oostkant van het eiland en banen ons een weg naar het centrum van Willemstad en naar het westelijke deel van Cura\u00e7ao. <\/p>\n","protected":false},"excerpt":{"rendered":"<p>Op deze tour krijg je alles te zien wat Cura\u00e7ao te bieden heeft, op \u00e9\u00e9n dag! We beginnen aan de oostkant van het eiland en banen ons een weg naar het centrum van Willemstad en naar het westelijke deel van Cura\u00e7ao.<\/p>\n","protected":false},"featured_media":17496,"comment_status":"open","ping_status":"closed","template":"","meta":{"_acf_changed":false},"activity-source":[],"company-partner":[],"store":[],"product_brand":[],"product_cat":[462],"product_tag":[],"class_list":{"0":"post-49210","1":"product","2":"type-product","3":"status-publish","4":"has-post-thumbnail","6":"product_cat-curacao","8":"first","9":"instock","10":"virtual","11":"sold-individually","12":"product-type-simple"},"acf":[],"_links":{"self":[{"href":"https:\/\/staging.curacaotodo.com\/nl\/wp-json\/wp\/v2\/product\/49210","targetHints":{"allow":["GET"]}}],"collection":[{"href":"https:\/\/staging.curacaotodo.com\/nl\/wp-json\/wp\/v2\/product"}],"about":[{"href":"https:\/\/staging.curacaotodo.com\/nl\/wp-json\/wp\/v2\/types\/product"}],"replies":[{"embeddable":true,"href":"https:\/\/staging.curacaotodo.com\/nl\/wp-json\/wp\/v2\/comments?post=49210"}],"wp:featuredmedia":[{"embeddable":true,"href":"https:\/\/staging.curacaotodo.com\/nl\/wp-json\/wp\/v2\/media\/17496"}],"wp:attachment":[{"href":"https:\/\/staging.curacaotodo.com\/nl\/wp-json\/wp\/v2\/media?parent=49210"}],"wp:term":[{"taxonomy":"activity-source","embeddable":true,"href":"https:\/\/staging.curacaotodo.com\/nl\/wp-json\/wp\/v2\/activity-source?post=49210"},{"taxonomy":"company-partner","embeddable":true,"href":"https:\/\/staging.curacaotodo.com\/nl\/wp-json\/wp\/v2\/company-partner?post=49210"},{"taxonomy":"store","embeddable":true,"href":"https:\/\/staging.curacaotodo.com\/nl\/wp-json\/wp\/v2\/store?post=49210"},{"taxonomy":"product_brand","embeddable":true,"href":"https:\/\/staging.curacaotodo.com\/nl\/wp-json\/wp\/v2\/product_brand?post=49210"},{"taxonomy":"product_cat","embeddable":true,"href":"https:\/\/staging.curacaotodo.com\/nl\/wp-json\/wp\/v2\/product_cat?post=49210"},{"taxonomy":"product_tag","embeddable":true,"href":"https:\/\/staging.curacaotodo.com\/nl\/wp-json\/wp\/v2\/product_tag?post=49210"}],"curies":[{"name":"wp","href":"https:\/\/api.w.org\/{rel}","templated":true}]}}