{"id":49198,"date":"2021-02-06T10:06:29","date_gmt":"2021-02-06T14:06:29","guid":{"rendered":"https:\/\/curacaotodo.com\/activity\/pickup-safari-een-kant\/"},"modified":"2025-04-04T07:17:36","modified_gmt":"2025-04-04T11:17:36","slug":"pickup-safari-een-kant","status":"publish","type":"product","link":"https:\/\/staging.curacaotodo.com\/nl\/activiteit\/pickup-safari-een-kant\/","title":{"rendered":"Pickup Safari \u00e9\u00e9n kant"},"content":{"rendered":"<p>Tijdens deze safari bezoek je slechts \u00e9\u00e9n kant van het Christoffelpark met een van onze gidsen achterin een van onze trucks\/landcruisers.<br \/>\nDe gids geeft je uitgebreide informatie over de flora, fauna en geologie van het park.<br \/>\nDe safaritocht duurt ongeveer 2 uur.  <\/p>\n","protected":false},"excerpt":{"rendered":"<p>Tijdens deze safari bezoek je slechts \u00e9\u00e9n kant van het Christoffelpark met een van onze gidsen achterin een van onze trucks\/landcruisers. De gids geeft je uitgebreide informatie over de flora, fauna en geologie van het park. De safaritocht duurt ongeveer 2 uur.<\/p>\n","protected":false},"featured_media":18191,"comment_status":"open","ping_status":"closed","template":"","meta":{"_acf_changed":false},"activity-source":[],"company-partner":[],"store":[],"product_brand":[],"product_cat":[462],"product_tag":[4047],"class_list":{"0":"post-49198","1":"product","2":"type-product","3":"status-publish","4":"has-post-thumbnail","6":"product_cat-curacao","7":"product_tag-christoffel-park-nl","9":"first","10":"instock","11":"virtual","12":"sold-individually","13":"product-type-simple"},"acf":[],"_links":{"self":[{"href":"https:\/\/staging.curacaotodo.com\/nl\/wp-json\/wp\/v2\/product\/49198","targetHints":{"allow":["GET"]}}],"collection":[{"href":"https:\/\/staging.curacaotodo.com\/nl\/wp-json\/wp\/v2\/product"}],"about":[{"href":"https:\/\/staging.curacaotodo.com\/nl\/wp-json\/wp\/v2\/types\/product"}],"replies":[{"embeddable":true,"href":"https:\/\/staging.curacaotodo.com\/nl\/wp-json\/wp\/v2\/comments?post=49198"}],"wp:featuredmedia":[{"embeddable":true,"href":"https:\/\/staging.curacaotodo.com\/nl\/wp-json\/"}],"wp:attachment":[{"href":"https:\/\/staging.curacaotodo.com\/nl\/wp-json\/wp\/v2\/media?parent=49198"}],"wp:term":[{"taxonomy":"activity-source","embeddable":true,"href":"https:\/\/staging.curacaotodo.com\/nl\/wp-json\/wp\/v2\/activity-source?post=49198"},{"taxonomy":"company-partner","embeddable":true,"href":"https:\/\/staging.curacaotodo.com\/nl\/wp-json\/wp\/v2\/company-partner?post=49198"},{"taxonomy":"store","embeddable":true,"href":"https:\/\/staging.curacaotodo.com\/nl\/wp-json\/wp\/v2\/store?post=49198"},{"taxonomy":"product_brand","embeddable":true,"href":"https:\/\/staging.curacaotodo.com\/nl\/wp-json\/wp\/v2\/product_brand?post=49198"},{"taxonomy":"product_cat","embeddable":true,"href":"https:\/\/staging.curacaotodo.com\/nl\/wp-json\/wp\/v2\/product_cat?post=49198"},{"taxonomy":"product_tag","embeddable":true,"href":"https:\/\/staging.curacaotodo.com\/nl\/wp-json\/wp\/v2\/product_tag?post=49198"}],"curies":[{"name":"wp","href":"https:\/\/api.w.org\/{rel}","templated":true}]}}