{"id":49166,"date":"2020-09-15T14:29:11","date_gmt":"2020-09-15T18:29:11","guid":{"rendered":"https:\/\/curacaotodo.com\/activity\/wonderbaarlijke-waterwereld-jeep-tour\/"},"modified":"2025-04-04T04:32:22","modified_gmt":"2025-04-04T08:32:22","slug":"wonderbaarlijke-waterwereld-jeep-tour","status":"publish","type":"product","link":"https:\/\/staging.curacaotodo.com\/nl\/activiteit\/wonderbaarlijke-waterwereld-jeep-tour\/","title":{"rendered":"Wonderbaarlijke Waterwereld Jeep Tour"},"content":{"rendered":"<p>Hoogtepunten van deze tour: Mini woestijn van Cura\u00e7ao waar vreemd genoeg het meeste natuurlijke zoete water van Cura\u00e7ao te vinden is Waterspektakels aan de noordwestkust van Cura\u00e7ao; Groene zuidwestkust van Cura\u00e7ao waar de meeste natuurlijke stranden van Cura\u00e7ao zijn; Onderwaterwereld van Cura\u00e7ao, ontdekt door een snorkelstop bij een lokaal strand.<br \/>Routebeschrijving: Mini woestijn van curacao: je avontuur begint bij de uitgestrekte woestijnvlakten waar onze gids je vertelt over de vulkanische en koraalgeologische oorsprong van het eiland met drie verschillende terrassen die kilometers lang langs de noordkust van Cura\u00e7ao lopen.<br \/>Natuurlijke spuitgaten: vervolgens nemen we je mee naar een aantal ge\u00efsoleerde baaien waar grote brandinggolven tegen de koraalrotsen botsen en zo natuurlijke spuitgaten cre\u00ebren waar zeewater en schuim door een parachute de lucht in worden gespoten en kleurrijke fonteinen en regenbogen vormen.<br \/>Als de golven sterk genoeg zijn kun je dichtbij gaan staan en je laten verfrissen door de watersprenkels.<br \/>Ook exotische vogels zoals reigers, fregatvogels en caracara&#8217;s kunnen hier worden gespot; Boka Tabla: we genieten van de lunch in het shete boka nationaal park met zijn ruige en rotsachtige formaties waar we, als de zee het toelaat, boka tabla bezoeken.<br \/>Dit is de plek waar de zee en de wind hebben samengewerkt om een grot te cre\u00ebren waarin de golven zich naar binnen storten, wat vaak een prachtig schouwspel oplevert, maar soms ook de grot volledig overspoelt.<br \/>Hier zullen we ook genieten van een eenvoudige maar smakelijke picknicklunch; Zuidwestkust: We steken over naar de zuidwestkust van Cura\u00e7ao waar het landschap compleet verandert.<br \/>Hier vind je bijna alle natuurlijke witte stranden van Cura\u00e7ao met hun turkoois blauwe water of zoals de lokale bevolking het noemt playas; <a href=\"https:\/\/staging.curacaotodo.com\/nl\/snorkelen\/\">Snorkelen<\/a>: bij een van deze playas gaan we snorkelen, zodat je de onderwaterwereld van Cura\u00e7ao kunt ontdekken en ervan kunt genieten.       <\/p>","protected":false},"excerpt":{"rendered":"<p>Hoogtepunten van deze tour: Mini woestijn van Cura\u00e7ao waar vreemd genoeg het meeste natuurlijke zoete water van Cura\u00e7ao te vinden is Waterspektakels aan de noordwestkust van Cura\u00e7ao; Groene zuidwestkust van Cura\u00e7ao waar de meeste natuurlijke stranden van Cura\u00e7ao zijn; Onderwaterwereld van Cura\u00e7ao, ontdekt door een snorkelstop bij een lokaal strand.Routebeschrijving: Mini woestijn van curacao: je [&hellip;]<\/p>\n","protected":false},"featured_media":18783,"comment_status":"open","ping_status":"closed","template":"","meta":{"_acf_changed":false},"activity-source":[],"company-partner":[],"store":[],"product_brand":[],"product_cat":[462],"product_tag":[],"class_list":{"0":"post-49166","1":"product","2":"type-product","3":"status-publish","4":"has-post-thumbnail","6":"product_cat-curacao","8":"first","9":"instock","10":"virtual","11":"sold-individually","12":"product-type-simple"},"acf":[],"_links":{"self":[{"href":"https:\/\/staging.curacaotodo.com\/nl\/wp-json\/wp\/v2\/product\/49166","targetHints":{"allow":["GET"]}}],"collection":[{"href":"https:\/\/staging.curacaotodo.com\/nl\/wp-json\/wp\/v2\/product"}],"about":[{"href":"https:\/\/staging.curacaotodo.com\/nl\/wp-json\/wp\/v2\/types\/product"}],"replies":[{"embeddable":true,"href":"https:\/\/staging.curacaotodo.com\/nl\/wp-json\/wp\/v2\/comments?post=49166"}],"wp:featuredmedia":[{"embeddable":true,"href":"https:\/\/staging.curacaotodo.com\/nl\/wp-json\/"}],"wp:attachment":[{"href":"https:\/\/staging.curacaotodo.com\/nl\/wp-json\/wp\/v2\/media?parent=49166"}],"wp:term":[{"taxonomy":"activity-source","embeddable":true,"href":"https:\/\/staging.curacaotodo.com\/nl\/wp-json\/wp\/v2\/activity-source?post=49166"},{"taxonomy":"company-partner","embeddable":true,"href":"https:\/\/staging.curacaotodo.com\/nl\/wp-json\/wp\/v2\/company-partner?post=49166"},{"taxonomy":"store","embeddable":true,"href":"https:\/\/staging.curacaotodo.com\/nl\/wp-json\/wp\/v2\/store?post=49166"},{"taxonomy":"product_brand","embeddable":true,"href":"https:\/\/staging.curacaotodo.com\/nl\/wp-json\/wp\/v2\/product_brand?post=49166"},{"taxonomy":"product_cat","embeddable":true,"href":"https:\/\/staging.curacaotodo.com\/nl\/wp-json\/wp\/v2\/product_cat?post=49166"},{"taxonomy":"product_tag","embeddable":true,"href":"https:\/\/staging.curacaotodo.com\/nl\/wp-json\/wp\/v2\/product_tag?post=49166"}],"curies":[{"name":"wp","href":"https:\/\/api.w.org\/{rel}","templated":true}]}}