{"id":49139,"date":"2020-04-12T07:45:43","date_gmt":"2020-04-12T11:45:43","guid":{"rendered":"https:\/\/curacaotodo.com\/activity\/zeilcursus-eenpersoons-rubberboot\/"},"modified":"2024-09-01T06:19:43","modified_gmt":"2024-09-01T10:19:43","slug":"zeilcursus-eenpersoons-rubberboot","status":"publish","type":"product","link":"https:\/\/staging.curacaotodo.com\/nl\/activiteit\/zeilcursus-eenpersoons-rubberboot\/","title":{"rendered":"Zeilcursus eenpersoons rubberboot"},"content":{"rendered":"<p>Wil je leren zeilen met een Sunfish?<br \/>\nHet Spaanse Water is de plek hiervoor.<br \/>\nEr is altijd veel wind en de temperatuur van het water is geweldig, je krijgt het niet koud als je in het water valt of kapseist, wat af en toe zeker zal gebeuren.<br \/>\nAls je eenmaal de basis kent, kunnen we naar gebieden gaan met meer wind, zodat je echt snel kunt gaan, planerend over de golven.<br \/>\nWe kunnen zelfs naar open zee gaan om op de grote golven te surfen.<br \/>\nZeilinstructeurs Theo Freriks en Daniel Diepeveen hebben veel ervaring op Sunfish en weten heel goed hoe je deze snelle kleine dinghy&#8217;s onder de knie krijgt.<br \/>\nHet is een priv\u00e9cursus, geen andere deelnemers, \u00e9\u00e9n instructeur in een zodiac naast de deelnemer.<br \/>\nDe deelnemer bepaalt zelf, in overleg met Pro Sail, wanneer hij of zij komt.<br \/>\nDe basiscursus bestaat uit drie lessen van twee uur waarin je leert hoe je de boot optuigt, hoe je ermee vaart en de basisregels van de weg\/het water.<br \/>\nZeilervaring op grotere boten is een voordeel, maar niet noodzakelijk.<br \/>\nJe moet kunnen zwemmen en altijd een reddingsvest dragen.<br \/>\nDe gevorderdencursus bestaat ook uit drie lessen van twee uur waarin we het racen met de Sunfish in regatta&#8217;s en races behandelen.<br \/>\nTechnieken om te starten en te racen komen aan bod, evenals de hele set raceregels.            <\/p>\n","protected":false},"excerpt":{"rendered":"<p>Wil je leren zeilen met een Sunfish? Het Spaanse Water is de plek hiervoor. Er is altijd veel wind en de temperatuur van het water is geweldig, je krijgt het niet koud als je in het water valt of kapseist, wat af en toe zeker zal gebeuren. Als je eenmaal de basis kent, kunnen we [&hellip;]<\/p>\n","protected":false},"featured_media":18292,"comment_status":"open","ping_status":"closed","template":"","meta":{"_acf_changed":false},"activity-source":[],"company-partner":[],"store":[],"product_brand":[],"product_cat":[462],"product_tag":[],"class_list":{"0":"post-49139","1":"product","2":"type-product","3":"status-publish","4":"has-post-thumbnail","6":"product_cat-curacao","8":"first","9":"instock","10":"virtual","11":"sold-individually","12":"product-type-simple"},"acf":[],"_links":{"self":[{"href":"https:\/\/staging.curacaotodo.com\/nl\/wp-json\/wp\/v2\/product\/49139","targetHints":{"allow":["GET"]}}],"collection":[{"href":"https:\/\/staging.curacaotodo.com\/nl\/wp-json\/wp\/v2\/product"}],"about":[{"href":"https:\/\/staging.curacaotodo.com\/nl\/wp-json\/wp\/v2\/types\/product"}],"replies":[{"embeddable":true,"href":"https:\/\/staging.curacaotodo.com\/nl\/wp-json\/wp\/v2\/comments?post=49139"}],"wp:featuredmedia":[{"embeddable":true,"href":"https:\/\/staging.curacaotodo.com\/nl\/wp-json\/"}],"wp:attachment":[{"href":"https:\/\/staging.curacaotodo.com\/nl\/wp-json\/wp\/v2\/media?parent=49139"}],"wp:term":[{"taxonomy":"activity-source","embeddable":true,"href":"https:\/\/staging.curacaotodo.com\/nl\/wp-json\/wp\/v2\/activity-source?post=49139"},{"taxonomy":"company-partner","embeddable":true,"href":"https:\/\/staging.curacaotodo.com\/nl\/wp-json\/wp\/v2\/company-partner?post=49139"},{"taxonomy":"store","embeddable":true,"href":"https:\/\/staging.curacaotodo.com\/nl\/wp-json\/wp\/v2\/store?post=49139"},{"taxonomy":"product_brand","embeddable":true,"href":"https:\/\/staging.curacaotodo.com\/nl\/wp-json\/wp\/v2\/product_brand?post=49139"},{"taxonomy":"product_cat","embeddable":true,"href":"https:\/\/staging.curacaotodo.com\/nl\/wp-json\/wp\/v2\/product_cat?post=49139"},{"taxonomy":"product_tag","embeddable":true,"href":"https:\/\/staging.curacaotodo.com\/nl\/wp-json\/wp\/v2\/product_tag?post=49139"}],"curies":[{"name":"wp","href":"https:\/\/api.w.org\/{rel}","templated":true}]}}