{"id":49124,"date":"2020-02-15T16:59:40","date_gmt":"2020-02-15T20:59:40","guid":{"rendered":"https:\/\/curacaotodo.com\/activity\/stad-en-oostelijk-deel-tour\/"},"modified":"2025-04-04T07:22:53","modified_gmt":"2025-04-04T11:22:53","slug":"stad-en-oostelijk-deel-tour","status":"publish","type":"product","link":"https:\/\/staging.curacaotodo.com\/nl\/activiteit\/stad-en-oostelijk-deel-tour\/","title":{"rendered":"Stad en oostelijk deel tour"},"content":{"rendered":"<p>Stopt bij de likeurfabriek van Cura\u00e7ao (Parada a la f\u00e1brica de lic\u00f3r Curazao) Stopt bij de woonwijk Jan Thiel met een adembenemend uitzicht op de Tafelberg en het Spaanse Water.(Parada en la area residenci\u00e1l de Jan Thiel con vista impressionante de la Monta\u00f1a de Tabla y Aguas Espa\u00f1olas) Drankstop bij een plaatselijke frisdrankfontein en fotostop op het strand (Parada de fotos en la playa con acceso a consum\u00edr refrescos)<\/p>\n","protected":false},"excerpt":{"rendered":"<p>Stopt bij de likeurfabriek van Cura\u00e7ao (Parada a la f\u00e1brica de lic\u00f3r Curazao) Stopt bij de woonwijk Jan Thiel met een adembenemend uitzicht op de Tafelberg en het Spaanse Water.(Parada en la area residenci\u00e1l de Jan Thiel con vista impressionante de la Monta\u00f1a de Tabla y Aguas Espa\u00f1olas) Drankstop bij een plaatselijke frisdrankfontein en fotostop [&hellip;]<\/p>\n","protected":false},"featured_media":17204,"comment_status":"open","ping_status":"closed","template":"","meta":{"_acf_changed":false},"activity-source":[],"company-partner":[],"store":[],"product_brand":[],"product_cat":[462],"product_tag":[],"class_list":{"0":"post-49124","1":"product","2":"type-product","3":"status-publish","4":"has-post-thumbnail","6":"product_cat-curacao","8":"first","9":"instock","10":"virtual","11":"sold-individually","12":"product-type-simple"},"acf":[],"_links":{"self":[{"href":"https:\/\/staging.curacaotodo.com\/nl\/wp-json\/wp\/v2\/product\/49124","targetHints":{"allow":["GET"]}}],"collection":[{"href":"https:\/\/staging.curacaotodo.com\/nl\/wp-json\/wp\/v2\/product"}],"about":[{"href":"https:\/\/staging.curacaotodo.com\/nl\/wp-json\/wp\/v2\/types\/product"}],"replies":[{"embeddable":true,"href":"https:\/\/staging.curacaotodo.com\/nl\/wp-json\/wp\/v2\/comments?post=49124"}],"wp:featuredmedia":[{"embeddable":true,"href":"https:\/\/staging.curacaotodo.com\/nl\/wp-json\/"}],"wp:attachment":[{"href":"https:\/\/staging.curacaotodo.com\/nl\/wp-json\/wp\/v2\/media?parent=49124"}],"wp:term":[{"taxonomy":"activity-source","embeddable":true,"href":"https:\/\/staging.curacaotodo.com\/nl\/wp-json\/wp\/v2\/activity-source?post=49124"},{"taxonomy":"company-partner","embeddable":true,"href":"https:\/\/staging.curacaotodo.com\/nl\/wp-json\/wp\/v2\/company-partner?post=49124"},{"taxonomy":"store","embeddable":true,"href":"https:\/\/staging.curacaotodo.com\/nl\/wp-json\/wp\/v2\/store?post=49124"},{"taxonomy":"product_brand","embeddable":true,"href":"https:\/\/staging.curacaotodo.com\/nl\/wp-json\/wp\/v2\/product_brand?post=49124"},{"taxonomy":"product_cat","embeddable":true,"href":"https:\/\/staging.curacaotodo.com\/nl\/wp-json\/wp\/v2\/product_cat?post=49124"},{"taxonomy":"product_tag","embeddable":true,"href":"https:\/\/staging.curacaotodo.com\/nl\/wp-json\/wp\/v2\/product_tag?post=49124"}],"curies":[{"name":"wp","href":"https:\/\/api.w.org\/{rel}","templated":true}]}}