{"id":49084,"date":"2019-07-01T06:26:36","date_gmt":"2019-07-01T10:26:36","guid":{"rendered":"https:\/\/curacaotodo.com\/activity\/semi-onderzeeer\/"},"modified":"2025-04-04T07:10:07","modified_gmt":"2025-04-04T11:10:07","slug":"semi-onderzeeer","status":"publish","type":"product","link":"https:\/\/staging.curacaotodo.com\/nl\/activiteit\/semi-onderzeeer\/","title":{"rendered":"Semi-onderzee\u00ebr"},"content":{"rendered":"<p>Ontdek de onderwater wonderen van Cura\u00e7ao in de Seaward Explorer De Seaworld Explorer is een ultramoderne semi-onderzee\u00ebr met airconditioning die oorspronkelijk werd gebruikt voor onderzoek op het Great Barrier Reef in Australi\u00eb.<br \/>\nHet schip blijft altijd boven de zeespiegel en biedt comfortabel plaats aan 34 passagiers in de romp, die 5 meter onder de oppervlakte ligt.<br \/>\nEnorme glazen ramen bieden een spectaculair uitzicht op de vele verschillende soorten koralen en vissen waar Cura\u00e7ao beroemd om is.<br \/>\nDe vissen komen zelfs recht op je raam af, zodat je gemakkelijk die gedenkwaardige foto kunt maken.<br \/>\nDe tour is ideaal voor het hele gezin en bevat onderhoudende en leerzame uitleg van een professionele gids, plus een duiker die naast de onderzee\u00ebr zwemt en de vissen voert.<br \/>\nJe hebt geen duik- of snorkelspullen nodig, je blijft altijd droog.<br \/>\nDe Seaworld Explorer is volledig voorzien van airconditioning en gecertificeerd door de Nederlandse Scheepvaartinspectie.      <\/p>\n","protected":false},"excerpt":{"rendered":"<p>Ontdek de onderwater wonderen van Cura\u00e7ao in de Seaward Explorer De Seaworld Explorer is een ultramoderne semi-onderzee\u00ebr met airconditioning die oorspronkelijk werd gebruikt voor onderzoek op het Great Barrier Reef in Australi\u00eb. Het schip blijft altijd boven de zeespiegel en biedt comfortabel plaats aan 34 passagiers in de romp, die 5 meter onder de oppervlakte [&hellip;]<\/p>\n","protected":false},"featured_media":18379,"comment_status":"open","ping_status":"closed","template":"","meta":{"_acf_changed":false},"activity-source":[],"company-partner":[],"store":[],"product_brand":[],"product_cat":[462],"product_tag":[],"class_list":{"0":"post-49084","1":"product","2":"type-product","3":"status-publish","4":"has-post-thumbnail","6":"product_cat-curacao","8":"first","9":"instock","10":"virtual","11":"sold-individually","12":"product-type-simple"},"acf":[],"_links":{"self":[{"href":"https:\/\/staging.curacaotodo.com\/nl\/wp-json\/wp\/v2\/product\/49084","targetHints":{"allow":["GET"]}}],"collection":[{"href":"https:\/\/staging.curacaotodo.com\/nl\/wp-json\/wp\/v2\/product"}],"about":[{"href":"https:\/\/staging.curacaotodo.com\/nl\/wp-json\/wp\/v2\/types\/product"}],"replies":[{"embeddable":true,"href":"https:\/\/staging.curacaotodo.com\/nl\/wp-json\/wp\/v2\/comments?post=49084"}],"wp:featuredmedia":[{"embeddable":true,"href":"https:\/\/staging.curacaotodo.com\/nl\/wp-json\/"}],"wp:attachment":[{"href":"https:\/\/staging.curacaotodo.com\/nl\/wp-json\/wp\/v2\/media?parent=49084"}],"wp:term":[{"taxonomy":"activity-source","embeddable":true,"href":"https:\/\/staging.curacaotodo.com\/nl\/wp-json\/wp\/v2\/activity-source?post=49084"},{"taxonomy":"company-partner","embeddable":true,"href":"https:\/\/staging.curacaotodo.com\/nl\/wp-json\/wp\/v2\/company-partner?post=49084"},{"taxonomy":"store","embeddable":true,"href":"https:\/\/staging.curacaotodo.com\/nl\/wp-json\/wp\/v2\/store?post=49084"},{"taxonomy":"product_brand","embeddable":true,"href":"https:\/\/staging.curacaotodo.com\/nl\/wp-json\/wp\/v2\/product_brand?post=49084"},{"taxonomy":"product_cat","embeddable":true,"href":"https:\/\/staging.curacaotodo.com\/nl\/wp-json\/wp\/v2\/product_cat?post=49084"},{"taxonomy":"product_tag","embeddable":true,"href":"https:\/\/staging.curacaotodo.com\/nl\/wp-json\/wp\/v2\/product_tag?post=49084"}],"curies":[{"name":"wp","href":"https:\/\/api.w.org\/{rel}","templated":true}]}}