{"id":47386,"date":"2024-06-12T15:45:37","date_gmt":"2024-06-12T19:45:37","guid":{"rendered":"https:\/\/curacaotodo.com\/activity\/klein-curacao-overnachting-een-unieke-ervaring\/"},"modified":"2025-04-04T07:09:21","modified_gmt":"2025-04-04T11:09:21","slug":"klein-curacao-overnachting-een-unieke-ervaring","status":"publish","type":"product","link":"https:\/\/staging.curacaotodo.com\/nl\/activiteit\/klein-curacao-overnachting-een-unieke-ervaring\/","title":{"rendered":"Klein Cura\u00e7ao Overnachting: Een unieke ervaring"},"content":{"rendered":"<h2>Priv\u00e9boottocht naar Klein Cura\u00e7ao<\/h2><h3>Je eilandavontuur begint<\/h3><p>Deze priv\u00e9boottocht naar <a href=\"https:\/\/staging.curacaotodo.com\/nl\/klein-curacao\/\">Klein Cura\u00e7ao<\/a> is perfect voor wie op zoek is naar een exclusieve en intieme ervaring. De tocht biedt plaats aan maximaal 18 personen, zodat je verzekerd bent van een gezellig en persoonlijk avontuur. Je vertrekt om 9:00 uur en keert de volgende dag om 16:00 uur terug, zodat je ruim de tijd hebt om het eiland te verkennen, te ontspannen en te genieten.  <\/p><h3>Wat mee te nemen voor je overnachting<\/h3><p>Om het meeste uit je Klein Cura\u00e7ao overnachting te halen, vergeet dan niet de volgende benodigdheden in te pakken:<\/p><ul><li><strong>Zonnebrandcr\u00e8me<\/strong>: Bescherm je huid tegen de tropische zon.<\/li><li><strong>Handdoeken en zwemkleding<\/strong>: Voor strandplezier en <a href=\"https:\/\/staging.curacaotodo.com\/nl\/snorkelen\/\">snorkelen<\/a>.<\/li><li><strong>Medicijnen tegen zeeziekte<\/strong>: Als je gevoelig bent voor zeeziekte, neem dan ongeveer een uur voor vertrek voorzorgsmaatregelen.<\/li><li><strong>Kampeeruitrusting<\/strong>: Neem je eigen tent en slaapzak mee.<\/li><li><strong>Eten en drinken<\/strong>: Zorg dat je genoeg hebt voor de duur van je verblijf.<\/li><li><strong>BBQ\/kookgerei<\/strong>: Bereid je maaltijden onder de sterrenhemel.<\/li><\/ul><h3>Inbegrepen in de verpakking<\/h3><ul><li><strong>Snorkeluitrusting<\/strong>: Verken de onderwaterwonderen van Klein Cura\u00e7ao.<\/li><li><strong>Boottocht<\/strong>: Een schilderachtige tocht naar het eiland.<\/li><li><strong>Overnachting<\/strong>: Een nacht op het eiland met een gezellig kampvuur en een strandfeest.<\/li><\/ul><h3>Wat is niet inbegrepen<\/h3><ul><li><strong>Ophaalservice<\/strong>: Ga op eigen gelegenheid naar het vertrekpunt.<\/li><\/ul><h2>Beleef de nacht op Klein Cura\u00e7ao<\/h2><h3>Zonsondergang en kampvuur<\/h3><p>Als de zon ondergaat, kun je met je groep rond een kampvuur zitten en herinneringen voor het leven maken. De rust en schoonheid van het eiland &#8217;s nachts zijn gewoonweg adembenemend. <\/p><h3>Strandfeest<\/h3><p>Vier feest onder de sterren met een strandfeest. De heldere hemel en de zachte golven vormen de perfecte achtergrond voor een onvergetelijke avond. <\/p><h3>Prijzen<\/h3><ul><li><strong>$850<\/strong>: Inclusief vier personen.<\/li><li><strong>$65<\/strong>: Per extra persoon.<\/li><\/ul><h2>Waarom zou je voor Cura\u00e7aoTodo.nl kiezen?<\/h2><p>Cura\u00e7aoTodo.com is de beste bron voor toeristen die op zoek zijn naar uitgebreide informatie over het eiland Cura\u00e7ao. Of je nu een dagtocht plant of een avontuurlijke overnachting, onze website biedt gedetailleerde gidsen en inzichten om je te helpen het meeste uit je bezoek te halen. <\/p><h2>Boek je Klein Cura\u00e7ao overnachting vandaag<\/h2><p>Ga op een uniek avontuur met een overnachting op Klein Cura\u00e7ao. Van de schilderachtige boottocht tot de betoverende nacht op het eiland, deze ervaring belooft een van de hoogtepunten van je reis naar Cura\u00e7ao te worden. Ontdek meer activiteiten en plan je perfecte uitje met de beste tips en gidsen van Cura\u00e7aoTodo.nl.  <\/p>","protected":false},"excerpt":{"rendered":"<p>Stel je voor dat je een nacht doorbrengt op een verlaten eiland, omringd door de ongerepte schoonheid van de natuur. <a href=\"https:\/\/staging.curacaotodo.com\/nl\/klein-curacao\/\">Klein Cura\u00e7ao<\/a> biedt een onvergetelijk avontuur met haar overnachtingspakket. Cura\u00e7aoTodo.com is je ultieme bron voor alle informatie over activiteiten en ervaringen op het eiland Cura\u00e7ao. Laten we eens duiken in wat je kunt verwachten van deze unieke reis.  <\/p>\n","protected":false},"featured_media":21299,"comment_status":"open","ping_status":"closed","template":"","meta":{"_acf_changed":false},"activity-source":[],"company-partner":[],"store":[],"product_brand":[],"product_cat":[567],"product_tag":[4139,4129],"class_list":{"0":"post-47386","1":"product","2":"type-product","3":"status-publish","4":"has-post-thumbnail","6":"product_cat-klein-curacao-nl","7":"product_tag-all-boat-charters-curacao-nl","8":"product_tag-klein-curacao-nl","10":"first","11":"instock","12":"shipping-taxable","13":"purchasable","14":"product-type-simple"},"acf":[],"_links":{"self":[{"href":"https:\/\/staging.curacaotodo.com\/nl\/wp-json\/wp\/v2\/product\/47386","targetHints":{"allow":["GET"]}}],"collection":[{"href":"https:\/\/staging.curacaotodo.com\/nl\/wp-json\/wp\/v2\/product"}],"about":[{"href":"https:\/\/staging.curacaotodo.com\/nl\/wp-json\/wp\/v2\/types\/product"}],"replies":[{"embeddable":true,"href":"https:\/\/staging.curacaotodo.com\/nl\/wp-json\/wp\/v2\/comments?post=47386"}],"wp:featuredmedia":[{"embeddable":true,"href":"https:\/\/staging.curacaotodo.com\/nl\/wp-json\/wp\/v2\/media\/21299"}],"wp:attachment":[{"href":"https:\/\/staging.curacaotodo.com\/nl\/wp-json\/wp\/v2\/media?parent=47386"}],"wp:term":[{"taxonomy":"activity-source","embeddable":true,"href":"https:\/\/staging.curacaotodo.com\/nl\/wp-json\/wp\/v2\/activity-source?post=47386"},{"taxonomy":"company-partner","embeddable":true,"href":"https:\/\/staging.curacaotodo.com\/nl\/wp-json\/wp\/v2\/company-partner?post=47386"},{"taxonomy":"store","embeddable":true,"href":"https:\/\/staging.curacaotodo.com\/nl\/wp-json\/wp\/v2\/store?post=47386"},{"taxonomy":"product_brand","embeddable":true,"href":"https:\/\/staging.curacaotodo.com\/nl\/wp-json\/wp\/v2\/product_brand?post=47386"},{"taxonomy":"product_cat","embeddable":true,"href":"https:\/\/staging.curacaotodo.com\/nl\/wp-json\/wp\/v2\/product_cat?post=47386"},{"taxonomy":"product_tag","embeddable":true,"href":"https:\/\/staging.curacaotodo.com\/nl\/wp-json\/wp\/v2\/product_tag?post=47386"}],"curies":[{"name":"wp","href":"https:\/\/api.w.org\/{rel}","templated":true}]}}