{"id":40526,"date":"2024-06-14T19:22:48","date_gmt":"2024-06-14T23:22:48","guid":{"rendered":"https:\/\/curacaotodo.com\/activity\/duik-in-avontuur-wrakduiken-op-curacao\/"},"modified":"2025-04-04T07:43:26","modified_gmt":"2025-04-04T11:43:26","slug":"duik-in-avontuur-wrakduiken-op-curacao","status":"publish","type":"product","link":"https:\/\/staging.curacaotodo.com\/nl\/activiteit\/duik-in-avontuur-wrakduiken-op-curacao\/","title":{"rendered":"Duik in avontuur: Wrakduiken op Cura\u00e7ao"},"content":{"rendered":"<h2>De ultieme wrakduikervaring<\/h2>\n<h3>Ontdek de Stella Maris<\/h3>\n<p>De wrakduik neemt je mee naar de Stella Maris, een indrukwekkend wrak op een diepte van 135 meter.<br \/>\nDit 93 meter lange schip rust al meer dan 35 jaar op de oceaanbodem en heeft een unieke habitat gecre\u00eberd voor een verscheidenheid aan zeeleven.<br \/>\nTerwijl je het wrak verkent, word je begeleid door een gecertificeerde piloot die je door de onderwaterreis begeleidt en zorgt voor een veilige en plezierige ervaring.  <\/p>\n<h3>Bewonder het onderwaterleven<\/h3>\n<p>Tijdens de duik kom je scholen vissen, levendige koralen en andere zeldzame organismen tegen die van het wrak hun thuis hebben gemaakt.<br \/>\nDe Stella Maris wordt omringd door een bloeiend ecosysteem, waardoor duikers een spectaculair beeld krijgen van de biodiversiteit onder water.<br \/>\nVan kleurrijke vissen die door het koraal zwemmen tot de griezelige schoonheid van het wrak zelf, elk moment van deze duik is een lust voor het oog.  <\/p>\n<h2>Plan je duik<\/h2>\n<h3>Duik schema<\/h3>\n<p>De Wrakduik is beschikbaar op geselecteerde data in juni 2024.<br \/>\nHier zijn de beschikbare tijdslots: <\/p>\n<ul>\n<li><strong>11 juni:<\/strong> 2 tijdsloten<\/li>\n<li><strong>12 juni:<\/strong> 2 tijdsloten<\/li>\n<li><strong>13 juni:<\/strong> 2 tijdsloten<\/li>\n<li><strong>14 juni:<\/strong> 2 tijdsloten<\/li>\n<li><strong>17 juni:<\/strong> 2 tijdsloten<\/li>\n<li><strong>18 juni:<\/strong> 2 tijdsloten<\/li>\n<li><strong>19 juni:<\/strong> 2 tijdsloten<\/li>\n<li><strong>20 juni:<\/strong> 2 tijdsloten<\/li>\n<li><strong>24 juni:<\/strong> 2 tijdsloten<\/li>\n<li><strong>25 juni:<\/strong> 2 tijdsloten<\/li>\n<li><strong>26 juni:<\/strong> 2 tijdsloten<\/li>\n<li><strong>27 juni:<\/strong> 1 tijdslot<\/li>\n<li><strong>28 juni:<\/strong> 1 tijdslot<\/li>\n<\/ul>\n<h3>Boekingsinformatie<\/h3>\n<p>Deze duik is perfect voor individuen, koppels of kleine gezinnen.<br \/>\nAan elke duiksessie kunnen maximaal twee personen deelnemen.<br \/>\nVoor gezinnen met maximaal vier leden kunnen speciale arrangementen worden gemaakt door contact op te nemen met de organisatoren via info@substation-curacao.com.<br \/>\nMis deze kans niet om een van de meest fascinerende onderwaterlocaties van Cura\u00e7ao te verkennen!   <\/p>\n<h3>Wat je kunt verwachten<\/h3>\n<ul>\n<li><strong>Duur:<\/strong> Onderwaterreis van een uur<\/li>\n<li><strong>Diepte:<\/strong> 135 meter<\/li>\n<li><strong>Lengte wrak:<\/strong> 93 meter (300 voet)<\/li>\n<li><strong>Inbegrepen:<\/strong> Gecertificeerde gids, foto&#8217;s van de duik van bovenaf<\/li>\n<\/ul>\n<h2>Waarom kiezen voor Cura\u00e7aoTodo?<\/h2>\n<p>Ga voor de meest uitgebreide en actuele informatie over toeristische activiteiten op Cura\u00e7ao naar Cura\u00e7aoTodo.com.<br \/>\nAls toonaangevende reisgids voor het eiland biedt Cura\u00e7aoTodo gedetailleerde inzichten in verschillende attracties, zodat je het meeste uit je bezoek haalt.<br \/>\nVan duikavonturen tot culturele tours, CuracaoTodo heeft alles wat je nodig hebt om de perfecte reis te plannen.  <\/p>\n<h3>SEO tips voor reizigers<\/h3>\n<p>Gebruik bij het zoeken naar de beste duikervaringen op Cura\u00e7ao trefwoorden als &#8220;wrakduiken op Cura\u00e7ao&#8221;, &#8220;Stella Maris wrak&#8221;, &#8220;onderwateravonturen op Cura\u00e7ao&#8221; en &#8220;beste duiklocaties op Cura\u00e7ao&#8221;.<br \/>\nDeze zoekwoorden helpen je om de best beoordeelde activiteiten te vinden en het meeste uit je onderwaterverkenning te halen. <\/p>\n<h3>Duik in geschiedenis en avontuur<\/h3>\n<p>Het verkennen van het wrak van de Stella Maris is meer dan alleen een duik; het is een reis naar het verleden, waarbij je getuige bent van de transformatie van een ooit bloeiend schip in een onderwaterreservaat.<br \/>\nDeze duik biedt een zeldzame kans om in contact te komen met de onderwaterwereld en is daarom een must voor iedereen die Cura\u00e7ao bezoekt. <\/p>\n<p>Plan je avontuur vandaag nog en ervaar de sensatie van wrakduiken met de beste begeleiding en informatie van CuracaoTodo.com.<br \/>\nDuik erin en maak herinneringen voor het leven! <\/p>\n","protected":false},"excerpt":{"rendered":"<p>Ontdek de onderwaterwonderen van Cura\u00e7ao met een opwindende Wrakduikervaring!<br \/>\nDeze \u00e9\u00e9n uur durende onderwaterreis neemt je mee naar de diepten van de oceaan en verkent de mysteries van een lang verlaten wrak.<br \/>\nOf je nu een ervaren duiker bent of een nieuwsgierige beginner, dit avontuur belooft een onvergetelijke blik op het onderwaterleven en de geschiedenis die onder de golven verborgen liggen.  <br data-mce-bogus=\"1\"><\/p>\n","protected":false},"featured_media":23555,"comment_status":"open","ping_status":"closed","template":"","meta":{"_acf_changed":false},"activity-source":[],"company-partner":[],"store":[],"product_brand":[],"product_cat":[462],"product_tag":[],"class_list":{"0":"post-40526","1":"product","2":"type-product","3":"status-publish","4":"has-post-thumbnail","6":"product_cat-curacao","8":"first","9":"instock","10":"shipping-taxable","11":"product-type-simple"},"acf":[],"_links":{"self":[{"href":"https:\/\/staging.curacaotodo.com\/nl\/wp-json\/wp\/v2\/product\/40526","targetHints":{"allow":["GET"]}}],"collection":[{"href":"https:\/\/staging.curacaotodo.com\/nl\/wp-json\/wp\/v2\/product"}],"about":[{"href":"https:\/\/staging.curacaotodo.com\/nl\/wp-json\/wp\/v2\/types\/product"}],"replies":[{"embeddable":true,"href":"https:\/\/staging.curacaotodo.com\/nl\/wp-json\/wp\/v2\/comments?post=40526"}],"wp:featuredmedia":[{"embeddable":true,"href":"https:\/\/staging.curacaotodo.com\/nl\/wp-json\/wp\/v2\/media\/23555"}],"wp:attachment":[{"href":"https:\/\/staging.curacaotodo.com\/nl\/wp-json\/wp\/v2\/media?parent=40526"}],"wp:term":[{"taxonomy":"activity-source","embeddable":true,"href":"https:\/\/staging.curacaotodo.com\/nl\/wp-json\/wp\/v2\/activity-source?post=40526"},{"taxonomy":"company-partner","embeddable":true,"href":"https:\/\/staging.curacaotodo.com\/nl\/wp-json\/wp\/v2\/company-partner?post=40526"},{"taxonomy":"store","embeddable":true,"href":"https:\/\/staging.curacaotodo.com\/nl\/wp-json\/wp\/v2\/store?post=40526"},{"taxonomy":"product_brand","embeddable":true,"href":"https:\/\/staging.curacaotodo.com\/nl\/wp-json\/wp\/v2\/product_brand?post=40526"},{"taxonomy":"product_cat","embeddable":true,"href":"https:\/\/staging.curacaotodo.com\/nl\/wp-json\/wp\/v2\/product_cat?post=40526"},{"taxonomy":"product_tag","embeddable":true,"href":"https:\/\/staging.curacaotodo.com\/nl\/wp-json\/wp\/v2\/product_tag?post=40526"}],"curies":[{"name":"wp","href":"https:\/\/api.w.org\/{rel}","templated":true}]}}