{"id":40514,"date":"2024-06-14T18:30:56","date_gmt":"2024-06-14T22:30:56","guid":{"rendered":"https:\/\/curacaotodo.com\/activity\/duiken-met-gids-aan-wal-naar-west-curacao-een-onvergetelijk-avontuur\/"},"modified":"2025-04-04T07:41:28","modified_gmt":"2025-04-04T11:41:28","slug":"duiken-met-gids-aan-wal-naar-west-curacao-een-onvergetelijk-avontuur","status":"publish","type":"product","link":"https:\/\/staging.curacaotodo.com\/nl\/activiteit\/duiken-met-gids-aan-wal-naar-west-curacao-een-onvergetelijk-avontuur\/","title":{"rendered":"Duiken met gids aan wal naar West-Cura\u00e7ao: Een onvergetelijk avontuur"},"content":{"rendered":"<h2>Verken de westkant van Cura\u00e7ao<\/h2><h3>Duikplekken om te ontdekken<\/h3><p>Onze begeleide duiktrips nemen je mee naar een aantal van de mooiste duiklocaties op het eiland, waaronder:<\/p><ul><li><strong><a href=\"https:\/\/staging.curacaotodo.com\/nl\/stranden\/playa-piscado\/\">Playa Piskado<\/a><\/strong>: Bekend om zijn levendige zeeleven, waaronder zeeschildpadden.<\/li><li><strong>Alice in Wonderland<\/strong>: Beroemd om zijn ongerepte koraaltuinen en diverse watersoorten.<\/li><li><strong>Playa Forti<\/strong>: Biedt dramatische onderwaterlandschappen en een rijke biodiversiteit.<\/li><li><strong>Lagun<\/strong>: Een prachtige baai met helder water en een overvloed aan vis.<\/li><li><strong>Jeremy<\/strong>: Een verborgen juweeltje dat perfect is om unieke onderwaterformaties te ontdekken.<\/li><\/ul><h3>Kustduiken op zijn best<\/h3><p>Cura\u00e7ao staat bekend om zijn kantduiken en bij Scuba\u00e7ao zorgen we ervoor dat je het beste ervan ervaart.<br \/>Ons robuuste wagenpark brengt je naar deze duiklocaties, waar je direct vanaf de kant op avontuur kunt gaan.<br \/>Met onze professionele duikgidsen verken je de wonderen onder water en ontdek je de ware schoonheid van de riffen van Cura\u00e7ao.  <\/p><h2>Duikpakketten en prijzen<\/h2><h3>Duiken met gids aan wal, hele dag<\/h3><ul><li><strong>Zonder uitrusting<\/strong>: $150 USD<\/li><li><strong>Met uitrusting<\/strong>: $165 USD<\/li><\/ul><h3>Wat is inbegrepen?<\/h3><ul><li>Volledige set duikuitrusting (als je kiest voor het uitrustingspakket)<\/li><li>Lucht en lood (Nitrox beschikbaar op aanvraag)<\/li><li>Koude drankjes en een picknicklunch<\/li><li>Professionele duikgids<\/li><li>Ophalen en afzetten bij je cruiseschip of accommodatie (op redelijke afstand van onze winkel)<\/li><\/ul><h3>Plezierig duiken met Scuba\u00e7ao<\/h3><p>Bij Scuba\u00e7ao zijn we trots op het bieden van een persoonlijke en vriendelijke <a href=\"https:\/\/staging.curacaotodo.com\/nl\/duiken-op-curacao\/\">duikervaring<\/a>.<br \/>Onze kleine groepen zorgen ervoor dat je individuele aandacht krijgt en het meeste uit je duikavontuur kunt halen.<br \/>Met koude drankjes en een picknicklunch inbegrepen kun je ontspannen en optimaal genieten van je dag.  <\/p><h2>Vereisten<\/h2><ul><li>Duikbrevet of hoger<\/li><li>Minimaal 2 personen per reis<\/li><\/ul><h2>Boek je avontuur vandaag nog!<\/h2><p>Mis deze ongelofelijke kans niet om het onderwaterparadijs van West-Cura\u00e7ao te verkennen.<br \/>Boek vandaag nog je kantgeleide duik bij Scuba\u00e7ao en laat het avontuur beginnen! <\/p><p>Ga voor meer informatie over duikavonturen en andere activiteiten op Cura\u00e7ao naar <a rel=\"noreferrer noopener\" target=\"_new\">Cura\u00e7aoTodo.com<\/a>, de ultieme bron voor toeristen die op zoek zijn naar de beste ervaringen op het eiland.<\/p>","protected":false},"excerpt":{"rendered":"<p>Ben je een gebrevetteerde duiker en op zoek naar een opwindend avontuur op Cura\u00e7ao? Zoek niet verder! Bij Scuba\u00e7ao bieden we een uitzonderlijke kantduik met gids naar de westkant van Cura\u00e7ao die adembenemende onderwaterervaringen belooft.<br \/>\nOf je nu een pas gebrevetteerde Open Water duiker bent of een doorgewinterde Rescue duiker, onze op maat gemaakte begeleide duiktrips zullen je verblijf onvergetelijk maken. <br data-mce-bogus=\"1\"><\/p>\n","protected":false},"featured_media":23477,"comment_status":"open","ping_status":"closed","template":"","meta":{"_acf_changed":false},"activity-source":[],"company-partner":[],"store":[],"product_brand":[],"product_cat":[462],"product_tag":[],"class_list":{"0":"post-40514","1":"product","2":"type-product","3":"status-publish","4":"has-post-thumbnail","6":"product_cat-curacao","8":"first","9":"instock","10":"shipping-taxable","11":"purchasable","12":"product-type-simple"},"acf":[],"_links":{"self":[{"href":"https:\/\/staging.curacaotodo.com\/nl\/wp-json\/wp\/v2\/product\/40514","targetHints":{"allow":["GET"]}}],"collection":[{"href":"https:\/\/staging.curacaotodo.com\/nl\/wp-json\/wp\/v2\/product"}],"about":[{"href":"https:\/\/staging.curacaotodo.com\/nl\/wp-json\/wp\/v2\/types\/product"}],"replies":[{"embeddable":true,"href":"https:\/\/staging.curacaotodo.com\/nl\/wp-json\/wp\/v2\/comments?post=40514"}],"wp:featuredmedia":[{"embeddable":true,"href":"https:\/\/staging.curacaotodo.com\/nl\/wp-json\/wp\/v2\/media\/23477"}],"wp:attachment":[{"href":"https:\/\/staging.curacaotodo.com\/nl\/wp-json\/wp\/v2\/media?parent=40514"}],"wp:term":[{"taxonomy":"activity-source","embeddable":true,"href":"https:\/\/staging.curacaotodo.com\/nl\/wp-json\/wp\/v2\/activity-source?post=40514"},{"taxonomy":"company-partner","embeddable":true,"href":"https:\/\/staging.curacaotodo.com\/nl\/wp-json\/wp\/v2\/company-partner?post=40514"},{"taxonomy":"store","embeddable":true,"href":"https:\/\/staging.curacaotodo.com\/nl\/wp-json\/wp\/v2\/store?post=40514"},{"taxonomy":"product_brand","embeddable":true,"href":"https:\/\/staging.curacaotodo.com\/nl\/wp-json\/wp\/v2\/product_brand?post=40514"},{"taxonomy":"product_cat","embeddable":true,"href":"https:\/\/staging.curacaotodo.com\/nl\/wp-json\/wp\/v2\/product_cat?post=40514"},{"taxonomy":"product_tag","embeddable":true,"href":"https:\/\/staging.curacaotodo.com\/nl\/wp-json\/wp\/v2\/product_tag?post=40514"}],"curies":[{"name":"wp","href":"https:\/\/api.w.org\/{rel}","templated":true}]}}