{"id":40480,"date":"2024-06-14T08:49:30","date_gmt":"2024-06-14T12:49:30","guid":{"rendered":"https:\/\/curacaotodo.com\/activity\/plan-je-perfecte-privetour-op-curacao-met-curacaotodo\/"},"modified":"2025-04-04T07:29:58","modified_gmt":"2025-04-04T11:29:58","slug":"plan-je-perfecte-privetour-op-curacao-met-curacaotodo","status":"publish","type":"product","link":"https:\/\/staging.curacaotodo.com\/nl\/activiteit\/plan-je-perfecte-privetour-op-curacao-met-curacaotodo\/","title":{"rendered":"Plan je perfecte priv\u00e9tour op Cura\u00e7ao met Cura\u00e7aoTodo"},"content":{"rendered":"<h2>Ontdek het beste van Cura\u00e7ao met een priv\u00e9tour<\/h2><h3>Waarom kiezen voor een priv\u00e9rondleiding?<\/h3><p>  Priv\u00e9tours bieden een persoonlijke ervaring, zodat je Cura\u00e7ao in je eigen tempo en volgens je eigen interesses kunt verkennen.<br \/>Of het nu gaat om een romantische cruise bij zonsondergang, een avontuurlijke dagtour of een serene overnachting op <a href=\"https:\/\/staging.curacaotodo.com\/nl\/klein-curacao\/\">Klein Cura\u00e7ao<\/a>, een priv\u00e9tour zorgt ervoor dat je een op maat gemaakte route krijgt die perfect bij je past.   <\/p><h3>Soorten priv\u00e9rondleidingen<\/h3><h4>Ochtendrondleiding<\/h4><p>  Begin je dag met een verfrissende ochtendtour waarbij je de prachtige stranden, levendige koraalriffen en historische plekken van het eiland verkent.<br \/>Ideaal voor vroege vogels die het meeste uit hun dag willen halen.   <\/p><h4>Cruise bij zonsondergang<\/h4><p>  Ervaar de magie van een Caribische zonsondergang op een priv\u00e9 cruise bij zonsondergang.<br \/>Geniet van het prachtige uitzicht, het rustige water en de ontspannen sfeer terwijl de zon onder de horizon zakt.   <\/p><h4>Dagtour<\/h4><p>  Breng een volle dag door met het ontdekken van de verborgen juweeltjes van Cura\u00e7ao.<br \/>Van <a href=\"https:\/\/staging.curacaotodo.com\/nl\/snorkelen\/\">snorkelen<\/a> en duiken in kristalhelder water tot het bezoeken van culturele bezienswaardigheden en genieten van de lokale keuken, een dagtour biedt een uitgebreide kijk op wat het eiland te bieden heeft.   <\/p><h4>Romantische rondleiding<\/h4><p>  Voor stellen die op zoek zijn naar onvergetelijke herinneringen is een romantische tocht de perfecte keuze.<br \/>Geniet van een priv\u00e9diner op het strand, een zeiltocht bij zonsondergang of een afgelegen plek voor een aanzoek.   <\/p><h4>Overnachtingstour naar Fuik Bay<\/h4><p>  Breid je avontuur uit met een nachtelijke tocht naar Fuik Bay.<br \/>Breng de nacht door onder de sterren, geniet van een kampvuur en word wakker met de serene schoonheid van de baai.   <\/p><h4>Overnachtingstour naar Klein Cura\u00e7ao<\/h4><p>  Ontsnap naar het onbewoonde eiland <a href=\"https:\/\/staging.curacaotodo.com\/nl\/klein-curacao\/\">Klein Cura\u00e7ao<\/a> voor een overnachting.<br \/>Verken de ongerepte stranden, zwem met zeeschildpadden en ontspan in totale afzondering.   <\/p><h4>Voorstel Tour<\/h4><p>  Ben je van plan om de vraag te stellen?<br \/>Een aanzoektour biedt een unieke en intieme setting om de belangrijkste vraag van je leven te stellen.<br \/>Kies uit verschillende romantische plekjes om je moment speciaal te maken.    <\/p><h3>Hoe je de perfecte rondreis kunt plannen<\/h3><h4>Vul het aanvraagformulier voor een priv\u00e9rondleiding in<\/h4><p>  Om te beginnen met het plannen van je perfecte tour op Cura\u00e7ao, vul je het aanvraagformulier voor een priv\u00e9tour in op CuracaoTodo.<br \/>Vermeld je volledige naam, telefoonnummer, e-mailadres en de gewenste tourdata.<br \/>Geef aan in wat voor soort tour je ge\u00efnteresseerd bent en eventuele aanvullende details die helpen om je ervaring op maat te maken.    <\/p><h4>Kies je voorkeursdata en -tijden<\/h4><p>  Kies de dagen die voor jou het beste uitkomen en kies of je een ochtend-, middag- of dagtour wilt.<br \/>Als je een specifieke datum en tijd in gedachten hebt, vermeld dat dan in het formulier.   <\/p><h4>Geef het aantal personen op<\/h4><p>  Laat ons weten met hoeveel personen je op reis gaat.<br \/>Of het nu gaat om een solo-avontuur, een uitstapje met z&#8217;n twee\u00ebn of een familiereis, wij kunnen de grootte van je groep aan.   <\/p><h3>Waarom boeken bij CuracaoTodo?<\/h3><p>  Cura\u00e7aoTodo is de ultieme gids voor toeristen die Cura\u00e7ao bezoeken.<br \/>Met gedetailleerde informatie over de beste activiteiten, rondleidingen en ervaringen vind je hier alles wat je nodig hebt om je perfecte reis te plannen.<br \/>Onze priv\u00e9tours zijn ontworpen om een unieke en persoonlijke ervaring te bieden, zodat je het meeste uit je tijd op het eiland haalt.  <\/p>","protected":false},"excerpt":{"rendered":"<p>Cura\u00e7ao, een paradijselijk eiland in de Cariben, biedt een overvloed aan ervaringen voor elke reiziger.<br \/>\nOf je nu op zoek bent naar avontuur, ontspanning, romantiek of familieplezier, het plannen van je priv\u00e9tour met CuracaoTodo zorgt ervoor dat je het meeste uit je bezoek haalt.<br \/>\nAls de website met de meest uitgebreide en beste informatie voor toeristen op het eiland, is CuracaoTodo jouw bron voor een onvergetelijke vakantie.  <\/p>\n","protected":false},"featured_media":23011,"comment_status":"open","ping_status":"closed","template":"","meta":{"_acf_changed":false},"activity-source":[],"company-partner":[],"store":[],"product_brand":[],"product_cat":[462],"product_tag":[4112],"class_list":{"0":"post-40480","1":"product","2":"type-product","3":"status-publish","4":"has-post-thumbnail","6":"product_cat-curacao","7":"product_tag-maxiesailing-nl","9":"first","10":"instock","11":"shipping-taxable","12":"product-type-simple"},"acf":[],"_links":{"self":[{"href":"https:\/\/staging.curacaotodo.com\/nl\/wp-json\/wp\/v2\/product\/40480","targetHints":{"allow":["GET"]}}],"collection":[{"href":"https:\/\/staging.curacaotodo.com\/nl\/wp-json\/wp\/v2\/product"}],"about":[{"href":"https:\/\/staging.curacaotodo.com\/nl\/wp-json\/wp\/v2\/types\/product"}],"replies":[{"embeddable":true,"href":"https:\/\/staging.curacaotodo.com\/nl\/wp-json\/wp\/v2\/comments?post=40480"}],"wp:featuredmedia":[{"embeddable":true,"href":"https:\/\/staging.curacaotodo.com\/nl\/wp-json\/wp\/v2\/media\/23011"}],"wp:attachment":[{"href":"https:\/\/staging.curacaotodo.com\/nl\/wp-json\/wp\/v2\/media?parent=40480"}],"wp:term":[{"taxonomy":"activity-source","embeddable":true,"href":"https:\/\/staging.curacaotodo.com\/nl\/wp-json\/wp\/v2\/activity-source?post=40480"},{"taxonomy":"company-partner","embeddable":true,"href":"https:\/\/staging.curacaotodo.com\/nl\/wp-json\/wp\/v2\/company-partner?post=40480"},{"taxonomy":"store","embeddable":true,"href":"https:\/\/staging.curacaotodo.com\/nl\/wp-json\/wp\/v2\/store?post=40480"},{"taxonomy":"product_brand","embeddable":true,"href":"https:\/\/staging.curacaotodo.com\/nl\/wp-json\/wp\/v2\/product_brand?post=40480"},{"taxonomy":"product_cat","embeddable":true,"href":"https:\/\/staging.curacaotodo.com\/nl\/wp-json\/wp\/v2\/product_cat?post=40480"},{"taxonomy":"product_tag","embeddable":true,"href":"https:\/\/staging.curacaotodo.com\/nl\/wp-json\/wp\/v2\/product_tag?post=40480"}],"curies":[{"name":"wp","href":"https:\/\/api.w.org\/{rel}","templated":true}]}}