{"id":40445,"date":"2024-06-14T07:14:13","date_gmt":"2024-06-14T11:14:13","guid":{"rendered":"https:\/\/curacaotodo.com\/activity\/wahoo-visavontuur-op-curacao\/"},"modified":"2024-09-01T06:28:29","modified_gmt":"2024-09-01T10:28:29","slug":"wahoo-visavontuur-op-curacao","status":"publish","type":"product","link":"https:\/\/staging.curacaotodo.com\/nl\/activiteit\/wahoo-visavontuur-op-curacao\/","title":{"rendered":"Wahoo visavontuur op Cura\u00e7ao"},"content":{"rendered":"<h2>Deahoo: Een snelle rover<\/h2><h3>Wat is een Wahoo?<\/h3><p>De wahoo, plaatselijk bekend als &#8220;Mula&#8221;, is de op \u00e9\u00e9n na snelste vis in de wereldzee\u00ebn, die snelheden tot 60 mijl per uur kan bereiken.<br \/>Dit woeste roofdier is te herkennen aan zijn langgerekte lichaam dat bedekt is met kleine, nauwelijks zichtbare schubben.<br \/>De rug van de wahoo is iriserend blauw, terwijl de zijkanten zilverkleurig zijn met verticale blauwe strepen die na de dood snel vervagen.<br \/>Deze kenmerken maken van de wahoo een opvallende en indrukwekkende vangst.   <\/p><h3>Fysieke Kenmerken<\/h3><p>Wahoos kunnen snel groeien, sommige exemplaren worden wel 2,5 meter lang en wegen tot 83 kilogram.<br \/>Hun groeisnelheid is verbazingwekkend; een gemerkt exemplaar groeide in slechts \u00e9\u00e9n jaar van 5 kilo naar 15 kilo.<br \/>De grote bek en scherpe kaken van de wahoo onderscheiden hem van soortgelijke soorten als de koningsmakreel of Spaanse makreel.  <\/p><h2>De sensatie van wahoo vissen op Cura\u00e7ao<\/h2><h3>Waarom met wahoo vissen?<\/h3><p>Vissen op wahoo op Cura\u00e7ao is een adrenalineverhogende ervaring.<br \/>Ze staan bekend om hun ongelofelijke snelheid en kracht en je weet wanneer een wahoo je aas raakt, want de eerste run is supersnel.<br \/>Dubbele of zelfs driedubbele hits van wahoo&#8217;s komen vaak voor en veroorzaken absolute chaos op het dek en zorgen voor een onvergetelijk visavontuur.  <\/p><h3>Beste tijd om op wahoo te vissen<\/h3><p>Hoewel wahoo het hele jaar door gevangen kan worden, is de beste tijd om op wahoo te <a href=\"https:\/\/staging.curacaotodo.com\/nl\/privecharters-curacao\/vis-trips-curacao\/\">vissen op Cura\u00e7ao<\/a> in december en januari.<br \/>In deze periode is de kans om deze prachtige vissen te vangen het grootst. <\/p><h2>Wahoo vis charters<\/h2><h3>Wat je kunt verwachten<\/h3><p>Tijdens een wahoo visvakantie op Cura\u00e7ao krijg je de kans om de meest voorkomende big game sportvis in het gebied te vangen.<br \/>Het vlees van de wahoo is wit, delicaat en wordt door velen zeer gewaardeerd.<br \/>Snel gesleepte tonijnrokken of hele skipjack tonijnen zijn hun favoriete aas, wat je kansen op een succesvolle vangst vergroot.  <\/p><h3>Recordbrekende vangsten<\/h3><p>Ons record voor de grootste gevangen wahoo staat op een indrukwekkende 31 kilogram (68 pond), gevangen in februari 2015.<br \/>Met de juiste omstandigheden kun je tijdens je vistrip een nieuw record vestigen. <\/p><h2>Plan je wahoo vistrip<\/h2><p>Klaar om de sensatie van het wahoo vissen op Cura\u00e7ao te ervaren?<br \/>Bezoek Cura\u00e7aoTodo.com, de meest uitgebreide en beste bron voor toeristen op het eiland.<br \/>Onze website geeft gedetailleerde informatie over vischarters, de beste tijden om te vissen en alles wat je nog meer moet weten voor een onvergetelijk avontuur.  <\/p><h3>Boek je avontuur<\/h3><p>Of je nu een doorgewinterde visser bent of een beginner die iets nieuws wil proberen, vissen op wahoo op Cura\u00e7ao belooft een opwindende ervaring.<br \/>Boek vandaag nog je visvakantie via CuracaoTodo.com en maak je klaar om de vangst van je leven binnen te halen. <\/p>","protected":false},"excerpt":{"rendered":"<p>Welkom bij een nieuw spannend avontuur op Cura\u00e7aoTodo.com, je ultieme gids voor de beste activiteiten en ervaringen op het prachtige eiland Cura\u00e7ao.<br \/>\nVandaag duiken we in de opwindende wereld van het wahoo vissen, een must voor visliefhebbers die ons eiland bezoeken. <br data-mce-bogus=\"1\"><\/p>\n","protected":false},"featured_media":22645,"comment_status":"open","ping_status":"closed","template":"","meta":{"_acf_changed":false},"activity-source":[],"company-partner":[],"store":[],"product_brand":[],"product_cat":[462,833],"product_tag":[4111],"class_list":{"0":"post-40445","1":"product","2":"type-product","3":"status-publish","4":"has-post-thumbnail","6":"product_cat-curacao","7":"product_cat-vissen","8":"product_tag-fishchartercuracao-nl","10":"first","11":"instock","12":"featured","13":"shipping-taxable","14":"product-type-simple"},"acf":[],"_links":{"self":[{"href":"https:\/\/staging.curacaotodo.com\/nl\/wp-json\/wp\/v2\/product\/40445","targetHints":{"allow":["GET"]}}],"collection":[{"href":"https:\/\/staging.curacaotodo.com\/nl\/wp-json\/wp\/v2\/product"}],"about":[{"href":"https:\/\/staging.curacaotodo.com\/nl\/wp-json\/wp\/v2\/types\/product"}],"replies":[{"embeddable":true,"href":"https:\/\/staging.curacaotodo.com\/nl\/wp-json\/wp\/v2\/comments?post=40445"}],"wp:featuredmedia":[{"embeddable":true,"href":"https:\/\/staging.curacaotodo.com\/nl\/wp-json\/wp\/v2\/media\/22645"}],"wp:attachment":[{"href":"https:\/\/staging.curacaotodo.com\/nl\/wp-json\/wp\/v2\/media?parent=40445"}],"wp:term":[{"taxonomy":"activity-source","embeddable":true,"href":"https:\/\/staging.curacaotodo.com\/nl\/wp-json\/wp\/v2\/activity-source?post=40445"},{"taxonomy":"company-partner","embeddable":true,"href":"https:\/\/staging.curacaotodo.com\/nl\/wp-json\/wp\/v2\/company-partner?post=40445"},{"taxonomy":"store","embeddable":true,"href":"https:\/\/staging.curacaotodo.com\/nl\/wp-json\/wp\/v2\/store?post=40445"},{"taxonomy":"product_brand","embeddable":true,"href":"https:\/\/staging.curacaotodo.com\/nl\/wp-json\/wp\/v2\/product_brand?post=40445"},{"taxonomy":"product_cat","embeddable":true,"href":"https:\/\/staging.curacaotodo.com\/nl\/wp-json\/wp\/v2\/product_cat?post=40445"},{"taxonomy":"product_tag","embeddable":true,"href":"https:\/\/staging.curacaotodo.com\/nl\/wp-json\/wp\/v2\/product_tag?post=40445"}],"curies":[{"name":"wp","href":"https:\/\/api.w.org\/{rel}","templated":true}]}}