{"id":40378,"date":"2024-06-13T14:44:06","date_gmt":"2024-06-13T18:44:06","guid":{"rendered":"https:\/\/curacaotodo.com\/activity\/verken-de-oostkust-van-curacao-met-blue-c-watersports\/"},"modified":"2025-04-04T07:12:56","modified_gmt":"2025-04-04T11:12:56","slug":"verken-de-oostkust-van-curacao-met-blue-c-watersports","status":"publish","type":"product","link":"https:\/\/staging.curacaotodo.com\/nl\/activiteit\/verken-de-oostkust-van-curacao-met-blue-c-watersports\/","title":{"rendered":"Verken de oostkust van Cura\u00e7ao met Blue C Watersports"},"content":{"rendered":"<h2>Ga op een luxe catamaran reis<\/h2>\n<h3>Vertrekpunten en aanvankelijke route<\/h3>\n<p>  Je avontuur begint bij Blue Bay Beach of het Corendon Mangrove Beach Resort Dock.<br \/>\nAls je aan boord stapt van de luxueuze Blue C catamaran, voel je meteen de spanning toenemen.<br \/>\nDe reis naar het oosten laat de verbluffende schoonheid van de kust van Cura\u00e7ao zien, waar je kunt ontspannen, van de zon genieten en de levendige zeegezichten in je opnemen.    <\/p>\n<h2>Ontdek de beroemde sleepboot snorkelplek<\/h2>\n<h3>Snorkelen<\/h3>\n<p>  Onze eerste stop is de beroemde Tugboat snorkelplek, een van de populairste onderwaterattracties van Cura\u00e7ao.<br \/>\nHier word je door een professioneel bemanningslid meegenomen op een snorkeltour met gids.<br \/>\nHeb je geen eigen snorkelspullen?<br \/>\nGeen probleem!<br \/>\nBlue C Watersports zorgt voor regelmatige snorkelsets, inclusief vinnen, die je de hele dag kunt gebruiken.<br \/>\nDuik in het kristalheldere water en verken het bruisende onderwaterleven rondom het historische sleepbootwrak.       <\/p>\n<h2>Lunch bij Spaans Water<\/h2>\n<h3>Live Gekookt BBQ Buffet<\/h3>\n<p>  Na een ochtend van onderwaterverkenning varen we naar het rustige Spaanse Water voor een uitgebreide lunch.<br \/>\nGeniet van een live BBQ buffet, met een verscheidenheid aan heerlijke opties om zelfs de grootste honger te stillen.<br \/>\nDeze schilderachtige locatie biedt de perfecte achtergrond voor een ontspannen maaltijd, met sereen water en schilderachtige uitzichten.    <\/p>\n<h2>Middag Excursies<\/h2>\n<h3>Onderwaterwereld snorkelplaats en Willemstad<\/h3>\n<p>  In de middag gaat ons avontuur verder met meerdere spannende stops.<br \/>\nWe bezoeken de verrassende snorkelplek &#8220;Underwater World&#8221;, waar je meer van de rijke mariene biodiversiteit van Cura\u00e7ao kunt ontdekken.<br \/>\nHierna gaan we richting het stadscentrum, waar je een uniek uitzicht hebt op de kleurrijke architectuur van Willemstad en de iconische Koningin Emmabrug, ook wel bekend als de draaibrug.<br \/>\nDit perspectief van de stad vanaf het water is werkelijk adembenemend.     <\/p>\n<h2>Keer terug naar Blue Bay Beach<\/h2>\n<h3>Happy Hour en ontspanning<\/h3>\n<p>  Na een dag vol ontdekkingen en avonturen gaan we terug naar Blue Bay Beach.<br \/>\nHier wacht het vriendelijke personeel met verfrissende drankjes voor Happy Hour.<br \/>\nHet is de perfecte manier om tot rust te komen en herinneringen op te halen aan je ongelofelijke dag aan de oostkust van Cura\u00e7ao.    <\/p>\n<h3>Opmerking over de huidige activiteitenstatus<\/h3>\n<p>  Vanwege de huidige Corona situatie is de Oostkust dagtrip tijdelijk niet beschikbaar.<br \/>\nBekijk echter zeker onze andere spannende trips, waaronder <a href=\"https:\/\/staging.curacaotodo.com\/nl\/klein-curacao\/\">Klein Cura\u00e7ao<\/a>, de Westkust, Sunset en Sunday Funday trips.<br \/>\nGa voor de meest actuele informatie en meer reistips naar Cura\u00e7aoTodo.com, je nummer \u00e9\u00e9n bron voor de beste ervaringen op het eiland.<br \/>\nOf je nu een doorgewinterde reiziger bent of je eerste bezoek plant, CuracaoTodo heeft alles wat je nodig hebt om het meeste uit je avontuur op Cura\u00e7ao te halen.   <\/p>\n","protected":false},"excerpt":{"rendered":"<p>Welkom bij Cura\u00e7aoTodo.com, je ultieme gids voor de beste activiteiten en attracties op het prachtige eiland Cura\u00e7ao.<br \/>\nVandaag duiken we in een onvergetelijk avontuur: de Blue C Watersports East Coast Day Trip.<br \/>\nDeze luxe catamarantocht biedt een uniek perspectief op de gevarieerde kustlijn van Oost-Cura\u00e7ao, perfect voor wie de verborgen juweeltjes van het eiland wil verkennen, ontspannen en ervaren.  <\/p>\n","protected":false},"featured_media":22003,"comment_status":"open","ping_status":"closed","template":"","meta":{"_acf_changed":false},"activity-source":[],"company-partner":[],"store":[],"product_brand":[],"product_cat":[462],"product_tag":[4102],"class_list":{"0":"post-40378","1":"product","2":"type-product","3":"status-publish","4":"has-post-thumbnail","6":"product_cat-curacao","7":"product_tag-bluebaydiveandwatersports-nl","9":"first","10":"instock","11":"shipping-taxable","12":"product-type-simple"},"acf":[],"_links":{"self":[{"href":"https:\/\/staging.curacaotodo.com\/nl\/wp-json\/wp\/v2\/product\/40378","targetHints":{"allow":["GET"]}}],"collection":[{"href":"https:\/\/staging.curacaotodo.com\/nl\/wp-json\/wp\/v2\/product"}],"about":[{"href":"https:\/\/staging.curacaotodo.com\/nl\/wp-json\/wp\/v2\/types\/product"}],"replies":[{"embeddable":true,"href":"https:\/\/staging.curacaotodo.com\/nl\/wp-json\/wp\/v2\/comments?post=40378"}],"wp:featuredmedia":[{"embeddable":true,"href":"https:\/\/staging.curacaotodo.com\/nl\/wp-json\/wp\/v2\/media\/22003"}],"wp:attachment":[{"href":"https:\/\/staging.curacaotodo.com\/nl\/wp-json\/wp\/v2\/media?parent=40378"}],"wp:term":[{"taxonomy":"activity-source","embeddable":true,"href":"https:\/\/staging.curacaotodo.com\/nl\/wp-json\/wp\/v2\/activity-source?post=40378"},{"taxonomy":"company-partner","embeddable":true,"href":"https:\/\/staging.curacaotodo.com\/nl\/wp-json\/wp\/v2\/company-partner?post=40378"},{"taxonomy":"store","embeddable":true,"href":"https:\/\/staging.curacaotodo.com\/nl\/wp-json\/wp\/v2\/store?post=40378"},{"taxonomy":"product_brand","embeddable":true,"href":"https:\/\/staging.curacaotodo.com\/nl\/wp-json\/wp\/v2\/product_brand?post=40378"},{"taxonomy":"product_cat","embeddable":true,"href":"https:\/\/staging.curacaotodo.com\/nl\/wp-json\/wp\/v2\/product_cat?post=40378"},{"taxonomy":"product_tag","embeddable":true,"href":"https:\/\/staging.curacaotodo.com\/nl\/wp-json\/wp\/v2\/product_tag?post=40378"}],"curies":[{"name":"wp","href":"https:\/\/api.w.org\/{rel}","templated":true}]}}