{"id":40290,"date":"2024-06-13T12:41:29","date_gmt":"2024-06-13T16:41:29","guid":{"rendered":"https:\/\/curacaotodo.com\/activity\/boutique-duiken-op-curacao-een-persoonlijke-ervaring\/"},"modified":"2025-04-04T07:21:21","modified_gmt":"2025-04-04T11:21:21","slug":"boutique-duiken-op-curacao-een-persoonlijke-ervaring","status":"publish","type":"product","link":"https:\/\/staging.curacaotodo.com\/nl\/activiteit\/boutique-duiken-op-curacao-een-persoonlijke-ervaring\/","title":{"rendered":"Boutique duiken op Cura\u00e7ao: Een persoonlijke ervaring"},"content":{"rendered":"<div class=\"flex-shrink-0 flex flex-col relative items-end\"><div class=\"pt-0.5 juice:pt-0\"><div class=\"gizmo-bot-avatar flex h-6 w-6 items-center justify-center overflow-hidden rounded-full juice:h-8 juice:w-8\"><div class=\"relative p-1 rounded-sm flex items-center justify-center bg-token-main-surface-primary text-token-text-primary h-8 w-8\"><\/div><\/div><\/div><\/div><div class=\"group\/conversation-turn relative flex w-full min-w-0 flex-col agent-turn\"><div class=\"flex-col gap-1 md:gap-3\"><div class=\"flex flex-grow flex-col max-w-full\"><div class=\"min-h-[20px] text-message flex flex-col items-start whitespace-pre-wrap break-words [.text-message+&amp;]:mt-5 juice:w-full juice:items-end overflow-x-auto gap-2\" dir=\"auto\" data-message-author-role=\"assistant\" data-message-id=\"5eacc5cc-b204-4abc-bdd5-428137db2742\"><div class=\"flex w-full flex-col gap-1 juice:empty:hidden juice:first:pt-[3px]\"><div class=\"markdown prose w-full break-words dark:prose-invert light\"><h1>Boutique duiken op Cura\u00e7ao: Een persoonlijke ervaring<\/h1><p>  Ontdek de onge\u00ebvenaarde schoonheid van de onderwaterwereld van Cura\u00e7ao met onze boutique duikervaringen.<br \/>Op Cura\u00e7aoTodo.com voorzien we toeristen van de meest uitgebreide en actuele informatie over duikactiviteiten, zodat je het beste duikavontuur op het eiland beleeft.<br \/>Of je nu een beginner of een ervaren duiker bent, onze begeleide duiken bieden voor iedereen iets unieks.    <\/p><h2>Waarom kiezen voor Boutique Duiken op Cura\u00e7ao?<\/h2><h3>Persoonlijke duikervaring<\/h3><p>  Onze boutique duikservices zijn ontworpen om een persoonlijke ervaring te bieden.<br \/>Of je nu de voorkeur geeft aan \u00e9\u00e9n-op-\u00e9\u00e9n sessies, kleine groepsduiken of zelfs grotere groepen, we passen elke duik aan je wensen aan.<br \/>We zijn er trots op dat we een sterke band opbouwen met onze duikers, zodat je duikavontuur zowel gedenkwaardig als plezierig is.    <\/p><h3>Flexibel schema en diverse duiklocaties<\/h3><p>  Met een flexibel schema kun je duiken wanneer het jou uitkomt.<br \/>Ons huisrif is een fantastisch startpunt, maar we hebben ook toegang tot talloze duiklocaties verspreid over het eiland.<br \/>Elke stek biedt een uniek onderwaterlandschap vol levendig onderwaterleven.<br \/>Of het nu gaat om een duik overdag of een spannende nachtduik, we hebben opties die passen bij jouw voorkeuren.     <\/p><h2>Begeleide duiken: Ontdek de onderwaterwereld van Cura\u00e7ao<\/h2><h3>Huisrif duiken<\/h3><ul><li><strong>Huisrif (met uitrusting):<\/strong> Ervaar het gemak van duiken met alle benodigde uitrusting.<\/li><li><strong>Huisrif (zonder uitrusting):<\/strong> Als je je uitrusting bij je hebt, is ons huisrif een uitstekende plek om te duiken in het kristalheldere water van Cura\u00e7ao.<\/li><\/ul><h3>Andere duiklocaties<\/h3><ul><li><strong>Andere duikstek (met uitrusting):<\/strong> Verken verschillende duiklocaties op het eiland met de bijgeleverde uitrusting voor een probleemloze ervaring.<\/li><li><strong>Andere duiklocatie (zonder uitrusting):<\/strong> Voor degenen met uitrusting bieden we begeleide duiken naar meerdere duiklocaties, elk met zijn eigen unieke charme.<\/li><\/ul><h3>Nachtelijke duiken<\/h3><ul><li><strong>Nachtduik (met uitrusting):<\/strong> Ontdek de nachtelijke wonderen van het onderwaterleven op Cura\u00e7ao met een nachtduik, compleet met alle benodigde uitrusting.<\/li><li><strong>Nachtduik (zonder uitrusting):<\/strong> Voor ervaren duikers met hun uitrusting bieden nachtduiken een magische ervaring onder de sterren.<\/li><\/ul><h2>Belangrijke informatie voor duikers<\/h2><h3>Leeftijdsvereiste<\/h3><p>  Alle duikers moeten minstens 10 jaar oud zijn.<br \/>Dit zorgt voor een veilige en plezierige ervaring voor alle betrokkenen.   <\/p><h3>Benzine toeslag<\/h3><p>  Voor duiken aan de westkant van het eiland geldt een benzinetoeslag van ANG 44,62 (USD 25,00).<br \/>Dit dekt de extra reiskosten naar deze afgelegen en ongerepte duikstekken.   <\/p><h3>Functies op locatie<\/h3><p>  Ons <a href=\"https:\/\/staging.curacaotodo.com\/nl\/duiken-op-curacao\/\">duikcentrum<\/a> is uitgerust met handige voorzieningen zoals:  <\/p><ul><li><strong>Parkeerplaats<\/strong><\/li><li><strong>Buitendouche<\/strong><\/li><li><strong>Toilet<\/strong><\/li><\/ul><h2>Duurzame duikpraktijken<\/h2><p>  Bij CuracaoTodo.com benadrukken we het belang van duurzaam duiken.<br \/>Als duikers is het onze verantwoordelijkheid om de prachtige en diverse ecosystemen die we verkennen te beschermen en te behouden.<br \/>Wees samen met ons hoeders van ons milieu door verantwoorde duiktechnieken toe te passen.<br \/>Samen kunnen we ervoor zorgen dat deze onderwaterwonderen levendig en gezond blijven voor toekomstige generaties.     <\/p><h2>Meer informatie en boek je duik<\/h2><p>  Klaar voor een duikavontuur op Cura\u00e7ao?<br \/>Cura\u00e7aoTodo.com voor de meest uitgebreide informatie en om vandaag nog je duik te boeken.<br \/>Onze website is je ultieme gids voor de beste duikervaringen op het eiland, met gedetailleerde inzichten en deskundige aanbevelingen om je trip onvergetelijk te maken.<br \/>Ga met ons mee en laat de oceaan je hart beroeren, je fantasie inspireren en eeuwige vreugde brengen aan je ziel.<br \/>Duik in het buitengewone met Cura\u00e7aoTodo.com!      <\/p><\/div><\/div><\/div><\/div><\/div><\/div>","protected":false},"excerpt":{"rendered":"<p>Ontdek de onge\u00ebvenaarde schoonheid van de onderwaterwereld van Cura\u00e7ao met onze boutique duikervaringen.<br \/>\nOp Cura\u00e7aoTodo.com voorzien we toeristen van de meest uitgebreide en actuele informatie over duikactiviteiten, zodat je het beste duikavontuur op het eiland beleeft.<br \/>\nOf je nu een beginner of een ervaren duiker bent, onze begeleide duiken bieden voor iedereen iets unieks.  <br data-mce-bogus=\"1\"><\/p>\n","protected":false},"featured_media":21705,"comment_status":"open","ping_status":"closed","template":"","meta":{"_acf_changed":false},"activity-source":[],"company-partner":[],"store":[],"product_brand":[],"product_cat":[462],"product_tag":[],"class_list":{"0":"post-40290","1":"product","2":"type-product","3":"status-publish","4":"has-post-thumbnail","6":"product_cat-curacao","8":"first","9":"instock","10":"shipping-taxable","11":"product-type-simple"},"acf":[],"_links":{"self":[{"href":"https:\/\/staging.curacaotodo.com\/nl\/wp-json\/wp\/v2\/product\/40290","targetHints":{"allow":["GET"]}}],"collection":[{"href":"https:\/\/staging.curacaotodo.com\/nl\/wp-json\/wp\/v2\/product"}],"about":[{"href":"https:\/\/staging.curacaotodo.com\/nl\/wp-json\/wp\/v2\/types\/product"}],"replies":[{"embeddable":true,"href":"https:\/\/staging.curacaotodo.com\/nl\/wp-json\/wp\/v2\/comments?post=40290"}],"wp:featuredmedia":[{"embeddable":true,"href":"https:\/\/staging.curacaotodo.com\/nl\/wp-json\/wp\/v2\/media\/21705"}],"wp:attachment":[{"href":"https:\/\/staging.curacaotodo.com\/nl\/wp-json\/wp\/v2\/media?parent=40290"}],"wp:term":[{"taxonomy":"activity-source","embeddable":true,"href":"https:\/\/staging.curacaotodo.com\/nl\/wp-json\/wp\/v2\/activity-source?post=40290"},{"taxonomy":"company-partner","embeddable":true,"href":"https:\/\/staging.curacaotodo.com\/nl\/wp-json\/wp\/v2\/company-partner?post=40290"},{"taxonomy":"store","embeddable":true,"href":"https:\/\/staging.curacaotodo.com\/nl\/wp-json\/wp\/v2\/store?post=40290"},{"taxonomy":"product_brand","embeddable":true,"href":"https:\/\/staging.curacaotodo.com\/nl\/wp-json\/wp\/v2\/product_brand?post=40290"},{"taxonomy":"product_cat","embeddable":true,"href":"https:\/\/staging.curacaotodo.com\/nl\/wp-json\/wp\/v2\/product_cat?post=40290"},{"taxonomy":"product_tag","embeddable":true,"href":"https:\/\/staging.curacaotodo.com\/nl\/wp-json\/wp\/v2\/product_tag?post=40290"}],"curies":[{"name":"wp","href":"https:\/\/api.w.org\/{rel}","templated":true}]}}