{"id":40280,"date":"2024-06-13T11:58:44","date_gmt":"2024-06-13T15:58:44","guid":{"rendered":"https:\/\/curacaotodo.com\/activity\/ontdek-de-ultieme-prive-bootverhuur-ervaring-op-curacao\/"},"modified":"2025-04-04T07:16:03","modified_gmt":"2025-04-04T11:16:03","slug":"ontdek-de-ultieme-prive-bootverhuur-ervaring-op-curacao","status":"publish","type":"product","link":"https:\/\/staging.curacaotodo.com\/nl\/activiteit\/ontdek-de-ultieme-prive-bootverhuur-ervaring-op-curacao\/","title":{"rendered":"Ontdek de ultieme priv\u00e9 bootverhuur ervaring op Curacao"},"content":{"rendered":"<h2>Pas je ervaring aan<\/h2>\n<h3>Charters van een halve of hele dag<\/h3>\n<p>  Met The Breeze kun je kiezen tussen halve en hele dag charters.<br \/>\nGeniet van een tocht van een halve dag naar Fuik Bay of verken het prachtige 3 Bay gebied, of geniet van een avontuur van een hele dag naar <a href=\"https:\/\/staging.curacaotodo.com\/nl\/klein-curacao\/\">Klein Cura\u00e7ao<\/a> of de West Tour.<br \/>\nElke optie belooft adembenemende uitzichten en onvergetelijke momenten op het water.    <\/p>\n<h3>Aanpasbare all-inclusive pakketten<\/h3>\n<p>  Voor degenen die op zoek zijn naar een echt luxe ervaring biedt The Breeze aanpasbare all-inclusive pakketten.<br \/>\nVoor $50 extra per persoon kun je genieten van een open bar, ontbijt of snacks en een uitgebreide BBQ lunch compleet met salades en vers fruit.<br \/>\nDe open bar biedt een selectie alcoholvrije en premium alcoholische dranken om je tijdens je reis fris te houden.    <\/p>\n<h2>Ultiem comfort en lokale charme<\/h2>\n<h3>Comfortabel en ruim<\/h3>\n<p>  De Breeze is ontworpen voor ultiem comfort, met zachte banken en veel ruimte om te ontspannen en tot rust te komen.<br \/>\nOf je nu luiert in de zon of geniet van de schaduw, de boot biedt een perfecte setting voor elk evenement.   <\/p>\n<h3>Authentieke DUSHI Sfeer<\/h3>\n<p>  Ervaar de echte lokale charme van Cura\u00e7ao met de DUSHI sfeer van The Breeze.<br \/>\nOnze vriendelijke en professionele bemanning doet er alles aan om je een onvergetelijke reis te bezorgen, met attente service en heerlijk eten dat met zorg is bereid.   <\/p>\n<h2>Verken de wateren van Cura\u00e7ao<\/h2>\n<h3>Snorkelen en drijvende matten<\/h3>\n<p>  Je priv\u00e9 charter is inclusief toegang tot snorkelmaskers en drijvende matten, perfect om het bruisende onderwaterleven van Cura\u00e7ao te verkennen.<br \/>\nDuik in het heldere water en ontdek de onderwaterpracht die Cura\u00e7ao tot een topbestemming maakt voor snorkel- en duikliefhebbers.   <\/p>\n<h3>Priv\u00e9 en persoonlijk<\/h3>\n<p>  Geniet van een priv\u00e9 en persoonlijke ervaring op maat.<br \/>\nNa het boeken neemt ons team contact met je op om de details van je reis te bespreken, zodat elk aspect is afgestemd op jouw wensen.   <\/p>\n<h2>Boek met vertrouwen<\/h2>\n<h3>Gemakkelijk boeken en flexibel annuleringsbeleid<\/h3>\n<p>  Je priv\u00e9 charter boeken bij The Breeze is eenvoudig en gemakkelijk.<br \/>\nWe bieden flexibele annuleringsvoorwaarden om rekening te houden met eventuele wijzigingen in je plannen.<br \/>\nHoud rekening met de volgende annuleringskosten:    <\/p>\n<ul>\n<li>100% bij annulering 1 dag of minder voor het evenement<\/li>\n<li>50% bij annulering 7 dagen of minder voor het evenement<\/li>\n<li>25% bij annulering 14 dagen of minder voor het evenement<\/li>\n<li>10% bij annulering 365 dagen of minder voor het evenement<\/li>\n<\/ul>\n<h3>Meertalige live gidsen<\/h3>\n<p>  Onze ervaren gidsen spreken vloeiend Engels, Nederlands en Spaans en zorgen voor een comfortabele en informatieve ervaring voor alle gasten.  <\/p>\n<h2>Plan je perfecte dag met CuracaoTodo<\/h2>\n<p>  Bezoek CuracaoTodo.com voor de meest uitgebreide en actuele informatie over toeristische activiteiten op Cura\u00e7ao.<br \/>\nOnze website is d\u00e9 bron voor reizigers die op zoek zijn naar de beste ervaringen op het eiland.<br \/>\nVan priv\u00e9bootcharters tot avontuurlijke tours, wij geven je alle details die je nodig hebt om een onvergetelijke vakantie te plannen.    <\/p>\n<h3>Neem contact op<\/h3>\n<p>  Klaar voor een onvergetelijke reis met The Breeze?<br \/>\nNeem vandaag nog contact met ons op om je priv\u00e9 charter te boeken en laat ons je helpen een onvergetelijk evenement te cre\u00ebren op de prachtige wateren van Cura\u00e7ao.<br \/>\nGa het avontuur van je leven aan met The Breeze en ontdek waarom Cura\u00e7ao een topbestemming is voor reizigers van over de hele wereld.<br \/>\nBezoek CuracaoTodo.com voor meer informatie en begin vandaag nog met het plannen van je perfecte reis!   <\/p>\n","protected":false},"excerpt":{"rendered":"<p>Plan je een speciaal evenement of een onvergetelijk uitje met vrienden en familie op Cura\u00e7ao?<br \/>\nZoek dan niet verder dan The Breeze, je perfecte keuze voor priv\u00e9 bootcharters.<br \/>\nOf het nu gaat om een bedrijfsuitje, teambuilding, bruiloft of een andere exclusieve bijeenkomst, The Breeze biedt een uitzonderlijke ervaring op de prachtige wateren van Cura\u00e7ao.  <\/p>\n","protected":false},"featured_media":33796,"comment_status":"open","ping_status":"closed","template":"","meta":{"_acf_changed":false},"activity-source":[],"company-partner":[],"store":[],"product_brand":[],"product_cat":[839,829,462],"product_tag":[4092],"class_list":{"0":"post-40280","1":"product","2":"type-product","3":"status-publish","4":"has-post-thumbnail","6":"product_cat-boot-huren","7":"product_cat-boot-excursies","8":"product_cat-curacao","9":"product_tag-breeze-boattrips-nl","11":"first","12":"instock","13":"shipping-taxable","14":"purchasable","15":"product-type-simple"},"acf":[],"_links":{"self":[{"href":"https:\/\/staging.curacaotodo.com\/nl\/wp-json\/wp\/v2\/product\/40280","targetHints":{"allow":["GET"]}}],"collection":[{"href":"https:\/\/staging.curacaotodo.com\/nl\/wp-json\/wp\/v2\/product"}],"about":[{"href":"https:\/\/staging.curacaotodo.com\/nl\/wp-json\/wp\/v2\/types\/product"}],"replies":[{"embeddable":true,"href":"https:\/\/staging.curacaotodo.com\/nl\/wp-json\/wp\/v2\/comments?post=40280"}],"wp:featuredmedia":[{"embeddable":true,"href":"https:\/\/staging.curacaotodo.com\/nl\/wp-json\/wp\/v2\/media\/33796"}],"wp:attachment":[{"href":"https:\/\/staging.curacaotodo.com\/nl\/wp-json\/wp\/v2\/media?parent=40280"}],"wp:term":[{"taxonomy":"activity-source","embeddable":true,"href":"https:\/\/staging.curacaotodo.com\/nl\/wp-json\/wp\/v2\/activity-source?post=40280"},{"taxonomy":"company-partner","embeddable":true,"href":"https:\/\/staging.curacaotodo.com\/nl\/wp-json\/wp\/v2\/company-partner?post=40280"},{"taxonomy":"store","embeddable":true,"href":"https:\/\/staging.curacaotodo.com\/nl\/wp-json\/wp\/v2\/store?post=40280"},{"taxonomy":"product_brand","embeddable":true,"href":"https:\/\/staging.curacaotodo.com\/nl\/wp-json\/wp\/v2\/product_brand?post=40280"},{"taxonomy":"product_cat","embeddable":true,"href":"https:\/\/staging.curacaotodo.com\/nl\/wp-json\/wp\/v2\/product_cat?post=40280"},{"taxonomy":"product_tag","embeddable":true,"href":"https:\/\/staging.curacaotodo.com\/nl\/wp-json\/wp\/v2\/product_tag?post=40280"}],"curies":[{"name":"wp","href":"https:\/\/api.w.org\/{rel}","templated":true}]}}