{"id":40279,"date":"2024-06-13T10:59:24","date_gmt":"2024-06-13T14:59:24","guid":{"rendered":"https:\/\/curacaotodo.com\/activity\/ervaar-de-sensatie-van-de-aquacat-onderwaterscooter-op-curacao\/"},"modified":"2025-04-04T07:09:36","modified_gmt":"2025-04-04T11:09:36","slug":"ervaar-de-sensatie-van-de-aquacat-onderwaterscooter-op-curacao","status":"publish","type":"product","link":"https:\/\/staging.curacaotodo.com\/nl\/activiteit\/ervaar-de-sensatie-van-de-aquacat-onderwaterscooter-op-curacao\/","title":{"rendered":"Ervaar de sensatie van de AquaCat &amp; onderwaterscooter op Cura\u00e7ao"},"content":{"rendered":"<h2>Wat je kunt verwachten tijdens je AquaCat &amp; onderwaterscooter avontuur<\/h2>\n<p>  De AquaCat en onderwaterscooter tour begint met een uitgebreide veiligheidsbriefing en ori\u00ebntatie op de uitrusting door ervaren gidsen.<br \/>\nJe maakt kennis met de AquaCat, een slanke, elektrisch aangedreven catamaran, en de innovatieve onderwaterscooter.<br \/>\nMet deze geavanceerde apparaten kun je de onderwaterwereld moeiteloos verkennen en het levendige mariene ecosysteem van Cura\u00e7ao van dichtbij meemaken.    <\/p>\n<h3>AquaCat avontuur<\/h3>\n<p>  De AquaCat is ontworpen voor comfort en gebruiksgemak, waardoor hij geschikt is voor alle niveaus.<br \/>\nOf je nu een ervaren duiker bent of voor het eerst gaat duiken, je zult de AquaCat intu\u00eftief en plezierig vinden.<br \/>\nGlijd over het kristalheldere water van Cura\u00e7ao en geniet van het panoramische uitzicht op de kustlijn en het onderwaterleven van het eiland.<br \/>\nDe stabiliteit en snelheid van de AquaCat maken het een spannende manier om het open water te verkennen en geven je een gevoel van vrijheid en avontuur.     <\/p>\n<h3>Onderwater Scooter Verkenning<\/h3>\n<p>  De onderwaterscooter tilt je avontuur naar een hoger niveau, zodat je onder het wateroppervlak kunt duiken en de onderwaterwereld als nooit tevoren kunt ervaren.<br \/>\nUitgerust met een heldere, gewelfde helm kun je normaal ademhalen terwijl je door het water manoeuvreert.<br \/>\nDe krachtige motor van de scooter laat je moeiteloos navigeren en biedt een uniek perspectief op de koraalriffen en kleurrijke vissen van Cura\u00e7ao.<br \/>\nDit deel van de tour is favoriet bij snorkelaars en duikers en biedt een nieuwe en spannende manier om de diepten van de oceaan te verkennen.     <\/p>\n<h2>Geniet van een heerlijke lunch<\/h2>\n<p>  Na een opwindend onderwateravontuur is het tijd om te ontspannen en bij te tanken met een heerlijke lunch.<br \/>\nDe excursie omvat een verscheidenheid aan lokale en internationale gerechten, vers bereid om je honger te stillen.<br \/>\nGeniet van je maaltijd terwijl je geniet van het prachtige uitzicht op de kustlijn van Cura\u00e7ao.<br \/>\nDeze ontspannende pauze biedt de perfecte gelegenheid om je ervaringen te delen en weer op te laden voor meer plezier in de zon.     <\/p>\n<h2>Waarom CuracaoTodo.com kiezen voor jouw avontuur<\/h2>\n<p>  Voor het plannen van je AquaCat en onderwaterscooter avontuur hoef je niet verder te kijken dan CuracaoTodo.com.<br \/>\nDeze uitgebreide reisgids biedt de meest gedetailleerde en actuele informatie over alle spannende activiteiten op het eiland.<br \/>\nMet de deskundige inzichten en gebruiksvriendelijke navigatie zorgt Cura\u00e7aoTodo.com ervoor dat je toegang hebt tot de beste aanbevelingen om het meeste uit je tijd op Cura\u00e7ao te halen.    <\/p>\n<h2>Cura\u00e7aoTodo.nl: Je ultieme reisgids<\/h2>\n<p>  Cura\u00e7aoTodo.com wil toeristen de beste informatie geven over de attracties, activiteiten en accommodaties van Cura\u00e7ao.<br \/>\nOf je nu op zoek bent naar spannende avonturen, ontspannen stranddagen of culturele ervaringen, deze website heeft alles wat je nodig hebt om je perfecte reis te plannen.<br \/>\nVertrouw op Cura\u00e7aoTodo.com om je door de wonderen van Cura\u00e7ao te leiden en je te helpen onvergetelijke herinneringen te cre\u00ebren.    <\/p>\n<h2>Plan je AquaCat &amp; onderwaterscooter avontuur vandaag nog<\/h2>\n<p>  Mis de kans niet om de AquaCat en onderwaterscooter tour mee te maken tijdens je bezoek aan Cura\u00e7ao.<br \/>\nDeze spannende activiteit combineert avontuur, verkenning en ontspanning, waardoor het een must is voor elke reiziger.<br \/>\nBezoek Cura\u00e7aoTodo.com om je tour te boeken en ontdek de beste informatie over alle geweldige dingen die er op het eiland te zien en te doen zijn.<br \/>\nMaak je reis naar Cura\u00e7ao onvergetelijk met de hulp van CuracaoTodo.com.   <\/p>\n","protected":false},"excerpt":{"rendered":"<p>Cura\u00e7ao staat bekend om zijn prachtige stranden en bruisende onderwaterleven, waardoor het een topbestemming is voor wateravonturen.<br \/>\nEen van de meest opwindende activiteiten op dit prachtige eiland is de AquaCat en onderwaterscooter tour, compleet met een heerlijke lunch.<br \/>\nDeze unieke ervaring biedt een perfecte mix van avontuur, ontspanning en culinair genot en zorgt voor een onvergetelijke dag in het paradijs.  <\/p>\n","protected":false},"featured_media":21528,"comment_status":"open","ping_status":"closed","template":"","meta":{"_acf_changed":false},"activity-source":[],"company-partner":[],"store":[],"product_brand":[],"product_cat":[462],"product_tag":[4086],"class_list":{"0":"post-40279","1":"product","2":"type-product","3":"status-publish","4":"has-post-thumbnail","6":"product_cat-curacao","7":"product_tag-aquafari-nl","9":"first","10":"instock","11":"shipping-taxable","12":"product-type-simple"},"acf":[],"_links":{"self":[{"href":"https:\/\/staging.curacaotodo.com\/nl\/wp-json\/wp\/v2\/product\/40279","targetHints":{"allow":["GET"]}}],"collection":[{"href":"https:\/\/staging.curacaotodo.com\/nl\/wp-json\/wp\/v2\/product"}],"about":[{"href":"https:\/\/staging.curacaotodo.com\/nl\/wp-json\/wp\/v2\/types\/product"}],"replies":[{"embeddable":true,"href":"https:\/\/staging.curacaotodo.com\/nl\/wp-json\/wp\/v2\/comments?post=40279"}],"wp:featuredmedia":[{"embeddable":true,"href":"https:\/\/staging.curacaotodo.com\/nl\/wp-json\/wp\/v2\/media\/21528"}],"wp:attachment":[{"href":"https:\/\/staging.curacaotodo.com\/nl\/wp-json\/wp\/v2\/media?parent=40279"}],"wp:term":[{"taxonomy":"activity-source","embeddable":true,"href":"https:\/\/staging.curacaotodo.com\/nl\/wp-json\/wp\/v2\/activity-source?post=40279"},{"taxonomy":"company-partner","embeddable":true,"href":"https:\/\/staging.curacaotodo.com\/nl\/wp-json\/wp\/v2\/company-partner?post=40279"},{"taxonomy":"store","embeddable":true,"href":"https:\/\/staging.curacaotodo.com\/nl\/wp-json\/wp\/v2\/store?post=40279"},{"taxonomy":"product_brand","embeddable":true,"href":"https:\/\/staging.curacaotodo.com\/nl\/wp-json\/wp\/v2\/product_brand?post=40279"},{"taxonomy":"product_cat","embeddable":true,"href":"https:\/\/staging.curacaotodo.com\/nl\/wp-json\/wp\/v2\/product_cat?post=40279"},{"taxonomy":"product_tag","embeddable":true,"href":"https:\/\/staging.curacaotodo.com\/nl\/wp-json\/wp\/v2\/product_tag?post=40279"}],"curies":[{"name":"wp","href":"https:\/\/api.w.org\/{rel}","templated":true}]}}