{"id":40260,"date":"2024-06-14T16:48:53","date_gmt":"2024-06-14T20:48:53","guid":{"rendered":"https:\/\/curacaotodo.com\/activity\/padi-divemaster-worden-op-curacao-je-eerste-stap-naar-een-duikcarriere\/"},"modified":"2025-04-04T07:39:55","modified_gmt":"2025-04-04T11:39:55","slug":"padi-divemaster-worden-op-curacao-je-eerste-stap-naar-een-duikcarriere","status":"publish","type":"product","link":"https:\/\/staging.curacaotodo.com\/nl\/activiteit\/padi-divemaster-worden-op-curacao-je-eerste-stap-naar-een-duikcarriere\/","title":{"rendered":"PADI Divemaster worden op Cura\u00e7ao: Je eerste stap naar een duikcarri\u00e8re"},"content":{"rendered":"<h2>Waarom kiezen voor de PADI Divemaster cursus op Cura\u00e7ao?<\/h2>\n<h3>Duur en structuur<\/h3>\n<p>  De PADI Divemaster cursus op Cura\u00e7ao beslaat een maand, met een optionele stage van drie maanden voor degenen die uitgebreide praktijkervaring willen opdoen.<br \/>\nDeze cursus is ontworpen om van een doorgewinterde duiker een duikleider te maken die toezicht kan houden op duikactiviteiten en kan assisteren bij duiklessen.   <\/p>\n<h3>Inhoud van de cursus en ontwikkeling van vaardigheden<\/h3>\n<h4>Academische opleiding<\/h4>\n<p>  De cursus omvat kennisontwikkelingssessies die betrekking hebben op:  <\/p>\n<ul>\n<li>De rol en kenmerken van een PADI Divemaster<\/li>\n<li>Begeleiden van duikactiviteiten en assisteren van studentduikers<\/li>\n<li>Duikerveiligheid en risicobeheer<\/li>\n<li>Duikbriefings geven en duikopstellingen beheren<\/li>\n<li>Het organiseren van zoek- en herstelprojecten en diepe duiken<\/li>\n<\/ul>\n<h4>Praktische workshops<\/h4>\n<p>  Praktische beoordelingen en workshops ontwikkelen je vaardigheden in:  <\/p>\n<ul>\n<li>Open water in kaart brengen<\/li>\n<li>Scuba-reviews en huidduikcursussen geven<\/li>\n<li>Assisteren bij Discover Scuba Diving programma&#8217;s<\/li>\n<li>Toonaangevende Discover Local Duikprogramma&#8217;s<\/li>\n<\/ul>\n<h3>Wat is inbegrepen<\/h3>\n<ul>\n<li><strong>Duikuitrusting:<\/strong> Alle benodigde duikuitrusting is aanwezig.<\/li>\n<li><strong>Professionele training:<\/strong> Ontvang eersteklas training van ervaren instructeurs.<\/li>\n<li><strong>Specialiteiten:<\/strong> Fotografie en Nitrox specialty cursussen zijn inbegrepen.<\/li>\n<\/ul>\n<h2>Vereisten<\/h2>\n<p>  Om je in te schrijven voor de PADI Divemaster-cursus moet je:  <\/p>\n<ul>\n<li>Ten minste 18 jaar oud zijn<\/li>\n<li>In het bezit zijn van een PADI Rescue Diver brevet<\/li>\n<li>Minimaal 40 duiken hebben gelogd<\/li>\n<li>In het bezit zijn van een reanimatie- en eerstehulpcertificaat in de afgelopen 24 maanden<\/li>\n<li>Verkrijg medische toestemming om te duiken<\/li>\n<\/ul>\n<h2>Voordelen van het worden van een PADI Divemaster<\/h2>\n<ul>\n<li><strong>Leiderschap:<\/strong> Het vermogen krijgen om collega-duikers te begeleiden en te motiveren.<\/li>\n<li><strong>Carri\u00e8re:<\/strong> Deze cursus is de eerste stap in je professionele duikcarri\u00e8re.<\/li>\n<li><strong>Wereldwijde erkenning:<\/strong> Als PADI Divemaster word je erkend en gerespecteerd door duikers wereldwijd.<\/li>\n<\/ul>\n<h2>Boek vandaag nog je Divemaster cursus!<\/h2>\n<p>  Ben je klaar om je reis als PADI Divemaster te beginnen?<br \/>\nNeem vandaag nog contact met ons op voor meer informatie over onze verschillende prijsopties en boek je cursus.<br \/>\nVergeet niet Cura\u00e7aoTodo.com te bezoeken voor de meest uitgebreide informatie over reizen, accommodaties en activiteiten op Cura\u00e7ao.<br \/>\nCura\u00e7aoTodo is je ultieme gids om het meeste uit je duikavontuur op dit prachtige eiland te halen.   <\/p>\n","protected":false},"excerpt":{"rendered":"<p>Ben je klaar om de sprong te wagen en een leider in de duikgemeenschap te worden?<br \/>\nDe PADI Divemaster cursus op Cura\u00e7ao is jouw toegangspoort tot een bevredigende en avontuurlijke carri\u00e8re in de duiksport.<br \/>\nDit uitgebreide programma rust je uit met de vaardigheden en kennis om anderen te begeleiden en te motiveren, waardoor je passie voor duiken een professioneel pad wordt.<br \/>\nOntdek waarom Cura\u00e7ao de perfecte bestemming is voor je Divemaster opleiding en ontdek de onge\u00ebvenaarde bronnen die beschikbaar zijn op CuracaoTodo.com voor al je reisbenodigdheden.   <\/p>\n","protected":false},"featured_media":23375,"comment_status":"open","ping_status":"closed","template":"","meta":{"_acf_changed":false},"activity-source":[],"company-partner":[],"store":[],"product_brand":[],"product_cat":[831,832],"product_tag":[],"class_list":{"0":"post-40260","1":"product","2":"type-product","3":"status-publish","4":"has-post-thumbnail","6":"product_cat-duik-cursussen","7":"product_cat-duiken","9":"first","10":"instock","11":"shipping-taxable","12":"product-type-simple"},"acf":[],"_links":{"self":[{"href":"https:\/\/staging.curacaotodo.com\/nl\/wp-json\/wp\/v2\/product\/40260","targetHints":{"allow":["GET"]}}],"collection":[{"href":"https:\/\/staging.curacaotodo.com\/nl\/wp-json\/wp\/v2\/product"}],"about":[{"href":"https:\/\/staging.curacaotodo.com\/nl\/wp-json\/wp\/v2\/types\/product"}],"replies":[{"embeddable":true,"href":"https:\/\/staging.curacaotodo.com\/nl\/wp-json\/wp\/v2\/comments?post=40260"}],"wp:featuredmedia":[{"embeddable":true,"href":"https:\/\/staging.curacaotodo.com\/nl\/wp-json\/wp\/v2\/media\/23375"}],"wp:attachment":[{"href":"https:\/\/staging.curacaotodo.com\/nl\/wp-json\/wp\/v2\/media?parent=40260"}],"wp:term":[{"taxonomy":"activity-source","embeddable":true,"href":"https:\/\/staging.curacaotodo.com\/nl\/wp-json\/wp\/v2\/activity-source?post=40260"},{"taxonomy":"company-partner","embeddable":true,"href":"https:\/\/staging.curacaotodo.com\/nl\/wp-json\/wp\/v2\/company-partner?post=40260"},{"taxonomy":"store","embeddable":true,"href":"https:\/\/staging.curacaotodo.com\/nl\/wp-json\/wp\/v2\/store?post=40260"},{"taxonomy":"product_brand","embeddable":true,"href":"https:\/\/staging.curacaotodo.com\/nl\/wp-json\/wp\/v2\/product_brand?post=40260"},{"taxonomy":"product_cat","embeddable":true,"href":"https:\/\/staging.curacaotodo.com\/nl\/wp-json\/wp\/v2\/product_cat?post=40260"},{"taxonomy":"product_tag","embeddable":true,"href":"https:\/\/staging.curacaotodo.com\/nl\/wp-json\/wp\/v2\/product_tag?post=40260"}],"curies":[{"name":"wp","href":"https:\/\/api.w.org\/{rel}","templated":true}]}}