{"id":40257,"date":"2024-06-14T18:36:42","date_gmt":"2024-06-14T22:36:42","guid":{"rendered":"https:\/\/curacaotodo.com\/activity\/ontdek-de-onderwaterwonderen-van-curacao-bootduik-met-gids-naar-eastpoint\/"},"modified":"2025-04-04T07:41:41","modified_gmt":"2025-04-04T11:41:41","slug":"ontdek-de-onderwaterwonderen-van-curacao-bootduik-met-gids-naar-eastpoint","status":"publish","type":"product","link":"https:\/\/staging.curacaotodo.com\/nl\/activiteit\/ontdek-de-onderwaterwonderen-van-curacao-bootduik-met-gids-naar-eastpoint\/","title":{"rendered":"Ontdek de onderwaterwonderen van Cura\u00e7ao: Bootduik met gids naar Eastpoint"},"content":{"rendered":"<h2>Waarom kiezen voor een begeleide bootduik naar Eastpoint?<\/h2>\n<h3>De unieke aantrekkingskracht van Eastpoint<\/h3>\n<p>  Eastpoint is een van de meest gewilde duiklocaties op Cura\u00e7ao, bekend om zijn prachtige drop-offs, gezonde koraalriffen en gevarieerde onderwaterleven.<br \/>\nIn tegenstelling tot veel kustduikplekken is Eastpoint alleen per boot bereikbaar, waardoor het een speciale bestemming is voor degenen die naar de exclusievere delen van het onderwaterparadijs van het eiland willen duiken.   <\/p>\n<h3>Geschikt voor alle gebrevetteerde duikers<\/h3>\n<p>  Of je nu een pas gebrevetteerde Open Water Duiker bent of een doorgewinterde Rescue Duiker, deze duik met gids is op maat gemaakt om een uitzonderlijke ervaring te bieden.<br \/>\nDe duik is ontworpen om tegemoet te komen aan alle niveaus van duikexpertise, zodat elke deelnemer het meeste uit zijn of haar onderwaterverkenning haalt.   <\/p>\n<h2>Details van de duik en wat je kunt verwachten<\/h2>\n<h3>Duur en prijs<\/h3>\n<ul>\n<li><strong>Duur<\/strong>: 5 uur<\/li>\n<li><strong>Prijs<\/strong>: $165 USD zonder uitrusting \/ $185 USD met uitrusting<\/li>\n<\/ul>\n<h3>Inclusief<\/h3>\n<ul>\n<li><strong>Volledige set duikuitrusting<\/strong>: Als je kiest voor de uitrusting-inclusieve optie, krijg je alles wat je nodig hebt.<\/li>\n<li><strong>Lucht en gewichten<\/strong>: Nitrox is ook beschikbaar voor degenen die daar de voorkeur aan geven.<\/li>\n<li><strong>Koude drankjes en een picknicklunch<\/strong>: Verfris jezelf met snacks, water en fruit.<\/li>\n<li><strong>Professionele duikgids<\/strong>: Profiteer van de expertise van ervaren gidsen.<\/li>\n<li><strong>Ophalen en wegbrengen<\/strong>: Handig vervoer vanaf je cruiseschip of accommodatie (binnen een redelijke afstand van de winkel).<\/li>\n<\/ul>\n<h3>Vereisten<\/h3>\n<ul>\n<li><strong>Certificering<\/strong>: Duikbrevet of hoger is vereist.<\/li>\n<li><strong>Groepsgrootte<\/strong>: Voor reservering is een minimum van 2 personen nodig.<\/li>\n<\/ul>\n<h2>Waarom boeken bij CuracaoTodo?<\/h2>\n<p>  Cura\u00e7aoTodo.com is niet zomaar een reisblog; het is jouw uitgebreide bron voor de beste informatie over Cura\u00e7ao.<br \/>\nOnze samenwerking met topduikoperators zoals Scuba\u00e7ao zorgt ervoor dat je hoogwaardige, betrouwbare en onvergetelijke ervaringen krijgt.<br \/>\nAls je via Cura\u00e7aoTodo boekt, krijg je gegarandeerd toegang tot de beste activiteiten en diensten op het eiland.    <\/p>\n<h2>Hoe reserveren<\/h2>\n<p>  Klaar om te duiken in het avontuur van je leven?<br \/>\nBezoek CuracaoTodo.com en verzeker je vandaag nog van een plek op de Begeleide Bootduik naar Eastpoint!<br \/>\nMet slechts een paar klikken ben je op weg om de betoverende onderwaterwereld van Cura\u00e7ao te ontdekken.  <\/p>\n","protected":false},"excerpt":{"rendered":"<p>Ben je een gecertificeerde duiker en op zoek naar de levendige onderwaterwereld van Cura\u00e7ao? Zoek niet verder! Cura\u00e7aoTodo.com, je ultieme reisgids voor alles wat met Cura\u00e7ao te maken heeft, presenteert een onvergetelijke duikervaring met Scuba\u00e7ao&#8217;s Begeleide Bootduik naar Eastpoint.<br \/>\nDit 5 uur durende avontuur belooft de adembenemende schoonheid van het onderwaterleven en de ongerepte koraalriffen van Cura\u00e7ao te laten zien. <\/p>\n","protected":false},"featured_media":23489,"comment_status":"open","ping_status":"closed","template":"","meta":{"_acf_changed":false},"activity-source":[],"company-partner":[],"store":[],"product_brand":[],"product_cat":[462],"product_tag":[],"class_list":{"0":"post-40257","1":"product","2":"type-product","3":"status-publish","4":"has-post-thumbnail","6":"product_cat-curacao","8":"first","9":"instock","10":"shipping-taxable","11":"purchasable","12":"product-type-simple"},"acf":[],"_links":{"self":[{"href":"https:\/\/staging.curacaotodo.com\/nl\/wp-json\/wp\/v2\/product\/40257","targetHints":{"allow":["GET"]}}],"collection":[{"href":"https:\/\/staging.curacaotodo.com\/nl\/wp-json\/wp\/v2\/product"}],"about":[{"href":"https:\/\/staging.curacaotodo.com\/nl\/wp-json\/wp\/v2\/types\/product"}],"replies":[{"embeddable":true,"href":"https:\/\/staging.curacaotodo.com\/nl\/wp-json\/wp\/v2\/comments?post=40257"}],"wp:featuredmedia":[{"embeddable":true,"href":"https:\/\/staging.curacaotodo.com\/nl\/wp-json\/wp\/v2\/media\/23489"}],"wp:attachment":[{"href":"https:\/\/staging.curacaotodo.com\/nl\/wp-json\/wp\/v2\/media?parent=40257"}],"wp:term":[{"taxonomy":"activity-source","embeddable":true,"href":"https:\/\/staging.curacaotodo.com\/nl\/wp-json\/wp\/v2\/activity-source?post=40257"},{"taxonomy":"company-partner","embeddable":true,"href":"https:\/\/staging.curacaotodo.com\/nl\/wp-json\/wp\/v2\/company-partner?post=40257"},{"taxonomy":"store","embeddable":true,"href":"https:\/\/staging.curacaotodo.com\/nl\/wp-json\/wp\/v2\/store?post=40257"},{"taxonomy":"product_brand","embeddable":true,"href":"https:\/\/staging.curacaotodo.com\/nl\/wp-json\/wp\/v2\/product_brand?post=40257"},{"taxonomy":"product_cat","embeddable":true,"href":"https:\/\/staging.curacaotodo.com\/nl\/wp-json\/wp\/v2\/product_cat?post=40257"},{"taxonomy":"product_tag","embeddable":true,"href":"https:\/\/staging.curacaotodo.com\/nl\/wp-json\/wp\/v2\/product_tag?post=40257"}],"curies":[{"name":"wp","href":"https:\/\/api.w.org\/{rel}","templated":true}]}}