{"id":40242,"date":"2024-06-14T08:51:00","date_gmt":"2024-06-14T12:51:00","guid":{"rendered":"https:\/\/curacaotodo.com\/activity\/plan-je-perfecte-privetour-op-curacao\/"},"modified":"2025-04-04T07:30:05","modified_gmt":"2025-04-04T11:30:05","slug":"plan-je-perfecte-privetour-op-curacao","status":"publish","type":"product","link":"https:\/\/staging.curacaotodo.com\/nl\/activiteit\/plan-je-perfecte-privetour-op-curacao\/","title":{"rendered":"Plan je perfecte priv\u00e9tour op Cura\u00e7ao"},"content":{"rendered":"<h2>Waarom kiezen voor een priv\u00e9rondleiding?<\/h2><p>  Priv\u00e9tours bieden een unieke en persoonlijke ervaring, zodat je Cura\u00e7ao in je eigen tempo en volgens je eigen interesses kunt verkennen.<br \/>Hier zijn enkele van de priv\u00e9tours die je kunt aanvragen:   <\/p><h3>Ochtendrondleiding<\/h3><p>  Begin je dag met een verfrissende ochtendtour.<br \/>Geniet van de rust van de vroege uurtjes terwijl je enkele van de topattracties van het eiland verkent.<br \/>Perfect voor wie het meeste uit zijn dag wil halen en de middaghitte wil vermijden.    <\/p><h3>Cruise bij zonsondergang<\/h3><p>  Er gaat niets boven een Cura\u00e7aose zonsondergang.<br \/>Onze Sunset Cruise is ontworpen voor diegenen die de schoonheid van het eiland willen ervaren als de zon onder de horizon zakt.<br \/>Deze tocht is perfect voor stellen die op zoek zijn naar een romantische avond of vrienden die willen ontspannen en genieten van het landschap.    <\/p><h3>Dagtour<\/h3><p>  Voor wie een hele dag op avontuur wil, is onze Dagtour de perfecte optie.<br \/>Bezoek meerdere attracties, geniet van de lokale keuken en dompel je onder in de levendige cultuur van Cura\u00e7ao.<br \/>Deze tour is ideaal voor gezinnen en groepen die in \u00e9\u00e9n dag zoveel mogelijk willen ervaren.    <\/p><h3>Romantische rondleiding<\/h3><p>  Plan je een speciaal moment met je geliefde?<br \/>Onze Romantic Tour biedt een afgezonderde en intieme ervaring, perfect voor aanzoeken, jubilea of gewoon een gedenkwaardige date.<br \/>Geniet van een priv\u00e9omgeving met een prachtig uitzicht en persoonlijke service.    <\/p><h3>Overnachtingstour naar Fuik Bay<\/h3><p>  Voor de avonturiers biedt een Overnachtingstocht naar Fuik Bay een onvergetelijke ervaring.<br \/>Breng de nacht door onder de sterren, geniet van een strandbarbecue en word wakker met de serene geluiden van de oceaan.<br \/>Deze tocht is perfect voor wie even wil ontsnappen aan de drukte van alledag.    <\/p><h3>Overnachtingstour naar Klein Cura\u00e7ao<\/h3><p>  Verken het afgelegen eiland <a href=\"https:\/\/staging.curacaotodo.com\/nl\/klein-curacao\/\">Klein Cura\u00e7ao<\/a> met onze rondreis met overnachting.<br \/><a href=\"https:\/\/staging.curacaotodo.com\/nl\/klein-curacao\/\">Klein Cura\u00e7ao<\/a> staat bekend om zijn ongerepte stranden en kristalheldere water en is een paradijs voor snorkelaars, duikers en mensen die op zoek zijn naar eenzaamheid.<br \/>Breng de nacht door in een strandcabine en geniet van de ongerepte schoonheid van deze verborgen parel.    <\/p><h3>Voorstel Tour<\/h3><p>  Van plan om de vraag te stellen?<br \/>Onze Proposal Tour is ontworpen om jouw moment magisch te maken.<br \/>Kies een prachtige achtergrond voor je aanzoek en laat ons de details regelen.<br \/>Of het nu op een afgelegen strand is of tijdens een cruise bij zonsondergang, wij zorgen ervoor dat je aanzoek onvergetelijk wordt.     <\/p><h2>Hoe boek je een priv\u00e9rondleiding<\/h2><p>  Het boeken van je perfecte priv\u00e9tour is eenvoudig met CuracaoTodo.com.<br \/>Vul gewoon ons aanvraagformulier voor een priv\u00e9tour in met de volgende gegevens:   <\/p><ul><li><strong>Volledige naam<\/strong><\/li><li><strong>Telefoonnummer<\/strong><\/li><li><strong>E-mailadres<\/strong><\/li><li><strong>Voorkeur tourdagen (maandag t\/m zondag)<\/strong><\/li><li><strong>Aantal personen<\/strong><\/li><li><strong>Gewenste tijd (ochtend, middag, dag)<\/strong><\/li><li><strong>Gewenste datum &amp; tijd<\/strong><\/li><li><strong>Soort tour (Ochtendtour, Sunset Cruise, Dagtour, Romantische Tour, Overnachtingstour naar Fuik Bay, Overnachtingstour naar Klein Cura\u00e7ao, Voorstel Tour, Overig)<\/strong><\/li><\/ul><p>  Zodra we je aanvraag hebben ontvangen, geven we je de beste aanbiedingen en opties die beschikbaar zijn om ervoor te zorgen dat je rondreis is afgestemd op jouw voorkeuren.  <\/p><h2>Ontdek meer met CuracaoTodo<\/h2><p>  Cura\u00e7aoTodo.com is jouw bron voor de meest uitgebreide en actuele informatie over toeristische activiteiten op Cura\u00e7ao.<br \/>Van priv\u00e9tours tot duikervaringen, wij hebben het allemaal.<br \/>Bekijk onze website voor meer spannende avonturen en begin vandaag nog met het plannen van je droomvakantie!   Ga op een onvergetelijke reis met Cura\u00e7aoTodo.com, waar jouw perfecte tour op Cura\u00e7ao slechts een paar muisklikken van je verwijderd is.<\/p>","protected":false},"excerpt":{"rendered":"<h2><\/h2>\n<p>  Welkom bij Cura\u00e7aoTodo.com, je ultieme gids voor de beste toeristische ervaringen op het eiland Cura\u00e7ao!<br \/>\nAls je droomt van een persoonlijk avontuur op maat, dan ben je hier aan het juiste adres.<br \/>\nOns aanvraagformulier voor een priv\u00e9tour maakt het gemakkelijk om je ideale tour op Cura\u00e7ao te plannen.<br \/>\nOf je nu op zoek bent naar een romantisch uitje, een leuke dag met het gezin of een avontuurlijke overnachting, wij hebben alles voor je.   <\/p>\n","protected":false},"featured_media":23017,"comment_status":"open","ping_status":"closed","template":"","meta":{"_acf_changed":false},"activity-source":[],"company-partner":[],"store":[],"product_brand":[],"product_cat":[462],"product_tag":[4112],"class_list":{"0":"post-40242","1":"product","2":"type-product","3":"status-publish","4":"has-post-thumbnail","6":"product_cat-curacao","7":"product_tag-maxiesailing-nl","9":"first","10":"instock","11":"shipping-taxable","12":"product-type-simple"},"acf":[],"_links":{"self":[{"href":"https:\/\/staging.curacaotodo.com\/nl\/wp-json\/wp\/v2\/product\/40242","targetHints":{"allow":["GET"]}}],"collection":[{"href":"https:\/\/staging.curacaotodo.com\/nl\/wp-json\/wp\/v2\/product"}],"about":[{"href":"https:\/\/staging.curacaotodo.com\/nl\/wp-json\/wp\/v2\/types\/product"}],"replies":[{"embeddable":true,"href":"https:\/\/staging.curacaotodo.com\/nl\/wp-json\/wp\/v2\/comments?post=40242"}],"wp:featuredmedia":[{"embeddable":true,"href":"https:\/\/staging.curacaotodo.com\/nl\/wp-json\/wp\/v2\/media\/23017"}],"wp:attachment":[{"href":"https:\/\/staging.curacaotodo.com\/nl\/wp-json\/wp\/v2\/media?parent=40242"}],"wp:term":[{"taxonomy":"activity-source","embeddable":true,"href":"https:\/\/staging.curacaotodo.com\/nl\/wp-json\/wp\/v2\/activity-source?post=40242"},{"taxonomy":"company-partner","embeddable":true,"href":"https:\/\/staging.curacaotodo.com\/nl\/wp-json\/wp\/v2\/company-partner?post=40242"},{"taxonomy":"store","embeddable":true,"href":"https:\/\/staging.curacaotodo.com\/nl\/wp-json\/wp\/v2\/store?post=40242"},{"taxonomy":"product_brand","embeddable":true,"href":"https:\/\/staging.curacaotodo.com\/nl\/wp-json\/wp\/v2\/product_brand?post=40242"},{"taxonomy":"product_cat","embeddable":true,"href":"https:\/\/staging.curacaotodo.com\/nl\/wp-json\/wp\/v2\/product_cat?post=40242"},{"taxonomy":"product_tag","embeddable":true,"href":"https:\/\/staging.curacaotodo.com\/nl\/wp-json\/wp\/v2\/product_tag?post=40242"}],"curies":[{"name":"wp","href":"https:\/\/api.w.org\/{rel}","templated":true}]}}