{"id":40122,"date":"2024-06-16T18:25:08","date_gmt":"2024-06-16T22:25:08","guid":{"rendered":"https:\/\/curacaotodo.com\/activity\/voltooi-je-padi-open-water-certificaat-in-curacao-met-blue-bay-dive-watersports\/"},"modified":"2025-04-04T07:13:42","modified_gmt":"2025-04-04T11:13:42","slug":"voltooi-je-padi-open-water-certificaat-in-curacao-met-blue-bay-dive-watersports","status":"publish","type":"product","link":"https:\/\/staging.curacaotodo.com\/nl\/activiteit\/voltooi-je-padi-open-water-certificaat-in-curacao-met-blue-bay-dive-watersports\/","title":{"rendered":"Voltooi je PADI Open Water Certificaat in Curacao met Blue Bay Dive &amp; Watersports"},"content":{"rendered":"<div class=\"min-h-[20px] text-message flex flex-col items-start whitespace-pre-wrap break-words [.text-message+&amp;]:mt-5 juice:w-full juice:items-end overflow-x-auto gap-2\" dir=\"auto\" data-message-author-role=\"assistant\" data-message-id=\"a9a97de5-499b-48ec-a0cb-976a7f0ffb7d\"><div class=\"flex w-full flex-col gap-1 juice:empty:hidden juice:first:pt-[3px]\"><div class=\"markdown prose w-full break-words dark:prose-invert light\"><h2>Waarom Curacao kiezen voor je Open Water Referral Cursus?<\/h2><p>  Cura\u00e7ao staat bekend om zijn spectaculaire duiklocaties en ideale duikomstandigheden het hele jaar door.<br \/>Of je nu een beginner of een ervaren duiker bent, het eiland biedt een gevarieerd aanbod aan onderwaterlandschappen die een onvergetelijke <a href=\"https:\/\/staging.curacaotodo.com\/nl\/duiken-op-curacao\/\">duikervaring<\/a> beloven.<br \/>Als je hier je PADI Open Water brevet haalt, kun je niet alleen genieten van de perfecte watertemperaturen, maar ook van de adembenemende schoonheid van onze huisriffen.    <\/p><h3>Wat is een Open Water Referral Cursus?<\/h3><p>  Met een Open Water Referral Cursus kun je de theorie en de sessies in beschut water van je PADI Open Water Cursus thuis doen, en de spannende open water duiken op vakantie laten.<br \/>Deze optie is perfect voor diegenen die hun vakantietijd willen maximaliseren zonder afbreuk te doen aan hun duikopleiding.<br \/>Bij Blue Bay Dive &amp; Watersports zorgen we ervoor dat al je resterende open water duiken worden uitgevoerd op de mooiste locaties die Cura\u00e7ao te bieden heeft.    <\/p><h2>Cursusdetails en Vereisten<\/h2><p>  Neem voordat je boekt contact met ons op om te controleren of je alle benodigde theorie- en beschutwatersessies hebt afgerond.<br \/>Dit zorgt voor een soepele overgang naar de open water duiken hier op Curacao. <strong>Cursuskosten<\/strong>: Vanaf USD 325 <strong>Minimum leeftijd<\/strong>: 10 jaar (voor kinderen onder de 10 jaar, bekijk het Bubblemaker programma vanaf 8 jaar) <strong>Gezondheidsoverwegingen<\/strong>: Bepaalde medische aandoeningen en medicijnen kunnen je vermogen om te duiken be\u00efnvloeden.<br \/>Raadpleeg voor meer informatie de PADI Medische Vragenlijst of neem direct contact met ons op.<br \/><strong>Vliegen na het duiken<\/strong>: Onthoud dat je niet mag vliegen binnen 12 uur na een enkele duik of binnen 18 uur na meerdere duiken.     <\/p><h3>Ervaar het beste van het onderwaterleven op Cura\u00e7ao<\/h3><p>  Cura\u00e7aoTodo, de toonaangevende website voor toeristen die Cura\u00e7ao bezoeken, noemt Blue Bay Dive &amp; Watersports een van de beste duikcentra op het eiland.<br \/>Ons duikcentrum ligt aan Blue Bay Beach in Willemstad en is het perfecte startpunt voor je onderwateravonturen.<br \/>Onze ervaren instructeurs zijn toegewijd aan het bieden van een veilige, leuke en leerzame duikervaring.    <\/p><h2>Hoe boek je een Open Water aanbevelingscursus<\/h2><p>  Het boeken van je cursus is eenvoudig.<br \/>Bezoek CuracaoTodo voor gedetailleerde informatie en eenvoudige boekingsopties.<br \/>Je kunt ook rechtstreeks contact met ons opnemen op +5999 888-5450 of via e-mail op dive@bluebay-curacao.com.<br \/>Ons team is er om je te helpen bij het plannen van elk detail van je duikavontuur.     <\/p><h2>Extra activiteiten bij Blue Bay Duik &amp; Watersport<\/h2><p>  Naast duiken biedt Blue Bay een verscheidenheid aan watersporten  <\/p><\/div><\/div><\/div><div class=\"min-h-[20px] text-message flex flex-col items-start whitespace-pre-wrap break-words [.text-message+&amp;]:mt-5 juice:w-full juice:items-end overflow-x-auto gap-2\" dir=\"auto\" data-message-author-role=\"assistant\" data-message-id=\"0ba4fe1f-3072-4433-bc51-9fbd2f0bc444\"><div class=\"flex w-full flex-col gap-1 juice:empty:hidden juice:first:pt-[3px]\"><div class=\"markdown prose w-full break-words dark:prose-invert light\">  en activiteiten om je vakantie-ervaring te verbeteren.<br \/>Van visexpedities tot bootduiken en diverse watersporten, er is voor iedereen wel iets om van te genieten.   <\/p><h3>Duik carri\u00e8remogelijkheden<\/h3><p>  Voor degenen die een professionele duikcarri\u00e8re ambi\u00ebren, biedt Blue Bay Dive &amp; Watersports ook geavanceerde cursussen en carri\u00e8reprogramma&#8217;s aan.<br \/>Of je nu een Dive Master of een instructeur wilt worden, wij bieden uitgebreide opleidingen om je te helpen je doelen te bereiken.   <\/p><h3>Bezoek ons<\/h3><p>  Ons duikcentrum ligt aan het prachtige Blue Bay Beach in Willemstad, Cura\u00e7ao, is gemakkelijk bereikbaar en omgeven door voorzieningen om je bezoek comfortabel en plezierig te maken.<br \/>Mis deze unieke kans niet om je PADI Open Water Certificaat te halen op een van &#8217;s werelds mooiste duiklocaties.   <\/p><h2>Beoordelingen en Getuigenissen<\/h2><p>  Onze eerdere deelnemers hebben ongelooflijke ervaringen gehad met duiken met ons.<br \/>Dit is wat ze te zeggen hebben: <em>&#8220;De beste beslissing die ik heb genomen was om mijn PADI-cursus op Cura\u00e7ao af te ronden. Het team van Blue Bay Dive &amp; Watersports was professioneel en maakte het hele proces plezierig en stressvrij.&#8221;<\/em> \u2013 Sarah J.<br \/><em>&#8220;Een onvergetelijke ervaring! De riffen waren prachtig en de instructeurs waren geweldig. Een echte aanrader!&#8221;<\/em> \u2013 John D.    <\/p><h2>Neem contact op<\/h2><p>  Ga voor meer informatie of om je Open Water Referral Cursus te boeken naar CuracaoTodo of neem direct contact met ons op: <strong>Blue Bay Dive &amp; Watersports<\/strong> Gelegen aan Blue Bay Beach, Willemstad, Cura\u00e7ao Telefoon: +5999 888-5450 Email: dive@bluebay-curacao.com Ga op een onderwateravontuur en voltooi je PADI Open Water Certificering in de prachtige wateren van Cura\u00e7ao.<br \/>Boek nu bij Blue Bay Dive &amp; Watersports, jouw toegangspoort tot een wereld vol onderwaterwonderen.<br \/>Door je duikbrevet op Cura\u00e7ao te halen, doe je niet alleen waardevolle duikvaardigheden op, maar cre\u00eber je ook blijvende herinneringen aan het verkennen van enkele van de mooiste duiklocaties in het Caribisch gebied.<br \/>Ga voor de beste en meest uitgebreide informatie over duiken en andere activiteiten op Cura\u00e7ao naar Cura\u00e7aoTodo, je ultieme gids voor het eiland.     <\/div><\/div><\/div>","protected":false},"excerpt":{"rendered":"<p>Droom je ervan om je PADI Open Water Cursus af te ronden, maar zie je er tegenop om thuis in ijskoud water te duiken?<br \/>\nStel je voor dat je je cursus zou afronden in het warme, kristalheldere water van Cura\u00e7ao, omringd door een bruisend onderwaterleven en prachtige koraalriffen.<br \/>\nBij Blue Bay Dive &amp; Watersports kun je precies dat doen met onze Open Water Referral Cursus.  <\/p>\n","protected":false},"featured_media":24217,"comment_status":"open","ping_status":"closed","template":"","meta":{"_acf_changed":false},"activity-source":[],"company-partner":[],"store":[],"product_brand":[],"product_cat":[831,832],"product_tag":[4102],"class_list":{"0":"post-40122","1":"product","2":"type-product","3":"status-publish","4":"has-post-thumbnail","6":"product_cat-duik-cursussen","7":"product_cat-duiken","8":"product_tag-bluebaydiveandwatersports-nl","10":"first","11":"instock","12":"shipping-taxable","13":"purchasable","14":"product-type-simple"},"acf":[],"_links":{"self":[{"href":"https:\/\/staging.curacaotodo.com\/nl\/wp-json\/wp\/v2\/product\/40122","targetHints":{"allow":["GET"]}}],"collection":[{"href":"https:\/\/staging.curacaotodo.com\/nl\/wp-json\/wp\/v2\/product"}],"about":[{"href":"https:\/\/staging.curacaotodo.com\/nl\/wp-json\/wp\/v2\/types\/product"}],"replies":[{"embeddable":true,"href":"https:\/\/staging.curacaotodo.com\/nl\/wp-json\/wp\/v2\/comments?post=40122"}],"wp:featuredmedia":[{"embeddable":true,"href":"https:\/\/staging.curacaotodo.com\/nl\/wp-json\/wp\/v2\/media\/24217"}],"wp:attachment":[{"href":"https:\/\/staging.curacaotodo.com\/nl\/wp-json\/wp\/v2\/media?parent=40122"}],"wp:term":[{"taxonomy":"activity-source","embeddable":true,"href":"https:\/\/staging.curacaotodo.com\/nl\/wp-json\/wp\/v2\/activity-source?post=40122"},{"taxonomy":"company-partner","embeddable":true,"href":"https:\/\/staging.curacaotodo.com\/nl\/wp-json\/wp\/v2\/company-partner?post=40122"},{"taxonomy":"store","embeddable":true,"href":"https:\/\/staging.curacaotodo.com\/nl\/wp-json\/wp\/v2\/store?post=40122"},{"taxonomy":"product_brand","embeddable":true,"href":"https:\/\/staging.curacaotodo.com\/nl\/wp-json\/wp\/v2\/product_brand?post=40122"},{"taxonomy":"product_cat","embeddable":true,"href":"https:\/\/staging.curacaotodo.com\/nl\/wp-json\/wp\/v2\/product_cat?post=40122"},{"taxonomy":"product_tag","embeddable":true,"href":"https:\/\/staging.curacaotodo.com\/nl\/wp-json\/wp\/v2\/product_tag?post=40122"}],"curies":[{"name":"wp","href":"https:\/\/api.w.org\/{rel}","templated":true}]}}