{"id":40110,"date":"2024-06-16T13:43:39","date_gmt":"2024-06-16T17:43:39","guid":{"rendered":"https:\/\/curacaotodo.com\/activity\/vier-en-organiseer-speciale-evenementen-in-het-curacao-sea-aquarium\/"},"modified":"2025-04-04T07:19:23","modified_gmt":"2025-04-04T11:19:23","slug":"vier-en-organiseer-speciale-evenementen-in-het-curacao-sea-aquarium","status":"publish","type":"product","link":"https:\/\/staging.curacaotodo.com\/nl\/activiteit\/vier-en-organiseer-speciale-evenementen-in-het-curacao-sea-aquarium\/","title":{"rendered":"Vier en organiseer speciale evenementen in het Cura\u00e7ao Sea Aquarium"},"content":{"rendered":"<h2>Waarom Cura\u00e7ao Sea Aquarium kiezen voor je evenement?<\/h2>\n<h3>Een kinderfeestje met oceaan als thema<\/h3>\n<p>Stel je voor hoe blij je kind is als het zijn verjaardag viert omringd door de wonderen van het zeeleven.<br \/>\nCura\u00e7ao Sea Aquarium is een bijzondere locatie voor een kinderfeestje met een zeethema.<br \/>\nDe boeiende tentoonstellingen en interactieve ervaringen in het aquarium zorgen ervoor dat kinderen een dag vol plezier hebben die ze zich nog jaren zullen herinneren.<br \/>\nHet toegewijde personeel van Cura\u00e7ao Sea Aquarium zorgt voor alle details, van versieringen tot activiteiten, zodat het feestje van je kind een spectaculaire gebeurtenis wordt.   <\/p>\n<h3>Organiseer een gedenkwaardig bedrijfsevenement<\/h3>\n<p>Als je op zoek bent naar een unieke en charmante locatie voor een bedrijfsevenement, dan biedt het Cura\u00e7ao Sea Aquarium de perfecte oplossing.<br \/>\nOf het nu gaat om een teambuildingsdag, een zakelijke conferentie of een evenement om je klanten te bedanken, de prachtige achtergrond van de zee-exposities van het aquarium biedt een onderscheidende en indrukwekkende omgeving.<br \/>\nHet professionele team van het Cura\u00e7ao Sea Aquarium heeft uitgebreide ervaring met het organiseren van succesvolle bedrijfsevenementen en zorgt ervoor dat elk detail tot in de puntjes is geregeld.  <\/p>\n<h2>Ervaringen op maat voor speciale wensen<\/h2>\n<h3>Pakketaanbiedingen op maat<\/h3>\n<p>Wil je een speciale dag samenstellen die is afgestemd op de interesses van je groep?<br \/>\nHet Cura\u00e7ao Sea Aquarium kan op maat gemaakte arrangementen samenstellen die verschillende onderdelen van het aquarium combineren tot een samenhangende dagvullende ervaring.<br \/>\nOf je nu een familie-uitje plant, een speciale gelegenheid met vrienden of een uniek bedrijfsuitje, deze pakketten kunnen rondleidingen achter de schermen, interactieve ervaringen en nog veel meer bevatten.<br \/>\nDeze flexibiliteit zorgt ervoor dat elk bezoek uniek en gedenkwaardig is.   <\/p>\n<h3>Perfect voor bruiloften, conferenties en meer<\/h3>\n<p>De prachtige omgeving van het Cura\u00e7ao Sea Aquarium maakt het een ideale locatie voor bruiloften, zakelijke conferenties en andere belangrijke evenementen.<br \/>\nStelt u zich eens voor dat u uw geloften uitwisselt met het bruisende zeeleven op de achtergrond of dat u een conferentie organiseert waarbij de deelnemers in de pauzes de tentoonstellingen van het aquarium kunnen bekijken.<br \/>\nHet team van het Cura\u00e7ao Sea Aquarium is bedreven in het cre\u00ebren van evenementen op maat die de verwachtingen overtreffen.  <\/p>\n<h2>Neem contact op voor groepsreserveringen en speciale verzoeken<\/h2>\n<p>Een evenement plannen bij Cura\u00e7ao Sea Aquarium is eenvoudig.<br \/>\nVul gewoon het formulier Groepen &amp; Speciale Verzoeken op hun website in met je naam, bedrijf, e-mailadres en een bericht met een gedetailleerde beschrijving van je wensen.<br \/>\nHet team van het aquarium zal direct reageren om je te helpen een perfect evenement te plannen.  <\/p>\n<p><strong>Cura\u00e7aoTodo.com<\/strong> is je ultieme bron van informatie over de beste attracties en activiteiten op Cura\u00e7ao, waaronder het Cura\u00e7ao Sea Aquarium.<br \/>\nBezoek Cura\u00e7aoTodo.com om meer te weten te komen over wat dit prachtige eiland te bieden heeft en om er zeker van te zijn dat je reis vol onvergetelijke ervaringen zit. <\/p>\n<h3>Neem vandaag nog contact op met Cura\u00e7ao Sea Aquarium<\/h3>\n<p>Mis de kans niet om een buitengewoon evenement te organiseren in het Cura\u00e7ao Sea Aquarium.<br \/>\nOf je nu een kinderfeestje met een oceaan-thema plant, een bedrijfsevenement, of een speciale dag op maat van de interesses van je groep, het aquarium biedt alles wat je nodig hebt om er een succes van te maken.<br \/>\nNeem vandaag nog contact op met het Cura\u00e7ao Sea Aquarium voor meer informatie en reserveringen.  <\/p>\n<p>Ga voor meer reistips, idee\u00ebn voor het plannen van evenementen en inzichten in het verkennen van Cura\u00e7ao naar Cura\u00e7aoTodo.com, jouw uitgebreide gids om het beste van Cura\u00e7ao te ervaren.<\/p>\n","protected":false},"excerpt":{"rendered":"<p>Plan je een onvergetelijk evenement op Cura\u00e7ao?<br \/>\nZoek dan niet verder dan het befaamde Cura\u00e7ao Sea Aquarium, een perfecte locatie voor je kinderfeestje met een oceaan-thema, een bedrijfsevenement of een andere speciale gelegenheid.<br \/>\nHet aquarium biedt diverse faciliteiten en ervaringen op maat om van je evenement een groot succes te maken.<br \/>\nLees verder om te ontdekken hoe het Cura\u00e7ao Sea Aquarium de ideale locatie kan zijn voor je volgende speciale evenement.<br \/>\nGa voor meer gedetailleerde informatie over de topattracties van Cura\u00e7ao naar Cura\u00e7aoTodo.com, de website voor toeristen.    <br data-mce-bogus=\"1\"><\/p>\n","protected":false},"featured_media":23954,"comment_status":"open","ping_status":"closed","template":"","meta":{"_acf_changed":false},"activity-source":[],"company-partner":[],"store":[],"product_brand":[],"product_cat":[462],"product_tag":[],"class_list":{"0":"post-40110","1":"product","2":"type-product","3":"status-publish","4":"has-post-thumbnail","6":"product_cat-curacao","8":"first","9":"instock","10":"shipping-taxable","11":"product-type-simple"},"acf":[],"_links":{"self":[{"href":"https:\/\/staging.curacaotodo.com\/nl\/wp-json\/wp\/v2\/product\/40110","targetHints":{"allow":["GET"]}}],"collection":[{"href":"https:\/\/staging.curacaotodo.com\/nl\/wp-json\/wp\/v2\/product"}],"about":[{"href":"https:\/\/staging.curacaotodo.com\/nl\/wp-json\/wp\/v2\/types\/product"}],"replies":[{"embeddable":true,"href":"https:\/\/staging.curacaotodo.com\/nl\/wp-json\/wp\/v2\/comments?post=40110"}],"wp:featuredmedia":[{"embeddable":true,"href":"https:\/\/staging.curacaotodo.com\/nl\/wp-json\/wp\/v2\/media\/23954"}],"wp:attachment":[{"href":"https:\/\/staging.curacaotodo.com\/nl\/wp-json\/wp\/v2\/media?parent=40110"}],"wp:term":[{"taxonomy":"activity-source","embeddable":true,"href":"https:\/\/staging.curacaotodo.com\/nl\/wp-json\/wp\/v2\/activity-source?post=40110"},{"taxonomy":"company-partner","embeddable":true,"href":"https:\/\/staging.curacaotodo.com\/nl\/wp-json\/wp\/v2\/company-partner?post=40110"},{"taxonomy":"store","embeddable":true,"href":"https:\/\/staging.curacaotodo.com\/nl\/wp-json\/wp\/v2\/store?post=40110"},{"taxonomy":"product_brand","embeddable":true,"href":"https:\/\/staging.curacaotodo.com\/nl\/wp-json\/wp\/v2\/product_brand?post=40110"},{"taxonomy":"product_cat","embeddable":true,"href":"https:\/\/staging.curacaotodo.com\/nl\/wp-json\/wp\/v2\/product_cat?post=40110"},{"taxonomy":"product_tag","embeddable":true,"href":"https:\/\/staging.curacaotodo.com\/nl\/wp-json\/wp\/v2\/product_tag?post=40110"}],"curies":[{"name":"wp","href":"https:\/\/api.w.org\/{rel}","templated":true}]}}