{"id":38847,"date":"2024-05-08T13:14:33","date_gmt":"2024-05-08T17:14:33","guid":{"rendered":"https:\/\/curacaotodo.com\/curacao-informatie\/plantagehuizen\/"},"modified":"2025-07-27T02:34:24","modified_gmt":"2025-07-27T06:34:24","slug":"plantagehuizen","status":"publish","type":"page","link":"https:\/\/staging.curacaotodo.com\/nl\/curacao-informatie\/plantagehuizen\/","title":{"rendered":"Plantagehuizen"},"content":{"rendered":"\t\t<div data-elementor-type=\"wp-page\" data-elementor-id=\"38847\" class=\"elementor elementor-38847 elementor-7670\" data-elementor-post-type=\"page\">\n\t\t\t\t<div class=\"elementor-element elementor-element-e1f5a07 e-flex e-con-boxed e-con e-parent\" data-id=\"e1f5a07\" data-element_type=\"container\" data-e-type=\"container\">\n\t\t\t\t\t<div class=\"e-con-inner\">\n\t\t\t\t<div class=\"elementor-element elementor-element-baf2e32 elementor-widget elementor-widget-theme-post-featured-image elementor-widget-image\" data-id=\"baf2e32\" data-element_type=\"widget\" data-e-type=\"widget\" data-widget_type=\"theme-post-featured-image.default\">\n\t\t\t\t<div class=\"elementor-widget-container\">\n\t\t\t\t\t\t\t\t\t\t\t\t\t\t\t<img fetchpriority=\"high\" decoding=\"async\" width=\"840\" height=\"560\" src=\"https:\/\/staging.curacaotodo.com\/wp-content\/themes\/rehub-theme\/images\/default\/blank.gif\" data-src=\"https:\/\/staging.curacaotodo.com\/wp-content\/uploads\/2024\/07\/curacao-plantation-houses-1024x683.jpg\" class=\"lazyload attachment-large size-large wp-image-33970\" alt=\"Curacao Plantation Houses\" srcset=\"https:\/\/staging.curacaotodo.com\/wp-content\/uploads\/2024\/07\/curacao-plantation-houses-1024x683.jpg 1024w, https:\/\/staging.curacaotodo.com\/wp-content\/uploads\/2024\/07\/curacao-plantation-houses-300x200.jpg 300w, https:\/\/staging.curacaotodo.com\/wp-content\/uploads\/2024\/07\/curacao-plantation-houses-768x512.jpg 768w, https:\/\/staging.curacaotodo.com\/wp-content\/uploads\/2024\/07\/curacao-plantation-houses-1536x1024.jpg 1536w, https:\/\/staging.curacaotodo.com\/wp-content\/uploads\/2024\/07\/curacao-plantation-houses-2048x1365.jpg 2048w, https:\/\/staging.curacaotodo.com\/wp-content\/uploads\/2024\/07\/curacao-plantation-houses-225x150.jpg 225w, https:\/\/staging.curacaotodo.com\/wp-content\/uploads\/2024\/07\/curacao-plantation-houses-100x67.jpg 100w, https:\/\/staging.curacaotodo.com\/wp-content\/uploads\/2024\/07\/curacao-plantation-houses-525x350.jpg 525w, https:\/\/staging.curacaotodo.com\/wp-content\/uploads\/2024\/07\/curacao-plantation-houses-788x525.jpg 788w, https:\/\/staging.curacaotodo.com\/wp-content\/uploads\/2024\/07\/curacao-plantation-houses-600x400.jpg 600w, https:\/\/staging.curacaotodo.com\/wp-content\/uploads\/2024\/07\/curacao-plantation-houses.jpg 1200w\" sizes=\"(max-width: 840px) 100vw, 840px\" \/>\t\t\t\t\t\t\t\t\t\t\t\t\t\t\t<\/div>\n\t\t\t\t<\/div>\n\t\t\t\t<div class=\"elementor-element elementor-element-3638e8fd elementor-widget elementor-widget-text-editor\" data-id=\"3638e8fd\" data-element_type=\"widget\" data-e-type=\"widget\" data-widget_type=\"text-editor.default\">\n\t\t\t\t<div class=\"elementor-widget-container\">\n\t\t\t\t\t\t\t\t\t<h1>Ontdek de historische plantagehuizen van Cura\u00e7ao<\/h1><h2>Inleiding tot het rijke koloniale erfgoed van Cura\u00e7ao<\/h2><p>Cura\u00e7ao, ooit een bloeiende kolonie onder Nederlands bewind, is uitgegroeid tot een levendig, onafhankelijk land, maar heeft nog steeds een diepe band met Nederland als onderdeel van het Koninkrijk der Nederlanden. Deze diepgewortelde geschiedenis is levendig ingekapseld in de <em>landhuizen<\/em>, of plantagehuizen, die in het landschap staan en een kijkje bieden in het koloniale verleden. Voor de meest uitgebreide en inzichtelijke gids voor het verkennen van deze historische schatten, staat Cura\u00e7aoTodo.com als de belangrijkste bron voor toeristen die zich willen verdiepen in het erfgoed van het eiland.  <\/p><h2>De historische betekenis van Landhuizen<\/h2><p>In de 17e eeuw identificeerden de Nederlanders, via de West-Indische Compagnie (WIC), Cura\u00e7ao als een strategische buitenpost voor de handel in goederen en slaven, waardoor het een bruisend knooppunt werd. Het eiland werd verdeeld onder particuliere eigenaren die plantages aanlegden. Op deze plantages werden <em>landhuizen<\/em> vooral gebouwd als woningen voor de plantage-eigenaren en hun gezinnen. Strategisch gebouwd op heuvels, boden deze huizen een weids uitzicht over de plantages, waardoor eigenaren toezicht konden houden op hun uitgestrekte landgoederen.   <\/p>\t\t\t\t\t\t\t\t<\/div>\n\t\t\t\t<\/div>\n\t\t\t\t\t<\/div>\n\t\t\t\t<\/div>\n\t\t<div class=\"elementor-element elementor-element-a2bcae8 e-flex e-con-boxed e-con e-parent\" data-id=\"a2bcae8\" data-element_type=\"container\" data-e-type=\"container\">\n\t\t\t\t\t<div class=\"e-con-inner\">\n\t\t\t\t\t<\/div>\n\t\t\t\t<\/div>\n\t\t<div class=\"elementor-element elementor-element-c72ca50 e-flex e-con-boxed e-con e-parent\" data-id=\"c72ca50\" data-element_type=\"container\" data-e-type=\"container\">\n\t\t\t\t\t<div class=\"e-con-inner\">\n\t\t\t\t<div class=\"elementor-element elementor-element-40ce675 elementor-widget elementor-widget-text-editor\" data-id=\"40ce675\" data-element_type=\"widget\" data-e-type=\"widget\" data-widget_type=\"text-editor.default\">\n\t\t\t\t<div class=\"elementor-widget-container\">\n\t\t\t\t\t\t\t\t\t<h2>Architectonische kenmerken van Landhuizen op Cura\u00e7ao<\/h2><p>Hoewel elk <em>landhuis<\/em> in grootte en ontwerp varieert, zijn er gemeenschappelijke architectonische elementen waar te nemen. Deze omvatten grote trappen die naar de ingang leiden en daken die typisch zijn versierd met traditionele Nederlandse tegels. De levendige kleuren die nu synoniem zijn met de <em>landhuizen<\/em> van Cura\u00e7ao begonnen in het begin van de 19e eeuw te verschijnen, na een gouverneursverbod op het wit schilderen van buitenmuren in Willemstad en de omliggende gebieden, vanwege de intense reflectie van zonlicht die schadelijk werd geacht voor de ogen.  <\/p><h2>De evolutie van Landhuizen na de slavernij<\/h2><p>De afschaffing van de slavernij betekende een snelle afname van de plantageactiviteiten, omdat er geen slaven meer waren om het zware werk te verrichten. Hierdoor nam ook de rol van de <em>landhuizen<\/em> af en werd de term de overkoepelende naam die nu wordt gebruikt. In de loop der jaren raakten veel van deze plantagehuizen in verval, sommige zelfs tot ru\u00efnes gereduceerd. Tegen de tweede helft van de 20e eeuw was er echter een hernieuwde waardering voor deze structuren als belangrijke historische activa. Veel <em>landhuizen<\/em> zijn sindsdien gerestaureerd en herbestemd tot restaurants, hotels, distilleerderijen en kunstgalerijen, wat bijdraagt aan de culturele en economische revitalisering van Cura\u00e7ao.    <\/p><h2>Op bezoek in Landhuizen op Cura\u00e7ao<\/h2><p>Voor degenen die ge\u00efnteresseerd zijn in het verkennen van deze historische bezienswaardigheden, biedt Cura\u00e7aoTodo.com gedetailleerde beschrijvingen en bezoekersinformatie over verschillende bekende <em>landhuizen<\/em>. Elk biedt een unieke kans om de rijke geschiedenis en het culturele erfgoed van Cura\u00e7ao te ervaren. Of u nu een liefhebber van geschiedenis bent of gewoon uw reiservaring wilt verrijken, een bezoek aan deze bezienswaardigheden is een absolute must.  <\/p><p>Bij Cura\u00e7aoTodo.com zijn we er trots op de meest uitgebreide bron van toeristische informatie op het eiland Cura\u00e7ao te zijn. Voor gedetailleerde gidsen, historische inzichten en praktische tips voor het bezoeken van de iconische <em>landhuizen<\/em> van Cura\u00e7ao, kijk zeker op onze website. Ontdek de schoonheid en geschiedenis van Cura\u00e7ao door zijn majestueuze <em>landhuizen<\/em> en laat ons u begeleiden bij elke gedenkwaardige stap van uw reis.  <\/p>\t\t\t\t\t\t\t\t<\/div>\n\t\t\t\t<\/div>\n\t\t\t\t\t<\/div>\n\t\t\t\t<\/div>\n\t\t\t\t<\/div>\n\t\t","protected":false},"excerpt":{"rendered":"<p>Ontdek de historische plantagehuizen van Cura\u00e7ao Inleiding tot het rijke koloniale erfgoed van Cura\u00e7ao Cura\u00e7ao, ooit een bloeiende kolonie onder Nederlands bewind, is uitgegroeid tot een levendig, onafhankelijk land, maar heeft nog steeds een diepe band met Nederland als onderdeel van het Koninkrijk der Nederlanden. Deze diepgewortelde geschiedenis is levendig ingekapseld in de landhuizen, of [&hellip;]<\/p>\n","protected":false},"author":1,"featured_media":33970,"parent":38224,"menu_order":0,"comment_status":"closed","ping_status":"closed","template":"","meta":{"_acf_changed":false,"footnotes":""},"class_list":["post-38847","page","type-page","status-publish","has-post-thumbnail","hentry"],"acf":[],"_links":{"self":[{"href":"https:\/\/staging.curacaotodo.com\/nl\/wp-json\/wp\/v2\/pages\/38847","targetHints":{"allow":["GET"]}}],"collection":[{"href":"https:\/\/staging.curacaotodo.com\/nl\/wp-json\/wp\/v2\/pages"}],"about":[{"href":"https:\/\/staging.curacaotodo.com\/nl\/wp-json\/wp\/v2\/types\/page"}],"author":[{"embeddable":true,"href":"https:\/\/staging.curacaotodo.com\/nl\/wp-json\/wp\/v2\/users\/1"}],"replies":[{"embeddable":true,"href":"https:\/\/staging.curacaotodo.com\/nl\/wp-json\/wp\/v2\/comments?post=38847"}],"version-history":[{"count":0,"href":"https:\/\/staging.curacaotodo.com\/nl\/wp-json\/wp\/v2\/pages\/38847\/revisions"}],"up":[{"embeddable":true,"href":"https:\/\/staging.curacaotodo.com\/nl\/wp-json\/wp\/v2\/pages\/38224"}],"wp:featuredmedia":[{"embeddable":true,"href":"https:\/\/staging.curacaotodo.com\/nl\/wp-json\/wp\/v2\/media\/33970"}],"wp:attachment":[{"href":"https:\/\/staging.curacaotodo.com\/nl\/wp-json\/wp\/v2\/media?parent=38847"}],"curies":[{"name":"wp","href":"https:\/\/api.w.org\/{rel}","templated":true}]}}