{"id":38812,"date":"2024-06-07T08:41:00","date_gmt":"2024-06-07T12:41:00","guid":{"rendered":"https:\/\/curacaotodo.com\/aanbiedingen\/"},"modified":"2024-08-07T05:10:14","modified_gmt":"2024-08-07T09:10:14","slug":"aanbiedingen","status":"publish","type":"page","link":"https:\/\/staging.curacaotodo.com\/nl\/aanbiedingen\/","title":{"rendered":"Aanbiedingen"},"content":{"rendered":"\t\t<div data-elementor-type=\"wp-page\" data-elementor-id=\"38812\" class=\"elementor elementor-38812 elementor-20638\" data-elementor-post-type=\"page\">\n\t\t\t\t<div class=\"elementor-element elementor-element-3b1a598 e-flex e-con-boxed e-con e-parent\" data-id=\"3b1a598\" data-element_type=\"container\" data-e-type=\"container\">\n\t\t\t\t\t<div class=\"e-con-inner\">\n\t\t\t\t<div class=\"elementor-element elementor-element-94cd2e4 elementor-widget elementor-widget-heading\" data-id=\"94cd2e4\" data-element_type=\"widget\" data-e-type=\"widget\" data-widget_type=\"heading.default\">\n\t\t\t\t<div class=\"elementor-widget-container\">\n\t\t\t\t\t<h1 class=\"elementor-heading-title elementor-size-default\">Huidige aanbiedingen van partners<\/h1>\t\t\t\t<\/div>\n\t\t\t\t<\/div>\n\t\t\t\t\t<\/div>\n\t\t\t\t<\/div>\n\t\t<div class=\"elementor-element elementor-element-a4b742a e-flex e-con-boxed e-con e-parent\" data-id=\"a4b742a\" data-element_type=\"container\" data-e-type=\"container\">\n\t\t\t\t\t<div class=\"e-con-inner\">\n\t\t<div class=\"elementor-element elementor-element-54be0b0 e-con-full e-flex e-con e-child\" data-id=\"54be0b0\" data-element_type=\"container\" data-e-type=\"container\">\n\t\t<div class=\"elementor-element elementor-element-6c80533 e-con-full elementor-hidden-mobile e-flex e-con e-child\" data-id=\"6c80533\" data-element_type=\"container\" data-e-type=\"container\">\n\t\t\t\t<div class=\"elementor-element elementor-element-18aff04 elementor-widget elementor-widget-image\" data-id=\"18aff04\" data-element_type=\"widget\" data-e-type=\"widget\" data-widget_type=\"image.default\">\n\t\t\t\t<div class=\"elementor-widget-container\">\n\t\t\t\t\t\t\t\t\t\t\t\t\t\t\t<img fetchpriority=\"high\" decoding=\"async\" width=\"840\" height=\"560\" src=\"https:\/\/staging.curacaotodo.com\/wp-content\/themes\/rehub-theme\/images\/default\/blank.gif\" data-src=\"https:\/\/staging.curacaotodo.com\/wp-content\/uploads\/2024\/06\/All-Boat-Charters-Curacao-Klein-Curacao13-1024x683.jpg\" class=\"lazyload attachment-large size-large wp-image-21182\" alt=\"\" srcset=\"https:\/\/staging.curacaotodo.com\/wp-content\/uploads\/2024\/06\/All-Boat-Charters-Curacao-Klein-Curacao13-1024x683.jpg 1024w, https:\/\/staging.curacaotodo.com\/wp-content\/uploads\/2024\/06\/All-Boat-Charters-Curacao-Klein-Curacao13-300x200.jpg 300w, https:\/\/staging.curacaotodo.com\/wp-content\/uploads\/2024\/06\/All-Boat-Charters-Curacao-Klein-Curacao13-768x512.jpg 768w, https:\/\/staging.curacaotodo.com\/wp-content\/uploads\/2024\/06\/All-Boat-Charters-Curacao-Klein-Curacao13-1536x1024.jpg 1536w, https:\/\/staging.curacaotodo.com\/wp-content\/uploads\/2024\/06\/All-Boat-Charters-Curacao-Klein-Curacao13-2048x1365.jpg 2048w, https:\/\/staging.curacaotodo.com\/wp-content\/uploads\/2024\/06\/All-Boat-Charters-Curacao-Klein-Curacao13-225x150.jpg 225w, https:\/\/staging.curacaotodo.com\/wp-content\/uploads\/2024\/06\/All-Boat-Charters-Curacao-Klein-Curacao13-100x67.jpg 100w, https:\/\/staging.curacaotodo.com\/wp-content\/uploads\/2024\/06\/All-Boat-Charters-Curacao-Klein-Curacao13-525x350.jpg 525w, https:\/\/staging.curacaotodo.com\/wp-content\/uploads\/2024\/06\/All-Boat-Charters-Curacao-Klein-Curacao13-788x525.jpg 788w, https:\/\/staging.curacaotodo.com\/wp-content\/uploads\/2024\/06\/All-Boat-Charters-Curacao-Klein-Curacao13-600x400.jpg 600w, https:\/\/staging.curacaotodo.com\/wp-content\/uploads\/2024\/06\/All-Boat-Charters-Curacao-Klein-Curacao13.jpg 1500w\" sizes=\"(max-width: 840px) 100vw, 840px\" \/>\t\t\t\t\t\t\t\t\t\t\t\t\t\t\t<\/div>\n\t\t\t\t<\/div>\n\t\t\t\t<\/div>\n\t\t<div class=\"elementor-element elementor-element-0e45cc0 e-con-full elementor-hidden-mobile e-flex e-con e-child\" data-id=\"0e45cc0\" data-element_type=\"container\" data-e-type=\"container\">\n\t\t\t\t<div class=\"elementor-element elementor-element-bd6ecf0 elementor-widget elementor-widget-image\" data-id=\"bd6ecf0\" data-element_type=\"widget\" data-e-type=\"widget\" data-widget_type=\"image.default\">\n\t\t\t\t<div class=\"elementor-widget-container\">\n\t\t\t\t\t\t\t\t\t\t\t\t\t\t\t<img decoding=\"async\" width=\"840\" height=\"560\" src=\"https:\/\/staging.curacaotodo.com\/wp-content\/themes\/rehub-theme\/images\/default\/blank.gif\" data-src=\"https:\/\/staging.curacaotodo.com\/wp-content\/uploads\/2024\/06\/All-Boat-Charters-Curacao-Klein-Curacao12-1024x683.jpg\" class=\"lazyload attachment-large size-large wp-image-21177\" alt=\"\" srcset=\"https:\/\/staging.curacaotodo.com\/wp-content\/uploads\/2024\/06\/All-Boat-Charters-Curacao-Klein-Curacao12-1024x683.jpg 1024w, https:\/\/staging.curacaotodo.com\/wp-content\/uploads\/2024\/06\/All-Boat-Charters-Curacao-Klein-Curacao12-300x200.jpg 300w, https:\/\/staging.curacaotodo.com\/wp-content\/uploads\/2024\/06\/All-Boat-Charters-Curacao-Klein-Curacao12-768x512.jpg 768w, https:\/\/staging.curacaotodo.com\/wp-content\/uploads\/2024\/06\/All-Boat-Charters-Curacao-Klein-Curacao12-1536x1024.jpg 1536w, https:\/\/staging.curacaotodo.com\/wp-content\/uploads\/2024\/06\/All-Boat-Charters-Curacao-Klein-Curacao12-2048x1365.jpg 2048w, https:\/\/staging.curacaotodo.com\/wp-content\/uploads\/2024\/06\/All-Boat-Charters-Curacao-Klein-Curacao12-225x150.jpg 225w, https:\/\/staging.curacaotodo.com\/wp-content\/uploads\/2024\/06\/All-Boat-Charters-Curacao-Klein-Curacao12-100x67.jpg 100w, https:\/\/staging.curacaotodo.com\/wp-content\/uploads\/2024\/06\/All-Boat-Charters-Curacao-Klein-Curacao12-525x350.jpg 525w, https:\/\/staging.curacaotodo.com\/wp-content\/uploads\/2024\/06\/All-Boat-Charters-Curacao-Klein-Curacao12-788x525.jpg 788w, https:\/\/staging.curacaotodo.com\/wp-content\/uploads\/2024\/06\/All-Boat-Charters-Curacao-Klein-Curacao12-600x400.jpg 600w, https:\/\/staging.curacaotodo.com\/wp-content\/uploads\/2024\/06\/All-Boat-Charters-Curacao-Klein-Curacao12.jpg 1500w\" sizes=\"(max-width: 840px) 100vw, 840px\" \/>\t\t\t\t\t\t\t\t\t\t\t\t\t\t\t<\/div>\n\t\t\t\t<\/div>\n\t\t\t\t<\/div>\n\t\t\t\t<\/div>\n\t\t<div class=\"elementor-element elementor-element-23de072 e-con-full e-flex e-con e-child\" data-id=\"23de072\" data-element_type=\"container\" data-e-type=\"container\">\n\t\t\t\t<div class=\"elementor-element elementor-element-fec060c elementor-invisible elementor-widget elementor-widget-heading\" data-id=\"fec060c\" data-element_type=\"widget\" data-e-type=\"widget\" data-settings=\"{&quot;_animation&quot;:&quot;stuckFlipUpOpacity&quot;}\" data-widget_type=\"heading.default\">\n\t\t\t\t<div class=\"elementor-widget-container\">\n\t\t\t\t\t<div class=\"elementor-heading-title elementor-size-default\">Jouw <i><b>Priv\u00e9<\/b><\/i> ontsnappen<\/div>\t\t\t\t<\/div>\n\t\t\t\t<\/div>\n\t\t\t\t<div class=\"elementor-element elementor-element-5a1b2b0 elementor-widget-divider--view-line elementor-widget elementor-widget-divider\" data-id=\"5a1b2b0\" data-element_type=\"widget\" data-e-type=\"widget\" data-widget_type=\"divider.default\">\n\t\t\t\t<div class=\"elementor-widget-container\">\n\t\t\t\t\t\t\t<div class=\"elementor-divider\">\n\t\t\t<span class=\"elementor-divider-separator\">\n\t\t\t\t\t\t<\/span>\n\t\t<\/div>\n\t\t\t\t\t\t<\/div>\n\t\t\t\t<\/div>\n\t\t\t\t<div class=\"elementor-element elementor-element-84f6d44 elementor-widget elementor-widget-heading\" data-id=\"84f6d44\" data-element_type=\"widget\" data-e-type=\"widget\" data-widget_type=\"heading.default\">\n\t\t\t\t<div class=\"elementor-widget-container\">\n\t\t\t\t\t<h2 class=\"elementor-heading-title elementor-size-default\">Priv\u00e9charters Curacao<\/h2>\t\t\t\t<\/div>\n\t\t\t\t<\/div>\n\t\t\t\t<div class=\"elementor-element elementor-element-77b1235 elementor-widget elementor-widget-text-editor\" data-id=\"77b1235\" data-element_type=\"widget\" data-e-type=\"widget\" data-widget_type=\"text-editor.default\">\n\t\t\t\t<div class=\"elementor-widget-container\">\n\t\t\t\t\t\t\t\t\t<p class=\"p1\">Ontdek de ultieme manier om Cura\u00e7ao te verkennen met onze exclusieve priv\u00e9charters.<br \/>\nGeniet van de vrijheid om je route, reistijden en zelfs eten en drinken aan te passen aan je voorkeuren.<br \/>\nPriv\u00e9chartertours zijn perfect voor wie op zoek is naar een persoonlijke ervaring  <\/p>\n\t\t\t\t\t\t\t\t<\/div>\n\t\t\t\t<\/div>\n\t\t\t\t<div class=\"elementor-element elementor-element-56673f4 elementor-align-left elementor-invisible elementor-widget elementor-widget-button\" data-id=\"56673f4\" data-element_type=\"widget\" data-e-type=\"widget\" data-settings=\"{&quot;_animation&quot;:&quot;stuckFlipUpOpacity&quot;,&quot;_animation_delay&quot;:1000}\" data-widget_type=\"button.default\">\n\t\t\t\t<div class=\"elementor-widget-container\">\n\t\t\t\t\t\t\t\t\t<div class=\"elementor-button-wrapper\">\n\t\t\t\t\t<a class=\"elementor-button elementor-button-link elementor-size-md elementor-animation-float\" href=\"https:\/\/curacaotodo.com\/private-charters\/\" target=\"_blank\" rel=\"noopener noreferrer nofollow\">\n\t\t\t\t\t\t<span class=\"elementor-button-content-wrapper\">\n\t\t\t\t\t\t\t\t\t<span class=\"elementor-button-text\">Meer lezen<\/span>\n\t\t\t\t\t<\/span>\n\t\t\t\t\t<\/a>\n\t\t\t\t<\/div>\n\t\t\t\t\t\t\t\t<\/div>\n\t\t\t\t<\/div>\n\t\t\t\t<div class=\"elementor-element elementor-element-3c7c103 elementor-widget__width-auto elementor-absolute elementor-hidden-mobile elementor-widget elementor-widget-image\" data-id=\"3c7c103\" data-element_type=\"widget\" data-e-type=\"widget\" data-settings=\"{&quot;_position&quot;:&quot;absolute&quot;}\" data-widget_type=\"image.default\">\n\t\t\t\t<div class=\"elementor-widget-container\">\n\t\t\t\t\t\t\t\t\t\t\t\t\t\t\t<img decoding=\"async\" width=\"250\" height=\"218\" src=\"https:\/\/staging.curacaotodo.com\/wp-content\/themes\/rehub-theme\/images\/default\/blank.gif\" data-src=\"https:\/\/staging.curacaotodo.com\/wp-content\/uploads\/2024\/07\/arrow10-e1721116086587.png\" class=\"lazyload attachment-full size-full wp-image-35548\" alt=\"\" \/>\t\t\t\t\t\t\t\t\t\t\t\t\t\t\t<\/div>\n\t\t\t\t<\/div>\n\t\t\t\t<\/div>\n\t\t\t\t\t<\/div>\n\t\t\t\t<\/div>\n\t\t<div class=\"elementor-element elementor-element-c82b356 e-flex e-con-boxed e-con e-parent\" data-id=\"c82b356\" data-element_type=\"container\" data-e-type=\"container\">\n\t\t\t\t\t<div class=\"e-con-inner\">\n\t\t<div class=\"elementor-element elementor-element-b2f1c13 e-con-full e-flex e-con e-child\" data-id=\"b2f1c13\" data-element_type=\"container\" data-e-type=\"container\" data-settings=\"{&quot;background_background&quot;:&quot;classic&quot;}\">\n\t\t\t\t<div class=\"elementor-element elementor-element-a557a9b elementor-hidden-mobile elementor-widget elementor-widget-image\" data-id=\"a557a9b\" data-element_type=\"widget\" data-e-type=\"widget\" data-widget_type=\"image.default\">\n\t\t\t\t<div class=\"elementor-widget-container\">\n\t\t\t\t\t\t\t\t\t\t\t\t\t\t\t<img loading=\"lazy\" decoding=\"async\" width=\"300\" height=\"300\" src=\"https:\/\/staging.curacaotodo.com\/wp-content\/themes\/rehub-theme\/images\/default\/blank.gif\" data-src=\"https:\/\/staging.curacaotodo.com\/wp-content\/uploads\/2024\/06\/jeep-car-rental.jpg\" class=\"lazyload attachment-full size-full wp-image-24813\" alt=\"car rental\" srcset=\"https:\/\/staging.curacaotodo.com\/wp-content\/uploads\/2024\/06\/jeep-car-rental.jpg 300w, https:\/\/staging.curacaotodo.com\/wp-content\/uploads\/2024\/06\/jeep-car-rental-1024x1024.jpg 1024w, https:\/\/staging.curacaotodo.com\/wp-content\/uploads\/2024\/06\/jeep-car-rental-150x150.jpg 150w, https:\/\/staging.curacaotodo.com\/wp-content\/uploads\/2024\/06\/jeep-car-rental-768x768.jpg 768w, https:\/\/staging.curacaotodo.com\/wp-content\/uploads\/2024\/06\/jeep-car-rental-2048x2048.jpg 1500w, https:\/\/staging.curacaotodo.com\/wp-content\/uploads\/2024\/06\/jeep-car-rental-100x100.jpg 100w, https:\/\/staging.curacaotodo.com\/wp-content\/uploads\/2024\/06\/jeep-car-rental-350x350.jpg 350w, https:\/\/staging.curacaotodo.com\/wp-content\/uploads\/2024\/06\/jeep-car-rental-788x788.jpg 788w, https:\/\/staging.curacaotodo.com\/wp-content\/uploads\/2024\/06\/jeep-car-rental-600x600.jpg 600w\" sizes=\"(max-width: 300px) 100vw, 300px\" \/>\t\t\t\t\t\t\t\t\t\t\t\t\t\t\t<\/div>\n\t\t\t\t<\/div>\n\t\t\t\t<\/div>\n\t\t<div class=\"elementor-element elementor-element-f11519c e-flex e-con-boxed e-con e-child\" data-id=\"f11519c\" data-element_type=\"container\" data-e-type=\"container\">\n\t\t\t\t\t<div class=\"e-con-inner\">\n\t\t\t\t<div class=\"elementor-element elementor-element-1869389 elementor-widget elementor-widget-heading\" data-id=\"1869389\" data-element_type=\"widget\" data-e-type=\"widget\" data-widget_type=\"heading.default\">\n\t\t\t\t<div class=\"elementor-widget-container\">\n\t\t\t\t\t<h2 class=\"elementor-heading-title elementor-size-default\">Aanbiedingen voor luxe autoverhuur<\/h2>\t\t\t\t<\/div>\n\t\t\t\t<\/div>\n\t\t\t\t<div class=\"elementor-element elementor-element-100951f elementor-widget elementor-widget-text-editor\" data-id=\"100951f\" data-element_type=\"widget\" data-e-type=\"widget\" data-widget_type=\"text-editor.default\">\n\t\t\t\t<div class=\"elementor-widget-container\">\n\t\t\t\t\t\t\t\t\t<p>Ontdek het ultieme gemak en de vrijheid van het verkennen van Cura\u00e7ao met een luxe huurauto.  <\/p>\n\t\t\t\t\t\t\t\t<\/div>\n\t\t\t\t<\/div>\n\t\t\t\t<div class=\"elementor-element elementor-element-81ca4e2 elementor-align-left elementor-invisible elementor-widget elementor-widget-button\" data-id=\"81ca4e2\" data-element_type=\"widget\" data-e-type=\"widget\" data-settings=\"{&quot;_animation&quot;:&quot;stuckFlipUpOpacity&quot;,&quot;_animation_delay&quot;:1000}\" data-widget_type=\"button.default\">\n\t\t\t\t<div class=\"elementor-widget-container\">\n\t\t\t\t\t\t\t\t\t<div class=\"elementor-button-wrapper\">\n\t\t\t\t\t<a class=\"elementor-button elementor-button-link elementor-size-md elementor-animation-float\" href=\"https:\/\/curacaotodo.com\/rentals\/rental-cars\/\" target=\"_blank\" rel=\"noopener noreferrer nofollow\">\n\t\t\t\t\t\t<span class=\"elementor-button-content-wrapper\">\n\t\t\t\t\t\t\t\t\t<span class=\"elementor-button-text\">Meer lezen<\/span>\n\t\t\t\t\t<\/span>\n\t\t\t\t\t<\/a>\n\t\t\t\t<\/div>\n\t\t\t\t\t\t\t\t<\/div>\n\t\t\t\t<\/div>\n\t\t\t\t\t<\/div>\n\t\t\t\t<\/div>\n\t\t\t\t\t<\/div>\n\t\t\t\t<\/div>\n\t\t\t\t<\/div>\n\t\t","protected":false},"excerpt":{"rendered":"<p>Huidige aanbiedingen van partners Jouw Priv\u00e9 ontsnappen Priv\u00e9charters Curacao Ontdek de ultieme manier om Cura\u00e7ao te verkennen met onze exclusieve priv\u00e9charters. Geniet van de vrijheid om je route, reistijden en zelfs eten en drinken aan te passen aan je voorkeuren. Priv\u00e9chartertours zijn perfect voor wie op zoek is naar een persoonlijke ervaring Meer lezen Aanbiedingen [&hellip;]<\/p>\n","protected":false},"author":1,"featured_media":0,"parent":0,"menu_order":1,"comment_status":"closed","ping_status":"closed","template":"","meta":{"_acf_changed":false,"footnotes":""},"class_list":["post-38812","page","type-page","status-publish","hentry"],"acf":[],"_links":{"self":[{"href":"https:\/\/staging.curacaotodo.com\/nl\/wp-json\/wp\/v2\/pages\/38812","targetHints":{"allow":["GET"]}}],"collection":[{"href":"https:\/\/staging.curacaotodo.com\/nl\/wp-json\/wp\/v2\/pages"}],"about":[{"href":"https:\/\/staging.curacaotodo.com\/nl\/wp-json\/wp\/v2\/types\/page"}],"author":[{"embeddable":true,"href":"https:\/\/staging.curacaotodo.com\/nl\/wp-json\/wp\/v2\/users\/1"}],"replies":[{"embeddable":true,"href":"https:\/\/staging.curacaotodo.com\/nl\/wp-json\/wp\/v2\/comments?post=38812"}],"version-history":[{"count":0,"href":"https:\/\/staging.curacaotodo.com\/nl\/wp-json\/wp\/v2\/pages\/38812\/revisions"}],"wp:attachment":[{"href":"https:\/\/staging.curacaotodo.com\/nl\/wp-json\/wp\/v2\/media?parent=38812"}],"curies":[{"name":"wp","href":"https:\/\/api.w.org\/{rel}","templated":true}]}}