{"id":62310,"date":"2025-10-16T09:14:35","date_gmt":"2025-10-16T13:14:35","guid":{"rendered":"https:\/\/curacaotodo.com\/activity\/klein-curacao-con-la-powerboat\/"},"modified":"2025-10-16T09:14:35","modified_gmt":"2025-10-16T13:14:35","slug":"klein-curacao-con-la-powerboat","status":"publish","type":"product","link":"https:\/\/staging.curacaotodo.com\/es\/actividad\/klein-curacao-con-la-powerboat\/","title":{"rendered":"Klein Cura\u00e7ao con la Powerboat"},"content":{"rendered":"<h2>Por qu\u00e9 a los viajeros les encanta este viaje<\/h2>\n<div class=\"grid\">\n<article class=\"card\">\n<h3>Emoci\u00f3n + relajaci\u00f3n<\/h3>\n<p>Los potentes botes RIB hacen que el viaje sea una atracci\u00f3n por s\u00ed solo. Despu\u00e9s de la diversi\u00f3n salpicada, la isla se trata de relajarse, bucear y explorar. <\/p>\n<\/article>\n<article class=\"card\">\n<h3>Traslado m\u00e1s corto<\/h3>\n<p>Los barcos r\u00e1pidos significan menos tiempo en el mar y m\u00e1s tiempo en la playa. El regreso suele ser a\u00fan m\u00e1s r\u00e1pido, por lo que regresa a la isla principal al final de la tarde. <\/p>\n<\/article>\n<article class=\"card\">\n<h3>Ambiente de grupo peque\u00f1o<\/h3>\n<p>M\u00e1x. <g id=\"gid_0\">18 invitados por barco<\/g> para una experiencia m\u00e1s personal. Los amables capitanes y la tripulaci\u00f3n est\u00e1n en la isla contigo todo el d\u00eda.  <\/p>\n<\/article>\n<article class=\"card\">\n<h3>Menos problemas de movimiento<\/h3>\n<p>El cruce r\u00e1pido ayuda a reducir el balanceo lento, a menudo el principal desencadenante del mareo. Si eres sensible, esta es una elecci\u00f3n inteligente. <\/p>\n<\/article>\n<\/div>\n<aside>\n<h2>Qu\u00e9 har\u00e1s en Klein Cura\u00e7ao<\/h2>\n<ul>\n<li>Descon\u00e9ctese en una impresionante playa de arena blanca.<\/li>\n<li>Camine hasta el ic\u00f3nico faro y los naufragios cercanos.<\/li>\n<li>Practique snorkel con la oportunidad de ver tortugas marinas y rayas.<\/li>\n<li>Disfrute de <strong>bebidas ilimitadas<\/strong> y un <strong>almuerzo de barbacoa<\/strong> reci\u00e9n preparado.<\/li>\n<\/ul>\n<p id=\"details\" class=\"note\"><strong>Es bueno saberlo:<\/strong> Los ni\u00f1os <strong>de 6+ a\u00f1os<\/strong> son bienvenidos a bordo. Las salidas y el plan del d\u00eda son determinados por el capit\u00e1n en funci\u00f3n de las condiciones clim\u00e1ticas y del mar. <\/p>\n<\/aside>\n<section class=\"section\">\n<h2>Qu\u00e9 est\u00e1 incluido<\/h2>\n<ul>\n<li>Viaje de ida y vuelta en lancha motora r\u00e1pida (unos 45 minutos hasta la isla; a menudo ~ 30 minutos de regreso)<\/li>\n<li>Bebidas ilimitadas durante todo el d\u00eda<\/li>\n<li>Almuerzo de barbacoa fresco en la isla<\/li>\n<li>Orientaci\u00f3n y asistencia de la tripulaci\u00f3n en Klein Cura\u00e7ao<\/li>\n<\/ul>\n<p class=\"muted\">Consejo: Lleva protector solar seguro para los arrecifes, un sombrero, una toalla y una bolsa seca para tu tel\u00e9fono.<\/p>\n<\/section>\n<section class=\"section\">\n<h2>Por qu\u00e9 reservar con CuracaoTodo<\/h2>\n<ul>\n<li>Distribuidor de confianza para los principales operadores de Klein Cura\u00e7ao<\/li>\n<li>Comparaciones claras de recorridos y disponibilidad en vivo<\/li>\n<li>Soporte local antes y despu\u00e9s de su viaje<\/li>\n<\/ul>\n<\/section>\n","protected":false},"excerpt":{"rendered":"<p class=\"p1\"><span class=\"s1\"><b>Llegue a Klein Cura\u00e7ao r\u00e1pido y con estilo a bordo de una lancha motora de 600 HP.<\/b><\/span>  Disfrute de un emocionante viaje de 45 minutos al para\u00edso, luego pase el d\u00eda buceando, relaj\u00e1ndose y explorando la isla. Incluye almuerzo de barbacoa, bebidas y servicio personalizado en un entorno de grupo peque\u00f1o para una experiencia perfecta de aventura y relajaci\u00f3n. <\/p>\n","protected":false},"featured_media":62300,"comment_status":"closed","ping_status":"closed","template":"","meta":{"_acf_changed":false},"activity-source":[],"company-partner":[4258],"store":[],"product_brand":[],"product_cat":[466,4267,3275],"product_tag":[],"class_list":{"0":"post-62310","1":"product","2":"type-product","3":"status-publish","4":"has-post-thumbnail","6":"company-partner-partner","7":"product_cat-sin-categorizar","8":"product_cat-entradas-para-klein-curazao","9":"product_cat-klein-curacao-es","11":"first","12":"instock","13":"purchasable","14":"product-type-simple"},"acf":[],"_links":{"self":[{"href":"https:\/\/staging.curacaotodo.com\/es\/wp-json\/wp\/v2\/product\/62310","targetHints":{"allow":["GET"]}}],"collection":[{"href":"https:\/\/staging.curacaotodo.com\/es\/wp-json\/wp\/v2\/product"}],"about":[{"href":"https:\/\/staging.curacaotodo.com\/es\/wp-json\/wp\/v2\/types\/product"}],"replies":[{"embeddable":true,"href":"https:\/\/staging.curacaotodo.com\/es\/wp-json\/wp\/v2\/comments?post=62310"}],"wp:featuredmedia":[{"embeddable":true,"href":"https:\/\/staging.curacaotodo.com\/es\/wp-json\/wp\/v2\/media\/62300"}],"wp:attachment":[{"href":"https:\/\/staging.curacaotodo.com\/es\/wp-json\/wp\/v2\/media?parent=62310"}],"wp:term":[{"taxonomy":"activity-source","embeddable":true,"href":"https:\/\/staging.curacaotodo.com\/es\/wp-json\/wp\/v2\/activity-source?post=62310"},{"taxonomy":"company-partner","embeddable":true,"href":"https:\/\/staging.curacaotodo.com\/es\/wp-json\/wp\/v2\/company-partner?post=62310"},{"taxonomy":"store","embeddable":true,"href":"https:\/\/staging.curacaotodo.com\/es\/wp-json\/wp\/v2\/store?post=62310"},{"taxonomy":"product_brand","embeddable":true,"href":"https:\/\/staging.curacaotodo.com\/es\/wp-json\/wp\/v2\/product_brand?post=62310"},{"taxonomy":"product_cat","embeddable":true,"href":"https:\/\/staging.curacaotodo.com\/es\/wp-json\/wp\/v2\/product_cat?post=62310"},{"taxonomy":"product_tag","embeddable":true,"href":"https:\/\/staging.curacaotodo.com\/es\/wp-json\/wp\/v2\/product_tag?post=62310"}],"curies":[{"name":"wp","href":"https:\/\/api.w.org\/{rel}","templated":true}]}}