{"id":61765,"date":"2025-10-15T09:04:07","date_gmt":"2025-10-15T13:04:07","guid":{"rendered":"https:\/\/curacaotodo.com\/activity\/viaje-a-klein-curacao-con-catamaran\/"},"modified":"2025-10-15T09:13:53","modified_gmt":"2025-10-15T13:13:53","slug":"viaje-a-klein-curacao-con-catamaran","status":"publish","type":"product","link":"https:\/\/staging.curacaotodo.com\/es\/actividad\/viaje-a-klein-curacao-con-catamaran\/","title":{"rendered":"Viaje a Klein Cura\u00e7ao con Catamaran"},"content":{"rendered":"<h2 class=\"p1\"><b>El viaje de Curazao a Klein Curazao<\/b><b><\/b><\/h2>\n<p class=\"p2\">El viaje de Curazao a Klein Curazao dura aproximadamente 1 hora y 45 minutos en barco. Acom\u00f3dese en un banco sombreado, busque un lugar en las \u00e1reas de asientos al aire libre o est\u00edrese en la red en la parte delantera. Si elige la red, prep\u00e1rese para mojarse, pero tendr\u00e1 la mejor vista para avistar delfines. Estas criaturas juguetonas a menudo nadan al lado, montando las olas y mostrando sus saltos. Algunos d\u00edas el paseo puede ser animado con salpicaduras de las olas y las corrientes, pero la vista que te recibe vale la pena. Desde la distancia, ver\u00e1s la costa iluminada por el sol de la isla y su famoso faro rosa. A medida que llega, el agua se vuelve tranquila y cristalina, perfecta para nadar, bucear y bucear. Puede tomar la ruta seca hasta la costa en bote, pero para una llegada m\u00e1s memorable, tome su equipo de snorkel y nade. De inmediato, es posible que vea peces de colores y tortugas marinas a su alrededor, y entre mayo y agosto, incluso puede presenciar tortugas beb\u00e9s que se abren camino desde la arena hasta el mar.        <\/p>\n<h2 class=\"p1\"><b>Qu\u00e9 esperar en Klein Cura\u00e7ao<\/b><b><\/b><\/h2>\n<p class=\"p2\">Una vez en tierra, puede explorar la isla a su propio ritmo. La caminata desde la playa hasta el faro rosa, los naufragios y las ruinas antiguas es corta y f\u00e1cil, pero vaya temprano antes de que el calor del mediod\u00eda se acumule en el centro de la isla. No olvides el protector solar. Alrededor del mediod\u00eda, la tripulaci\u00f3n sirve un generoso buffet de barbacoa con costillas de cerdo a la parrilla, pollo y bistec, acompa\u00f1ado de tres ensaladas frescas, pan y una salsa de man\u00ed holandesa casera exclusiva.   <\/p>\n<h2 class=\"p1\"><b>El regreso a Curazao<\/b><b><\/b><\/h2>\n<p class=\"p2\">Alrededor de las 3:00 p.m.*, el barco zarpa de regreso a Curazao, dejando atr\u00e1s la isla mientras navega por los vientos alisios y las corrientes. El viaje de regreso es tranquilo y relajado, por lo que es el momento perfecto para la hora feliz del capit\u00e1n. Disfrute de fruta fresca y su bebida favorita mientras el sol comienza a ponerse, reflexionando sobre el inolvidable d\u00eda que pas\u00f3 en Klein Cura\u00e7ao.  <\/p>\n","protected":false},"excerpt":{"rendered":"<p>El viaje de Curazao a Klein Curazao El viaje de Curazao a Klein Curazao dura aproximadamente 1 hora y 45 minutos en barco. Acom\u00f3dese en un banco sombreado, busque un lugar en las \u00e1reas de asientos al aire libre o est\u00edrese en la red en la parte delantera. Si elige la red, prep\u00e1rese para mojarse, [&hellip;]<\/p>\n","protected":false},"featured_media":61556,"comment_status":"closed","ping_status":"closed","template":"","meta":{"_acf_changed":false},"activity-source":[],"company-partner":[4258],"store":[],"product_brand":[],"product_cat":[466,3264,3256],"product_tag":[4261],"class_list":{"0":"post-61765","1":"product","2":"type-product","3":"status-publish","4":"has-post-thumbnail","6":"company-partner-partner","7":"product_cat-sin-categorizar","8":"product_cat-esnorquel","9":"product_cat-jan-thiel-es","10":"product_tag-producto-destacado","12":"first","13":"instock","14":"purchasable","15":"product-type-simple"},"acf":[],"_links":{"self":[{"href":"https:\/\/staging.curacaotodo.com\/es\/wp-json\/wp\/v2\/product\/61765","targetHints":{"allow":["GET"]}}],"collection":[{"href":"https:\/\/staging.curacaotodo.com\/es\/wp-json\/wp\/v2\/product"}],"about":[{"href":"https:\/\/staging.curacaotodo.com\/es\/wp-json\/wp\/v2\/types\/product"}],"replies":[{"embeddable":true,"href":"https:\/\/staging.curacaotodo.com\/es\/wp-json\/wp\/v2\/comments?post=61765"}],"wp:featuredmedia":[{"embeddable":true,"href":"https:\/\/staging.curacaotodo.com\/es\/wp-json\/wp\/v2\/media\/61556"}],"wp:attachment":[{"href":"https:\/\/staging.curacaotodo.com\/es\/wp-json\/wp\/v2\/media?parent=61765"}],"wp:term":[{"taxonomy":"activity-source","embeddable":true,"href":"https:\/\/staging.curacaotodo.com\/es\/wp-json\/wp\/v2\/activity-source?post=61765"},{"taxonomy":"company-partner","embeddable":true,"href":"https:\/\/staging.curacaotodo.com\/es\/wp-json\/wp\/v2\/company-partner?post=61765"},{"taxonomy":"store","embeddable":true,"href":"https:\/\/staging.curacaotodo.com\/es\/wp-json\/wp\/v2\/store?post=61765"},{"taxonomy":"product_brand","embeddable":true,"href":"https:\/\/staging.curacaotodo.com\/es\/wp-json\/wp\/v2\/product_brand?post=61765"},{"taxonomy":"product_cat","embeddable":true,"href":"https:\/\/staging.curacaotodo.com\/es\/wp-json\/wp\/v2\/product_cat?post=61765"},{"taxonomy":"product_tag","embeddable":true,"href":"https:\/\/staging.curacaotodo.com\/es\/wp-json\/wp\/v2\/product_tag?post=61765"}],"curies":[{"name":"wp","href":"https:\/\/api.w.org\/{rel}","templated":true}]}}