{"id":60196,"date":"2024-06-14T08:57:08","date_gmt":"2024-06-14T08:57:08","guid":{"rendered":"https:\/\/curacaotodo.com\/activity\/la-mejor-experiencia-de-excursion-de-un-dia-en-klein-curacao\/"},"modified":"2024-06-14T08:57:08","modified_gmt":"2024-06-14T12:57:08","slug":"la-mejor-experiencia-de-excursion-de-un-dia-en-klein-curacao","status":"publish","type":"product","link":"https:\/\/staging.curacaotodo.com\/es\/actividad\/la-mejor-experiencia-de-excursion-de-un-dia-en-klein-curacao\/","title":{"rendered":"La mejor experiencia de excursi\u00f3n de un d\u00eda en Klein Cura\u00e7ao"},"content":{"rendered":"<h2>Tarifas y precios<\/h2><h3>Aventura asequible para todos<\/h3><p>La excursi\u00f3n de un d\u00eda a <a href=\"https:\/\/staging.curacaotodo.com\/es\/klein-curacao\/\">Klein Cura\u00e7ao<\/a> tiene un precio razonable, lo que la hace accesible para todos. Estas son las tarifas actuales: <\/p><ul><li><strong>Adultos<\/strong>: USD 140 \/ EUR 130 \/ NAF 250<\/li><li><strong>Ni\u00f1os (4-12 a\u00f1os):<\/strong> USD 70 \/ EUR 65 \/ NAF 125<\/li><li><strong>Ni\u00f1os (0-3 a\u00f1os):<\/strong> Gratis<\/li><\/ul><p>Para los residentes de Curazao con una Sedula, hay una tarifa especial:<\/p><ul><li><strong>Residentes<\/strong>: USD 110 \/ EUR 100 \/ NAF 195<\/li><\/ul><p>Este precio incluye una variedad de comodidades para garantizar que tenga una experiencia memorable.<\/p><h2>\u00bfQu\u00e9 est\u00e1 incluido?<\/h2><h3>Paquete Todo Incluido<\/h3><p>El precio por persona cubre un paquete integral dise\u00f1ado para maximizar su disfrute y comodidad:<\/p><ul><li><strong>Desayuno: Comience<\/strong> el d\u00eda con una deliciosa comida para alimentar su aventura.<\/li><li><strong>Barra libre<\/strong>: Disfruta de refrescos y jugos ilimitados. Se puede comprar cerveza y vino. <\/li><li><strong>Almuerzo de barbacoa<\/strong>: Saboree una deliciosa barbacoa con pollo, costillas, hamburguesas, mazorcas de ma\u00edz, ensaladas y fruta fresca.<\/li><li><strong>Instalaciones de Beach House<\/strong>: Acceso a ba\u00f1os y ducha de agua dulce.<\/li><li><strong>Equipo de snorkel<\/strong>: Explore la belleza submarina con el uso gratuito del equipo de snorkel.<\/li><li><strong>Sillas de playa<\/strong>: Rel\u00e1jese en c\u00f3modas sillas de playa mientras toma el sol.<\/li><\/ul><h2>Servicios opcionales<\/h2><h3>Comodidad al alcance de su mano<\/h3><p>Por un cargo adicional, puede optar por un servicio de recogida y devoluci\u00f3n desde el \u00e1rea de <a href=\"https:\/\/staging.curacaotodo.com\/es\/areas\/jan-thiel\/\">Jan Thiel<\/a>, lo que garantiza un viaje sin problemas hacia y desde el barco.<\/p><h2>Es bueno saberlo<\/h2><h3>Informaci\u00f3n importante para una experiencia fluida<\/h3><ul><li><strong>Buceo<\/strong>: Este viaje incluye buceo para buzos experimentados y con licencia que traigan su propio equipo. \u00a1No olvides tu protector solar para protegerte del sol tropical! <\/li><\/ul><h2>\u00bfPor qu\u00e9 elegir CuracaoTodo.com?<\/h2><p>CuracaoTodo.com es el sitio web l\u00edder para los turistas que buscan las mejores <a href=\"https:\/\/staging.curacaotodo.com\/es\/actividades\/\">actividades<\/a> e informaci\u00f3n sobre Curazao. Ya sea que est\u00e9 planeando su primer viaje o regrese para otra visita, CuracaoTodo.com ofrece gu\u00edas, consejos y recomendaciones detalladas para que su estad\u00eda sea inolvidable. <\/p><h2>\u00a1Planifique su viaje hoy!<\/h2><p>No te pierdas esta incre\u00edble excursi\u00f3n de un d\u00eda a Klein Cura\u00e7ao. Reserva ahora a trav\u00e9s de CuracaoTodo.com y emb\u00e1rcate en una aventura llena de sol, mar y recuerdos inolvidables. \u00a1Visite nuestro sitio web para obtener m\u00e1s detalles y reservar su lugar hoy!  <\/p>","protected":false},"excerpt":{"rendered":"<p>Una de las actividades imprescindibles es una excursi\u00f3n de un d\u00eda a Klein Cura\u00e7ao, una isla paradis\u00edaca deshabitada ubicada a un corto viaje en bote. Este viaje es perfecto tanto para los buscadores de aventuras como para aquellos que buscan relajarse en playas v\u00edrgenes. <\/p>\n","protected":false},"featured_media":23050,"comment_status":"open","ping_status":"closed","template":"","meta":{"_acf_changed":false},"activity-source":[],"company-partner":[],"store":[],"product_brand":[],"product_cat":[3275],"product_tag":[4229],"class_list":{"0":"post-60196","1":"product","2":"type-product","3":"status-publish","4":"has-post-thumbnail","6":"product_cat-klein-curacao-es","7":"product_tag-klein-curazao","9":"first","10":"instock","11":"shipping-taxable","12":"product-type-simple"},"acf":[],"_links":{"self":[{"href":"https:\/\/staging.curacaotodo.com\/es\/wp-json\/wp\/v2\/product\/60196","targetHints":{"allow":["GET"]}}],"collection":[{"href":"https:\/\/staging.curacaotodo.com\/es\/wp-json\/wp\/v2\/product"}],"about":[{"href":"https:\/\/staging.curacaotodo.com\/es\/wp-json\/wp\/v2\/types\/product"}],"replies":[{"embeddable":true,"href":"https:\/\/staging.curacaotodo.com\/es\/wp-json\/wp\/v2\/comments?post=60196"}],"wp:featuredmedia":[{"embeddable":true,"href":"https:\/\/staging.curacaotodo.com\/es\/wp-json\/wp\/v2\/media\/23050"}],"wp:attachment":[{"href":"https:\/\/staging.curacaotodo.com\/es\/wp-json\/wp\/v2\/media?parent=60196"}],"wp:term":[{"taxonomy":"activity-source","embeddable":true,"href":"https:\/\/staging.curacaotodo.com\/es\/wp-json\/wp\/v2\/activity-source?post=60196"},{"taxonomy":"company-partner","embeddable":true,"href":"https:\/\/staging.curacaotodo.com\/es\/wp-json\/wp\/v2\/company-partner?post=60196"},{"taxonomy":"store","embeddable":true,"href":"https:\/\/staging.curacaotodo.com\/es\/wp-json\/wp\/v2\/store?post=60196"},{"taxonomy":"product_brand","embeddable":true,"href":"https:\/\/staging.curacaotodo.com\/es\/wp-json\/wp\/v2\/product_brand?post=60196"},{"taxonomy":"product_cat","embeddable":true,"href":"https:\/\/staging.curacaotodo.com\/es\/wp-json\/wp\/v2\/product_cat?post=60196"},{"taxonomy":"product_tag","embeddable":true,"href":"https:\/\/staging.curacaotodo.com\/es\/wp-json\/wp\/v2\/product_tag?post=60196"}],"curies":[{"name":"wp","href":"https:\/\/api.w.org\/{rel}","templated":true}]}}