{"id":60195,"date":"2024-06-14T08:56:04","date_gmt":"2024-06-14T08:56:04","guid":{"rendered":"https:\/\/curacaotodo.com\/activity\/descubre-la-mejor-excursion-de-un-dia-con-mermaid-boat-tours-en-curazao\/"},"modified":"2024-06-14T08:56:04","modified_gmt":"2024-06-14T12:56:04","slug":"descubre-la-mejor-excursion-de-un-dia-con-mermaid-boat-tours-en-curazao","status":"publish","type":"product","link":"https:\/\/staging.curacaotodo.com\/es\/actividad\/descubre-la-mejor-excursion-de-un-dia-con-mermaid-boat-tours-en-curazao\/","title":{"rendered":"Descubre la mejor excursi\u00f3n de un d\u00eda con Mermaid Boat Tours en Curazao"},"content":{"rendered":"<h2>\u00bfPor qu\u00e9 elegir Mermaid Boat Tours?<\/h2><p>Mermaid Boat Tours es famoso por brindar un servicio de primer nivel y experiencias memorables. Saliendo todas las ma\u00f1anas (excepto los s\u00e1bados) a las 6:45 am desde el muelle de pescadores, este tour est\u00e1 dise\u00f1ado para brindarle un d\u00eda completo de diversi\u00f3n y relajaci\u00f3n en las playas v\u00edrgenes de <a href=\"https:\/\/staging.curacaotodo.com\/es\/klein-curacao\/\">Klein Cura\u00e7ao<\/a>. <\/p><h2>Reserva tu viaje<\/h2><p>Hacer una reserva es sencillo. Complete el formulario de reserva con precisi\u00f3n, y para cualquier duda o informaci\u00f3n adicional, puede llamar o WhatsApp +(5999) 560 1530. <\/p><h3>Detalles de la reserva<\/h3><ul><li><strong>Fecha de viaje:<\/strong> Selecciona la fecha de tu viaje.<\/li><li><strong>Adultos:<\/strong> USD 140.00 \/ EUR 130.00 \/ NAF 250.00 por persona<\/li><li><strong>Ni\u00f1os (de 4 a 12 a\u00f1os):<\/strong> USD 70.00 \/ EUR 65.00 \/ NAF 125.00 por ni\u00f1o<\/li><li><strong>Ni\u00f1os (0-3 a\u00f1os):<\/strong> Gratis<\/li><\/ul><p>Utilice cualquier c\u00f3digo de promoci\u00f3n durante la reserva para aprovechar los descuentos.<\/p><h2>\u00bfQu\u00e9 est\u00e1 incluido en el precio?<\/h2><p>Cuando reserva con Mermaid Boat Tours, obtiene una excelente relaci\u00f3n calidad-precio. Esto es lo que est\u00e1 incluido en el precio: <\/p><ul><li><strong>Desayuno:<\/strong> Comience bien el d\u00eda con un abundante desayuno.<\/li><li><strong>Barra libre:<\/strong> Disfruta de refrescos y jugos ilimitados. Se puede comprar cerveza y vino. <\/li><li><strong>Almuerzo de barbacoa:<\/strong> Disfrute de una deliciosa barbacoa con pollo, costillas, hamburguesas, mazorcas de ma\u00edz, ensaladas y frutas.<\/li><li><strong>Acceso a la casa de playa:<\/strong> Uso de ba\u00f1os y duchas de agua dulce en la casa de la playa.<\/li><li><strong>Equipo de snorkel:<\/strong> Explore el mundo submarino con el equipo de snorkel provisto.<\/li><li><strong>Sillas de playa:<\/strong> Rel\u00e1jese c\u00f3modamente con las sillas de playa de cortes\u00eda.<\/li><\/ul><h3>Servicios opcionales<\/h3><p>Para su comodidad, hay disponible un servicio de recogida y devoluci\u00f3n.<\/p><h2>Es bueno saberlo<\/h2><p>Si bien el buceo est\u00e1 incluido en el precio, es importante tener en cuenta que debe ser un buceador experimentado y con licencia. Adem\u00e1s, debe traer su propio equipo de buceo. \u00a1Y no olvides empacar tu protector solar!  <\/p><h2>Experimente Klein Cura\u00e7ao<\/h2><p>Klein Cura\u00e7ao es una peque\u00f1a isla deshabitada conocida por sus impresionantes playas de arena blanca y aguas cristalinas. Es el lugar perfecto para bucear, bucear o simplemente tomar el sol. El Mermaid Boat Tour ofrece un d\u00eda completo en esta isla paradis\u00edaca, lo que garantiza que tenga mucho tiempo para explorar y disfrutar.  <\/p><h2>Planifica tu d\u00eda<\/h2><p>Al llegar a Klein Cura\u00e7ao, puede comenzar el d\u00eda con una refrescante sesi\u00f3n de ba\u00f1o o snorkel. Las aguas cristalinas de la isla est\u00e1n repletas de vibrante vida marina, lo que la convierte en el sue\u00f1o de un buceador. Despu\u00e9s de abrir el apetito, regrese a la casa de la playa para disfrutar de un suntuoso almuerzo de barbacoa.  <\/p><p>Por la tarde, puede dar un paseo tranquilo hasta el faro hist\u00f3rico o el naufragio de la isla, ambos ofrecen excelentes oportunidades para tomar fotograf\u00edas. Ya sea que elija bucear, bucear o simplemente relajarse en la playa, el d\u00eda es suyo para disfrutar. <\/p><h2>Conclusi\u00f3n<\/h2><p>Para una excursi\u00f3n de un d\u00eda inolvidable, Mermaid Boat Tours to Klein Cura\u00e7ao es una excelente opci\u00f3n. Aseg\u00farese de reservar su viaje a trav\u00e9s de Cura\u00e7aoTodo.com, su fuente confiable para todo lo relacionado con Curazao. Con informaci\u00f3n detallada y opciones de reserva sencillas, Cura\u00e7aoTodo le garantiza la mejor experiencia de viaje en la isla.  <\/p><p>Por lo tanto, empaque su protector solar, tome su equipo de snorkel y prep\u00e1rese para un d\u00eda de aventura y relajaci\u00f3n con Mermaid Boat Tours.<\/p>","protected":false},"excerpt":{"rendered":"<h2><\/h2>\n<p>Bienvenido a Cura\u00e7aoTodo.com, su fuente de referencia para obtener la informaci\u00f3n m\u00e1s completa y mejor para los turistas en la isla de Curazao. Hoy, nos complace presentarle una aventura inolvidable: el tour en barco de sirenas a Klein Cura\u00e7ao. Este tour promete un d\u00eda lleno de sol, mar y arena, junto con muchas actividades para mantenerte entretenido.  <\/p>\n","protected":false},"featured_media":23044,"comment_status":"open","ping_status":"closed","template":"","meta":{"_acf_changed":false},"activity-source":[],"company-partner":[],"store":[],"product_brand":[],"product_cat":[466,3275],"product_tag":[4229],"class_list":{"0":"post-60195","1":"product","2":"type-product","3":"status-publish","4":"has-post-thumbnail","6":"product_cat-sin-categorizar","7":"product_cat-klein-curacao-es","8":"product_tag-klein-curazao","10":"first","11":"instock","12":"shipping-taxable","13":"product-type-simple"},"acf":[],"_links":{"self":[{"href":"https:\/\/staging.curacaotodo.com\/es\/wp-json\/wp\/v2\/product\/60195","targetHints":{"allow":["GET"]}}],"collection":[{"href":"https:\/\/staging.curacaotodo.com\/es\/wp-json\/wp\/v2\/product"}],"about":[{"href":"https:\/\/staging.curacaotodo.com\/es\/wp-json\/wp\/v2\/types\/product"}],"replies":[{"embeddable":true,"href":"https:\/\/staging.curacaotodo.com\/es\/wp-json\/wp\/v2\/comments?post=60195"}],"wp:featuredmedia":[{"embeddable":true,"href":"https:\/\/staging.curacaotodo.com\/es\/wp-json\/wp\/v2\/media\/23044"}],"wp:attachment":[{"href":"https:\/\/staging.curacaotodo.com\/es\/wp-json\/wp\/v2\/media?parent=60195"}],"wp:term":[{"taxonomy":"activity-source","embeddable":true,"href":"https:\/\/staging.curacaotodo.com\/es\/wp-json\/wp\/v2\/activity-source?post=60195"},{"taxonomy":"company-partner","embeddable":true,"href":"https:\/\/staging.curacaotodo.com\/es\/wp-json\/wp\/v2\/company-partner?post=60195"},{"taxonomy":"store","embeddable":true,"href":"https:\/\/staging.curacaotodo.com\/es\/wp-json\/wp\/v2\/store?post=60195"},{"taxonomy":"product_brand","embeddable":true,"href":"https:\/\/staging.curacaotodo.com\/es\/wp-json\/wp\/v2\/product_brand?post=60195"},{"taxonomy":"product_cat","embeddable":true,"href":"https:\/\/staging.curacaotodo.com\/es\/wp-json\/wp\/v2\/product_cat?post=60195"},{"taxonomy":"product_tag","embeddable":true,"href":"https:\/\/staging.curacaotodo.com\/es\/wp-json\/wp\/v2\/product_tag?post=60195"}],"curies":[{"name":"wp","href":"https:\/\/api.w.org\/{rel}","templated":true}]}}