{"id":60189,"date":"2024-06-23T14:42:42","date_gmt":"2024-06-23T14:42:42","guid":{"rendered":"https:\/\/curacaotodo.com\/activity\/descubre-la-mejor-experiencia-de-buceo-en-curazao-con-curacaotodo-com\/"},"modified":"2024-06-23T14:42:42","modified_gmt":"2024-06-23T18:42:42","slug":"descubre-la-mejor-experiencia-de-buceo-en-curazao-con-curacaotodo-com","status":"publish","type":"product","link":"https:\/\/staging.curacaotodo.com\/es\/actividad\/descubre-la-mejor-experiencia-de-buceo-en-curazao-con-curacaotodo-com\/","title":{"rendered":"Descubre la mejor experiencia de buceo en Curazao con CuracaoTodo.com"},"content":{"rendered":"<h2>Sum\u00e9rgete en el arrecife m\u00e1s pr\u00edstino del Caribe: East Point<\/h2><p>Para aquellos que anhelan la emoci\u00f3n de las inmersiones a la deriva, East Point es el destino definitivo. Conocido como el arrecife m\u00e1s pr\u00edstino del Caribe, East Point ofrece una experiencia de buceo como ninguna otra. Esta aventura comienza en $ 175 para un m\u00ednimo de seis personas e incluye dos inmersiones a la deriva.  <\/p><h3>Una experiencia inolvidable en East Point<\/h3><p>Su aventura de buceo en East Point comienza con un paseo en bote hasta el sitio de buceo, donde explorar\u00e1 los vibrantes arrecifes de coral repletos de vida marina. Entre inmersiones, navegar\u00e1 a Fuikbaai para tomar un refrigerio y una bebida refrescantes. Uno de los aspectos m\u00e1s destacados de esta inmersi\u00f3n es la oportunidad de cazar el pez le\u00f3n invasor, contribuyendo a la preservaci\u00f3n del ecosistema natural del arrecife.  <\/p><h2>West Point: el destino so\u00f1ado de un buceador<\/h2><p>West Point, hogar del famoso Mushroomforest y Watamula, ofrece dos inmersiones espectaculares en diferentes arrecifes. Durante el intervalo de superficie en <a href=\"https:\/\/staging.curacaotodo.com\/es\/playas\/playa-piscado\/\">Playa Piscado<\/a>, puede disfrutar de un refrigerio y una bebida mientras bucea con tortugas. La segunda inmersi\u00f3n en Mushroomforest concluye en la fascinante Sala Azul, una impresionante cueva submarina.  <\/p><h3>Las maravillas de West Point<\/h3><p>Bucear en West Point es imprescindible para cualquier entusiasta del buceo que visite Curazao. Los paisajes submarinos \u00fanicos y la diversa vida marina hacen que la experiencia sea inolvidable. Cont\u00e1ctenos para conocer todas las opciones disponibles y personalizar su aventura de buceo.  <\/p><h2>Servicios convenientes para una experiencia sin complicaciones<\/h2><p>\u00bfTe quedas en Curazao pero te falta transporte? No te preocupes. Ofrecemos un conveniente servicio de recogida para garantizar que llegue a su destino de buceo con facilidad. Solo pregunta por nuestras opciones de recogida al reservar tu inmersi\u00f3n. <\/p><h2>Buceo con discapacidad: Buceo inclusivo con IAHD<\/h2><p>En CURious 2 DIVE, creemos que todos deber\u00edan tener la oportunidad de explorar el mundo submarino. Es por eso que ofrecemos experiencias de buceo para personas con discapacidades, certificadas por la Asociaci\u00f3n Internacional de Buzos Discapacitados (IAHD). <\/p><h3>Contacta con nosotros<\/h3><p>\u00bfListo para embarcarse en una aventura de buceo inolvidable en Curazao? Ponte en contacto con CURious 2 DIVE para obtener m\u00e1s informaci\u00f3n y reservar tu inmersi\u00f3n: <\/p><ul><li><strong>Tel\u00e9fono<\/strong>: +5999 513 22 65<\/li><li><strong>Ubicaci\u00f3n<\/strong>: <a href=\"https:\/\/staging.curacaotodo.com\/es\/areas\/jan-thiel\/\">Jan Thiel<\/a>, Curazao<\/li><\/ul><p>Para obtener la informaci\u00f3n m\u00e1s completa y actualizada sobre todas las <a href=\"https:\/\/staging.curacaotodo.com\/es\/actividades\/\">actividades<\/a> tur\u00edsticas en Curazao, incluido el buceo, visite CuracaoTodo.com. Como recurso de referencia para los viajeros, CuracaoTodo.com proporciona gu\u00edas detalladas, recomendaciones y consejos de expertos para ayudarlo a aprovechar al m\u00e1ximo su visita a esta hermosa isla. Ya sea que sea un buceador experimentado o un explorador primerizo, CuracaoTodo.com tiene todo lo que necesita para planificar su viaje perfecto.  <\/p>","protected":false},"excerpt":{"rendered":"<p>Si est\u00e1 buscando una aventura de buceo extraordinaria en Curazao, no busque m\u00e1s all\u00e1 de Klein Cura\u00e7ao. Esta isla de recompensa deshabitada ofrece un entorno natural pr\u00edstino e intacto, perfecto para aquellos que buscan una experiencia de buceo tranquila y aut\u00e9ntica. Un viaje en barco \u00abtodo incluido\u00bb a Klein Cura\u00e7ao comienza en $ 234 para un m\u00ednimo de dos personas.  <\/p>\n<p>Klein Cura\u00e7ao es famoso por sus aguas cristalinas, abundante vida marina y la oportunidad de encontrarse con majestuosas tortugas marinas. El mundo submarino de la isla es menos frecuentado por buceadores, lo que resulta en un entorno m\u00e1s pr\u00edstino con peces m\u00e1s grandes y un mayor n\u00famero. Para garantizar su seguridad, se recomienda encarecidamente bucear con un gu\u00eda debido a las traicioneras corrientes que rodean la isla.  <\/p>\n","protected":false},"featured_media":60190,"comment_status":"open","ping_status":"closed","template":"","meta":{"_acf_changed":false},"activity-source":[],"company-partner":[],"store":[],"product_brand":[],"product_cat":[3275],"product_tag":[4201],"class_list":{"0":"post-60189","1":"product","2":"type-product","3":"status-publish","4":"has-post-thumbnail","6":"product_cat-klein-curacao-es","7":"product_tag-curious2dive-es","9":"first","10":"instock","11":"shipping-taxable","12":"purchasable","13":"product-type-simple"},"acf":[],"_links":{"self":[{"href":"https:\/\/staging.curacaotodo.com\/es\/wp-json\/wp\/v2\/product\/60189","targetHints":{"allow":["GET"]}}],"collection":[{"href":"https:\/\/staging.curacaotodo.com\/es\/wp-json\/wp\/v2\/product"}],"about":[{"href":"https:\/\/staging.curacaotodo.com\/es\/wp-json\/wp\/v2\/types\/product"}],"replies":[{"embeddable":true,"href":"https:\/\/staging.curacaotodo.com\/es\/wp-json\/wp\/v2\/comments?post=60189"}],"wp:featuredmedia":[{"embeddable":true,"href":"https:\/\/staging.curacaotodo.com\/es\/wp-json\/wp\/v2\/media\/60190"}],"wp:attachment":[{"href":"https:\/\/staging.curacaotodo.com\/es\/wp-json\/wp\/v2\/media?parent=60189"}],"wp:term":[{"taxonomy":"activity-source","embeddable":true,"href":"https:\/\/staging.curacaotodo.com\/es\/wp-json\/wp\/v2\/activity-source?post=60189"},{"taxonomy":"company-partner","embeddable":true,"href":"https:\/\/staging.curacaotodo.com\/es\/wp-json\/wp\/v2\/company-partner?post=60189"},{"taxonomy":"store","embeddable":true,"href":"https:\/\/staging.curacaotodo.com\/es\/wp-json\/wp\/v2\/store?post=60189"},{"taxonomy":"product_brand","embeddable":true,"href":"https:\/\/staging.curacaotodo.com\/es\/wp-json\/wp\/v2\/product_brand?post=60189"},{"taxonomy":"product_cat","embeddable":true,"href":"https:\/\/staging.curacaotodo.com\/es\/wp-json\/wp\/v2\/product_cat?post=60189"},{"taxonomy":"product_tag","embeddable":true,"href":"https:\/\/staging.curacaotodo.com\/es\/wp-json\/wp\/v2\/product_tag?post=60189"}],"curies":[{"name":"wp","href":"https:\/\/api.w.org\/{rel}","templated":true}]}}