{"id":59997,"date":"2024-06-14T09:46:49","date_gmt":"2024-06-14T09:46:49","guid":{"rendered":"https:\/\/curacaotodo.com\/activity\/experimente-la-magia-del-buceo-nocturno-fluorescente-en-curazao-2\/"},"modified":"2024-06-14T09:46:49","modified_gmt":"2024-06-14T13:46:49","slug":"experimente-la-magia-del-buceo-nocturno-fluorescente-en-curazao-2","status":"publish","type":"product","link":"https:\/\/staging.curacaotodo.com\/es\/actividad\/experimente-la-magia-del-buceo-nocturno-fluorescente-en-curazao-2\/","title":{"rendered":"Experimente la magia del buceo nocturno fluorescente en Curazao"},"content":{"rendered":"<div class=\"flex-1 overflow-hidden\"><div class=\"h-full overflow-auto bg-token-main-surface-primary\"><div class=\"flex flex-col text-sm pt-2 md:pb-9\"><div class=\"w-full text-token-text-primary\" dir=\"auto\" data-testid=\"conversation-turn-3\" data-scroll-anchor=\"true\"><div class=\"py-2 juice:py-[18px] px-3 text-base md:px-4 m-auto\"><div class=\"mx-auto flex flex-1 gap-3 text-base juice:gap-4 juice:md:gap-5 juice:lg:gap-6 md:max-w-3xl lg:max-w-[40rem] xl:max-w-[48rem]\"><div class=\"group\/conversation-turn relative flex w-full min-w-0 flex-col agent-turn\"><div class=\"flex-col gap-1 md:gap-3\"><div class=\"flex flex-grow flex-col max-w-full\"><div class=\"min-h-[20px] text-message flex flex-col items-start whitespace-pre-wrap break-words [.text-message+&amp;]:mt-5 juice:w-full juice:items-end overflow-x-auto gap-2\" dir=\"auto\" data-message-author-role=\"assistant\" data-message-id=\"ed3c7450-89be-4262-bc56-015ecf067658\"><div class=\"flex w-full flex-col gap-1 juice:empty:hidden juice:first:pt-[3px]\"><div class=\"markdown prose w-full break-words dark:prose-invert light\"><h2>\u00bfPor qu\u00e9 probar el buceo nocturno fluorescente en Curazao?<\/h2><h3>Una experiencia psicod\u00e9lica<\/h3><p>Si buscas una aventura submarina alucinante y psicod\u00e9lica, el buceo nocturno fluorescente es la elecci\u00f3n perfecta. Con luces de buceo UV y filtros de m\u00e1scara amarillos, el mundo submarino se transforma en un espect\u00e1culo brillante, ofreciendo una experiencia completamente diferente al buceo nocturno tradicional. Esta es una oportunidad fant\u00e1stica para que los buceadores que ya se sienten c\u00f3modos con las inmersiones nocturnas exploren el arrecife de una manera nueva y emocionante.  <\/p><h3>Condiciones ideales para bucear<\/h3><p>Curazao es famoso por sus aguas cristalinas y su rica biodiversidad marina, lo que lo convierte en un lugar ideal para el buceo nocturno fluorescente. Los arrecifes de la isla, de f\u00e1cil acceso desde varios resorts como LionsDive Beach Resort y Sunscape Cura\u00e7ao Resort, brindan el tel\u00f3n de fondo perfecto para esta experiencia de buceo \u00fanica. <\/p><h2>Qu\u00e9 esperar<\/h2><h3>Duraci\u00f3n y requisitos<\/h3><p>Las sesiones de buceo nocturno fluorescente suelen durar alrededor de 2 horas, de 18:30 a 20:30. Esta inmersi\u00f3n se recomienda para buceadores certificados que ya se sienten c\u00f3modos con el buceo nocturno. Se requiere una certificaci\u00f3n m\u00ednima de aguas abiertas, y los grupos deben estar formados por al menos dos buzos.  <\/p><h3>Qu\u00e9 est\u00e1 incluido<\/h3><ul><li><strong>Pesos y tanque:<\/strong> Est\u00e1n disponibles tanques DIN y Yoke.<\/li><li><strong>Filtro y luz de buceo UV:<\/strong> Equipo especializado para mejorar tu experiencia de buceo.<\/li><li><strong>Tr\u00e1nsito del resort:<\/strong> Transporte conveniente desde LionsDive y Sunscape Resort, solo aseg\u00farese de estar listo 15 minutos antes de la salida.<\/li><li><strong>Fotos y videos profesionales:<\/strong> Captura tu inmersi\u00f3n con im\u00e1genes de alta calidad disponibles de fot\u00f3grafos especializados, a partir de 20 d\u00f3lares.<\/li><\/ul><h2>Preguntas frecuentes sobre el buceo nocturno con fluorescencia<\/h2><h3>\u00bfNecesito una certificaci\u00f3n de buceo nocturno?<\/h3><p>Si bien no es obligatorio tener una certificaci\u00f3n de buceo nocturno, la capacitaci\u00f3n adecuada puede mejorar su experiencia. Aprender\u00e1 a <a href=\"https:\/\/staging.curacaotodo.com\/es\/actividades-acuaticas\/sailing\/\">navegar<\/a> en la oscuridad, descubrir\u00e1 d\u00f3nde pasan el rato las criaturas nocturnas y obtendr\u00e1 valiosos consejos de su instructor. <\/p><h3>\u00bfPueden los buceadores de aguas abiertas bucear de noche?<\/h3><p>S\u00ed, los buceadores de aguas abiertas pueden participar en inmersiones nocturnas. Sin embargo, se recomienda tomar el curso PADI Night Diver Specialty para que tu primera inmersi\u00f3n nocturna sea m\u00e1s agradable y segura. <\/p><h3>\u00bfQu\u00e9 hace que el buceo nocturno fluorescente sea diferente?<\/h3><p>El buceo nocturno fluorescente es diferente a cualquier otra experiencia de buceo. El uso de luces UV revela la belleza oculta del mundo submarino, haciendo que la vida marina brille con colores impresionantes que son invisibles en condiciones normales de iluminaci\u00f3n. <\/p><h2>Reserva tu inmersi\u00f3n<\/h2><p>\u00bfListo para embarcarte en esta aventura inolvidable? Consulta la disponibilidad y \u00fanete a nosotros para una inmersi\u00f3n nocturna fluorescente en Curazao. Visite CuracaoTodo.com para obtener la mejor informaci\u00f3n y consejos para los turistas en la isla. Descubra por qu\u00e9 Curazao es un destino principal para los buceadores y experimente la magia del mundo submarino como nunca antes.   <\/p><p>\u00a1Sum\u00e9rgete en una experiencia submarina psicod\u00e9lica y haz que tu pr\u00f3xima inmersi\u00f3n nocturna sea inolvidable!<\/p><\/div><\/div><\/div><\/div><\/div><\/div><\/div><\/div><\/div><\/div><\/div><\/div>","protected":false},"excerpt":{"rendered":"<p>Sum\u00e9rgete en una aventura submarina de otro mundo con buceo nocturno fluorescente en Curazao. Conocido por su vibrante vida marina y sus impresionantes arrecifes de coral, Curazao ofrece una experiencia \u00fanica y psicod\u00e9lica para buceadores certificados. Esta actividad, disponible en varios centros de buceo, incluido Ocean Encounters, es una visita obligada para aquellos que buscan ver el oc\u00e9ano bajo una luz completamente nueva.  <\/p>\n<p>El buceo nocturno fluorescente, tambi\u00e9n conocido como buceo fluorescente o buceo luminoso, implica el uso de luces de buceo UV especiales y filtros de m\u00e1scara para observar la fluorescencia de la vida marina. A diferencia de la fosforescencia, que almacena luz y la vuelve a emitir con el tiempo, la fluorescencia absorbe la luz de alta energ\u00eda y la vuelve a emitir como luz de baja energ\u00eda, creando una espectacular exhibici\u00f3n de colores brillantes. Bajo estas luces ultravioleta, los corales y las criaturas que quiz\u00e1s te hayas perdido durante el d\u00eda cobran vida en tonos brillantes de rosa, verde y azul.  <\/p>\n","protected":false},"featured_media":23163,"comment_status":"open","ping_status":"closed","template":"","meta":{"_acf_changed":false},"activity-source":[],"company-partner":[],"store":[],"product_brand":[],"product_cat":[3278,3287,2735],"product_tag":[4193],"class_list":{"0":"post-59997","1":"product","2":"type-product","3":"status-publish","4":"has-post-thumbnail","6":"product_cat-buceo","7":"product_cat-cursos-de-buceo","8":"product_cat-playa-del-mambo","9":"product_tag-oceanencounters-es","11":"first","12":"instock","13":"shipping-taxable","14":"purchasable","15":"product-type-simple"},"acf":[],"_links":{"self":[{"href":"https:\/\/staging.curacaotodo.com\/es\/wp-json\/wp\/v2\/product\/59997","targetHints":{"allow":["GET"]}}],"collection":[{"href":"https:\/\/staging.curacaotodo.com\/es\/wp-json\/wp\/v2\/product"}],"about":[{"href":"https:\/\/staging.curacaotodo.com\/es\/wp-json\/wp\/v2\/types\/product"}],"replies":[{"embeddable":true,"href":"https:\/\/staging.curacaotodo.com\/es\/wp-json\/wp\/v2\/comments?post=59997"}],"wp:featuredmedia":[{"embeddable":true,"href":"https:\/\/staging.curacaotodo.com\/es\/wp-json\/wp\/v2\/media\/23163"}],"wp:attachment":[{"href":"https:\/\/staging.curacaotodo.com\/es\/wp-json\/wp\/v2\/media?parent=59997"}],"wp:term":[{"taxonomy":"activity-source","embeddable":true,"href":"https:\/\/staging.curacaotodo.com\/es\/wp-json\/wp\/v2\/activity-source?post=59997"},{"taxonomy":"company-partner","embeddable":true,"href":"https:\/\/staging.curacaotodo.com\/es\/wp-json\/wp\/v2\/company-partner?post=59997"},{"taxonomy":"store","embeddable":true,"href":"https:\/\/staging.curacaotodo.com\/es\/wp-json\/wp\/v2\/store?post=59997"},{"taxonomy":"product_brand","embeddable":true,"href":"https:\/\/staging.curacaotodo.com\/es\/wp-json\/wp\/v2\/product_brand?post=59997"},{"taxonomy":"product_cat","embeddable":true,"href":"https:\/\/staging.curacaotodo.com\/es\/wp-json\/wp\/v2\/product_cat?post=59997"},{"taxonomy":"product_tag","embeddable":true,"href":"https:\/\/staging.curacaotodo.com\/es\/wp-json\/wp\/v2\/product_tag?post=59997"}],"curies":[{"name":"wp","href":"https:\/\/api.w.org\/{rel}","templated":true}]}}