{"id":59996,"date":"2024-06-14T09:42:42","date_gmt":"2024-06-14T13:42:42","guid":{"rendered":"https:\/\/curacaotodo.com\/activity\/experiencia-de-buceo-con-pez-leon-en-curazao\/"},"modified":"2024-06-14T09:42:42","modified_gmt":"2024-06-14T13:42:42","slug":"experiencia-de-buceo-con-pez-leon-en-curazao","status":"publish","type":"product","link":"https:\/\/staging.curacaotodo.com\/es\/actividad\/experiencia-de-buceo-con-pez-leon-en-curazao\/","title":{"rendered":"Experiencia de buceo con pez le\u00f3n en Curazao"},"content":{"rendered":"<h2>Entendiendo la invasi\u00f3n del pez le\u00f3n<\/h2><h3>La amenaza ecol\u00f3gica<\/h3><p>El pez le\u00f3n, un depredador llamativo pero voraz, representa una amenaza significativa para los arrecifes de coral del Caribe. Estos peces invasores superan a las especies nativas por alimento y h\u00e1bitat, lo que lleva a reducciones dr\u00e1sticas en las poblaciones de peces nativos. Seg\u00fan la Fundaci\u00f3n de Educaci\u00f3n Ambiental de Arrecifes, un solo pez le\u00f3n puede consumir m\u00e1s de 70 especies de peces e invertebrados, devorando hasta 460,000 peces por acre por a\u00f1o. Esta depredaci\u00f3n descontrolada ha llevado a que el pez le\u00f3n comprenda hasta la mitad de la biomasa de depredadores en algunas \u00e1reas, lo que hace que su eliminaci\u00f3n sea fundamental para la salud de los ecosistemas de arrecifes.   <\/p><h3>La soluci\u00f3n: la caza del pez le\u00f3n<\/h3><p>Una estrategia efectiva para controlar la poblaci\u00f3n de pez le\u00f3n es a trav\u00e9s de la caza selectiva con lanzas de p\u00e9rtiga. Este m\u00e9todo es especialmente popular en Curazao, donde otros tipos de pesca submarina est\u00e1n restringidos. Al eliminar el pez le\u00f3n adulto de los arrecifes, los buzos pueden ayudar a mitigar el da\u00f1o ecol\u00f3gico causado por estos depredadores.  <\/p><h2>La experiencia de buceo del pez le\u00f3n<\/h2><h3>Bucear con un prop\u00f3sito<\/h3><p>Ya sea que se hospede en LionsDive Beach Resort, Sunscape Cura\u00e7ao Resort o en cualquier otro alojamiento de la isla, la experiencia de buceo Lionfish en Ocean Encounters ofrece la oportunidad de tener un impacto positivo. Este programa incluye una breve introducci\u00f3n a la invasi\u00f3n del pez le\u00f3n, instrucciones de seguridad para manipular y arponear el pez le\u00f3n, y una inmersi\u00f3n guiada para cazar estos peces invasores. <\/p><h3>Qu\u00e9 esperar<\/h3><p><strong>Presentaci\u00f3n y pr\u00e1ctica de tiro:<\/strong> La experiencia comienza con una presentaci\u00f3n sobre la invasi\u00f3n del pez le\u00f3n y la pr\u00e1ctica de tiro al blanco para garantizar que los participantes puedan pescar pez le\u00f3n de manera segura y efectiva.<\/p><p><strong>Aventura de buceo:<\/strong> Despu\u00e9s de la sesi\u00f3n de pr\u00e1ctica, los buzos abordan uno de los botes de buceo personalizados de Ocean Encounters y se dirigen al arrecife. Con la gu\u00eda de Dive Masters profesionales, los participantes cazan peces le\u00f3n, ayudando a proteger el arrecife mientras disfrutan de una emocionante inmersi\u00f3n. <\/p><p><strong>Sashimi fresco a bordo:<\/strong> Una vez de vuelta a bordo, los Dive Masters demuestran c\u00f3mo limar y preparar cuidadosamente el pez le\u00f3n. Los participantes pueden disfrutar de sashimi fresco de pez le\u00f3n durante el viaje de regreso a la tienda de buceo. <\/p><h3>Ofertas adicionales<\/h3><p>Ocean Encounters ofrece fotos profesionales durante la inmersi\u00f3n, capturando su aventura submarina en im\u00e1genes de alta calidad. Aseg\u00farese de reservar con anticipaci\u00f3n para garantizar la disponibilidad. <\/p><h2>Informaci\u00f3n pr\u00e1ctica<\/h2><p><strong>Incluido en el precio:<\/strong><\/p><ul><li>Presentaci\u00f3n y pr\u00e1ctica de tiro<\/li><li>Pesas y un tanque (conexiones DIN y yugo disponibles)<\/li><li>Transporte desde los muelles de LionsDive y Sunscape Resort<\/li><\/ul><p><strong>Fotos profesionales:<\/strong> Disponible desde $ 20, con fot\u00f3grafos especializados que brindan im\u00e1genes de alta calidad de su experiencia de buceo.<\/p><h2>\u00bfPor qu\u00e9 elegir la experiencia de buceo con pez le\u00f3n?<\/h2><p>Participar en la experiencia de buceo Lionfish es m\u00e1s que una simple inmersi\u00f3n; es una oportunidad para contribuir a la conservaci\u00f3n de los preciosos entornos marinos de Curazao. Al ayudar a controlar la poblaci\u00f3n de pez le\u00f3n, los buzos apoyan la salud de los arrecifes de coral, asegurando que contin\u00faen prosperando para las generaciones futuras. <\/p><p>Para obtener la mayor y mejor informaci\u00f3n sobre esta y otras <a href=\"https:\/\/staging.curacaotodo.com\/es\/actividades\/\">actividades<\/a> en Curazao, visite CuracaoTodo.com. Ya sea que sea un buceador experimentado o nuevo en el mundo submarino, la experiencia de buceo Lionfish ofrece una aventura gratificante e impactante que no querr\u00e1 perderse. <\/p>","protected":false},"excerpt":{"rendered":"<p>Sum\u00e9rgete en una aventura con un prop\u00f3sito en la hermosa isla de Curazao con la experiencia de buceo con pez le\u00f3n en Ocean Encounters. Esta actividad \u00fanica combina la emoci\u00f3n del buceo con la misi\u00f3n de proteger el ecosistema marino local de las especies invasoras de pez le\u00f3n. CuracaoTodo.com, su fuente de referencia para todo lo relacionado con Curazao, le brinda la informaci\u00f3n m\u00e1s completa sobre esta y otras actividades emocionantes en la isla.  <\/p>\n","protected":false},"featured_media":23151,"comment_status":"open","ping_status":"closed","template":"","meta":{"_acf_changed":false},"activity-source":[],"company-partner":[],"store":[],"product_brand":[],"product_cat":[466,3289,2735],"product_tag":[4193],"class_list":{"0":"post-59996","1":"product","2":"type-product","3":"status-publish","4":"has-post-thumbnail","6":"product_cat-sin-categorizar","7":"product_cat-pesca","8":"product_cat-playa-del-mambo","9":"product_tag-oceanencounters-es","11":"first","12":"instock","13":"shipping-taxable","14":"purchasable","15":"product-type-simple"},"acf":[],"_links":{"self":[{"href":"https:\/\/staging.curacaotodo.com\/es\/wp-json\/wp\/v2\/product\/59996","targetHints":{"allow":["GET"]}}],"collection":[{"href":"https:\/\/staging.curacaotodo.com\/es\/wp-json\/wp\/v2\/product"}],"about":[{"href":"https:\/\/staging.curacaotodo.com\/es\/wp-json\/wp\/v2\/types\/product"}],"replies":[{"embeddable":true,"href":"https:\/\/staging.curacaotodo.com\/es\/wp-json\/wp\/v2\/comments?post=59996"}],"wp:featuredmedia":[{"embeddable":true,"href":"https:\/\/staging.curacaotodo.com\/es\/wp-json\/wp\/v2\/media\/23151"}],"wp:attachment":[{"href":"https:\/\/staging.curacaotodo.com\/es\/wp-json\/wp\/v2\/media?parent=59996"}],"wp:term":[{"taxonomy":"activity-source","embeddable":true,"href":"https:\/\/staging.curacaotodo.com\/es\/wp-json\/wp\/v2\/activity-source?post=59996"},{"taxonomy":"company-partner","embeddable":true,"href":"https:\/\/staging.curacaotodo.com\/es\/wp-json\/wp\/v2\/company-partner?post=59996"},{"taxonomy":"store","embeddable":true,"href":"https:\/\/staging.curacaotodo.com\/es\/wp-json\/wp\/v2\/store?post=59996"},{"taxonomy":"product_brand","embeddable":true,"href":"https:\/\/staging.curacaotodo.com\/es\/wp-json\/wp\/v2\/product_brand?post=59996"},{"taxonomy":"product_cat","embeddable":true,"href":"https:\/\/staging.curacaotodo.com\/es\/wp-json\/wp\/v2\/product_cat?post=59996"},{"taxonomy":"product_tag","embeddable":true,"href":"https:\/\/staging.curacaotodo.com\/es\/wp-json\/wp\/v2\/product_tag?post=59996"}],"curies":[{"name":"wp","href":"https:\/\/api.w.org\/{rel}","templated":true}]}}