{"id":59994,"date":"2024-06-14T09:37:10","date_gmt":"2024-06-14T09:37:10","guid":{"rendered":"https:\/\/curacaotodo.com\/activity\/experimente-la-emocion-de-una-inmersion-nocturna-en-barco-con-ocean-encounters-en-curazao\/"},"modified":"2024-06-14T09:37:10","modified_gmt":"2024-06-14T13:37:10","slug":"experimente-la-emocion-de-una-inmersion-nocturna-en-barco-con-ocean-encounters-en-curazao","status":"publish","type":"product","link":"https:\/\/staging.curacaotodo.com\/es\/actividad\/experimente-la-emocion-de-una-inmersion-nocturna-en-barco-con-ocean-encounters-en-curazao\/","title":{"rendered":"Experimente la emoci\u00f3n de una inmersi\u00f3n nocturna en barco con Ocean Encounters en Curazao"},"content":{"rendered":"<h2>\u00bfPor qu\u00e9 elegir una inmersi\u00f3n nocturna en barco?<\/h2><h3>Una nueva perspectiva sobre los arrecifes de coral<\/h3><p>Por la noche, los arrecifes de coral de Curazao se ven completamente diferentes. Los colores vibrantes y las intrincadas estructuras de los corales se iluminan bajo su linterna de buceo, ofreciendo una vista fascinante que no puede experimentar durante el d\u00eda. Si opta por la experiencia de buceo nocturno fluorescente, ser\u00e1 testigo de c\u00f3mo los corales brillan en colores extraordinarios, agregando un toque surrealista a su inmersi\u00f3n.  <\/p><h3>Encuentro con la vida marina nocturna<\/h3><p>Algunas de las criaturas m\u00e1s fascinantes del oc\u00e9ano solo emergen por la noche. Mientras bucea, ver\u00e1 peces nocturnos, crust\u00e1ceos y otros <a href=\"https:\/\/staging.curacaotodo.com\/es\/animals\/\">animales<\/a> marinos que se esconden durante el d\u00eda. Tu maestro de buceo te guiar\u00e1 a trav\u00e9s de estos encuentros submarinos, mejorando tu comprensi\u00f3n y apreciaci\u00f3n del ecosistema nocturno.  <\/p><h2>Detalles y horario de buceo<\/h2><h3>Inmersiones nocturnas semanales<\/h3><p>El viaje nocturno en barco de buceo al <a href=\"https:\/\/staging.curacaotodo.com\/es\/playas\/tugboat-beach\/\">Tugboat<\/a>, un popular sitio de <a href=\"https:\/\/staging.curacaotodo.com\/es\/buceo-en-curazao\/\">buceo en Curazao<\/a>, sale todos los mi\u00e9rcoles a las 6:30 p.m. y regresa alrededor de las 8:30 p.m. La inmersi\u00f3n dura aproximadamente 2,5 horas, lo que le brinda tiempo suficiente para explorar el mundo submarino. Aseg\u00farese de llegar al muelle 15 minutos antes de la salida en LionsDive Beach Resort o Sunscape Cura\u00e7ao Resort.  <\/p><h3>Requisitos y preparaci\u00f3n<\/h3><p>Esta inmersi\u00f3n est\u00e1 disponible para buceadores certificados de todos los niveles de experiencia. Ya sea que tengas una licencia PADI o SSI, puedes unirte. El dive master te informar\u00e1 sobre los procedimientos especiales de buceo nocturno, incluidas las se\u00f1ales de buceo con tu linterna de buceo. Se recomienda una formaci\u00f3n adecuada, como el curso PADI Night Diver Specialty, para mejorar tus habilidades de buceo nocturno.   <\/p><h2>Qu\u00e9 incluye<\/h2><ul><li><strong>Pesas y un tanque<\/strong>: Las conexiones DIN y de yugo est\u00e1n disponibles, por lo que est\u00e1 cubierto independientemente de la configuraci\u00f3n de su equipo.<\/li><li><strong>Resort Transit<\/strong>: Transporte de cortes\u00eda desde LionsDive y Sunscape Resorts.<\/li><li><strong>Alquiler de linterna de buceo<\/strong>: Disponible por $ 15.<\/li><li><strong>Fotos o videos profesionales<\/strong>: capture su experiencia de buceo nocturno con fotograf\u00eda o videograf\u00eda profesional, a partir de $ 20.<\/li><\/ul><h2>Reserva tu buceo nocturno<\/h2><p>\u00bfListo para embarcarte en esta emocionante aventura? Reserve su inmersi\u00f3n nocturna en barco con Ocean Encounters y explore el mundo submarino de Curazao como nunca antes. Para obtener m\u00e1s informaci\u00f3n y asegurar su lugar, visite CuracaoTodo.com, su gu\u00eda definitiva para las mejores <a href=\"https:\/\/staging.curacaotodo.com\/es\/actividades\/\">actividades<\/a> y atracciones de la isla.  <\/p><h2>Preguntas frecuentes sobre el buceo nocturno en Curazao<\/h2><h3>\u00bfNecesito una certificaci\u00f3n de buceo nocturno?<\/h3><p>Si bien no necesita una certificaci\u00f3n espec\u00edfica de buceo nocturno, el entrenamiento adecuado puede hacer que su primera inmersi\u00f3n nocturna sea m\u00e1s agradable. El curso de especialidad PADI Night Diver es una excelente manera de aprender a <a href=\"https:\/\/staging.curacaotodo.com\/es\/actividades-acuaticas\/sailing\/\">navegar<\/a> en la oscuridad, localizar criaturas interesantes y obtener consejos \u00fatiles de buceo nocturno. <\/p><h3>\u00bfPueden participar los buceadores de aguas abiertas?<\/h3><p>S\u00ed, los buceadores de aguas abiertas pueden participar en inmersiones nocturnas. Sin embargo, tener el entrenamiento adecuado mejorar\u00e1 significativamente su experiencia, asegurando que se sienta c\u00f3modo y seguro bajo el agua por la noche. <\/p><h3>\u00bfEst\u00e1 incluida la linterna de buceo?<\/h3><p>La linterna de buceo no est\u00e1 incluida en el precio base, pero se puede alquilar por $ 15 adicionales.<\/p><h3>\u00bfQu\u00e9 hace diferente al buceo nocturno?<\/h3><p>El buceo nocturno ofrece una experiencia completamente diferente en comparaci\u00f3n con las inmersiones diurnas. El comportamiento de la vida marina cambia, con la retirada de las criaturas diurnas y la aparici\u00f3n de organismos nocturnos, creando un entorno submarino din\u00e1mico y cautivador. <\/p><p>Sum\u00e9rgete en la noche con Ocean Encounters y descubre el encantador mundo bajo las olas de Curazao. \u00a1Visite CuracaoTodo.com para obtener m\u00e1s detalles y planificar su aventura de buceo perfecta! <\/p>","protected":false},"excerpt":{"rendered":"<p>El buceo nocturno es una experiencia verdaderamente \u00fanica que transforma tu percepci\u00f3n del mundo submarino. Cuando se pone el sol, sale a jugar un nuevo elenco de vida marina. \u00danase a Ocean Encounters para una inolvidable inmersi\u00f3n nocturna en barco en Curazao, donde los arrecifes de coral y las criaturas marinas revelan sus secretos nocturnos. Esta aventura es perfecta para los buceadores que buscan agregar un toque emocionante a sus vacaciones.   <\/p>\n","protected":false},"featured_media":23139,"comment_status":"open","ping_status":"closed","template":"","meta":{"_acf_changed":false},"activity-source":[],"company-partner":[],"store":[],"product_brand":[],"product_cat":[3278,3287,2735],"product_tag":[4193],"class_list":{"0":"post-59994","1":"product","2":"type-product","3":"status-publish","4":"has-post-thumbnail","6":"product_cat-buceo","7":"product_cat-cursos-de-buceo","8":"product_cat-playa-del-mambo","9":"product_tag-oceanencounters-es","11":"first","12":"instock","13":"shipping-taxable","14":"purchasable","15":"product-type-simple"},"acf":[],"_links":{"self":[{"href":"https:\/\/staging.curacaotodo.com\/es\/wp-json\/wp\/v2\/product\/59994","targetHints":{"allow":["GET"]}}],"collection":[{"href":"https:\/\/staging.curacaotodo.com\/es\/wp-json\/wp\/v2\/product"}],"about":[{"href":"https:\/\/staging.curacaotodo.com\/es\/wp-json\/wp\/v2\/types\/product"}],"replies":[{"embeddable":true,"href":"https:\/\/staging.curacaotodo.com\/es\/wp-json\/wp\/v2\/comments?post=59994"}],"wp:featuredmedia":[{"embeddable":true,"href":"https:\/\/staging.curacaotodo.com\/es\/wp-json\/wp\/v2\/media\/23139"}],"wp:attachment":[{"href":"https:\/\/staging.curacaotodo.com\/es\/wp-json\/wp\/v2\/media?parent=59994"}],"wp:term":[{"taxonomy":"activity-source","embeddable":true,"href":"https:\/\/staging.curacaotodo.com\/es\/wp-json\/wp\/v2\/activity-source?post=59994"},{"taxonomy":"company-partner","embeddable":true,"href":"https:\/\/staging.curacaotodo.com\/es\/wp-json\/wp\/v2\/company-partner?post=59994"},{"taxonomy":"store","embeddable":true,"href":"https:\/\/staging.curacaotodo.com\/es\/wp-json\/wp\/v2\/store?post=59994"},{"taxonomy":"product_brand","embeddable":true,"href":"https:\/\/staging.curacaotodo.com\/es\/wp-json\/wp\/v2\/product_brand?post=59994"},{"taxonomy":"product_cat","embeddable":true,"href":"https:\/\/staging.curacaotodo.com\/es\/wp-json\/wp\/v2\/product_cat?post=59994"},{"taxonomy":"product_tag","embeddable":true,"href":"https:\/\/staging.curacaotodo.com\/es\/wp-json\/wp\/v2\/product_tag?post=59994"}],"curies":[{"name":"wp","href":"https:\/\/api.w.org\/{rel}","templated":true}]}}