{"id":59992,"date":"2024-06-14T09:33:18","date_gmt":"2024-06-14T09:33:18","guid":{"rendered":"https:\/\/curacaotodo.com\/activity\/buceo-en-barco-con-un-tanque-con-ocean-encounters-en-curazao\/"},"modified":"2024-06-14T09:33:18","modified_gmt":"2024-06-14T13:33:18","slug":"buceo-en-barco-con-un-tanque-con-ocean-encounters-en-curazao","status":"publish","type":"product","link":"https:\/\/staging.curacaotodo.com\/es\/actividad\/buceo-en-barco-con-un-tanque-con-ocean-encounters-en-curazao\/","title":{"rendered":"Buceo en barco con un tanque con Ocean Encounters en Curazao"},"content":{"rendered":"<h2>La experiencia perfecta de buceo y snorkel por la tarde<\/h2><h3>Sum\u00e9rgete en la aventura<\/h3><p>Para aquellos que prefieren un comienzo m\u00e1s relajado de su d\u00eda, la inmersi\u00f3n en un barco de un tanque en Ocean Encounters es ideal. Programado todos los lunes, martes y jueves por la tarde de 2:00 p.m. a 4:00 p.m., este viaje lo lleva a lo largo de la impresionante costa sureste de Curazao. Ya sea que sea un \u00e1vido buceador o simplemente disfrute del <a href=\"https:\/\/staging.curacaotodo.com\/es\/esnorquel\/\">esn\u00f3rquel<\/a>, este viaje ofrece algo para todos.  <\/p><h3>Los mejores sitios de buceo en Curazao<\/h3><p>Durante este viaje de dos horas, explorar\u00e1 algunos de los mejores sitios de <a href=\"https:\/\/staging.curacaotodo.com\/es\/buceo-en-curazao\/\">buceo en Curazao<\/a>, guiado por el equipo de buceo altamente calificado y profesional de Ocean Encounters. Los puntos destacados incluyen el famoso remolcador y la bah\u00eda del director, famosos por su vibrante vida marina y aguas cristalinas. <\/p><h3>Diversi\u00f3n para toda la familia<\/h3><p>Esta excursi\u00f3n es perfecta para familias. Mientras los buceadores exploran bajo el agua, los no buceadores pueden disfrutar del snorkel en los mismos lugares. Es una excelente manera para que todos se diviertan juntos, ya sean buceadores experimentados o simplemente aman el agua.  <\/p><h2>Paquetes convenientes e inclusivos<\/h2><h3>Paquetes de sue\u00f1o y buceo<\/h3><p>Para aquellos que buscan aprovechar al m\u00e1ximo sus vacaciones de buceo, Ocean Encounters ofrece \u00abPaquetes de sue\u00f1o y buceo\u00bb con instalaciones en el lugar en LionsDive Beach Resort y Sunscape Cura\u00e7ao Resort, Spa and Casino. Estos paquetes est\u00e1n dise\u00f1ados para brindar la experiencia de vacaciones de buceo de la m\u00e1s alta calidad, lo que facilita la planificaci\u00f3n de su aventura en el Caribe. <\/p><h3>\u00bfQu\u00e9 incluye tu inmersi\u00f3n?<\/h3><p>La inmersi\u00f3n en barco de un tanque incluye todo lo que necesitas para una fant\u00e1stica experiencia submarina:<\/p><ul><li><strong>Pesas y un tanque<\/strong>: Tanto los tanques DIN como los de yugo est\u00e1n disponibles, lo que garantiza la compatibilidad con su equipo.<\/li><li><strong>Recogida en el resort<\/strong>: Conveniente recogida en LionsDive y Sunscape Resort, con salidas directamente desde sus muelles. Aseg\u00farese de estar listo 15 minutos antes de la salida. <\/li><li><strong>Fotos y videos profesionales<\/strong>: Capture sus recuerdos con im\u00e1genes y videos de alta calidad de fot\u00f3grafos submarinos especializados. Aseg\u00farese de reservar con anticipaci\u00f3n para asegurar este servicio. <\/li><\/ul><h2>Explora m\u00e1s con los paseos en barco privados<\/h2><h3>Experiencias privadas y personalizadas<\/h3><p>Si est\u00e1 buscando una experiencia m\u00e1s exclusiva, Ocean Encounters ofrece viajes privados en barco de medio d\u00eda o d\u00eda completo. Estos charters privados son perfectos para familias y grupos de amigos que desean explorar los mejores arrecifes costeros de Curazao, disfrutar de sesiones personalizadas de snorkel y buceo, y realizar recorridos panor\u00e1micos por las aguas espa\u00f1olas. Descubra bosques de manglares, casas lujosas y yates privados como parte de esta aventura \u00fanica.  <\/p><h3>Contacto Ocean Encounters<\/h3><p>\u00bfListo para planificar tu pr\u00f3xima aventura de buceo en Curazao? Visite CuracaoTodo.com para obtener informaci\u00f3n detallada y comience a planificar su viaje con Ocean Encounters hoy. Ya sea que est\u00e9 buceando, buceando o simplemente tomando el sol, esta inmersi\u00f3n en barco de un tanque promete una experiencia inolvidable para todos.  <\/p><p>Para obtener m\u00e1s detalles y reservar su aventura, comun\u00edquese con Ocean Encounters ahora. \u00a1Sum\u00e9rgete en lo mejor que Curazao tiene para ofrecer con CuracaoTodo.com, tu fuente confiable para todo lo relacionado con el turismo en la isla! <\/p>","protected":false},"excerpt":{"rendered":"<p>CuracaoTodo.com, su recurso de referencia para obtener la informaci\u00f3n m\u00e1s completa sobre el turismo en la hermosa isla de Curazao, lo invita a sumergirse en una aventura inolvidable con Ocean Encounters. Ofreciendo una combinaci\u00f3n \u00fanica de buceo y snorkel, esta inmersi\u00f3n en barco de un solo tanque es perfecta para los buceadores y sus familias que buscan una experiencia memorable. <\/p>\n","protected":false},"featured_media":23127,"comment_status":"open","ping_status":"closed","template":"","meta":{"_acf_changed":false},"activity-source":[],"company-partner":[],"store":[],"product_brand":[],"product_cat":[466,2735],"product_tag":[4193],"class_list":{"0":"post-59992","1":"product","2":"type-product","3":"status-publish","4":"has-post-thumbnail","6":"product_cat-sin-categorizar","7":"product_cat-playa-del-mambo","8":"product_tag-oceanencounters-es","10":"first","11":"instock","12":"shipping-taxable","13":"purchasable","14":"product-type-simple"},"acf":[],"_links":{"self":[{"href":"https:\/\/staging.curacaotodo.com\/es\/wp-json\/wp\/v2\/product\/59992","targetHints":{"allow":["GET"]}}],"collection":[{"href":"https:\/\/staging.curacaotodo.com\/es\/wp-json\/wp\/v2\/product"}],"about":[{"href":"https:\/\/staging.curacaotodo.com\/es\/wp-json\/wp\/v2\/types\/product"}],"replies":[{"embeddable":true,"href":"https:\/\/staging.curacaotodo.com\/es\/wp-json\/wp\/v2\/comments?post=59992"}],"wp:featuredmedia":[{"embeddable":true,"href":"https:\/\/staging.curacaotodo.com\/es\/wp-json\/wp\/v2\/media\/23127"}],"wp:attachment":[{"href":"https:\/\/staging.curacaotodo.com\/es\/wp-json\/wp\/v2\/media?parent=59992"}],"wp:term":[{"taxonomy":"activity-source","embeddable":true,"href":"https:\/\/staging.curacaotodo.com\/es\/wp-json\/wp\/v2\/activity-source?post=59992"},{"taxonomy":"company-partner","embeddable":true,"href":"https:\/\/staging.curacaotodo.com\/es\/wp-json\/wp\/v2\/company-partner?post=59992"},{"taxonomy":"store","embeddable":true,"href":"https:\/\/staging.curacaotodo.com\/es\/wp-json\/wp\/v2\/store?post=59992"},{"taxonomy":"product_brand","embeddable":true,"href":"https:\/\/staging.curacaotodo.com\/es\/wp-json\/wp\/v2\/product_brand?post=59992"},{"taxonomy":"product_cat","embeddable":true,"href":"https:\/\/staging.curacaotodo.com\/es\/wp-json\/wp\/v2\/product_cat?post=59992"},{"taxonomy":"product_tag","embeddable":true,"href":"https:\/\/staging.curacaotodo.com\/es\/wp-json\/wp\/v2\/product_tag?post=59992"}],"curies":[{"name":"wp","href":"https:\/\/api.w.org\/{rel}","templated":true}]}}