{"id":59991,"date":"2024-06-14T09:28:51","date_gmt":"2024-06-14T09:28:51","guid":{"rendered":"https:\/\/curacaotodo.com\/activity\/buceo-en-barco-con-dos-tanques-am-en-curazao-una-aventura-inolvidable\/"},"modified":"2024-06-14T09:28:51","modified_gmt":"2024-06-14T13:28:51","slug":"buceo-en-barco-con-dos-tanques-am-en-curazao-una-aventura-inolvidable","status":"publish","type":"product","link":"https:\/\/staging.curacaotodo.com\/es\/actividad\/buceo-en-barco-con-dos-tanques-am-en-curazao-una-aventura-inolvidable\/","title":{"rendered":"Buceo en barco con dos tanques AM en Curazao: una aventura inolvidable"},"content":{"rendered":"<h2>Sum\u00e9rgete en la aventura<\/h2><h3>Experimente lo mejor de los sitios de buceo de Curazao<\/h3><p>La costa sureste de Curazao alberga algunos de los sitios de buceo m\u00e1s impresionantes del Caribe. Con el paquete de buceo en barco Two Tank AM de Ocean Encounters, se embarcar\u00e1 en dos inmersiones matutinas, guiado por un equipo de buceo altamente calificado y profesional. Este paquete le asegura aprovechar al m\u00e1ximo su aventura submarina, con salidas garantizadas todos los d\u00edas.  <\/p><h4>\u00bfQu\u00e9 est\u00e1 incluido en el paquete de buceo en barco Two Tank AM?<\/h4><ul><li><strong>Pesas y dos tanques<\/strong>: Las conexiones DIN y Yugo est\u00e1n disponibles, lo que garantiza que tenga el equipo adecuado para sus inmersiones.<\/li><li><strong>Recogida en el resort<\/strong>: Recogida conveniente en LionsDive Beach Resort y Sunscape Curacao Resort. Solo est\u00e9 listo 15 minutos antes de la salida. <\/li><li><strong>Inmersiones ilimitadas en la costa<\/strong>: Para paquetes de tres d\u00edas o m\u00e1s, disfrutar\u00e1 de aire ilimitado para inmersiones en tierra, extendiendo su exploraci\u00f3n submarina m\u00e1s all\u00e1 de las inmersiones en barco.<\/li><li><strong>Fotos y videos profesionales<\/strong>: Capture sus recuerdos submarinos con im\u00e1genes y videos de alta calidad tomados por un equipo especializado. Reserve con anticipaci\u00f3n para garantizar la disponibilidad. <\/li><\/ul><h3>Planifica tus vacaciones de buceo<\/h3><p>\u00bfEst\u00e1s considerando un \u00abPaquete de sue\u00f1o y buceo\u00bb completo? Ocean Encounters, en asociaci\u00f3n con LionsDive Beach Resort y Sunscape Curacao Resort, Spa and Casino, ofrece paquetes integrales de vacaciones de buceo. Estos paquetes est\u00e1n dise\u00f1ados para brindarle una experiencia de buceo perfecta e inolvidable, combinando alojamientos c\u00f3modos con instalaciones de buceo de primer nivel.  <\/p><h4>Sitios de buceo que no querr\u00e1s perderte<\/h4><p>Si bien cada sitio de <a href=\"https:\/\/staging.curacaotodo.com\/es\/buceo-en-curazao\/\">buceo en Curazao<\/a> tiene su encanto \u00fanico, algunos lugares destacados que puede explorar incluyen:<\/p><ul><li><strong>Bosque de hongos<\/strong>: Conocido por sus formaciones de coral \u00fanicas que se asemejan a hongos gigantes.<\/li><li><strong>Watamula<\/strong>: Famosa por su rica vida marina y sus vibrantes jardines de coral.<\/li><\/ul><h3>Horario y reserva<\/h3><p>Los viajes de buceo en barco Two Tank AM se realizan de 8:30 a.m. a 12:30 p.m., ofreciendo una excursi\u00f3n de cuatro horas que le deja mucho tiempo para disfrutar el resto de su d\u00eda. Reservar es f\u00e1cil y se puede hacer a trav\u00e9s de CuracaoTodo.com, su sitio web de referencia para obtener la mayor y mejor informaci\u00f3n para los turistas en la isla de Curazao. <\/p><h2>\u00bfPor qu\u00e9 elegir Ocean Encounters?<\/h2><p>Ocean Encounters se compromete a brindar una experiencia de vacaciones de buceo de la m\u00e1s alta calidad. Con su equipo de buceo profesional, equipo de \u00faltima generaci\u00f3n y dedicaci\u00f3n a la seguridad, puedes bucear con confianza. Ya sea que sea un buceador experimentado o nuevo en el mundo submarino, su equipo se asegurar\u00e1 de que tenga una experiencia memorable y agradable.  <\/p><h3>Reserva hoy tu aventura<\/h3><p>No te pierdas esta incre\u00edble oportunidad de buceo. Reserve su paquete de buceo en barco Two Tank AM con Ocean Encounters hoy y comience a planificar las vacaciones de buceo de sus sue\u00f1os en el Caribe. Visite CuracaoTodo.com para obtener m\u00e1s informaci\u00f3n y hacer su reserva.  <\/p><p>Sum\u00e9rgete en la aventura de tu vida y explora los impresionantes paisajes submarinos de Curazao. \u00a1Tu pr\u00f3xima aventura de buceo te espera! <\/p>","protected":false},"excerpt":{"rendered":"<p>\u00bfEst\u00e1s listo para una aventura de buceo inolvidable en uno de los mejores lugares de buceo del Caribe? No busque m\u00e1s all\u00e1 de la experiencia de buceo en barco Two Tank AM que ofrece Ocean Encounters en Curazao. Como su gu\u00eda de viajes de confianza y experto en SEO de CuracaoTodo.com, lo guiar\u00e9 a trav\u00e9s de todo lo que necesita saber sobre esta incre\u00edble oportunidad de explorar el vibrante mundo submarino de Curazao.  <br data-mce-bogus=\"1\"><\/p>\n","protected":false},"featured_media":23110,"comment_status":"open","ping_status":"closed","template":"","meta":{"_acf_changed":false},"activity-source":[],"company-partner":[],"store":[],"product_brand":[],"product_cat":[466,2735],"product_tag":[4193],"class_list":{"0":"post-59991","1":"product","2":"type-product","3":"status-publish","4":"has-post-thumbnail","6":"product_cat-sin-categorizar","7":"product_cat-playa-del-mambo","8":"product_tag-oceanencounters-es","10":"first","11":"instock","12":"shipping-taxable","13":"purchasable","14":"product-type-simple"},"acf":[],"_links":{"self":[{"href":"https:\/\/staging.curacaotodo.com\/es\/wp-json\/wp\/v2\/product\/59991","targetHints":{"allow":["GET"]}}],"collection":[{"href":"https:\/\/staging.curacaotodo.com\/es\/wp-json\/wp\/v2\/product"}],"about":[{"href":"https:\/\/staging.curacaotodo.com\/es\/wp-json\/wp\/v2\/types\/product"}],"replies":[{"embeddable":true,"href":"https:\/\/staging.curacaotodo.com\/es\/wp-json\/wp\/v2\/comments?post=59991"}],"wp:featuredmedia":[{"embeddable":true,"href":"https:\/\/staging.curacaotodo.com\/es\/wp-json\/wp\/v2\/media\/23110"}],"wp:attachment":[{"href":"https:\/\/staging.curacaotodo.com\/es\/wp-json\/wp\/v2\/media?parent=59991"}],"wp:term":[{"taxonomy":"activity-source","embeddable":true,"href":"https:\/\/staging.curacaotodo.com\/es\/wp-json\/wp\/v2\/activity-source?post=59991"},{"taxonomy":"company-partner","embeddable":true,"href":"https:\/\/staging.curacaotodo.com\/es\/wp-json\/wp\/v2\/company-partner?post=59991"},{"taxonomy":"store","embeddable":true,"href":"https:\/\/staging.curacaotodo.com\/es\/wp-json\/wp\/v2\/store?post=59991"},{"taxonomy":"product_brand","embeddable":true,"href":"https:\/\/staging.curacaotodo.com\/es\/wp-json\/wp\/v2\/product_brand?post=59991"},{"taxonomy":"product_cat","embeddable":true,"href":"https:\/\/staging.curacaotodo.com\/es\/wp-json\/wp\/v2\/product_cat?post=59991"},{"taxonomy":"product_tag","embeddable":true,"href":"https:\/\/staging.curacaotodo.com\/es\/wp-json\/wp\/v2\/product_tag?post=59991"}],"curies":[{"name":"wp","href":"https:\/\/api.w.org\/{rel}","templated":true}]}}