{"id":59990,"date":"2024-06-14T09:51:16","date_gmt":"2024-06-14T09:51:16","guid":{"rendered":"https:\/\/curacaotodo.com\/activity\/sumergete-en-la-aventura-buceo-con-delfines-en-aguas-abiertas-en-curazao\/"},"modified":"2024-06-14T09:51:16","modified_gmt":"2024-06-14T13:51:16","slug":"sumergete-en-la-aventura-buceo-con-delfines-en-aguas-abiertas-en-curazao","status":"publish","type":"product","link":"https:\/\/staging.curacaotodo.com\/es\/actividad\/sumergete-en-la-aventura-buceo-con-delfines-en-aguas-abiertas-en-curazao\/","title":{"rendered":"Sum\u00e9rgete en la aventura: buceo con delfines en aguas abiertas en Curazao"},"content":{"rendered":"<h2>Buceo con delfines en Curazao<\/h2><p>Imag\u00ednese sumergirse en las aguas cristalinas de Shipwreck Point, un impresionante sistema de arrecifes costeros ubicado a las afueras del Acuario Marino de Curazao. Aqu\u00ed, tiene la rara oportunidad de observar e interactuar con los delfines en su h\u00e1bitat natural. Esto no es solo una inmersi\u00f3n; es una oportunidad para conectarse con estas criaturas juguetonas en sus t\u00e9rminos. Ya sea que est\u00e9n persiguiendo peces o interactuando con usted cara a cara, los delfines deciden c\u00f3mo quieren interactuar, lo que hace que cada inmersi\u00f3n sea una experiencia verdaderamente \u00fanica.   <\/p><h3>\u00bfPor qu\u00e9 elegir el Open Water Dolphin Dive?<\/h3><ul><li><strong>Acceso exclusivo<\/strong>: Esta experiencia est\u00e1 limitada a un n\u00famero reducido de participantes, lo que garantiza un encuentro personalizado e \u00edntimo.<\/li><li><strong>Equipo de buceo completo incluido<\/strong>: Su paquete de buceo incluye una m\u00e1scara, snorkel, aletas, traje de neopreno, BCD y regulador.<\/li><li><strong>Entrada al Sea Aquarium Park<\/strong>: Disfrute de acceso gratuito al Cura\u00e7ao Sea Aquarium el d\u00eda de su inmersi\u00f3n.<\/li><\/ul><h3>Detalles de la inmersi\u00f3n<\/h3><ul><li><strong>Duraci\u00f3n<\/strong>: 2 horas<\/li><li><strong>Hora<\/strong>: 8:30 am \u2013 10:30 am<\/li><li><strong>Requisito m\u00ednimo<\/strong>: Certificaci\u00f3n de aguas abiertas<\/li><li><strong>Ubicaci\u00f3n<\/strong>: LionsDive Beach Resort y Sunscape Cura\u00e7ao Resort<\/li><\/ul><h2>\u00bfNo eres un buzo certificado? \u00a1No hay problema! <\/h2><p>Si no eres un buceador certificado pero a\u00fan quieres experimentar la magia del buceo con delfines, la experiencia Discover Scuba Diving es perfecta para ti. Ofrecido por Ocean Encounters, este programa permite a los no buceadores bucear en la laguna con delfines, despu\u00e9s de completar un curso PADI o SSI Discover Scuba Diving. <\/p><h3>Descubre el buceo en Curazao<\/h3><p>\u00bfTienes curiosidad por el buceo pero no est\u00e1s listo para comprometerte con un curso de certificaci\u00f3n? El programa Discover Scuba Diving es una introducci\u00f3n r\u00e1pida y f\u00e1cil al mundo submarino. Esta experiencia incluye:  <\/p><ul><li><strong>Sesi\u00f3n en el aula<\/strong>: Aprende los conceptos b\u00e1sicos del buceo.<\/li><li><strong>Sesi\u00f3n de aguas confinadas<\/strong>: Practica habilidades de buceo y si\u00e9ntete c\u00f3modo respirando bajo el agua.<\/li><li><strong>Inmersi\u00f3n guiada en tierra<\/strong>: Explora el mundo submarino con tu instructor.<\/li><\/ul><p>Este programa est\u00e1 disponible en LionsDive Beach Resort y Sunscape Cura\u00e7ao Resort, Spa y Casino. Comienza a las 2 p.m. con un check-in a la 1:45 p.m. y concluye entre las 4 y las 4:30 p.m. Para unirse, debe tener al menos 10 a\u00f1os y una salud f\u00edsica razonable.  <\/p><h2>Combina ambas experiencias para una aventura definitiva<\/h2><p>Para una aventura que lo abarque todo, combine el buceo con delfines en aguas abiertas con la experiencia Discover Scuba Diving. Incluso los buceadores no certificados pueden disfrutar del buceo con delfines despu\u00e9s de completar el programa Discover Scuba Diving. Capture sus momentos memorables con fotos o videos profesionales disponibles a trav\u00e9s de nuestro socio, Turtle &amp; Ray Productions.  <\/p><h3>Planifica tu inmersi\u00f3n hoy<\/h3><p>Los espacios para el Open Water Dolphin Dive son limitados, as\u00ed que aseg\u00farese de registrarse hoy. Visite CuracaoTodo.com para obtener m\u00e1s detalles y reservar su inmersi\u00f3n. Descubra por qu\u00e9 CuracaoTodo es su recurso definitivo para obtener informaci\u00f3n tur\u00edstica y <a href=\"https:\/\/staging.curacaotodo.com\/es\/actividades\/\">actividades<\/a> en la isla de Curazao.  <\/p><p><strong>Preguntas Frecuentes<\/strong><\/p><ul><li><strong>\u00bfCu\u00e1l es la temperatura del agua?<\/strong>  La temperatura del agua oscila entre 25 \u00b0 C \/ 77 \u00b0 F en enero y 29 \u00b0 C \/ 85 \u00b0 F en octubre.<\/li><li><strong>\u00bfCu\u00e1l es la profundidad?<\/strong>  La profundidad de inmersi\u00f3n var\u00eda seg\u00fan el sitio de buceo y el plan de buceo espec\u00edfico.<\/li><li><strong>\u00bfLas inmersiones son guiadas?<\/strong>  S\u00ed, todas las inmersiones son guiadas por instructores experimentados.<\/li><li><strong>\u00bfTienen tanques DIN?<\/strong>  S\u00ed, los tanques DIN est\u00e1n disponibles.<\/li><li><strong>\u00bfTienes computadoras de buceo?<\/strong>  S\u00ed, se proporcionan computadoras de buceo.<\/li><\/ul><p>Emb\u00e1rcate en esta extraordinaria aventura y crea recuerdos duraderos con el buceo con delfines en aguas abiertas en Curazao. Reserve su experiencia ahora a trav\u00e9s de CuracaoTodo.com, su sitio de referencia para obtener la mejor informaci\u00f3n tur\u00edstica de la isla. <\/p>","protected":false},"excerpt":{"rendered":"<p>Experimente la emoci\u00f3n de bucear con delfines en Curazao, una aventura \u00fanica presentada exclusivamente por Ocean Encounters y la Academia de Delfines de Curazao. En CuracaoTodo.com, brindamos la informaci\u00f3n m\u00e1s completa y actualizada para los turistas que exploran la vibrante isla de Curazao. Perm\u00edtanos guiarlo a trav\u00e9s de esta experiencia inolvidable.  <\/p>\n","protected":false},"featured_media":23175,"comment_status":"open","ping_status":"closed","template":"","meta":{"_acf_changed":false},"activity-source":[],"company-partner":[],"store":[],"product_brand":[],"product_cat":[3278,3287,2735],"product_tag":[4193],"class_list":{"0":"post-59990","1":"product","2":"type-product","3":"status-publish","4":"has-post-thumbnail","6":"product_cat-buceo","7":"product_cat-cursos-de-buceo","8":"product_cat-playa-del-mambo","9":"product_tag-oceanencounters-es","11":"first","12":"instock","13":"featured","14":"shipping-taxable","15":"purchasable","16":"product-type-simple"},"acf":[],"_links":{"self":[{"href":"https:\/\/staging.curacaotodo.com\/es\/wp-json\/wp\/v2\/product\/59990","targetHints":{"allow":["GET"]}}],"collection":[{"href":"https:\/\/staging.curacaotodo.com\/es\/wp-json\/wp\/v2\/product"}],"about":[{"href":"https:\/\/staging.curacaotodo.com\/es\/wp-json\/wp\/v2\/types\/product"}],"replies":[{"embeddable":true,"href":"https:\/\/staging.curacaotodo.com\/es\/wp-json\/wp\/v2\/comments?post=59990"}],"wp:featuredmedia":[{"embeddable":true,"href":"https:\/\/staging.curacaotodo.com\/es\/wp-json\/wp\/v2\/media\/23175"}],"wp:attachment":[{"href":"https:\/\/staging.curacaotodo.com\/es\/wp-json\/wp\/v2\/media?parent=59990"}],"wp:term":[{"taxonomy":"activity-source","embeddable":true,"href":"https:\/\/staging.curacaotodo.com\/es\/wp-json\/wp\/v2\/activity-source?post=59990"},{"taxonomy":"company-partner","embeddable":true,"href":"https:\/\/staging.curacaotodo.com\/es\/wp-json\/wp\/v2\/company-partner?post=59990"},{"taxonomy":"store","embeddable":true,"href":"https:\/\/staging.curacaotodo.com\/es\/wp-json\/wp\/v2\/store?post=59990"},{"taxonomy":"product_brand","embeddable":true,"href":"https:\/\/staging.curacaotodo.com\/es\/wp-json\/wp\/v2\/product_brand?post=59990"},{"taxonomy":"product_cat","embeddable":true,"href":"https:\/\/staging.curacaotodo.com\/es\/wp-json\/wp\/v2\/product_cat?post=59990"},{"taxonomy":"product_tag","embeddable":true,"href":"https:\/\/staging.curacaotodo.com\/es\/wp-json\/wp\/v2\/product_tag?post=59990"}],"curies":[{"name":"wp","href":"https:\/\/api.w.org\/{rel}","templated":true}]}}