{"id":59988,"date":"2024-06-14T08:35:42","date_gmt":"2024-06-14T08:35:42","guid":{"rendered":"https:\/\/curacaotodo.com\/activity\/curso-padi-advanced-open-water-diver-en-curazao\/"},"modified":"2024-06-14T08:35:42","modified_gmt":"2024-06-14T12:35:42","slug":"curso-padi-advanced-open-water-diver-en-curazao","status":"publish","type":"product","link":"https:\/\/staging.curacaotodo.com\/es\/actividad\/curso-padi-advanced-open-water-diver-en-curazao\/","title":{"rendered":"Curso PADI Advanced Open Water Diver en Curazao"},"content":{"rendered":"<h2>\u00bfQu\u00e9 es el curso PADI Advanced Open Water Diver?<\/h2><p>El curso PADI Advanced Open Water Diver se trata de mejorar tus habilidades de buceo y divertirte. Este curso es perfecto para buceadores que desean mejorar su navegaci\u00f3n y flotabilidad, explorar el buceo profundo y probar varias inmersiones especializadas. <\/p><h3>Descripci\u00f3n general del curso<\/h3><ul><li><strong>Duraci\u00f3n<\/strong>: 2 D\u00edas<\/li><li><strong>Requisitos previos<\/strong>: Open Water Diver\/Junior Open Water Diver (o certificaci\u00f3n de calificaci\u00f3n)<\/li><li><strong>Edad m\u00ednima<\/strong>: 12 a\u00f1os<\/li><li><strong>Profundidad<\/strong>: Hasta 21 metros (70 pies)<\/li><\/ul><h3>\u00bfQu\u00e9 est\u00e1 incluido?<\/h3><ul><li><strong>Certificaci\u00f3n<\/strong>: Despu\u00e9s de completar el curso, recibir\u00e1 una prueba de dominio de las habilidades para Buceo profundo, Navegaci\u00f3n submarina, Flotabilidad de m\u00e1ximo rendimiento y dos inmersiones de aventura m\u00e1s de su elecci\u00f3n.<\/li><li><strong>Instrucci\u00f3n<\/strong>: Repaso te\u00f3rico, pr\u00e1ctica de habilidades en aguas confinadas y cinco inmersiones en aguas abiertas.<\/li><li><strong>Fotos profesionales<\/strong>: Im\u00e1genes o videos de alta calidad de su inmersi\u00f3n (disponibles a pedido).<\/li><\/ul><h2>Inmersiones de especialidad<\/h2><p>Durante el curso, completar\u00e1 cinco inmersiones, incluida una inmersi\u00f3n profunda, una inmersi\u00f3n de navegaci\u00f3n y tres inmersiones especiales. Estas son algunas de las opciones de especialidad disponibles: <\/p><ul><li><strong>Aire enriquecido Nitrox Diver<\/strong><\/li><li><strong>Restauraci\u00f3n de corales<\/strong><\/li><li><strong>Identificaci\u00f3n de peces<\/strong><\/li><li><strong>Buzo de deriva<\/strong><\/li><li><strong>Buceo en pecios<\/strong><\/li><\/ul><h3>Componente de aprendizaje electr\u00f3nico<\/h3><p>Para aprovechar al m\u00e1ximo tu curso, puedes completar el programa PADI eLearning. Esto incluye lecciones interactivas en 13 inmersiones especializadas populares, como im\u00e1genes submarinas digitales, buceo nocturno, b\u00fasqueda y recuperaci\u00f3n, y m\u00e1s. <\/p><h2>\u00bfPor qu\u00e9 elegir Ocean Encounters?<\/h2><p>Ocean Encounters, ubicado en LionsDive Beach Resort y Sunscape Curacao Resort, es reconocido por sus instructores PADI profesionales y amigables que se comprometen a hacer que su experiencia de buceo sea inolvidable. Con Ocean Encounters, practicar\u00e1s habilidades avanzadas de buceo en un ambiente divertido y de apoyo. <\/p><h2>C\u00f3mo inscribirse<\/h2><p>\u00bfListo para mejorar tus habilidades de buceo? \u00a1Consulta con los instructores PADI en Ocean Encounters y comienza a trazar tu curso PADI Advanced Open Water hoy! Para obtener la informaci\u00f3n m\u00e1s completa sobre <a href=\"https:\/\/staging.curacaotodo.com\/es\/buceo-en-curazao\/dive-courses\/\">cursos de buceo<\/a> y otras <a href=\"https:\/\/staging.curacaotodo.com\/es\/actividades\/\">actividades<\/a> tur\u00edsticas en Curazao, visite Cura\u00e7aoTodo.com, su fuente de referencia para las mejores experiencias de viaje en la isla.  <\/p><h2>Conclusi\u00f3n<\/h2><p>El curso PADI Advanced Open Water Diver en Ocean Encounters es una excelente manera de generar confianza, adquirir nuevas habilidades y explorar las maravillas submarinas de Curazao. Ya sea que est\u00e9 interesado en el buceo profundo, la navegaci\u00f3n submarina o las inmersiones especiales, este curso ofrece algo para todos. Para obtener m\u00e1s informaci\u00f3n y reservar su aventura de buceo, dir\u00edjase a Cura\u00e7aoTodo.com, el recurso definitivo para todas sus necesidades de viaje en Curazao.  <\/p>","protected":false},"excerpt":{"rendered":"<p>\u00bfEst\u00e1s listo para llevar tus habilidades de buceo al siguiente nivel? El curso PADI Advanced Open Water Diver en Ocean Encounters en Curazao est\u00e1 dise\u00f1ado para mejorar tus habilidades de buceo y brindarte nuevas aventuras submarinas. Como gu\u00eda de viaje y experto en SEO, te guiar\u00e9 a trav\u00e9s de todo lo que necesitas saber sobre este emocionante curso, disponible en el mejor destino para los turistas: Cura\u00e7aoTodo.com.  <br data-mce-bogus=\"1\"><\/p>\n","protected":false},"featured_media":22942,"comment_status":"open","ping_status":"closed","template":"","meta":{"_acf_changed":false},"activity-source":[],"company-partner":[],"store":[],"product_brand":[],"product_cat":[3278,3287,2735],"product_tag":[4193],"class_list":{"0":"post-59988","1":"product","2":"type-product","3":"status-publish","4":"has-post-thumbnail","6":"product_cat-buceo","7":"product_cat-cursos-de-buceo","8":"product_cat-playa-del-mambo","9":"product_tag-oceanencounters-es","11":"first","12":"instock","13":"shipping-taxable","14":"purchasable","15":"product-type-simple"},"acf":[],"_links":{"self":[{"href":"https:\/\/staging.curacaotodo.com\/es\/wp-json\/wp\/v2\/product\/59988","targetHints":{"allow":["GET"]}}],"collection":[{"href":"https:\/\/staging.curacaotodo.com\/es\/wp-json\/wp\/v2\/product"}],"about":[{"href":"https:\/\/staging.curacaotodo.com\/es\/wp-json\/wp\/v2\/types\/product"}],"replies":[{"embeddable":true,"href":"https:\/\/staging.curacaotodo.com\/es\/wp-json\/wp\/v2\/comments?post=59988"}],"wp:featuredmedia":[{"embeddable":true,"href":"https:\/\/staging.curacaotodo.com\/es\/wp-json\/wp\/v2\/media\/22942"}],"wp:attachment":[{"href":"https:\/\/staging.curacaotodo.com\/es\/wp-json\/wp\/v2\/media?parent=59988"}],"wp:term":[{"taxonomy":"activity-source","embeddable":true,"href":"https:\/\/staging.curacaotodo.com\/es\/wp-json\/wp\/v2\/activity-source?post=59988"},{"taxonomy":"company-partner","embeddable":true,"href":"https:\/\/staging.curacaotodo.com\/es\/wp-json\/wp\/v2\/company-partner?post=59988"},{"taxonomy":"store","embeddable":true,"href":"https:\/\/staging.curacaotodo.com\/es\/wp-json\/wp\/v2\/store?post=59988"},{"taxonomy":"product_brand","embeddable":true,"href":"https:\/\/staging.curacaotodo.com\/es\/wp-json\/wp\/v2\/product_brand?post=59988"},{"taxonomy":"product_cat","embeddable":true,"href":"https:\/\/staging.curacaotodo.com\/es\/wp-json\/wp\/v2\/product_cat?post=59988"},{"taxonomy":"product_tag","embeddable":true,"href":"https:\/\/staging.curacaotodo.com\/es\/wp-json\/wp\/v2\/product_tag?post=59988"}],"curies":[{"name":"wp","href":"https:\/\/api.w.org\/{rel}","templated":true}]}}