{"id":59987,"date":"2024-06-14T08:51:54","date_gmt":"2024-06-14T08:51:54","guid":{"rendered":"https:\/\/curacaotodo.com\/activity\/curso-de-primeros-auxilios-en-curazao-con-ocean-encounters\/"},"modified":"2024-06-14T08:51:54","modified_gmt":"2024-06-14T12:51:54","slug":"curso-de-primeros-auxilios-en-curazao-con-ocean-encounters","status":"publish","type":"product","link":"https:\/\/staging.curacaotodo.com\/es\/actividad\/curso-de-primeros-auxilios-en-curazao-con-ocean-encounters\/","title":{"rendered":"Curso de Primeros Auxilios en Curazao con Ocean Encounters"},"content":{"rendered":"<h2>\u00bfPor qu\u00e9 tomar el curso EFR?<\/h2><h3>\u00bfEst\u00e1s preparado para responder?<\/h3><p>Los accidentes pueden ocurrir en cualquier momento y en cualquier lugar. Ya sea una quemadura, un rasgu\u00f1o, un hueso roto o algo a\u00fan m\u00e1s grave, conocer los pasos adecuados a seguir puede marcar una diferencia significativa. El curso EFR le brinda el conocimiento y las habilidades para responder de manera efectiva en una emergencia m\u00e9dica. Con este entrenamiento, puedes convertirte en un eslab\u00f3n esencial en la cadena de supervivencia.   <\/p><h3>Obtenga la confianza para cuidar<\/h3><p>El curso EFR est\u00e1 dise\u00f1ado para ser un entorno de aprendizaje divertido y no estresante. Obtendr\u00e1 su certificaci\u00f3n de RCP y aprender\u00e1 primeros auxilios b\u00e1sicos, incluido el vendaje, la evaluaci\u00f3n de enfermedades y lesiones, y otras habilidades esenciales. A trav\u00e9s de la pr\u00e1ctica pr\u00e1ctica, ganar\u00e1s la confianza necesaria para recordar qu\u00e9 pasos tomar en caso de emergencia. Este curso tambi\u00e9n cubre c\u00f3mo realizar RCP de manera efectiva y usar un desfibrilador autom\u00e1tico.   <\/p><h2>Detalles del curso<\/h2><h3>Qu\u00e9 est\u00e1 incluido<\/h3><p>Cuando se inscriba en el curso EFR con Ocean Encounters, recibir\u00e1:<\/p><ul><li>Uso de maniqu\u00edes de RCP<\/li><li>Demostraci\u00f3n del desfibrilador autom\u00e1tico<\/li><li>Materiales de primeros auxilios y barreras durante el curso<\/li><li>Libro de trabajo de Emergency First Response<\/li><li>Certificaci\u00f3n al finalizar<\/li><\/ul><p>El curso se basa en pautas m\u00e9dicas reconocidas internacionalmente para la atenci\u00f3n de emergencia, lo que garantiza que reciba la mejor capacitaci\u00f3n posible.<\/p><h3>Horario y requisitos del curso<\/h3><p>El curso EFR es un requisito previo para el curso PADI Rescue Diver, pero es igualmente valioso como curso independiente. Comienza cualquier d\u00eda a las 8:30 a.m. y suele durar entre 6 y 8 horas. <\/p><p>Para inscribirse, visite Ocean Encounters en LionsDive Beach Resort o Sunscape Cura\u00e7ao Resort. Los descuentos por paquetes est\u00e1n disponibles si combinas el curso EFR con el curso PADI Rescue Diver. <\/p><h2>C\u00f3mo inscribirse<\/h2><h3>Proceso de inscripci\u00f3n paso a paso<\/h3><ol><li><strong>Verifique la disponibilidad<\/strong>: Visite el sitio web de Ocean Encounters o comun\u00edquese con ellos directamente para verificar la disponibilidad para sus fechas preferidas.<\/li><li><strong>Inscr\u00edbete<\/strong>: Reg\u00edstrate en el curso. El precio es de $ 150, excluyendo PADI e-Learning. <\/li><li><strong>E-Learning completo<\/strong>: Completa el curso PADI e-Learning, si es necesario.<\/li><li><strong>Asista al curso<\/strong>: Participe en las sesiones de capacitaci\u00f3n pr\u00e1ctica en Ocean Encounters.<\/li><\/ol><p>Para obtener informaci\u00f3n m\u00e1s detallada y reservar su curso, visite CuracaoTodo.com, el mejor recurso para todas las <a href=\"https:\/\/staging.curacaotodo.com\/es\/actividades\/\">actividades<\/a> tur\u00edsticas de la isla.<\/p><h2>Beneficios de la capacitaci\u00f3n EFR<\/h2><h3>M\u00e1s all\u00e1 del buceo<\/h3><p>Si bien el curso EFR es esencial para los buceadores, sus beneficios se extienden m\u00e1s all\u00e1 del mundo submarino. Saber c\u00f3mo responder a las emergencias m\u00e9dicas puede convertirlo en un activo valioso en cualquier situaci\u00f3n, ya sea en casa, en el trabajo o mientras viaja. <\/p><h3>Mejorar tus habilidades de buceo<\/h3><p>Para aquellos que buscan mejorar sus habilidades de buceo, el curso EFR es un paso crucial. No solo te prepara para el curso PADI Rescue Diver, sino que tambi\u00e9n te ayuda a convertirte en un buceador m\u00e1s responsable y seguro. Aprender\u00e1 a identificar y solucionar problemas menores antes de que se conviertan en grandes problemas, lo que garantiza una experiencia de buceo m\u00e1s segura y agradable.  <\/p><h2>Conclusi\u00f3n<\/h2><p>Tomar el curso de Emergency First Response con Ocean Encounters en Curazao es una decisi\u00f3n que puede mejorar tanto sus aventuras de buceo como su vida cotidiana. Con una capacitaci\u00f3n de primer nivel basada en pautas reconocidas internacionalmente, obtendr\u00e1 las habilidades y la confianza para manejar emergencias de manera efectiva. Para obtener m\u00e1s informaci\u00f3n y planificar su viaje de buceo perfecto, visite CuracaoTodo.com, su gu\u00eda definitiva para explorar las maravillas de Curazao.  <\/p>","protected":false},"excerpt":{"rendered":"<p>Al explorar el impresionante mundo submarino de Curazao, es esencial estar preparado para cualquier situaci\u00f3n. Una de las mejores maneras de asegurarse de estar listo es tomando el curso Emergency First Response (EFR) con Ocean Encounters. Este curso no solo te prepara para emergencias de buceo, sino que tambi\u00e9n te equipa con valiosas habilidades para la vida cotidiana. En CuracaoTodo.com, proporcionamos la informaci\u00f3n m\u00e1s completa para los turistas de la isla, incluidos los detalles sobre este campo vital.   <br data-mce-bogus=\"1\"><\/p>\n","protected":false},"featured_media":23026,"comment_status":"open","ping_status":"closed","template":"","meta":{"_acf_changed":false},"activity-source":[],"company-partner":[],"store":[],"product_brand":[],"product_cat":[3278,3287,2735],"product_tag":[4193],"class_list":{"0":"post-59987","1":"product","2":"type-product","3":"status-publish","4":"has-post-thumbnail","6":"product_cat-buceo","7":"product_cat-cursos-de-buceo","8":"product_cat-playa-del-mambo","9":"product_tag-oceanencounters-es","11":"first","12":"instock","13":"shipping-taxable","14":"purchasable","15":"product-type-simple"},"acf":[],"_links":{"self":[{"href":"https:\/\/staging.curacaotodo.com\/es\/wp-json\/wp\/v2\/product\/59987","targetHints":{"allow":["GET"]}}],"collection":[{"href":"https:\/\/staging.curacaotodo.com\/es\/wp-json\/wp\/v2\/product"}],"about":[{"href":"https:\/\/staging.curacaotodo.com\/es\/wp-json\/wp\/v2\/types\/product"}],"replies":[{"embeddable":true,"href":"https:\/\/staging.curacaotodo.com\/es\/wp-json\/wp\/v2\/comments?post=59987"}],"wp:featuredmedia":[{"embeddable":true,"href":"https:\/\/staging.curacaotodo.com\/es\/wp-json\/wp\/v2\/media\/23026"}],"wp:attachment":[{"href":"https:\/\/staging.curacaotodo.com\/es\/wp-json\/wp\/v2\/media?parent=59987"}],"wp:term":[{"taxonomy":"activity-source","embeddable":true,"href":"https:\/\/staging.curacaotodo.com\/es\/wp-json\/wp\/v2\/activity-source?post=59987"},{"taxonomy":"company-partner","embeddable":true,"href":"https:\/\/staging.curacaotodo.com\/es\/wp-json\/wp\/v2\/company-partner?post=59987"},{"taxonomy":"store","embeddable":true,"href":"https:\/\/staging.curacaotodo.com\/es\/wp-json\/wp\/v2\/store?post=59987"},{"taxonomy":"product_brand","embeddable":true,"href":"https:\/\/staging.curacaotodo.com\/es\/wp-json\/wp\/v2\/product_brand?post=59987"},{"taxonomy":"product_cat","embeddable":true,"href":"https:\/\/staging.curacaotodo.com\/es\/wp-json\/wp\/v2\/product_cat?post=59987"},{"taxonomy":"product_tag","embeddable":true,"href":"https:\/\/staging.curacaotodo.com\/es\/wp-json\/wp\/v2\/product_tag?post=59987"}],"curies":[{"name":"wp","href":"https:\/\/api.w.org\/{rel}","templated":true}]}}