{"id":59986,"date":"2024-06-14T08:31:00","date_gmt":"2024-06-14T08:31:00","guid":{"rendered":"https:\/\/curacaotodo.com\/activity\/curso-de-actualizacion-de-buceo-en-ocean-encounters-en-curazao\/"},"modified":"2024-06-14T08:31:00","modified_gmt":"2024-06-14T12:31:00","slug":"curso-de-actualizacion-de-buceo-en-ocean-encounters-en-curazao","status":"publish","type":"product","link":"https:\/\/staging.curacaotodo.com\/es\/actividad\/curso-de-actualizacion-de-buceo-en-ocean-encounters-en-curazao\/","title":{"rendered":"Curso de actualizaci\u00f3n de buceo en Ocean Encounters en Curazao"},"content":{"rendered":"<h2>\u00bfQu\u00e9 es un repaso de buceo?<\/h2><p>Un repaso de buceo es un programa especializado en Ocean Encounters donde los buzos revisan las habilidades b\u00e1sicas de buceo en un entorno de aguas poco profundas y controladas. Este curso incluye: <\/p><ul><li><strong>Asistencia y supervisi\u00f3n:<\/strong> Los instructores de buceo profesionales te gu\u00edan a trav\u00e9s de cada paso.<\/li><li><strong>Revisi\u00f3n de habilidades b\u00e1sicas:<\/strong> Refresca las habilidades esenciales de buceo para garantizar la seguridad.<\/li><li><strong>Uso del equipo:<\/strong> Revisi\u00f3n exhaustiva del equipo para garantizar un uso adecuado.<\/li><li><strong>Desarrollo del conocimiento:<\/strong> Actualiza tus conocimientos de buceo con la informaci\u00f3n y las t\u00e9cnicas m\u00e1s recientes.<\/li><\/ul><h2>\u00bfPor qu\u00e9 refrescar tus habilidades de buceo?<\/h2><p>Si han pasado dos a\u00f1os o m\u00e1s desde su \u00faltima inmersi\u00f3n, se recomienda encarecidamente un curso de actualizaci\u00f3n. He aqu\u00ed por qu\u00e9: <\/p><h3>Seguridad y confianza<\/h3><p>Las habilidades de buceo pueden oxidarse con el tiempo. Refrescar estas habilidades asegura que puedas manejar cualquier situaci\u00f3n bajo el agua con confianza. <\/p><h3>Familiaridad con el equipo<\/h3><p>Si ha adquirido un nuevo equipo de buceo, este curso le permite practicar su uso bajo la gu\u00eda de un instructor, lo que aumenta su confianza con su equipo.<\/p><h3>Disfrute mejorado<\/h3><p>Un curso de actualizaci\u00f3n garantiza que su experiencia de buceo sea segura y agradable, lo que le permite concentrarse en la belleza del mundo submarino de Curazao.<\/p><h2>\u00bfQu\u00e9 incluye el curso?<\/h2><h3>Equipo de alquiler<\/h3><p>\u00bfNo tienes tu propio equipo de buceo? No hay problema. Ocean Encounters ofrece una gama completa de equipos de alquiler por $ 35 por persona, que incluyen m\u00e1scaras, aletas, snorkels, trajes de neopreno, BCD, reguladores y computadoras de buceo.<\/p><h3>Tr\u00e1nsito del resort<\/h3><p>El transporte est\u00e1 incluido desde LionsDive Beach Resort y Sunscape Cura\u00e7ao Resort. Solo est\u00e9 listo 15 minutos antes de la salida. <\/p><h3>Fotos profesionales<\/h3><p>Capture su aventura submarina con fotos de alta calidad tomadas por fot\u00f3grafos especializados por $ 20 por hora.<\/p><h2>Preguntas frecuentes sobre el curso de actualizaci\u00f3n de buceo<\/h2><h3>\u00bfNecesito un curso de actualizaci\u00f3n de buceo?<\/h3><p>Si no ha estado buceando durante un per\u00edodo prolongado, es esencial actualizar sus habilidades para garantizar su seguridad y mejorar su disfrute del buceo.<\/p><h3>\u00bfSon obligatorios los refrescos?<\/h3><p>Si bien no son obligatorios, los cursos de actualizaci\u00f3n se recomiendan encarecidamente para los buceadores que han estado fuera del agua durante dos a\u00f1os o m\u00e1s.<\/p><h3>\u00bfPuedo unirme a esta actividad sin una licencia de buceo?<\/h3><p>No, este curso est\u00e1 dise\u00f1ado para buceadores certificados que necesitan actualizar sus habilidades.<\/p><h2>Planifica tu inmersi\u00f3n con CuracaoTodo.com<\/h2><p>Para obtener la informaci\u00f3n m\u00e1s completa y actualizada sobre el buceo y otras <a href=\"https:\/\/staging.curacaotodo.com\/es\/actividades\/\">actividades<\/a> en Curazao, visite CuracaoTodo.com. Nuestro sitio web es su gu\u00eda definitiva para explorar todo lo que esta hermosa isla tiene para ofrecer, asegur\u00e1ndose de que tenga la mejor experiencia posible durante su estad\u00eda. Ya sea que est\u00e9 buscando reservar su curso de actualizaci\u00f3n de buceo o explorar otras aventuras emocionantes, CuracaoTodo.com lo tiene cubierto.  <\/p><p>Reavive su pasi\u00f3n por el buceo y redescubra las maravillas submarinas de Curazao con Ocean Encounters. \u00a1Reserva tu curso de actualizaci\u00f3n de buceo hoy y vuelve a sumergirte en la aventura! <\/p>","protected":false},"excerpt":{"rendered":"<p>\u00bfEres un buceador certificado que no se ha sumergido en las profundidades por un tiempo? El curso de actualizaci\u00f3n de buceo en Ocean Encounters en Curazao es la oportunidad perfecta para volver a bucear y garantizar una experiencia segura y agradable. Como operador de buceo de primer nivel, Ocean Encounters ofrece un curso de actualizaci\u00f3n integral dise\u00f1ado para actualizar sus habilidades y aumentar su confianza bajo la supervisi\u00f3n de instructores de buceo profesionales.  <\/p>\n","protected":false},"featured_media":22924,"comment_status":"open","ping_status":"closed","template":"","meta":{"_acf_changed":false},"activity-source":[],"company-partner":[],"store":[],"product_brand":[],"product_cat":[466,2735],"product_tag":[4193],"class_list":{"0":"post-59986","1":"product","2":"type-product","3":"status-publish","4":"has-post-thumbnail","6":"product_cat-sin-categorizar","7":"product_cat-playa-del-mambo","8":"product_tag-oceanencounters-es","10":"first","11":"instock","12":"shipping-taxable","13":"purchasable","14":"product-type-simple"},"acf":[],"_links":{"self":[{"href":"https:\/\/staging.curacaotodo.com\/es\/wp-json\/wp\/v2\/product\/59986","targetHints":{"allow":["GET"]}}],"collection":[{"href":"https:\/\/staging.curacaotodo.com\/es\/wp-json\/wp\/v2\/product"}],"about":[{"href":"https:\/\/staging.curacaotodo.com\/es\/wp-json\/wp\/v2\/types\/product"}],"replies":[{"embeddable":true,"href":"https:\/\/staging.curacaotodo.com\/es\/wp-json\/wp\/v2\/comments?post=59986"}],"wp:featuredmedia":[{"embeddable":true,"href":"https:\/\/staging.curacaotodo.com\/es\/wp-json\/wp\/v2\/media\/22924"}],"wp:attachment":[{"href":"https:\/\/staging.curacaotodo.com\/es\/wp-json\/wp\/v2\/media?parent=59986"}],"wp:term":[{"taxonomy":"activity-source","embeddable":true,"href":"https:\/\/staging.curacaotodo.com\/es\/wp-json\/wp\/v2\/activity-source?post=59986"},{"taxonomy":"company-partner","embeddable":true,"href":"https:\/\/staging.curacaotodo.com\/es\/wp-json\/wp\/v2\/company-partner?post=59986"},{"taxonomy":"store","embeddable":true,"href":"https:\/\/staging.curacaotodo.com\/es\/wp-json\/wp\/v2\/store?post=59986"},{"taxonomy":"product_brand","embeddable":true,"href":"https:\/\/staging.curacaotodo.com\/es\/wp-json\/wp\/v2\/product_brand?post=59986"},{"taxonomy":"product_cat","embeddable":true,"href":"https:\/\/staging.curacaotodo.com\/es\/wp-json\/wp\/v2\/product_cat?post=59986"},{"taxonomy":"product_tag","embeddable":true,"href":"https:\/\/staging.curacaotodo.com\/es\/wp-json\/wp\/v2\/product_tag?post=59986"}],"curies":[{"name":"wp","href":"https:\/\/api.w.org\/{rel}","templated":true}]}}