{"id":59985,"date":"2024-06-14T08:48:22","date_gmt":"2024-06-14T08:48:22","guid":{"rendered":"https:\/\/curacaotodo.com\/activity\/conviertete-en-un-buceador-mas-seguro-con-el-curso-padi-rescue-diver-en-curazao\/"},"modified":"2024-06-14T08:48:22","modified_gmt":"2024-06-14T12:48:22","slug":"conviertete-en-un-buceador-mas-seguro-con-el-curso-padi-rescue-diver-en-curazao","status":"publish","type":"product","link":"https:\/\/staging.curacaotodo.com\/es\/actividad\/conviertete-en-un-buceador-mas-seguro-con-el-curso-padi-rescue-diver-en-curazao\/","title":{"rendered":"Convi\u00e9rtete en un buceador m\u00e1s seguro con el curso PADI Rescue Diver en Curazao"},"content":{"rendered":"<h2>Lo que aprender\u00e1s en el curso PADI Rescue Diver<\/h2><p>El curso PADI Rescue Diver est\u00e1 dise\u00f1ado para ayudarte a identificar y gestionar problemas menores antes de que se conviertan en problemas graves. A lo largo del curso, desarrollar\u00e1 habilidades cruciales de auto-rescate y aprender\u00e1 a ayudar a otros en peligro. El programa incluye una combinaci\u00f3n de estudio en el hogar y sesiones pr\u00e1cticas, lo que garantiza que obtenga una comprensi\u00f3n integral de las t\u00e9cnicas de rescate.  <\/p><h3>Aspectos destacados del curso<\/h3><ul><li><strong>Evaluaci\u00f3n de autorescate<\/strong>: Aprenda a evaluar su propia seguridad y a gestionar los peligros potenciales.<\/li><li><strong>Ejercicios de rescate<\/strong>: Participe en 12 ejercicios pr\u00e1cticos de rescate para desarrollar su confianza y competencia.<\/li><li><strong>Administraci\u00f3n de ox\u00edgeno<\/strong>: Obtenga el conocimiento para administrar ox\u00edgeno en emergencias de buceo.<\/li><li><strong>Certificaci\u00f3n<\/strong>: Al finalizar, obtendr\u00e1s la certificaci\u00f3n PADI Rescue Diver, un testimonio de tus habilidades y conocimientos avanzados.<\/li><\/ul><h3>Requisitos y duraci\u00f3n del curso<\/h3><p>Para inscribirte en el curso PADI Rescue Diver, debes ser al menos un Adventure Diver con navegaci\u00f3n. El curso tiene una duraci\u00f3n m\u00ednima de cuatro d\u00edas, con 8-12 horas de aprendizaje electr\u00f3nico que se completar\u00e1n de antemano. El segmento de aprendizaje electr\u00f3nico no est\u00e1 incluido en el precio del curso, pero proporciona un enfoque de aprendizaje flexible y basado en el rendimiento.  <\/p><h3>Qu\u00e9 est\u00e1 incluido<\/h3><ul><li><strong>Equipo de buceo<\/strong>: Se proporciona un conjunto completo de equipo de buceo, incluida una computadora de buceo, para el curso.<\/li><li><strong>Manual y certificaci\u00f3n<\/strong>: Todos los materiales necesarios y las tarifas de certificaci\u00f3n est\u00e1n incluidos en el precio del curso.<\/li><li><strong>Instructores experimentados<\/strong>: Aprende de instructores certificados PADI en Ocean Encounters, lo que garantiza una experiencia de aprendizaje de alta calidad.<\/li><\/ul><h2>\u00bfPor qu\u00e9 elegir Ocean Encounters en Curazao?<\/h2><p>Ocean Encounters es famoso por sus <a href=\"https:\/\/staging.curacaotodo.com\/es\/buceo-en-curazao\/dive-courses\/\">cursos de buceo<\/a> de primer nivel y sus impresionantes lugares de buceo. Situado en LionsDive Beach Resort y Sunscape Cura\u00e7ao Resort, Ocean Encounters ofrece un entorno ideal tanto para el aprendizaje como para el ocio. Las aguas cristalinas y la diversa vida marina de Curazao lo convierten en un destino perfecto para buceadores de todos los niveles.  <\/p><h3>Programaci\u00f3n flexible<\/h3><p>Consulta la disponibilidad para junio de 2024 y planifica tu curso seg\u00fan tu horario. Con una variedad de fechas para elegir, puede encontrar un momento que se adapte a sus planes de vacaciones. <\/p><h2>Mejore sus habilidades con el curso de primera respuesta a emergencias<\/h2><p>Adem\u00e1s del curso PADI Rescue Diver, Ocean Encounters tambi\u00e9n ofrece el curso PADI Emergency First Response (EFR). Este curso cubre la capacitaci\u00f3n en RCP y primeros auxilios, brind\u00e1ndole las habilidades para manejar emergencias m\u00e9dicas graves. Ya sea una quemadura, un rasgu\u00f1o o un hueso roto, conocer los pasos correctos puede marcar una diferencia significativa en una situaci\u00f3n de emergencia.  <\/p><h3>Gana confianza para responder<\/h3><p>El curso EFR se enfoca en generar confianza a trav\u00e9s de la pr\u00e1ctica pr\u00e1ctica en un entorno libre de estr\u00e9s. Aprender\u00e1 habilidades esenciales como vendajes, evaluaci\u00f3n de enfermedades y lesiones y t\u00e9cnicas de RCP. Completar este curso no solo lo preparar\u00e1 para emergencias de buceo, sino que tambi\u00e9n lo equipar\u00e1 con habilidades para salvar vidas que son valiosas en situaciones cotidianas.  <\/p><h2>\u00a1Inscr\u00edbase hoy!<\/h2><p>No pierdas la oportunidad de convertirte en un buceador m\u00e1s h\u00e1bil y seguro. Inscr\u00edbete en el curso PADI Rescue Diver y en el curso Emergency First Response en Ocean Encounters en Curazao. Visite CuracaoTodo.com para obtener la informaci\u00f3n m\u00e1s completa sobre <a href=\"https:\/\/staging.curacaotodo.com\/es\/actividades\/\">actividades<\/a> tur\u00edsticas y para reservar su curso hoy.  <\/p><p>Al elegir Ocean Encounters y CuracaoTodo, tiene la seguridad de una experiencia de buceo de alta calidad, informativa y agradable en uno de los destinos de buceo m\u00e1s bellos del mundo. Comienza tu viaje para convertirte en un buzo de rescate ahora y explora las maravillas submarinas de Curazao con confianza y experiencia. <\/p>","protected":false},"excerpt":{"rendered":"<p>\u00bfEst\u00e1s listo para elevar tus habilidades de buceo al siguiente nivel? El curso PADI Rescue Diver en Ocean Encounters en Curazao est\u00e1 dise\u00f1ado para transformar tu experiencia de buceo, equip\u00e1ndote con las habilidades y la confianza para manejar emergencias de buceo. Este curso no solo es una aventura divertida y desafiante, sino tambi\u00e9n un paso esencial para convertirse en un buceador m\u00e1s seguro y consciente del medio ambiente  <\/p>\n","protected":false},"featured_media":23008,"comment_status":"open","ping_status":"closed","template":"","meta":{"_acf_changed":false},"activity-source":[],"company-partner":[],"store":[],"product_brand":[],"product_cat":[3278,3287,2735],"product_tag":[4193],"class_list":{"0":"post-59985","1":"product","2":"type-product","3":"status-publish","4":"has-post-thumbnail","6":"product_cat-buceo","7":"product_cat-cursos-de-buceo","8":"product_cat-playa-del-mambo","9":"product_tag-oceanencounters-es","11":"first","12":"instock","13":"shipping-taxable","14":"purchasable","15":"product-type-simple"},"acf":[],"_links":{"self":[{"href":"https:\/\/staging.curacaotodo.com\/es\/wp-json\/wp\/v2\/product\/59985","targetHints":{"allow":["GET"]}}],"collection":[{"href":"https:\/\/staging.curacaotodo.com\/es\/wp-json\/wp\/v2\/product"}],"about":[{"href":"https:\/\/staging.curacaotodo.com\/es\/wp-json\/wp\/v2\/types\/product"}],"replies":[{"embeddable":true,"href":"https:\/\/staging.curacaotodo.com\/es\/wp-json\/wp\/v2\/comments?post=59985"}],"wp:featuredmedia":[{"embeddable":true,"href":"https:\/\/staging.curacaotodo.com\/es\/wp-json\/wp\/v2\/media\/23008"}],"wp:attachment":[{"href":"https:\/\/staging.curacaotodo.com\/es\/wp-json\/wp\/v2\/media?parent=59985"}],"wp:term":[{"taxonomy":"activity-source","embeddable":true,"href":"https:\/\/staging.curacaotodo.com\/es\/wp-json\/wp\/v2\/activity-source?post=59985"},{"taxonomy":"company-partner","embeddable":true,"href":"https:\/\/staging.curacaotodo.com\/es\/wp-json\/wp\/v2\/company-partner?post=59985"},{"taxonomy":"store","embeddable":true,"href":"https:\/\/staging.curacaotodo.com\/es\/wp-json\/wp\/v2\/store?post=59985"},{"taxonomy":"product_brand","embeddable":true,"href":"https:\/\/staging.curacaotodo.com\/es\/wp-json\/wp\/v2\/product_brand?post=59985"},{"taxonomy":"product_cat","embeddable":true,"href":"https:\/\/staging.curacaotodo.com\/es\/wp-json\/wp\/v2\/product_cat?post=59985"},{"taxonomy":"product_tag","embeddable":true,"href":"https:\/\/staging.curacaotodo.com\/es\/wp-json\/wp\/v2\/product_tag?post=59985"}],"curies":[{"name":"wp","href":"https:\/\/api.w.org\/{rel}","templated":true}]}}