{"id":59984,"date":"2024-06-14T08:27:52","date_gmt":"2024-06-14T08:27:52","guid":{"rendered":"https:\/\/curacaotodo.com\/activity\/complete-su-certificacion-de-buceador-de-aguas-abiertas-en-el-paraiso-el-curso-de-referencia-en-curazao\/"},"modified":"2024-06-14T08:27:52","modified_gmt":"2024-06-14T12:27:52","slug":"complete-su-certificacion-de-buceador-de-aguas-abiertas-en-el-paraiso-el-curso-de-referencia-en-curazao","status":"publish","type":"product","link":"https:\/\/staging.curacaotodo.com\/es\/actividad\/complete-su-certificacion-de-buceador-de-aguas-abiertas-en-el-paraiso-el-curso-de-referencia-en-curazao\/","title":{"rendered":"Complete su certificaci\u00f3n de buceador de aguas abiertas en el para\u00edso: el curso de referencia en Curazao"},"content":{"rendered":"<h2>\u00bfQu\u00e9 es un curso de referencia de Open Water Diver?<\/h2><h3>Comprender los conceptos b\u00e1sicos<\/h3><p>El curso de referencia Open Water Diver te permite completar el desarrollo de conocimientos y las fases de aguas confinadas de tu entrenamiento de buceo en casa. Esto significa que puede manejar las partes te\u00f3ricas y las sesiones iniciales de piscina con su tienda de buceo local antes de viajar. Cuando llegues a Curazao, solo tendr\u00e1s que completar tus inmersiones en aguas abiertas, tambi\u00e9n conocidas como \u00abinmersiones de prueba\u00bb, para convertirte en un buceador totalmente certificado.  <\/p><h3>Beneficios del curso de referencia<\/h3><p>En lugar de pasar 4-5 d\u00edas de sus vacaciones estudiando y practicando habilidades en una piscina, llega a Curazao con la mayor parte de su curso ya completado. La parte final del curso suele tardar un d\u00eda y medio en terminar. Esto le permite sumergirse directamente en la exploraci\u00f3n del hermoso mundo submarino de Curazao con su compa\u00f1ero de buceo y obtener experiencia de buceo adicional durante el resto de su estad\u00eda.  <\/p><h2>Detalles e inclusiones del curso<\/h2><h3>D\u00f3nde completar su certificaci\u00f3n<\/h3><p>En Curazao, la parte final de tu curso Open Water Diver se puede completar en centros de buceo de renombre como LionsDive Beach Resort y Sunscape Curacao Resort. Estos lugares ofrecen instalaciones de primer nivel y acceso a algunos de los mejores lugares de buceo de la isla. <\/p><h3>Qu\u00e9 incluye el curso<\/h3><ul><li><strong>Conjunto completo de equipo de alquiler con computadora<\/strong>: se proporciona todo el equipo necesario, lo que garantiza que tenga todo lo que necesita para una experiencia de buceo segura y agradable.<\/li><li><strong>Revisi\u00f3n r\u00e1pida de la teor\u00eda y las habilidades<\/strong>: Antes de salir a realizar sus inmersiones en aguas abiertas, habr\u00e1 una breve sesi\u00f3n de revisi\u00f3n para asegurarse de que se sienta c\u00f3modo con la teor\u00eda y las habilidades que ha aprendido.<\/li><li><strong>4 inmersiones en aguas abiertas<\/strong>: El curso incluye cuatro inmersiones de entrenamiento en aguas abiertas en las c\u00e1lidas aguas tropicales de Curazao.<\/li><li><strong>Certificaci\u00f3n<\/strong>: Al completar con \u00e9xito, recibir\u00e1s tu certificaci\u00f3n PADI o SSI Open Water Diver.<\/li><\/ul><h3>Opciones adicionales<\/h3><p>Para aquellos interesados en capturar sus aventuras submarinas, hay fot\u00f3grafos profesionales disponibles. Se pueden tomar im\u00e1genes de alta calidad, tanto por encima como por debajo del agua, por una tarifa adicional a partir de $ 20. Aseg\u00farese de reservar con anticipaci\u00f3n para garantizar la disponibilidad.  <\/p><h2>\u00bfPor qu\u00e9 elegir Curazao para su certificaci\u00f3n?<\/h2><p>Cura\u00e7aoTodo.com es su recurso de referencia para obtener toda la informaci\u00f3n que necesita sobre el <a href=\"https:\/\/staging.curacaotodo.com\/es\/buceo-en-curazao\/\">buceo en Curazao<\/a>. La isla ofrece una amplia gama de sitios de buceo, desde vibrantes arrecifes de coral hasta intrigantes naufragios, lo que la convierte en un destino ideal tanto para principiantes como para buceadores experimentados. <\/p><h3>Explora el mundo submarino<\/h3><p>Una vez certificado, puede explorar los muchos sitios de buceo que Curazao tiene para ofrecer. Ya sea el arrecife de la casa &#8216;Alicia en el Pa\u00eds de las Maravillas&#8217; o el famoso Bosque de Hongos, no hay escasez de belleza submarina por descubrir. Con sus aguas cristalinas y abundante vida marina, Curazao es un para\u00edso para los buceadores.  <\/p><h2>Planifica tu aventura de buceo<\/h2><p>\u00bfListo para completar tu certificaci\u00f3n Open Water Diver en Curazao? Consulta disponibilidad y reserva tu curso hoy mismo. Con el curso de referencia Open Water Diver, puedes aprovechar al m\u00e1ximo tus vacaciones, sumergi\u00e9ndote en las aguas cristalinas de Curazao y experimentando sus maravillas submarinas.  <\/p><p>Para obtener m\u00e1s informaci\u00f3n y planificar sus aventuras de buceo, visite CuracaoTodo.com, su gu\u00eda definitiva de las mejores <a href=\"https:\/\/staging.curacaotodo.com\/es\/actividades\/\">actividades<\/a> y experiencias en la isla.<\/p>","protected":false},"excerpt":{"rendered":"<p>Embarcarse en su viaje para convertirse en un buceador certificado es una aventura emocionante. Con el curso de referencia PADI o SSI Open Water Diver, puedes comenzar tu entrenamiento en casa y completarlo en las impresionantes aguas de Curazao. Este enfoque flexible significa que puede apoyar a su tienda de buceo local y al mismo tiempo maximizar su tiempo de vacaciones. Profundicemos en los detalles de esta conveniente y emocionante opci\u00f3n.   <\/p>\n","protected":false},"featured_media":22912,"comment_status":"open","ping_status":"closed","template":"","meta":{"_acf_changed":false},"activity-source":[],"company-partner":[],"store":[],"product_brand":[],"product_cat":[3278,3287,2735],"product_tag":[4193],"class_list":{"0":"post-59984","1":"product","2":"type-product","3":"status-publish","4":"has-post-thumbnail","6":"product_cat-buceo","7":"product_cat-cursos-de-buceo","8":"product_cat-playa-del-mambo","9":"product_tag-oceanencounters-es","11":"first","12":"instock","13":"shipping-taxable","14":"purchasable","15":"product-type-simple"},"acf":[],"_links":{"self":[{"href":"https:\/\/staging.curacaotodo.com\/es\/wp-json\/wp\/v2\/product\/59984","targetHints":{"allow":["GET"]}}],"collection":[{"href":"https:\/\/staging.curacaotodo.com\/es\/wp-json\/wp\/v2\/product"}],"about":[{"href":"https:\/\/staging.curacaotodo.com\/es\/wp-json\/wp\/v2\/types\/product"}],"replies":[{"embeddable":true,"href":"https:\/\/staging.curacaotodo.com\/es\/wp-json\/wp\/v2\/comments?post=59984"}],"wp:featuredmedia":[{"embeddable":true,"href":"https:\/\/staging.curacaotodo.com\/es\/wp-json\/wp\/v2\/media\/22912"}],"wp:attachment":[{"href":"https:\/\/staging.curacaotodo.com\/es\/wp-json\/wp\/v2\/media?parent=59984"}],"wp:term":[{"taxonomy":"activity-source","embeddable":true,"href":"https:\/\/staging.curacaotodo.com\/es\/wp-json\/wp\/v2\/activity-source?post=59984"},{"taxonomy":"company-partner","embeddable":true,"href":"https:\/\/staging.curacaotodo.com\/es\/wp-json\/wp\/v2\/company-partner?post=59984"},{"taxonomy":"store","embeddable":true,"href":"https:\/\/staging.curacaotodo.com\/es\/wp-json\/wp\/v2\/store?post=59984"},{"taxonomy":"product_brand","embeddable":true,"href":"https:\/\/staging.curacaotodo.com\/es\/wp-json\/wp\/v2\/product_brand?post=59984"},{"taxonomy":"product_cat","embeddable":true,"href":"https:\/\/staging.curacaotodo.com\/es\/wp-json\/wp\/v2\/product_cat?post=59984"},{"taxonomy":"product_tag","embeddable":true,"href":"https:\/\/staging.curacaotodo.com\/es\/wp-json\/wp\/v2\/product_tag?post=59984"}],"curies":[{"name":"wp","href":"https:\/\/api.w.org\/{rel}","templated":true}]}}