{"id":59983,"date":"2024-06-14T08:45:15","date_gmt":"2024-06-14T08:45:15","guid":{"rendered":"https:\/\/curacaotodo.com\/activity\/descubre-el-mundo-submarino-con-el-curso-de-especialidad-de-identificacion-de-peces-padi-en-curazao\/"},"modified":"2024-06-14T08:45:15","modified_gmt":"2024-06-14T12:45:15","slug":"descubre-el-mundo-submarino-con-el-curso-de-especialidad-de-identificacion-de-peces-padi-en-curazao","status":"publish","type":"product","link":"https:\/\/staging.curacaotodo.com\/es\/actividad\/descubre-el-mundo-submarino-con-el-curso-de-especialidad-de-identificacion-de-peces-padi-en-curazao\/","title":{"rendered":"Descubre el mundo submarino con el curso de especialidad de identificaci\u00f3n de peces PADI en Curazao"},"content":{"rendered":"<h2>\u00bfPor qu\u00e9 tomar el curso de especialidad de identificaci\u00f3n de peces PADI?<\/h2><p>\u00bfAlguna vez has salido de una inmersi\u00f3n pregunt\u00e1ndote: \u00ab\u00bfQu\u00e9 era ese pez?\u00bb Este curso tiene como objetivo convertirte en el buceador con todas las respuestas. Al aprender a identificar las principales familias de peces, disfrutar\u00e1s a\u00fan m\u00e1s de tus inmersiones y podr\u00e1s compartir tus conocimientos con otros buceadores.  <\/p><h3>Aspectos destacados del curso<\/h3><ul><li><strong>Obtenga conocimientos sobre la identificaci\u00f3n de peces<\/strong>: aprenda a distinguir diferentes familias de peces y sus caracter\u00edsticas.<\/li><li><strong>Instrucci\u00f3n profesional incluida<\/strong>: Recibe orientaci\u00f3n experta de instructores PADI certificados.<\/li><li><strong>Pizarra de identificaci\u00f3n de peces a prueba de agua<\/strong>: Una herramienta \u00fatil proporcionada para ayudarlo a identificar peces bajo el agua.<\/li><li><strong>Curso de especialidad disponible a pedido<\/strong>: Horario flexible para adaptarse a su itinerario.<\/li><li><strong>Cr\u00e9dito para la certificaci\u00f3n avanzada<\/strong>: La primera inmersi\u00f3n de este curso de especialidad puede contar como una inmersi\u00f3n de aventura para su certificaci\u00f3n PADI Advanced Open Water Diver.<\/li><\/ul><h3>\u00bfQu\u00e9 incluye el curso?<\/h3><ol><li><strong>Certificaci\u00f3n<\/strong>: Una vez que complete el curso, se le certificar\u00e1 para identificar varias familias de peces, lo que facilitar\u00e1 la referencia a especies espec\u00edficas despu\u00e9s de sus inmersiones.<\/li><li><strong>Instrucci\u00f3n: Aprende<\/strong> de instructores PADI experimentados que te guiar\u00e1n a trav\u00e9s de sesiones te\u00f3ricas y pr\u00e1cticas.<\/li><li><strong>Fotos profesionales<\/strong>: Opci\u00f3n de tener fotos o videos submarinos de alta calidad tomados por fot\u00f3grafos profesionales durante su inmersi\u00f3n (reserve con anticipaci\u00f3n).<\/li><\/ol><h2>Detalles del curso<\/h2><ul><li><strong>Duraci\u00f3n<\/strong>: Aproximadamente 4 horas, incluyendo una sesi\u00f3n te\u00f3rica.<\/li><li><strong>Requisitos previos<\/strong>: Abierto a cualquier persona de 10 a\u00f1os o m\u00e1s con una certificaci\u00f3n PADI (Junior) Open Water Diver o superior.<\/li><li><strong>Ubicaci\u00f3n<\/strong>: Disponible en los mejores resorts como LionsDive Beach Resort y Sunscape Cura\u00e7ao Resort.<\/li><\/ul><h2>\u00bfPor qu\u00e9 elegir Cura\u00e7aoTodo.com?<\/h2><p>Para obtener la informaci\u00f3n m\u00e1s completa y actualizada sobre <a href=\"https:\/\/staging.curacaotodo.com\/es\/buceo-en-curazao\/dive-courses\/\">cursos de buceo<\/a> y otras <a href=\"https:\/\/staging.curacaotodo.com\/es\/actividades\/\">actividades<\/a> tur\u00edsticas en Curazao, visite CuracaoTodo.com. Este sitio web es su recurso de referencia para planificar un viaje inolvidable a esta hermosa isla caribe\u00f1a. <\/p><h3>Reserva tu curso de especialidad de identificaci\u00f3n de peces PADI hoy<\/h3><p>\u00bfListo para sumergirte en el mundo de la identificaci\u00f3n de peces? Reserva tu curso a trav\u00e9s de CuracaoTodo.com y da el primer paso para convertirte en un experto en vida marina submarina. El curso tiene un precio de $ 200, con una tarifa especial de $ 100 si se toma durante las inmersiones en barco.  <\/p><p>Explore los vibrantes arrecifes de Curazao con confianza y conocimiento. Descubre la belleza de la vida marina como nunca antes y aprovecha al m\u00e1ximo tus aventuras de buceo. <\/p><h3>C\u00f3mo convertirse en un Advanced Open Water Diver<\/h3><p>\u00bfInteresado en llevar tus habilidades de buceo al siguiente nivel? El curso PADI Advanced Open Water Diver es la oportunidad perfecta para mejorar tus habilidades. Este curso incluye cinco inmersiones en aguas abiertas: una inmersi\u00f3n profunda, una inmersi\u00f3n de navegaci\u00f3n y tres inmersiones especiales de su elecci\u00f3n.  <\/p><p>\u00a1Consulta con nuestros instructores PADI en Ocean Encounters y comienza a planificar tu curso avanzado de aguas abiertas hoy!<\/p><h3>Conclusi\u00f3n<\/h3><p>El curso de especialidad de identificaci\u00f3n de peces PADI en Curazao es una experiencia enriquecedora para cualquier buceador. Con instrucci\u00f3n experta, herramientas pr\u00e1cticas y la oportunidad de obtener cr\u00e9ditos para la certificaci\u00f3n avanzada, este curso es imprescindible para cualquiera que busque profundizar su conocimiento de la vida marina. <\/p><p>Para obtener m\u00e1s informaci\u00f3n y reservar su curso, visite CuracaoTodo.com, su gu\u00eda definitiva de las mejores experiencias tur\u00edsticas en Curazao.<\/p>","protected":false},"excerpt":{"rendered":"<p>Si te apasiona el buceo y la vida marina, entonces el Curso de Especialidad de Identificaci\u00f3n de Peces PADI en Curazao es perfecto para ti. Este curso, disponible diariamente, est\u00e1 dise\u00f1ado para buceadores que desean mejorar su experiencia submarina al reconocer e identificar varias familias de peces y sus caracter\u00edsticas \u00fanicas. <\/p>\n","protected":false},"featured_media":22990,"comment_status":"open","ping_status":"closed","template":"","meta":{"_acf_changed":false},"activity-source":[],"company-partner":[],"store":[],"product_brand":[],"product_cat":[3278,3287,2735],"product_tag":[4193],"class_list":{"0":"post-59983","1":"product","2":"type-product","3":"status-publish","4":"has-post-thumbnail","6":"product_cat-buceo","7":"product_cat-cursos-de-buceo","8":"product_cat-playa-del-mambo","9":"product_tag-oceanencounters-es","11":"first","12":"instock","13":"featured","14":"shipping-taxable","15":"purchasable","16":"product-type-simple"},"acf":[],"_links":{"self":[{"href":"https:\/\/staging.curacaotodo.com\/es\/wp-json\/wp\/v2\/product\/59983","targetHints":{"allow":["GET"]}}],"collection":[{"href":"https:\/\/staging.curacaotodo.com\/es\/wp-json\/wp\/v2\/product"}],"about":[{"href":"https:\/\/staging.curacaotodo.com\/es\/wp-json\/wp\/v2\/types\/product"}],"replies":[{"embeddable":true,"href":"https:\/\/staging.curacaotodo.com\/es\/wp-json\/wp\/v2\/comments?post=59983"}],"wp:featuredmedia":[{"embeddable":true,"href":"https:\/\/staging.curacaotodo.com\/es\/wp-json\/wp\/v2\/media\/22990"}],"wp:attachment":[{"href":"https:\/\/staging.curacaotodo.com\/es\/wp-json\/wp\/v2\/media?parent=59983"}],"wp:term":[{"taxonomy":"activity-source","embeddable":true,"href":"https:\/\/staging.curacaotodo.com\/es\/wp-json\/wp\/v2\/activity-source?post=59983"},{"taxonomy":"company-partner","embeddable":true,"href":"https:\/\/staging.curacaotodo.com\/es\/wp-json\/wp\/v2\/company-partner?post=59983"},{"taxonomy":"store","embeddable":true,"href":"https:\/\/staging.curacaotodo.com\/es\/wp-json\/wp\/v2\/store?post=59983"},{"taxonomy":"product_brand","embeddable":true,"href":"https:\/\/staging.curacaotodo.com\/es\/wp-json\/wp\/v2\/product_brand?post=59983"},{"taxonomy":"product_cat","embeddable":true,"href":"https:\/\/staging.curacaotodo.com\/es\/wp-json\/wp\/v2\/product_cat?post=59983"},{"taxonomy":"product_tag","embeddable":true,"href":"https:\/\/staging.curacaotodo.com\/es\/wp-json\/wp\/v2\/product_tag?post=59983"}],"curies":[{"name":"wp","href":"https:\/\/api.w.org\/{rel}","templated":true}]}}