{"id":59982,"date":"2024-06-14T08:24:33","date_gmt":"2024-06-14T08:24:33","guid":{"rendered":"https:\/\/curacaotodo.com\/activity\/conviertete-en-un-padi-open-water-diver-en-ocean-encounters-en-curazao\/"},"modified":"2024-06-14T08:24:33","modified_gmt":"2024-06-14T12:24:33","slug":"conviertete-en-un-padi-open-water-diver-en-ocean-encounters-en-curazao","status":"publish","type":"product","link":"https:\/\/staging.curacaotodo.com\/es\/actividad\/conviertete-en-un-padi-open-water-diver-en-ocean-encounters-en-curazao\/","title":{"rendered":"Convi\u00e9rtete en un PADI Open Water Diver en Ocean Encounters en Curazao"},"content":{"rendered":"<h2>Descripci\u00f3n general del curso<\/h2>\n<h3>\u00bfQu\u00e9 es el curso PADI Open Water Diver?<\/h3>\n<p>El curso PADI Open Water Diver es el primer paso en tu viaje de buceo. Un instructor PADI altamente capacitado en Ocean Encounters te guiar\u00e1 a trav\u00e9s del proceso, asegur\u00e1ndose de que aprendas todo lo que necesitas saber en un ambiente relajado y de apoyo. El curso se divide en tres d\u00edas, de 8:30 AM a 4:30 PM, con un descanso de una hora para el almuerzo. Comenzar\u00e1s con la teor\u00eda, que puedes completar en l\u00ednea a tu propio ritmo a trav\u00e9s de PADI eLearning.   <\/p>\n<h3>\u00bfQu\u00e9 est\u00e1 incluido?<\/h3>\n<ul>\n<li><strong>Conjunto completo de equipo de alquiler con computadora de buceo<\/strong>: Todo el equipo que necesita para bucear de manera segura y c\u00f3moda.<\/li>\n<li><strong>5 sesiones de aguas confinadas<\/strong>: Practique sus habilidades en un entorno controlado similar a una piscina.<\/li>\n<li><strong>4 inmersiones de entrenamiento en aguas abiertas<\/strong>: Aplica tus habilidades en inmersiones reales en aguas abiertas.<\/li>\n<li><strong>Certificaci\u00f3n<\/strong>: Obt\u00e9n tu certificaci\u00f3n PADI Open Water Diver al finalizar.<\/li>\n<li><strong>Recogida en el resort<\/strong>: Conveniente recogida en su resort entre Blue Bay y Santa Barbara Resort.<\/li>\n<li><strong>Fotos profesionales<\/strong>: capture su experiencia de buceo con fotos de alta calidad, disponibles para su compra a partir de $ 25.<\/li>\n<\/ul>\n<h2>E-Learning: estudia a tu propio ritmo<\/h2>\n<h3>Estudio independiente con PADI eLearning<\/h3>\n<p>PADI eLearning te permite adaptar tus clases de buceo a tu apretada agenda. Puedes aprender sobre los principios y la terminolog\u00eda del buceo cuando y donde sea conveniente para ti. Esta flexibilidad garantiza que est\u00e9 bien preparado antes de comenzar su entrenamiento en el agua. La parte de eLearning suele tardar entre 5 y 10 horas en completarse.   <\/p>\n<h3>En la tienda de buceo Ocean Encounters<\/h3>\n<p>Una vez que llegue a Ocean Encounters, su instructor lo guiar\u00e1 a trav\u00e9s de la pr\u00e1ctica con equipo de buceo en un entorno similar a una piscina. Estas \u00abmini inmersiones\u00bb de pr\u00e1ctica te ayudar\u00e1n a desarrollar tu confianza antes de realizar tus cuatro inmersiones en aguas abiertas. <\/p>\n<h2>\u00bfPor qu\u00e9 elegir Ocean Encounters?<\/h2>\n<p>Ocean Encounters est\u00e1 ubicado en Seaquarium Beach, una ubicaci\u00f3n privilegiada con muchos restaurantes cercanos para almorzar. La tienda de buceo est\u00e1 bien equipada y atendida por instructores experimentados que se dedican a hacer que su experiencia de aprendizaje sea agradable y segura. <\/p>\n<h3>Capacitaci\u00f3n conveniente y completa<\/h3>\n<p>La capacitaci\u00f3n en Ocean Encounters incluye el uso de computadoras de buceo, lo que garantiza que reciba el m\u00e1s alto nivel de capacitaci\u00f3n posible. Este enfoque integral te prepara para bucear con seguridad y confianza. <\/p>\n<h2>\u00bfNo tienes suficiente tiempo? Prueba Discover Scuba Diving <\/h2>\n<p>Si no tienes suficiente tiempo para el curso PADI Open Water completo, considera la experiencia Discover Scuba Diving. Esta introducci\u00f3n r\u00e1pida y f\u00e1cil al buceo te permite explorar el mundo submarino con una inmersi\u00f3n guiada en tierra. El programa incluye una sesi\u00f3n en el aula, una sesi\u00f3n confinada para practicar habilidades de buceo y una inmersi\u00f3n guiada en la costa con su instructor.  <\/p>\n<h3>Descubre el buceo en LionsDive Beach Resort o Sunscape Cura\u00e7ao Resort<\/h3>\n<p>Ocean Encounters ofrece el curso Discover Scuba Diving tanto en LionsDive Beach Resort como en Sunscape Cura\u00e7ao Resort, Spa y Casino. Esta experiencia es perfecta para aquellos que quieren probar el buceo sin comprometerse con el curso completo. <\/p>\n<h2>\u00a1Reserva tu aventura hoy!<\/h2>\n<p>\u00bfListo para comenzar tu viaje de buceo? Visita CuracaoTodo.com para encontrar la informaci\u00f3n m\u00e1s completa y reservar tu curso PADI Open Water Diver con Ocean Encounters. CuracaoTodo es su recurso de referencia para todo lo relacionado con Curazao, ya que ofrece los mejores consejos e informaci\u00f3n para los turistas de la isla.  <\/p>\n<h3>Contacto Ocean Encounters<\/h3>\n<p>Para obtener m\u00e1s informaci\u00f3n o para reservar su curso, comun\u00edquese con Ocean Encounters directamente a trav\u00e9s de su sitio web o vis\u00edtelos en Seaquarium Beach. No te pierdas la aventura de tu vida: \u00a1comienza tu viaje de buceo en la hermosa Curazao hoy! <\/p>\n","protected":false},"excerpt":{"rendered":"<p>\u00bfEst\u00e1s listo para sumergirte en la aventura de tu vida? El curso PADI Open Water Diver en Ocean Encounters en Curazao es tu puerta de entrada para convertirte en un buceador certificado y explorar el incre\u00edble mundo submarino. Esta certificaci\u00f3n reconocida internacionalmente es su boleto para bucear en cualquier parte del mundo, incluidos los impresionantes sitios de buceo alrededor de Curazao.  <\/p>\n","protected":false},"featured_media":22900,"comment_status":"open","ping_status":"closed","template":"","meta":{"_acf_changed":false},"activity-source":[],"company-partner":[],"store":[],"product_brand":[],"product_cat":[3278,3287,2735],"product_tag":[4193],"class_list":{"0":"post-59982","1":"product","2":"type-product","3":"status-publish","4":"has-post-thumbnail","6":"product_cat-buceo","7":"product_cat-cursos-de-buceo","8":"product_cat-playa-del-mambo","9":"product_tag-oceanencounters-es","11":"first","12":"instock","13":"shipping-taxable","14":"purchasable","15":"product-type-simple"},"acf":[],"_links":{"self":[{"href":"https:\/\/staging.curacaotodo.com\/es\/wp-json\/wp\/v2\/product\/59982","targetHints":{"allow":["GET"]}}],"collection":[{"href":"https:\/\/staging.curacaotodo.com\/es\/wp-json\/wp\/v2\/product"}],"about":[{"href":"https:\/\/staging.curacaotodo.com\/es\/wp-json\/wp\/v2\/types\/product"}],"replies":[{"embeddable":true,"href":"https:\/\/staging.curacaotodo.com\/es\/wp-json\/wp\/v2\/comments?post=59982"}],"wp:featuredmedia":[{"embeddable":true,"href":"https:\/\/staging.curacaotodo.com\/es\/wp-json\/wp\/v2\/media\/22900"}],"wp:attachment":[{"href":"https:\/\/staging.curacaotodo.com\/es\/wp-json\/wp\/v2\/media?parent=59982"}],"wp:term":[{"taxonomy":"activity-source","embeddable":true,"href":"https:\/\/staging.curacaotodo.com\/es\/wp-json\/wp\/v2\/activity-source?post=59982"},{"taxonomy":"company-partner","embeddable":true,"href":"https:\/\/staging.curacaotodo.com\/es\/wp-json\/wp\/v2\/company-partner?post=59982"},{"taxonomy":"store","embeddable":true,"href":"https:\/\/staging.curacaotodo.com\/es\/wp-json\/wp\/v2\/store?post=59982"},{"taxonomy":"product_brand","embeddable":true,"href":"https:\/\/staging.curacaotodo.com\/es\/wp-json\/wp\/v2\/product_brand?post=59982"},{"taxonomy":"product_cat","embeddable":true,"href":"https:\/\/staging.curacaotodo.com\/es\/wp-json\/wp\/v2\/product_cat?post=59982"},{"taxonomy":"product_tag","embeddable":true,"href":"https:\/\/staging.curacaotodo.com\/es\/wp-json\/wp\/v2\/product_tag?post=59982"}],"curies":[{"name":"wp","href":"https:\/\/api.w.org\/{rel}","templated":true}]}}