{"id":59981,"date":"2024-06-14T08:42:41","date_gmt":"2024-06-14T08:42:41","guid":{"rendered":"https:\/\/curacaotodo.com\/activity\/sumergete-en-la-aventura-con-el-curso-de-especialidad-padi-drift-diver-en-curazao\/"},"modified":"2024-06-14T08:42:41","modified_gmt":"2024-06-14T12:42:41","slug":"sumergete-en-la-aventura-con-el-curso-de-especialidad-padi-drift-diver-en-curazao","status":"publish","type":"product","link":"https:\/\/staging.curacaotodo.com\/es\/actividad\/sumergete-en-la-aventura-con-el-curso-de-especialidad-padi-drift-diver-en-curazao\/","title":{"rendered":"Sum\u00e9rgete en la aventura con el curso de especialidad PADI Drift Diver en Curazao"},"content":{"rendered":"<h2>\u00bfPor qu\u00e9 tomar el curso Drift Diver?<\/h2><h3>Beneficios del buceo a la deriva<\/h3><p>El buceo a la deriva ofrece una combinaci\u00f3n \u00fanica de relajaci\u00f3n y emoci\u00f3n. Es posible que te encuentres desliz\u00e1ndote sin esfuerzo sobre arrecifes vibrantes o volando por el paisaje submarino con la corriente. Al dominar las t\u00e9cnicas de buceo a la deriva, puede mejorar sus experiencias de buceo y explorar nuevos terrenos submarinos con facilidad.  <\/p><h3>Habilidades que aprender\u00e1s<\/h3><p>El curso PADI Drift Diver cubre habilidades esenciales, que incluyen:<\/p><ul><li>Control de flotabilidad<\/li><li>Navegaci\u00f3n en corrientes<\/li><li>Uso de equipos de se\u00f1alizaci\u00f3n de superficie<\/li><li>Comunicaci\u00f3n efectiva entre amigos<\/li><\/ul><p>Estas habilidades garantizan que puedas seguir la corriente con seguridad y confianza durante tus inmersiones.<\/p><h2>Detalles del curso<\/h2><h3>Duraci\u00f3n y certificaci\u00f3n<\/h3><p>El curso dura dos d\u00edas y da como resultado una certificaci\u00f3n que demuestra su competencia en el buceo a la deriva. Esta certificaci\u00f3n es una valiosa adici\u00f3n a sus credenciales de buceo, lo que le permite participar en inmersiones a la deriva en todo el mundo. <\/p><h3>Instrucci\u00f3n y pr\u00e1ctica<\/h3><p>Tu curso incluye sesiones te\u00f3ricas y pr\u00e1cticas. Repasar\u00e1 los conceptos necesarios antes de practicar y refinar sus habilidades en aguas confinadas. Una vez que te sientas c\u00f3modo, te embarcar\u00e1s en inmersiones de aventura en aguas abiertas, aplicando lo aprendido en condiciones reales de buceo.  <\/p><h2>Qu\u00e9 est\u00e1 incluido<\/h2><h3>Instrucci\u00f3n profesional<\/h3><p>Recibir\u00e1s instrucci\u00f3n de primer nivel de instructores PADI experimentados. Lo guiar\u00e1n a trav\u00e9s del curso, asegur\u00e1ndose de que comprenda y pueda aplicar las habilidades necesarias. <\/p><h3>Certificaci\u00f3n<\/h3><p>Al completar con \u00e9xito, obtendr\u00e1 una certificaci\u00f3n en buceo a la deriva, mejorando su repertorio de buceo y abriendo nuevas oportunidades de buceo.<\/p><h3>Fotos profesionales opcionales<\/h3><p>Captura tu aventura submarina con im\u00e1genes o videos de alta calidad tomados por fot\u00f3grafos profesionales. Reserva esta opci\u00f3n con antelaci\u00f3n para asegurar la disponibilidad durante tu inmersi\u00f3n. <\/p><h2>C\u00f3mo inscribirse<\/h2><h3>Reservas e informaci\u00f3n adicional<\/h3><p>Para reservar el curso de especialidad PADI Drift Diver, visita los sitios web de los centros de buceo o cont\u00e1ctalos directamente. Tenga en cuenta que el curso debe reservarse como un complemento de un paquete de buceo, y PADI e-Learning no est\u00e1 incluido en el precio del curso. Para obtener detalles completos y consultar sobre la disponibilidad, consulte las ofertas espec\u00edficas del centro de buceo.  <\/p><h3>PADI e-Learning<\/h3><p>Mejora tu experiencia de aprendizaje con PADI e-Learning. Las lecciones interactivas cubren varias inmersiones especializadas, incluido el buceo a la deriva. Puede completar este componente de estudio independiente en l\u00ednea, lo que facilita la preparaci\u00f3n de sus sesiones pr\u00e1cticas.  <\/p><h2>Conclusi\u00f3n<\/h2><p>El buceo a la deriva en Curazao es una experiencia inolvidable que combina la serenidad del deslizamiento con la emoci\u00f3n de <a href=\"https:\/\/staging.curacaotodo.com\/es\/actividades-acuaticas\/sailing\/\">navegar<\/a> por las corrientes. Al tomar el curso de especialidad PADI Drift Diver, obtendr\u00e1s valiosas habilidades y confianza, lo que te permitir\u00e1 explorar nuevos mundos submarinos. Para obtener m\u00e1s informaci\u00f3n sobre esta y otras <a href=\"https:\/\/staging.curacaotodo.com\/es\/actividades\/\">actividades<\/a> emocionantes en Curazao, visite CuracaoTodo.com, su recurso definitivo para obtener la mejor informaci\u00f3n tur\u00edstica de la isla.  <\/p><p>\u00a1Emb\u00e1rcate en tu aventura de buceo a la deriva hoy y descubre las maravillas de los paisajes submarinos de Curazao!<\/p>","protected":false},"excerpt":{"rendered":"<p>Experimenta la emoci\u00f3n de volar bajo el agua con el curso de especialidad PADI Drift Diver en Curazao. Este emocionante curso, que se ofrece en centros de buceo de renombre como LionsDive Beach Resort y Sunscape Cura\u00e7ao Resort, le ense\u00f1a las habilidades necesarias para navegar con confianza por las corrientes y disfrutar de la sensaci\u00f3n \u00fanica del buceo a la deriva. Visite CuracaoTodo.com para obtener la informaci\u00f3n m\u00e1s completa sobre esta y otras actividades emocionantes en Curazao.  <\/p>\n","protected":false},"featured_media":22978,"comment_status":"open","ping_status":"closed","template":"","meta":{"_acf_changed":false},"activity-source":[],"company-partner":[],"store":[],"product_brand":[],"product_cat":[3278,3287,2735],"product_tag":[4193],"class_list":{"0":"post-59981","1":"product","2":"type-product","3":"status-publish","4":"has-post-thumbnail","6":"product_cat-buceo","7":"product_cat-cursos-de-buceo","8":"product_cat-playa-del-mambo","9":"product_tag-oceanencounters-es","11":"first","12":"instock","13":"shipping-taxable","14":"purchasable","15":"product-type-simple"},"acf":[],"_links":{"self":[{"href":"https:\/\/staging.curacaotodo.com\/es\/wp-json\/wp\/v2\/product\/59981","targetHints":{"allow":["GET"]}}],"collection":[{"href":"https:\/\/staging.curacaotodo.com\/es\/wp-json\/wp\/v2\/product"}],"about":[{"href":"https:\/\/staging.curacaotodo.com\/es\/wp-json\/wp\/v2\/types\/product"}],"replies":[{"embeddable":true,"href":"https:\/\/staging.curacaotodo.com\/es\/wp-json\/wp\/v2\/comments?post=59981"}],"wp:featuredmedia":[{"embeddable":true,"href":"https:\/\/staging.curacaotodo.com\/es\/wp-json\/wp\/v2\/media\/22978"}],"wp:attachment":[{"href":"https:\/\/staging.curacaotodo.com\/es\/wp-json\/wp\/v2\/media?parent=59981"}],"wp:term":[{"taxonomy":"activity-source","embeddable":true,"href":"https:\/\/staging.curacaotodo.com\/es\/wp-json\/wp\/v2\/activity-source?post=59981"},{"taxonomy":"company-partner","embeddable":true,"href":"https:\/\/staging.curacaotodo.com\/es\/wp-json\/wp\/v2\/company-partner?post=59981"},{"taxonomy":"store","embeddable":true,"href":"https:\/\/staging.curacaotodo.com\/es\/wp-json\/wp\/v2\/store?post=59981"},{"taxonomy":"product_brand","embeddable":true,"href":"https:\/\/staging.curacaotodo.com\/es\/wp-json\/wp\/v2\/product_brand?post=59981"},{"taxonomy":"product_cat","embeddable":true,"href":"https:\/\/staging.curacaotodo.com\/es\/wp-json\/wp\/v2\/product_cat?post=59981"},{"taxonomy":"product_tag","embeddable":true,"href":"https:\/\/staging.curacaotodo.com\/es\/wp-json\/wp\/v2\/product_tag?post=59981"}],"curies":[{"name":"wp","href":"https:\/\/api.w.org\/{rel}","templated":true}]}}